{"id":42,"date":"2025-03-28T22:30:21","date_gmt":"2025-03-28T21:30:21","guid":{"rendered":"https:\/\/facts-and-figures.belgiantrain.be\/?page_id=42"},"modified":"2026-04-28T13:03:56","modified_gmt":"2026-04-28T11:03:56","slug":"collaborateurs","status":"publish","type":"page","link":"https:\/\/facts-and-figures.belgiantrain.be\/2025\/collaborateurs\/","title":{"rendered":"Collaborateurs"},"content":{"rendered":"","protected":false},"excerpt":{"rendered":"","protected":false},"author":2,"featured_media":0,"parent":0,"menu_order":36,"comment_status":"closed","ping_status":"closed","template":"","meta":{"_acf_changed":false,"footnotes":""},"class_list":["post-42","page","type-page","status-publish","hentry"],"acf":{"theme":true,"couleurs":[{"couleur":"#ce1a1c"},{"couleur":"#fef2f2"}],"pictogramme":"collaborateurs","sous-titre":"Les talents au c\u0153ur de la transformation du rail","contenu":"<p>En 2025, la SNCB a poursuivi ses efforts pour attirer de nouveaux talents et accompagner ses \u00e9quipes dans un contexte de transformation du secteur ferroviaire. Au total, 1 134 nouveaux collaborateurs ont rejoint l\u2019entreprise, principalement dans des fonctions op\u00e9rationnelles, essentielles \u00e0 son fonctionnement quotidien.<\/p>\n<p>Parall\u00e8lement, plusieurs initiatives ont \u00e9t\u00e9 mises en \u0153uvre afin de renforcer l\u2019attractivit\u00e9 de l\u2019entreprise, soutenir le bien-\u00eatre des collaborateurs et pr\u00e9venir les agressions envers le personnel. Ces actions contribuent \u00e0 faire de la SNCB un employeur attentif \u00e0 ses \u00e9quipes.<\/p>\n"},"yoast_head":"<!-- This site is optimized with the Yoast SEO plugin v27.5 - https:\/\/yoast.com\/product\/yoast-seo-wordpress\/ -->\n<title>Collaborateurs - SNCB R\u00e9alisations et chiffres-cl\u00e9s<\/title>\n<meta name=\"description\" content=\"En 2025, la SNCB a poursuivi ses efforts pour attirer de nouveaux talents et accompagner ses \u00e9quipes dans un contexte de transformation du secteur ferroviaire. Au total, 1 134 nouveaux collaborateurs ont rejoint l\u2019entreprise, principalement dans des fonctions op\u00e9rationnelles, essentielles \u00e0 son fonctionnement quotidien.Parall\u00e8lement, plusieurs initiatives ont \u00e9t\u00e9 mises en \u0153uvre afin de renforcer l\u2019attractivit\u00e9 de l\u2019entreprise, soutenir le bien-\u00eatre des collaborateurs et pr\u00e9venir les agressions envers le personnel. Ces actions contribuent \u00e0 faire de la SNCB un employeur attentif \u00e0 ses \u00e9quipes.\" \/>\n<meta name=\"robots\" content=\"index, follow, max-snippet:-1, max-image-preview:large, max-video-preview:-1\" \/>\n<link rel=\"canonical\" href=\"https:\/\/facts-and-figures.belgiantrain.be\/2025\/collaborateurs\/\" \/>\n<meta property=\"og:locale\" content=\"fr_FR\" \/>\n<meta property=\"og:type\" content=\"article\" \/>\n<meta property=\"og:title\" content=\"Collaborateurs - SNCB R\u00e9alisations et chiffres-cl\u00e9s\" \/>\n<meta property=\"og:description\" content=\"En 2025, la SNCB a poursuivi ses efforts pour attirer de nouveaux talents et accompagner ses \u00e9quipes dans un contexte de transformation du secteur ferroviaire. Au total, 1 134 nouveaux collaborateurs ont rejoint l\u2019entreprise, principalement dans des fonctions op\u00e9rationnelles, essentielles \u00e0 son fonctionnement quotidien.Parall\u00e8lement, plusieurs initiatives ont \u00e9t\u00e9 mises en \u0153uvre afin de renforcer l\u2019attractivit\u00e9 de l\u2019entreprise, soutenir le bien-\u00eatre des collaborateurs et pr\u00e9venir les agressions envers le personnel. Ces actions contribuent \u00e0 faire de la SNCB un employeur attentif \u00e0 ses \u00e9quipes.\" \/>\n<meta property=\"og:url\" content=\"https:\/\/facts-and-figures.belgiantrain.be\/2025\/collaborateurs\/\" \/>\n<meta property=\"og:site_name\" content=\"SNCB R\u00e9alisations et chiffres-cl\u00e9s\" \/>\n<meta property=\"article:modified_time\" content=\"2026-04-28T11:03:56+00:00\" \/>\n<meta name=\"twitter:card\" content=\"summary_large_image\" \/>\n<script type=\"application\/ld+json\" class=\"yoast-schema-graph\">{\"@context\":\"https:\\\/\\\/schema.org\",\"@graph\":[{\"@type\":\"WebPage\",\"@id\":\"https:\\\/\\\/facts-and-figures.belgiantrain.be\\\/2025\\\/collaborateurs\\\/\",\"url\":\"https:\\\/\\\/facts-and-figures.belgiantrain.be\\\/2025\\\/collaborateurs\\\/\",\"name\":\"Collaborateurs - SNCB R\u00e9alisations et chiffres-cl\u00e9s\",\"isPartOf\":{\"@id\":\"https:\\\/\\\/facts-and-figures.belgiantrain.be\\\/2025\\\/#website\"},\"datePublished\":\"2025-03-28T21:30:21+00:00\",\"dateModified\":\"2026-04-28T11:03:56+00:00\",\"description\":\"En 2025, la SNCB a poursuivi ses efforts pour attirer de nouveaux talents et accompagner ses \u00e9quipes dans un contexte de transformation du secteur ferroviaire. Au total, 1 134 nouveaux collaborateurs ont rejoint l\u2019entreprise, principalement dans des fonctions op\u00e9rationnelles, essentielles \u00e0 son fonctionnement quotidien.Parall\u00e8lement, plusieurs initiatives ont \u00e9t\u00e9 mises en \u0153uvre afin de renforcer l\u2019attractivit\u00e9 de l\u2019entreprise, soutenir le bien-\u00eatre des collaborateurs et pr\u00e9venir les agressions envers le personnel. Ces actions contribuent \u00e0 faire de la SNCB un employeur attentif \u00e0 ses \u00e9quipes.\",\"breadcrumb\":{\"@id\":\"https:\\\/\\\/facts-and-figures.belgiantrain.be\\\/2025\\\/collaborateurs\\\/#breadcrumb\"},\"inLanguage\":\"fr-FR\",\"potentialAction\":[{\"@type\":\"ReadAction\",\"target\":[\"https:\\\/\\\/facts-and-figures.belgiantrain.be\\\/2025\\\/collaborateurs\\\/\"]}]},{\"@type\":\"BreadcrumbList\",\"@id\":\"https:\\\/\\\/facts-and-figures.belgiantrain.be\\\/2025\\\/collaborateurs\\\/#breadcrumb\",\"itemListElement\":[{\"@type\":\"ListItem\",\"position\":1,\"name\":\"Accueil\",\"item\":\"https:\\\/\\\/facts-and-figures.belgiantrain.be\\\/2025\\\/\"},{\"@type\":\"ListItem\",\"position\":2,\"name\":\"Collaborateurs\"}]},{\"@type\":\"WebSite\",\"@id\":\"https:\\\/\\\/facts-and-figures.belgiantrain.be\\\/2025\\\/#website\",\"url\":\"https:\\\/\\\/facts-and-figures.belgiantrain.be\\\/2025\\\/\",\"name\":\"SNCB R\u00e9alisations et chiffres-cl\u00e9s 2024\",\"description\":\"\",\"publisher\":{\"@id\":\"https:\\\/\\\/facts-and-figures.belgiantrain.be\\\/2025\\\/#organization\"},\"potentialAction\":[{\"@type\":\"SearchAction\",\"target\":{\"@type\":\"EntryPoint\",\"urlTemplate\":\"https:\\\/\\\/facts-and-figures.belgiantrain.be\\\/2025\\\/?s={search_term_string}\"},\"query-input\":{\"@type\":\"PropertyValueSpecification\",\"valueRequired\":true,\"valueName\":\"search_term_string\"}}],\"inLanguage\":\"fr-FR\"},{\"@type\":\"Organization\",\"@id\":\"https:\\\/\\\/facts-and-figures.belgiantrain.be\\\/2025\\\/#organization\",\"name\":\"SNCB R\u00e9alisations et chiffres-cl\u00e9s 2024\",\"url\":\"https:\\\/\\\/facts-and-figures.belgiantrain.be\\\/2025\\\/\",\"logo\":{\"@type\":\"ImageObject\",\"inLanguage\":\"fr-FR\",\"@id\":\"https:\\\/\\\/facts-and-figures.belgiantrain.be\\\/2025\\\/#\\\/schema\\\/logo\\\/image\\\/\",\"url\":\"https:\\\/\\\/facts-and-figures.belgiantrain.be\\\/2025\\\/wp-content\\\/uploads\\\/2025\\\/04\\\/apple-touch-icon.png\",\"contentUrl\":\"https:\\\/\\\/facts-and-figures.belgiantrain.be\\\/2025\\\/wp-content\\\/uploads\\\/2025\\\/04\\\/apple-touch-icon.png\",\"width\":57,\"height\":57,\"caption\":\"SNCB R\u00e9alisations et chiffres-cl\u00e9s 2024\"},\"image\":{\"@id\":\"https:\\\/\\\/facts-and-figures.belgiantrain.be\\\/2025\\\/#\\\/schema\\\/logo\\\/image\\\/\"}}]}<\/script>\n<!-- \/ Yoast SEO plugin. -->","yoast_head_json":{"title":"Collaborateurs - SNCB R\u00e9alisations et chiffres-cl\u00e9s","description":"En 2025, la SNCB a poursuivi ses efforts pour attirer de nouveaux talents et accompagner ses \u00e9quipes dans un contexte de transformation du secteur ferroviaire. Au total, 1 134 nouveaux collaborateurs ont rejoint l\u2019entreprise, principalement dans des fonctions op\u00e9rationnelles, essentielles \u00e0 son fonctionnement quotidien.Parall\u00e8lement, plusieurs initiatives ont \u00e9t\u00e9 mises en \u0153uvre afin de renforcer l\u2019attractivit\u00e9 de l\u2019entreprise, soutenir le bien-\u00eatre des collaborateurs et pr\u00e9venir les agressions envers le personnel. Ces actions contribuent \u00e0 faire de la SNCB un employeur attentif \u00e0 ses \u00e9quipes.","robots":{"index":"index","follow":"follow","max-snippet":"max-snippet:-1","max-image-preview":"max-image-preview:large","max-video-preview":"max-video-preview:-1"},"canonical":"https:\/\/facts-and-figures.belgiantrain.be\/2025\/collaborateurs\/","og_locale":"fr_FR","og_type":"article","og_title":"Collaborateurs - SNCB R\u00e9alisations et chiffres-cl\u00e9s","og_description":"En 2025, la SNCB a poursuivi ses efforts pour attirer de nouveaux talents et accompagner ses \u00e9quipes dans un contexte de transformation du secteur ferroviaire. Au total, 1 134 nouveaux collaborateurs ont rejoint l\u2019entreprise, principalement dans des fonctions op\u00e9rationnelles, essentielles \u00e0 son fonctionnement quotidien.Parall\u00e8lement, plusieurs initiatives ont \u00e9t\u00e9 mises en \u0153uvre afin de renforcer l\u2019attractivit\u00e9 de l\u2019entreprise, soutenir le bien-\u00eatre des collaborateurs et pr\u00e9venir les agressions envers le personnel. Ces actions contribuent \u00e0 faire de la SNCB un employeur attentif \u00e0 ses \u00e9quipes.","og_url":"https:\/\/facts-and-figures.belgiantrain.be\/2025\/collaborateurs\/","og_site_name":"SNCB R\u00e9alisations et chiffres-cl\u00e9s","article_modified_time":"2026-04-28T11:03:56+00:00","twitter_card":"summary_large_image","schema":{"@context":"https:\/\/schema.org","@graph":[{"@type":"WebPage","@id":"https:\/\/facts-and-figures.belgiantrain.be\/2025\/collaborateurs\/","url":"https:\/\/facts-and-figures.belgiantrain.be\/2025\/collaborateurs\/","name":"Collaborateurs - SNCB R\u00e9alisations et chiffres-cl\u00e9s","isPartOf":{"@id":"https:\/\/facts-and-figures.belgiantrain.be\/2025\/#website"},"datePublished":"2025-03-28T21:30:21+00:00","dateModified":"2026-04-28T11:03:56+00:00","description":"En 2025, la SNCB a poursuivi ses efforts pour attirer de nouveaux talents et accompagner ses \u00e9quipes dans un contexte de transformation du secteur ferroviaire. Au total, 1 134 nouveaux collaborateurs ont rejoint l\u2019entreprise, principalement dans des fonctions op\u00e9rationnelles, essentielles \u00e0 son fonctionnement quotidien.Parall\u00e8lement, plusieurs initiatives ont \u00e9t\u00e9 mises en \u0153uvre afin de renforcer l\u2019attractivit\u00e9 de l\u2019entreprise, soutenir le bien-\u00eatre des collaborateurs et pr\u00e9venir les agressions envers le personnel. Ces actions contribuent \u00e0 faire de la SNCB un employeur attentif \u00e0 ses \u00e9quipes.","breadcrumb":{"@id":"https:\/\/facts-and-figures.belgiantrain.be\/2025\/collaborateurs\/#breadcrumb"},"inLanguage":"fr-FR","potentialAction":[{"@type":"ReadAction","target":["https:\/\/facts-and-figures.belgiantrain.be\/2025\/collaborateurs\/"]}]},{"@type":"BreadcrumbList","@id":"https:\/\/facts-and-figures.belgiantrain.be\/2025\/collaborateurs\/#breadcrumb","itemListElement":[{"@type":"ListItem","position":1,"name":"Accueil","item":"https:\/\/facts-and-figures.belgiantrain.be\/2025\/"},{"@type":"ListItem","position":2,"name":"Collaborateurs"}]},{"@type":"WebSite","@id":"https:\/\/facts-and-figures.belgiantrain.be\/2025\/#website","url":"https:\/\/facts-and-figures.belgiantrain.be\/2025\/","name":"SNCB R\u00e9alisations et chiffres-cl\u00e9s 2024","description":"","publisher":{"@id":"https:\/\/facts-and-figures.belgiantrain.be\/2025\/#organization"},"potentialAction":[{"@type":"SearchAction","target":{"@type":"EntryPoint","urlTemplate":"https:\/\/facts-and-figures.belgiantrain.be\/2025\/?s={search_term_string}"},"query-input":{"@type":"PropertyValueSpecification","valueRequired":true,"valueName":"search_term_string"}}],"inLanguage":"fr-FR"},{"@type":"Organization","@id":"https:\/\/facts-and-figures.belgiantrain.be\/2025\/#organization","name":"SNCB R\u00e9alisations et chiffres-cl\u00e9s 2024","url":"https:\/\/facts-and-figures.belgiantrain.be\/2025\/","logo":{"@type":"ImageObject","inLanguage":"fr-FR","@id":"https:\/\/facts-and-figures.belgiantrain.be\/2025\/#\/schema\/logo\/image\/","url":"https:\/\/facts-and-figures.belgiantrain.be\/2025\/wp-content\/uploads\/2025\/04\/apple-touch-icon.png","contentUrl":"https:\/\/facts-and-figures.belgiantrain.be\/2025\/wp-content\/uploads\/2025\/04\/apple-touch-icon.png","width":57,"height":57,"caption":"SNCB R\u00e9alisations et chiffres-cl\u00e9s 2024"},"image":{"@id":"https:\/\/facts-and-figures.belgiantrain.be\/2025\/#\/schema\/logo\/image\/"}}]}},"_links":{"self":[{"href":"https:\/\/facts-and-figures.belgiantrain.be\/2025\/wp-json\/wp\/v2\/pages\/42","targetHints":{"allow":["GET"]}}],"collection":[{"href":"https:\/\/facts-and-figures.belgiantrain.be\/2025\/wp-json\/wp\/v2\/pages"}],"about":[{"href":"https:\/\/facts-and-figures.belgiantrain.be\/2025\/wp-json\/wp\/v2\/types\/page"}],"author":[{"embeddable":true,"href":"https:\/\/facts-and-figures.belgiantrain.be\/2025\/wp-json\/wp\/v2\/users\/2"}],"replies":[{"embeddable":true,"href":"https:\/\/facts-and-figures.belgiantrain.be\/2025\/wp-json\/wp\/v2\/comments?post=42"}],"version-history":[{"count":52,"href":"https:\/\/facts-and-figures.belgiantrain.be\/2025\/wp-json\/wp\/v2\/pages\/42\/revisions"}],"predecessor-version":[{"id":2646,"href":"https:\/\/facts-and-figures.belgiantrain.be\/2025\/wp-json\/wp\/v2\/pages\/42\/revisions\/2646"}],"wp:attachment":[{"href":"https:\/\/facts-and-figures.belgiantrain.be\/2025\/wp-json\/wp\/v2\/media?parent=42"}],"curies":[{"name":"wp","href":"https:\/\/api.w.org\/{rel}","templated":true}]}}