{"id":40,"date":"2025-03-28T22:30:05","date_gmt":"2025-03-28T21:30:05","guid":{"rendered":"https:\/\/facts-and-figures.belgiantrain.be\/?page_id=40"},"modified":"2026-04-28T11:24:39","modified_gmt":"2026-04-28T09:24:39","slug":"gares","status":"publish","type":"page","link":"https:\/\/facts-and-figures.belgiantrain.be\/2025\/gares\/","title":{"rendered":"Gares"},"content":{"rendered":"","protected":false},"excerpt":{"rendered":"","protected":false},"author":2,"featured_media":0,"parent":0,"menu_order":29,"comment_status":"closed","ping_status":"closed","template":"","meta":{"_acf_changed":false,"footnotes":""},"class_list":["post-40","page","type-page","status-publish","hentry"],"acf":{"theme":false,"couleurs":[{"couleur":"#9fb6dd"},{"couleur":"#f2f7fb"}],"pictogramme":"gares","sous-titre":"Des gares plus accessibles et mieux connect\u00e9es \u00e0 toutes les mobilit\u00e9s","contenu":"<p>En 2025, la SNCB a poursuivi activement la transformation de ses gares afin de les rendre toujours plus accessibles, confortables et mieux int\u00e9gr\u00e9es aux diff\u00e9rents modes de transport. Seize gares suppl\u00e9mentaires ont ainsi \u00e9t\u00e9 am\u00e9nag\u00e9es pour permettre une accessibilit\u00e9 autonome \u00e0 tous les voyageurs, tandis que plusieurs chantiers majeurs ont \u00e9t\u00e9 men\u00e9s \u00e0 bien ou ont connu des avanc\u00e9es significatives dans diff\u00e9rentes r\u00e9gions du pays.<\/p>\n<p>Parall\u00e8lement, les gares continuent de se transformer en v\u00e9ritables lieux de vie et d\u2019intermodalit\u00e9. De nouveaux services y sont d\u00e9velopp\u00e9s pour am\u00e9liorer l\u2019exp\u00e9rience des voyageurs, et des am\u00e9nagements facilitent les correspondances entre le train, le v\u00e9lo, la voiture et d\u2019autres moyens de transport.<\/p>\n"},"yoast_head":"<!-- This site is optimized with the Yoast SEO plugin v27.5 - https:\/\/yoast.com\/product\/yoast-seo-wordpress\/ -->\n<title>Gares - SNCB R\u00e9alisations et chiffres-cl\u00e9s<\/title>\n<meta name=\"description\" content=\"En 2025, la SNCB a poursuivi activement la transformation de ses gares afin de les rendre toujours plus accessibles, confortables et mieux int\u00e9gr\u00e9es aux diff\u00e9rents modes de transport.\" \/>\n<meta name=\"robots\" content=\"index, follow, max-snippet:-1, max-image-preview:large, max-video-preview:-1\" \/>\n<link rel=\"canonical\" href=\"https:\/\/facts-and-figures.belgiantrain.be\/2025\/gares\/\" \/>\n<meta property=\"og:locale\" content=\"fr_FR\" \/>\n<meta property=\"og:type\" content=\"article\" \/>\n<meta property=\"og:title\" content=\"Gares - SNCB R\u00e9alisations et chiffres-cl\u00e9s\" \/>\n<meta property=\"og:description\" content=\"En 2025, la SNCB a poursuivi activement la transformation de ses gares afin de les rendre toujours plus accessibles, confortables et mieux int\u00e9gr\u00e9es aux diff\u00e9rents modes de transport.\" \/>\n<meta property=\"og:url\" content=\"https:\/\/facts-and-figures.belgiantrain.be\/2025\/gares\/\" \/>\n<meta property=\"og:site_name\" content=\"SNCB R\u00e9alisations et chiffres-cl\u00e9s\" \/>\n<meta property=\"article:modified_time\" content=\"2026-04-28T09:24:39+00:00\" \/>\n<meta name=\"twitter:card\" content=\"summary_large_image\" \/>\n<script type=\"application\/ld+json\" class=\"yoast-schema-graph\">{\"@context\":\"https:\\\/\\\/schema.org\",\"@graph\":[{\"@type\":\"WebPage\",\"@id\":\"https:\\\/\\\/facts-and-figures.belgiantrain.be\\\/2025\\\/gares\\\/\",\"url\":\"https:\\\/\\\/facts-and-figures.belgiantrain.be\\\/2025\\\/gares\\\/\",\"name\":\"Gares - SNCB R\u00e9alisations et chiffres-cl\u00e9s\",\"isPartOf\":{\"@id\":\"https:\\\/\\\/facts-and-figures.belgiantrain.be\\\/2025\\\/#website\"},\"datePublished\":\"2025-03-28T21:30:05+00:00\",\"dateModified\":\"2026-04-28T09:24:39+00:00\",\"description\":\"En 2025, la SNCB a poursuivi activement la transformation de ses gares afin de les rendre toujours plus accessibles, confortables et mieux int\u00e9gr\u00e9es aux diff\u00e9rents modes de transport.\",\"breadcrumb\":{\"@id\":\"https:\\\/\\\/facts-and-figures.belgiantrain.be\\\/2025\\\/gares\\\/#breadcrumb\"},\"inLanguage\":\"fr-FR\",\"potentialAction\":[{\"@type\":\"ReadAction\",\"target\":[\"https:\\\/\\\/facts-and-figures.belgiantrain.be\\\/2025\\\/gares\\\/\"]}]},{\"@type\":\"BreadcrumbList\",\"@id\":\"https:\\\/\\\/facts-and-figures.belgiantrain.be\\\/2025\\\/gares\\\/#breadcrumb\",\"itemListElement\":[{\"@type\":\"ListItem\",\"position\":1,\"name\":\"Accueil\",\"item\":\"https:\\\/\\\/facts-and-figures.belgiantrain.be\\\/2025\\\/\"},{\"@type\":\"ListItem\",\"position\":2,\"name\":\"Gares\"}]},{\"@type\":\"WebSite\",\"@id\":\"https:\\\/\\\/facts-and-figures.belgiantrain.be\\\/2025\\\/#website\",\"url\":\"https:\\\/\\\/facts-and-figures.belgiantrain.be\\\/2025\\\/\",\"name\":\"SNCB R\u00e9alisations et chiffres-cl\u00e9s 2024\",\"description\":\"\",\"publisher\":{\"@id\":\"https:\\\/\\\/facts-and-figures.belgiantrain.be\\\/2025\\\/#organization\"},\"potentialAction\":[{\"@type\":\"SearchAction\",\"target\":{\"@type\":\"EntryPoint\",\"urlTemplate\":\"https:\\\/\\\/facts-and-figures.belgiantrain.be\\\/2025\\\/?s={search_term_string}\"},\"query-input\":{\"@type\":\"PropertyValueSpecification\",\"valueRequired\":true,\"valueName\":\"search_term_string\"}}],\"inLanguage\":\"fr-FR\"},{\"@type\":\"Organization\",\"@id\":\"https:\\\/\\\/facts-and-figures.belgiantrain.be\\\/2025\\\/#organization\",\"name\":\"SNCB R\u00e9alisations et chiffres-cl\u00e9s 2024\",\"url\":\"https:\\\/\\\/facts-and-figures.belgiantrain.be\\\/2025\\\/\",\"logo\":{\"@type\":\"ImageObject\",\"inLanguage\":\"fr-FR\",\"@id\":\"https:\\\/\\\/facts-and-figures.belgiantrain.be\\\/2025\\\/#\\\/schema\\\/logo\\\/image\\\/\",\"url\":\"https:\\\/\\\/facts-and-figures.belgiantrain.be\\\/2025\\\/wp-content\\\/uploads\\\/2025\\\/04\\\/apple-touch-icon.png\",\"contentUrl\":\"https:\\\/\\\/facts-and-figures.belgiantrain.be\\\/2025\\\/wp-content\\\/uploads\\\/2025\\\/04\\\/apple-touch-icon.png\",\"width\":57,\"height\":57,\"caption\":\"SNCB R\u00e9alisations et chiffres-cl\u00e9s 2024\"},\"image\":{\"@id\":\"https:\\\/\\\/facts-and-figures.belgiantrain.be\\\/2025\\\/#\\\/schema\\\/logo\\\/image\\\/\"}}]}<\/script>\n<!-- \/ Yoast SEO plugin. -->","yoast_head_json":{"title":"Gares - SNCB R\u00e9alisations et chiffres-cl\u00e9s","description":"En 2025, la SNCB a poursuivi activement la transformation de ses gares afin de les rendre toujours plus accessibles, confortables et mieux int\u00e9gr\u00e9es aux diff\u00e9rents modes de transport.","robots":{"index":"index","follow":"follow","max-snippet":"max-snippet:-1","max-image-preview":"max-image-preview:large","max-video-preview":"max-video-preview:-1"},"canonical":"https:\/\/facts-and-figures.belgiantrain.be\/2025\/gares\/","og_locale":"fr_FR","og_type":"article","og_title":"Gares - SNCB R\u00e9alisations et chiffres-cl\u00e9s","og_description":"En 2025, la SNCB a poursuivi activement la transformation de ses gares afin de les rendre toujours plus accessibles, confortables et mieux int\u00e9gr\u00e9es aux diff\u00e9rents modes de transport.","og_url":"https:\/\/facts-and-figures.belgiantrain.be\/2025\/gares\/","og_site_name":"SNCB R\u00e9alisations et chiffres-cl\u00e9s","article_modified_time":"2026-04-28T09:24:39+00:00","twitter_card":"summary_large_image","schema":{"@context":"https:\/\/schema.org","@graph":[{"@type":"WebPage","@id":"https:\/\/facts-and-figures.belgiantrain.be\/2025\/gares\/","url":"https:\/\/facts-and-figures.belgiantrain.be\/2025\/gares\/","name":"Gares - SNCB R\u00e9alisations et chiffres-cl\u00e9s","isPartOf":{"@id":"https:\/\/facts-and-figures.belgiantrain.be\/2025\/#website"},"datePublished":"2025-03-28T21:30:05+00:00","dateModified":"2026-04-28T09:24:39+00:00","description":"En 2025, la SNCB a poursuivi activement la transformation de ses gares afin de les rendre toujours plus accessibles, confortables et mieux int\u00e9gr\u00e9es aux diff\u00e9rents modes de transport.","breadcrumb":{"@id":"https:\/\/facts-and-figures.belgiantrain.be\/2025\/gares\/#breadcrumb"},"inLanguage":"fr-FR","potentialAction":[{"@type":"ReadAction","target":["https:\/\/facts-and-figures.belgiantrain.be\/2025\/gares\/"]}]},{"@type":"BreadcrumbList","@id":"https:\/\/facts-and-figures.belgiantrain.be\/2025\/gares\/#breadcrumb","itemListElement":[{"@type":"ListItem","position":1,"name":"Accueil","item":"https:\/\/facts-and-figures.belgiantrain.be\/2025\/"},{"@type":"ListItem","position":2,"name":"Gares"}]},{"@type":"WebSite","@id":"https:\/\/facts-and-figures.belgiantrain.be\/2025\/#website","url":"https:\/\/facts-and-figures.belgiantrain.be\/2025\/","name":"SNCB R\u00e9alisations et chiffres-cl\u00e9s 2024","description":"","publisher":{"@id":"https:\/\/facts-and-figures.belgiantrain.be\/2025\/#organization"},"potentialAction":[{"@type":"SearchAction","target":{"@type":"EntryPoint","urlTemplate":"https:\/\/facts-and-figures.belgiantrain.be\/2025\/?s={search_term_string}"},"query-input":{"@type":"PropertyValueSpecification","valueRequired":true,"valueName":"search_term_string"}}],"inLanguage":"fr-FR"},{"@type":"Organization","@id":"https:\/\/facts-and-figures.belgiantrain.be\/2025\/#organization","name":"SNCB R\u00e9alisations et chiffres-cl\u00e9s 2024","url":"https:\/\/facts-and-figures.belgiantrain.be\/2025\/","logo":{"@type":"ImageObject","inLanguage":"fr-FR","@id":"https:\/\/facts-and-figures.belgiantrain.be\/2025\/#\/schema\/logo\/image\/","url":"https:\/\/facts-and-figures.belgiantrain.be\/2025\/wp-content\/uploads\/2025\/04\/apple-touch-icon.png","contentUrl":"https:\/\/facts-and-figures.belgiantrain.be\/2025\/wp-content\/uploads\/2025\/04\/apple-touch-icon.png","width":57,"height":57,"caption":"SNCB R\u00e9alisations et chiffres-cl\u00e9s 2024"},"image":{"@id":"https:\/\/facts-and-figures.belgiantrain.be\/2025\/#\/schema\/logo\/image\/"}}]}},"_links":{"self":[{"href":"https:\/\/facts-and-figures.belgiantrain.be\/2025\/wp-json\/wp\/v2\/pages\/40","targetHints":{"allow":["GET"]}}],"collection":[{"href":"https:\/\/facts-and-figures.belgiantrain.be\/2025\/wp-json\/wp\/v2\/pages"}],"about":[{"href":"https:\/\/facts-and-figures.belgiantrain.be\/2025\/wp-json\/wp\/v2\/types\/page"}],"author":[{"embeddable":true,"href":"https:\/\/facts-and-figures.belgiantrain.be\/2025\/wp-json\/wp\/v2\/users\/2"}],"replies":[{"embeddable":true,"href":"https:\/\/facts-and-figures.belgiantrain.be\/2025\/wp-json\/wp\/v2\/comments?post=40"}],"version-history":[{"count":37,"href":"https:\/\/facts-and-figures.belgiantrain.be\/2025\/wp-json\/wp\/v2\/pages\/40\/revisions"}],"predecessor-version":[{"id":2639,"href":"https:\/\/facts-and-figures.belgiantrain.be\/2025\/wp-json\/wp\/v2\/pages\/40\/revisions\/2639"}],"wp:attachment":[{"href":"https:\/\/facts-and-figures.belgiantrain.be\/2025\/wp-json\/wp\/v2\/media?parent=40"}],"curies":[{"name":"wp","href":"https:\/\/api.w.org\/{rel}","templated":true}]}}