{"id":38,"date":"2025-03-28T22:29:57","date_gmt":"2025-03-28T21:29:57","guid":{"rendered":"https:\/\/facts-and-figures.belgiantrain.be\/?page_id=38"},"modified":"2026-04-28T10:05:26","modified_gmt":"2026-04-28T08:05:26","slug":"voyageurs","status":"publish","type":"page","link":"https:\/\/facts-and-figures.belgiantrain.be\/2025\/voyageurs\/","title":{"rendered":"Voyageurs"},"content":{"rendered":"","protected":false},"excerpt":{"rendered":"","protected":false},"author":2,"featured_media":0,"parent":0,"menu_order":8,"comment_status":"closed","ping_status":"closed","template":"","meta":{"_acf_changed":false,"footnotes":""},"class_list":["post-38","page","type-page","status-publish","hentry"],"acf":{"theme":true,"couleurs":[{"couleur":"#0a69b3"},{"couleur":"#eff9ff"}],"pictogramme":"voyageurs","sous-titre":"Am\u00e9liorer l\u2019exp\u00e9rience des voyageurs, jour apr\u00e8s jour","contenu":"<p>En 2025, la SNCB a poursuivi ses efforts pour rendre le train plus accessible, avec des initiatives comme le lancement d\u2019une nouvelle offre tarifaire. Au total, 207,8 millions de voyageurs nationaux ont choisi le train pour leurs d\u00e9placements, confirmant le r\u00f4le central du rail dans la mobilit\u00e9 en Belgique, tandis que le trafic international connaissait une belle croissance. Parall\u00e8lement, l\u2019entreprise a renforc\u00e9 la qualit\u00e9 de son service, notamment gr\u00e2ce \u00e0 une information pour les voyageurs plus claire et plus compl\u00e8te.<\/p>\n"},"yoast_head":"<!-- This site is optimized with the Yoast SEO plugin v27.5 - https:\/\/yoast.com\/product\/yoast-seo-wordpress\/ -->\n<title>Voyageurs - SNCB R\u00e9alisations et chiffres-cl\u00e9s<\/title>\n<meta name=\"description\" content=\"En 2025, la SNCB a poursuivi ses efforts pour rendre le train plus accessible, avec des initiatives comme le lancement d\u2019une nouvelle offre tarifaire. Au total, 207,8 millions de voyageurs nationaux ont choisi le train pour leurs d\u00e9placements, confirmant le r\u00f4le central du rail dans la mobilit\u00e9 en Belgique, tandis que le trafic international connaissait une belle croissance. Parall\u00e8lement, l\u2019entreprise a renforc\u00e9 la qualit\u00e9 de son service, notamment gr\u00e2ce \u00e0 une information pour les voyageurs plus claire et plus compl\u00e8te.\" \/>\n<meta name=\"robots\" content=\"index, follow, max-snippet:-1, max-image-preview:large, max-video-preview:-1\" \/>\n<link rel=\"canonical\" href=\"https:\/\/facts-and-figures.belgiantrain.be\/2025\/voyageurs\/\" \/>\n<meta property=\"og:locale\" content=\"fr_FR\" \/>\n<meta property=\"og:type\" content=\"article\" \/>\n<meta property=\"og:title\" content=\"Voyageurs - SNCB R\u00e9alisations et chiffres-cl\u00e9s\" \/>\n<meta property=\"og:description\" content=\"En 2025, la SNCB a poursuivi ses efforts pour rendre le train plus accessible, avec des initiatives comme le lancement d\u2019une nouvelle offre tarifaire. Au total, 207,8 millions de voyageurs nationaux ont choisi le train pour leurs d\u00e9placements, confirmant le r\u00f4le central du rail dans la mobilit\u00e9 en Belgique, tandis que le trafic international connaissait une belle croissance. Parall\u00e8lement, l\u2019entreprise a renforc\u00e9 la qualit\u00e9 de son service, notamment gr\u00e2ce \u00e0 une information pour les voyageurs plus claire et plus compl\u00e8te.\" \/>\n<meta property=\"og:url\" content=\"https:\/\/facts-and-figures.belgiantrain.be\/2025\/voyageurs\/\" \/>\n<meta property=\"og:site_name\" content=\"SNCB R\u00e9alisations et chiffres-cl\u00e9s\" \/>\n<meta property=\"article:modified_time\" content=\"2026-04-28T08:05:26+00:00\" \/>\n<meta name=\"twitter:card\" content=\"summary_large_image\" \/>\n<script type=\"application\/ld+json\" class=\"yoast-schema-graph\">{\"@context\":\"https:\\\/\\\/schema.org\",\"@graph\":[{\"@type\":\"WebPage\",\"@id\":\"https:\\\/\\\/facts-and-figures.belgiantrain.be\\\/2025\\\/voyageurs\\\/\",\"url\":\"https:\\\/\\\/facts-and-figures.belgiantrain.be\\\/2025\\\/voyageurs\\\/\",\"name\":\"Voyageurs - SNCB R\u00e9alisations et chiffres-cl\u00e9s\",\"isPartOf\":{\"@id\":\"https:\\\/\\\/facts-and-figures.belgiantrain.be\\\/2025\\\/#website\"},\"datePublished\":\"2025-03-28T21:29:57+00:00\",\"dateModified\":\"2026-04-28T08:05:26+00:00\",\"description\":\"En 2025, la SNCB a poursuivi ses efforts pour rendre le train plus accessible, avec des initiatives comme le lancement d\u2019une nouvelle offre tarifaire. Au total, 207,8 millions de voyageurs nationaux ont choisi le train pour leurs d\u00e9placements, confirmant le r\u00f4le central du rail dans la mobilit\u00e9 en Belgique, tandis que le trafic international connaissait une belle croissance. Parall\u00e8lement, l\u2019entreprise a renforc\u00e9 la qualit\u00e9 de son service, notamment gr\u00e2ce \u00e0 une information pour les voyageurs plus claire et plus compl\u00e8te.\",\"breadcrumb\":{\"@id\":\"https:\\\/\\\/facts-and-figures.belgiantrain.be\\\/2025\\\/voyageurs\\\/#breadcrumb\"},\"inLanguage\":\"fr-FR\",\"potentialAction\":[{\"@type\":\"ReadAction\",\"target\":[\"https:\\\/\\\/facts-and-figures.belgiantrain.be\\\/2025\\\/voyageurs\\\/\"]}]},{\"@type\":\"BreadcrumbList\",\"@id\":\"https:\\\/\\\/facts-and-figures.belgiantrain.be\\\/2025\\\/voyageurs\\\/#breadcrumb\",\"itemListElement\":[{\"@type\":\"ListItem\",\"position\":1,\"name\":\"Accueil\",\"item\":\"https:\\\/\\\/facts-and-figures.belgiantrain.be\\\/2025\\\/\"},{\"@type\":\"ListItem\",\"position\":2,\"name\":\"Voyageurs\"}]},{\"@type\":\"WebSite\",\"@id\":\"https:\\\/\\\/facts-and-figures.belgiantrain.be\\\/2025\\\/#website\",\"url\":\"https:\\\/\\\/facts-and-figures.belgiantrain.be\\\/2025\\\/\",\"name\":\"SNCB R\u00e9alisations et chiffres-cl\u00e9s 2024\",\"description\":\"\",\"publisher\":{\"@id\":\"https:\\\/\\\/facts-and-figures.belgiantrain.be\\\/2025\\\/#organization\"},\"potentialAction\":[{\"@type\":\"SearchAction\",\"target\":{\"@type\":\"EntryPoint\",\"urlTemplate\":\"https:\\\/\\\/facts-and-figures.belgiantrain.be\\\/2025\\\/?s={search_term_string}\"},\"query-input\":{\"@type\":\"PropertyValueSpecification\",\"valueRequired\":true,\"valueName\":\"search_term_string\"}}],\"inLanguage\":\"fr-FR\"},{\"@type\":\"Organization\",\"@id\":\"https:\\\/\\\/facts-and-figures.belgiantrain.be\\\/2025\\\/#organization\",\"name\":\"SNCB R\u00e9alisations et chiffres-cl\u00e9s 2024\",\"url\":\"https:\\\/\\\/facts-and-figures.belgiantrain.be\\\/2025\\\/\",\"logo\":{\"@type\":\"ImageObject\",\"inLanguage\":\"fr-FR\",\"@id\":\"https:\\\/\\\/facts-and-figures.belgiantrain.be\\\/2025\\\/#\\\/schema\\\/logo\\\/image\\\/\",\"url\":\"https:\\\/\\\/facts-and-figures.belgiantrain.be\\\/2025\\\/wp-content\\\/uploads\\\/2025\\\/04\\\/apple-touch-icon.png\",\"contentUrl\":\"https:\\\/\\\/facts-and-figures.belgiantrain.be\\\/2025\\\/wp-content\\\/uploads\\\/2025\\\/04\\\/apple-touch-icon.png\",\"width\":57,\"height\":57,\"caption\":\"SNCB R\u00e9alisations et chiffres-cl\u00e9s 2024\"},\"image\":{\"@id\":\"https:\\\/\\\/facts-and-figures.belgiantrain.be\\\/2025\\\/#\\\/schema\\\/logo\\\/image\\\/\"}}]}<\/script>\n<!-- \/ Yoast SEO plugin. -->","yoast_head_json":{"title":"Voyageurs - SNCB R\u00e9alisations et chiffres-cl\u00e9s","description":"En 2025, la SNCB a poursuivi ses efforts pour rendre le train plus accessible, avec des initiatives comme le lancement d\u2019une nouvelle offre tarifaire. Au total, 207,8 millions de voyageurs nationaux ont choisi le train pour leurs d\u00e9placements, confirmant le r\u00f4le central du rail dans la mobilit\u00e9 en Belgique, tandis que le trafic international connaissait une belle croissance. Parall\u00e8lement, l\u2019entreprise a renforc\u00e9 la qualit\u00e9 de son service, notamment gr\u00e2ce \u00e0 une information pour les voyageurs plus claire et plus compl\u00e8te.","robots":{"index":"index","follow":"follow","max-snippet":"max-snippet:-1","max-image-preview":"max-image-preview:large","max-video-preview":"max-video-preview:-1"},"canonical":"https:\/\/facts-and-figures.belgiantrain.be\/2025\/voyageurs\/","og_locale":"fr_FR","og_type":"article","og_title":"Voyageurs - SNCB R\u00e9alisations et chiffres-cl\u00e9s","og_description":"En 2025, la SNCB a poursuivi ses efforts pour rendre le train plus accessible, avec des initiatives comme le lancement d\u2019une nouvelle offre tarifaire. Au total, 207,8 millions de voyageurs nationaux ont choisi le train pour leurs d\u00e9placements, confirmant le r\u00f4le central du rail dans la mobilit\u00e9 en Belgique, tandis que le trafic international connaissait une belle croissance. Parall\u00e8lement, l\u2019entreprise a renforc\u00e9 la qualit\u00e9 de son service, notamment gr\u00e2ce \u00e0 une information pour les voyageurs plus claire et plus compl\u00e8te.","og_url":"https:\/\/facts-and-figures.belgiantrain.be\/2025\/voyageurs\/","og_site_name":"SNCB R\u00e9alisations et chiffres-cl\u00e9s","article_modified_time":"2026-04-28T08:05:26+00:00","twitter_card":"summary_large_image","schema":{"@context":"https:\/\/schema.org","@graph":[{"@type":"WebPage","@id":"https:\/\/facts-and-figures.belgiantrain.be\/2025\/voyageurs\/","url":"https:\/\/facts-and-figures.belgiantrain.be\/2025\/voyageurs\/","name":"Voyageurs - SNCB R\u00e9alisations et chiffres-cl\u00e9s","isPartOf":{"@id":"https:\/\/facts-and-figures.belgiantrain.be\/2025\/#website"},"datePublished":"2025-03-28T21:29:57+00:00","dateModified":"2026-04-28T08:05:26+00:00","description":"En 2025, la SNCB a poursuivi ses efforts pour rendre le train plus accessible, avec des initiatives comme le lancement d\u2019une nouvelle offre tarifaire. Au total, 207,8 millions de voyageurs nationaux ont choisi le train pour leurs d\u00e9placements, confirmant le r\u00f4le central du rail dans la mobilit\u00e9 en Belgique, tandis que le trafic international connaissait une belle croissance. Parall\u00e8lement, l\u2019entreprise a renforc\u00e9 la qualit\u00e9 de son service, notamment gr\u00e2ce \u00e0 une information pour les voyageurs plus claire et plus compl\u00e8te.","breadcrumb":{"@id":"https:\/\/facts-and-figures.belgiantrain.be\/2025\/voyageurs\/#breadcrumb"},"inLanguage":"fr-FR","potentialAction":[{"@type":"ReadAction","target":["https:\/\/facts-and-figures.belgiantrain.be\/2025\/voyageurs\/"]}]},{"@type":"BreadcrumbList","@id":"https:\/\/facts-and-figures.belgiantrain.be\/2025\/voyageurs\/#breadcrumb","itemListElement":[{"@type":"ListItem","position":1,"name":"Accueil","item":"https:\/\/facts-and-figures.belgiantrain.be\/2025\/"},{"@type":"ListItem","position":2,"name":"Voyageurs"}]},{"@type":"WebSite","@id":"https:\/\/facts-and-figures.belgiantrain.be\/2025\/#website","url":"https:\/\/facts-and-figures.belgiantrain.be\/2025\/","name":"SNCB R\u00e9alisations et chiffres-cl\u00e9s 2024","description":"","publisher":{"@id":"https:\/\/facts-and-figures.belgiantrain.be\/2025\/#organization"},"potentialAction":[{"@type":"SearchAction","target":{"@type":"EntryPoint","urlTemplate":"https:\/\/facts-and-figures.belgiantrain.be\/2025\/?s={search_term_string}"},"query-input":{"@type":"PropertyValueSpecification","valueRequired":true,"valueName":"search_term_string"}}],"inLanguage":"fr-FR"},{"@type":"Organization","@id":"https:\/\/facts-and-figures.belgiantrain.be\/2025\/#organization","name":"SNCB R\u00e9alisations et chiffres-cl\u00e9s 2024","url":"https:\/\/facts-and-figures.belgiantrain.be\/2025\/","logo":{"@type":"ImageObject","inLanguage":"fr-FR","@id":"https:\/\/facts-and-figures.belgiantrain.be\/2025\/#\/schema\/logo\/image\/","url":"https:\/\/facts-and-figures.belgiantrain.be\/2025\/wp-content\/uploads\/2025\/04\/apple-touch-icon.png","contentUrl":"https:\/\/facts-and-figures.belgiantrain.be\/2025\/wp-content\/uploads\/2025\/04\/apple-touch-icon.png","width":57,"height":57,"caption":"SNCB R\u00e9alisations et chiffres-cl\u00e9s 2024"},"image":{"@id":"https:\/\/facts-and-figures.belgiantrain.be\/2025\/#\/schema\/logo\/image\/"}}]}},"_links":{"self":[{"href":"https:\/\/facts-and-figures.belgiantrain.be\/2025\/wp-json\/wp\/v2\/pages\/38","targetHints":{"allow":["GET"]}}],"collection":[{"href":"https:\/\/facts-and-figures.belgiantrain.be\/2025\/wp-json\/wp\/v2\/pages"}],"about":[{"href":"https:\/\/facts-and-figures.belgiantrain.be\/2025\/wp-json\/wp\/v2\/types\/page"}],"author":[{"embeddable":true,"href":"https:\/\/facts-and-figures.belgiantrain.be\/2025\/wp-json\/wp\/v2\/users\/2"}],"replies":[{"embeddable":true,"href":"https:\/\/facts-and-figures.belgiantrain.be\/2025\/wp-json\/wp\/v2\/comments?post=38"}],"version-history":[{"count":38,"href":"https:\/\/facts-and-figures.belgiantrain.be\/2025\/wp-json\/wp\/v2\/pages\/38\/revisions"}],"predecessor-version":[{"id":2612,"href":"https:\/\/facts-and-figures.belgiantrain.be\/2025\/wp-json\/wp\/v2\/pages\/38\/revisions\/2612"}],"wp:attachment":[{"href":"https:\/\/facts-and-figures.belgiantrain.be\/2025\/wp-json\/wp\/v2\/media?parent=38"}],"curies":[{"name":"wp","href":"https:\/\/api.w.org\/{rel}","templated":true}]}}