{"id":27,"date":"2025-03-27T23:49:19","date_gmt":"2025-03-27T22:49:19","guid":{"rendered":"https:\/\/facts-and-figures.belgiantrain.be\/?page_id=27"},"modified":"2026-05-08T19:01:10","modified_gmt":"2026-05-08T17:01:10","slug":"bienvenue","status":"publish","type":"page","link":"https:\/\/facts-and-figures.belgiantrain.be\/2025\/","title":{"rendered":"Aper\u00e7u 2025"},"content":{"rendered":"","protected":false},"excerpt":{"rendered":"","protected":false},"author":2,"featured_media":0,"parent":0,"menu_order":1,"comment_status":"closed","ping_status":"closed","template":"","meta":{"_acf_changed":false,"footnotes":""},"class_list":["post-27","page","type-page","status-publish","hentry"],"acf":{"theme":false,"couleurs":[{"couleur":"#0a69b3"},{"couleur":"#eff9ff"}],"pictogramme":"bienvenue","sous-titre":"2025, une ann\u00e9e de transformation pour pr\u00e9parer l\u2019avenir de la mobilit\u00e9 ferroviaire.","contenu":"<p>En se concentrant pleinement sur la r\u00e9alisation des objectifs du Contrat de service public 2023-2032 qu\u2019elle a conclu avec l\u2019\u00c9tat belge, la SNCB veut, en tant qu\u2019entreprise publique, \u00eatre incontournable et gagner la mise en concurrence de la mission de service public de\u00a0 2032.<\/p>\n<p>D\u00e9couvrez comment la SNCB a am\u00e9lior\u00e9 votre exp\u00e9rience de voyage en 2025 !<\/p>\n"},"yoast_head":"<!-- This site is optimized with the Yoast SEO plugin v27.5 - https:\/\/yoast.com\/product\/yoast-seo-wordpress\/ -->\n<title>SNCB R\u00e9alisations et chiffres-cl\u00e9s 2025<\/title>\n<meta name=\"description\" content=\"D\u00e9couvrez comment la SNCB a am\u00e9lior\u00e9 votre exp\u00e9rience de voyage en 2024 ! Nouveaux trains, voitures r\u00e9nov\u00e9es, offre nationale et internationale \u00e9largie, services d&#039;information et de vente optimis\u00e9s, gares plus accessibles et plus confortables\u2026 tout a \u00e9t\u00e9 mis en \u0153uvre pour rendre vos trajets encore plus agr\u00e9ables.\" \/>\n<meta name=\"robots\" content=\"index, follow, max-snippet:-1, max-image-preview:large, max-video-preview:-1\" \/>\n<link rel=\"canonical\" href=\"https:\/\/facts-and-figures.belgiantrain.be\/2025\/\" \/>\n<meta property=\"og:locale\" content=\"fr_FR\" \/>\n<meta property=\"og:type\" content=\"article\" \/>\n<meta property=\"og:title\" content=\"SNCB R\u00e9alisations et chiffres-cl\u00e9s 2025\" \/>\n<meta property=\"og:description\" content=\"D\u00e9couvrez comment la SNCB a am\u00e9lior\u00e9 votre exp\u00e9rience de voyage en 2024 ! Nouveaux trains, voitures r\u00e9nov\u00e9es, offre nationale et internationale \u00e9largie, services d&#039;information et de vente optimis\u00e9s, gares plus accessibles et plus confortables\u2026 tout a \u00e9t\u00e9 mis en \u0153uvre pour rendre vos trajets encore plus agr\u00e9ables.\" \/>\n<meta property=\"og:url\" content=\"https:\/\/facts-and-figures.belgiantrain.be\/2025\/\" \/>\n<meta property=\"og:site_name\" content=\"SNCB R\u00e9alisations et chiffres-cl\u00e9s\" \/>\n<meta property=\"article:modified_time\" content=\"2026-05-08T17:01:10+00:00\" \/>\n<meta name=\"twitter:card\" content=\"summary_large_image\" \/>\n<script type=\"application\/ld+json\" class=\"yoast-schema-graph\">{\"@context\":\"https:\\\/\\\/schema.org\",\"@graph\":[{\"@type\":\"WebPage\",\"@id\":\"https:\\\/\\\/facts-and-figures.belgiantrain.be\\\/2025\\\/\",\"url\":\"https:\\\/\\\/facts-and-figures.belgiantrain.be\\\/2025\\\/\",\"name\":\"SNCB R\u00e9alisations et chiffres-cl\u00e9s 2025\",\"isPartOf\":{\"@id\":\"https:\\\/\\\/facts-and-figures.belgiantrain.be\\\/2025\\\/#website\"},\"datePublished\":\"2025-03-27T22:49:19+00:00\",\"dateModified\":\"2026-05-08T17:01:10+00:00\",\"description\":\"D\u00e9couvrez comment la SNCB a am\u00e9lior\u00e9 votre exp\u00e9rience de voyage en 2024 ! Nouveaux trains, voitures r\u00e9nov\u00e9es, offre nationale et internationale \u00e9largie, services d'information et de vente optimis\u00e9s, gares plus accessibles et plus confortables\u2026 tout a \u00e9t\u00e9 mis en \u0153uvre pour rendre vos trajets encore plus agr\u00e9ables.\",\"breadcrumb\":{\"@id\":\"https:\\\/\\\/facts-and-figures.belgiantrain.be\\\/2025\\\/#breadcrumb\"},\"inLanguage\":\"fr-FR\",\"potentialAction\":[{\"@type\":\"ReadAction\",\"target\":[\"https:\\\/\\\/facts-and-figures.belgiantrain.be\\\/2025\\\/\"]}]},{\"@type\":\"BreadcrumbList\",\"@id\":\"https:\\\/\\\/facts-and-figures.belgiantrain.be\\\/2025\\\/#breadcrumb\",\"itemListElement\":[{\"@type\":\"ListItem\",\"position\":1,\"name\":\"Accueil\",\"item\":\"https:\\\/\\\/facts-and-figures.belgiantrain.be\\\/2025\\\/\"},{\"@type\":\"ListItem\",\"position\":2,\"name\":\"Aper\u00e7u 2025\"}]},{\"@type\":\"WebSite\",\"@id\":\"https:\\\/\\\/facts-and-figures.belgiantrain.be\\\/2025\\\/#website\",\"url\":\"https:\\\/\\\/facts-and-figures.belgiantrain.be\\\/2025\\\/\",\"name\":\"SNCB R\u00e9alisations et chiffres-cl\u00e9s 2024\",\"description\":\"\",\"publisher\":{\"@id\":\"https:\\\/\\\/facts-and-figures.belgiantrain.be\\\/2025\\\/#organization\"},\"potentialAction\":[{\"@type\":\"SearchAction\",\"target\":{\"@type\":\"EntryPoint\",\"urlTemplate\":\"https:\\\/\\\/facts-and-figures.belgiantrain.be\\\/2025\\\/?s={search_term_string}\"},\"query-input\":{\"@type\":\"PropertyValueSpecification\",\"valueRequired\":true,\"valueName\":\"search_term_string\"}}],\"inLanguage\":\"fr-FR\"},{\"@type\":\"Organization\",\"@id\":\"https:\\\/\\\/facts-and-figures.belgiantrain.be\\\/2025\\\/#organization\",\"name\":\"SNCB R\u00e9alisations et chiffres-cl\u00e9s 2024\",\"url\":\"https:\\\/\\\/facts-and-figures.belgiantrain.be\\\/2025\\\/\",\"logo\":{\"@type\":\"ImageObject\",\"inLanguage\":\"fr-FR\",\"@id\":\"https:\\\/\\\/facts-and-figures.belgiantrain.be\\\/2025\\\/#\\\/schema\\\/logo\\\/image\\\/\",\"url\":\"https:\\\/\\\/facts-and-figures.belgiantrain.be\\\/2025\\\/wp-content\\\/uploads\\\/2025\\\/04\\\/apple-touch-icon.png\",\"contentUrl\":\"https:\\\/\\\/facts-and-figures.belgiantrain.be\\\/2025\\\/wp-content\\\/uploads\\\/2025\\\/04\\\/apple-touch-icon.png\",\"width\":57,\"height\":57,\"caption\":\"SNCB R\u00e9alisations et chiffres-cl\u00e9s 2024\"},\"image\":{\"@id\":\"https:\\\/\\\/facts-and-figures.belgiantrain.be\\\/2025\\\/#\\\/schema\\\/logo\\\/image\\\/\"}}]}<\/script>\n<!-- \/ Yoast SEO plugin. -->","yoast_head_json":{"title":"SNCB R\u00e9alisations et chiffres-cl\u00e9s 2025","description":"D\u00e9couvrez comment la SNCB a am\u00e9lior\u00e9 votre exp\u00e9rience de voyage en 2024 ! Nouveaux trains, voitures r\u00e9nov\u00e9es, offre nationale et internationale \u00e9largie, services d'information et de vente optimis\u00e9s, gares plus accessibles et plus confortables\u2026 tout a \u00e9t\u00e9 mis en \u0153uvre pour rendre vos trajets encore plus agr\u00e9ables.","robots":{"index":"index","follow":"follow","max-snippet":"max-snippet:-1","max-image-preview":"max-image-preview:large","max-video-preview":"max-video-preview:-1"},"canonical":"https:\/\/facts-and-figures.belgiantrain.be\/2025\/","og_locale":"fr_FR","og_type":"article","og_title":"SNCB R\u00e9alisations et chiffres-cl\u00e9s 2025","og_description":"D\u00e9couvrez comment la SNCB a am\u00e9lior\u00e9 votre exp\u00e9rience de voyage en 2024 ! Nouveaux trains, voitures r\u00e9nov\u00e9es, offre nationale et internationale \u00e9largie, services d'information et de vente optimis\u00e9s, gares plus accessibles et plus confortables\u2026 tout a \u00e9t\u00e9 mis en \u0153uvre pour rendre vos trajets encore plus agr\u00e9ables.","og_url":"https:\/\/facts-and-figures.belgiantrain.be\/2025\/","og_site_name":"SNCB R\u00e9alisations et chiffres-cl\u00e9s","article_modified_time":"2026-05-08T17:01:10+00:00","twitter_card":"summary_large_image","schema":{"@context":"https:\/\/schema.org","@graph":[{"@type":"WebPage","@id":"https:\/\/facts-and-figures.belgiantrain.be\/2025\/","url":"https:\/\/facts-and-figures.belgiantrain.be\/2025\/","name":"SNCB R\u00e9alisations et chiffres-cl\u00e9s 2025","isPartOf":{"@id":"https:\/\/facts-and-figures.belgiantrain.be\/2025\/#website"},"datePublished":"2025-03-27T22:49:19+00:00","dateModified":"2026-05-08T17:01:10+00:00","description":"D\u00e9couvrez comment la SNCB a am\u00e9lior\u00e9 votre exp\u00e9rience de voyage en 2024 ! Nouveaux trains, voitures r\u00e9nov\u00e9es, offre nationale et internationale \u00e9largie, services d'information et de vente optimis\u00e9s, gares plus accessibles et plus confortables\u2026 tout a \u00e9t\u00e9 mis en \u0153uvre pour rendre vos trajets encore plus agr\u00e9ables.","breadcrumb":{"@id":"https:\/\/facts-and-figures.belgiantrain.be\/2025\/#breadcrumb"},"inLanguage":"fr-FR","potentialAction":[{"@type":"ReadAction","target":["https:\/\/facts-and-figures.belgiantrain.be\/2025\/"]}]},{"@type":"BreadcrumbList","@id":"https:\/\/facts-and-figures.belgiantrain.be\/2025\/#breadcrumb","itemListElement":[{"@type":"ListItem","position":1,"name":"Accueil","item":"https:\/\/facts-and-figures.belgiantrain.be\/2025\/"},{"@type":"ListItem","position":2,"name":"Aper\u00e7u 2025"}]},{"@type":"WebSite","@id":"https:\/\/facts-and-figures.belgiantrain.be\/2025\/#website","url":"https:\/\/facts-and-figures.belgiantrain.be\/2025\/","name":"SNCB R\u00e9alisations et chiffres-cl\u00e9s 2024","description":"","publisher":{"@id":"https:\/\/facts-and-figures.belgiantrain.be\/2025\/#organization"},"potentialAction":[{"@type":"SearchAction","target":{"@type":"EntryPoint","urlTemplate":"https:\/\/facts-and-figures.belgiantrain.be\/2025\/?s={search_term_string}"},"query-input":{"@type":"PropertyValueSpecification","valueRequired":true,"valueName":"search_term_string"}}],"inLanguage":"fr-FR"},{"@type":"Organization","@id":"https:\/\/facts-and-figures.belgiantrain.be\/2025\/#organization","name":"SNCB R\u00e9alisations et chiffres-cl\u00e9s 2024","url":"https:\/\/facts-and-figures.belgiantrain.be\/2025\/","logo":{"@type":"ImageObject","inLanguage":"fr-FR","@id":"https:\/\/facts-and-figures.belgiantrain.be\/2025\/#\/schema\/logo\/image\/","url":"https:\/\/facts-and-figures.belgiantrain.be\/2025\/wp-content\/uploads\/2025\/04\/apple-touch-icon.png","contentUrl":"https:\/\/facts-and-figures.belgiantrain.be\/2025\/wp-content\/uploads\/2025\/04\/apple-touch-icon.png","width":57,"height":57,"caption":"SNCB R\u00e9alisations et chiffres-cl\u00e9s 2024"},"image":{"@id":"https:\/\/facts-and-figures.belgiantrain.be\/2025\/#\/schema\/logo\/image\/"}}]}},"_links":{"self":[{"href":"https:\/\/facts-and-figures.belgiantrain.be\/2025\/wp-json\/wp\/v2\/pages\/27","targetHints":{"allow":["GET"]}}],"collection":[{"href":"https:\/\/facts-and-figures.belgiantrain.be\/2025\/wp-json\/wp\/v2\/pages"}],"about":[{"href":"https:\/\/facts-and-figures.belgiantrain.be\/2025\/wp-json\/wp\/v2\/types\/page"}],"author":[{"embeddable":true,"href":"https:\/\/facts-and-figures.belgiantrain.be\/2025\/wp-json\/wp\/v2\/users\/2"}],"replies":[{"embeddable":true,"href":"https:\/\/facts-and-figures.belgiantrain.be\/2025\/wp-json\/wp\/v2\/comments?post=27"}],"version-history":[{"count":70,"href":"https:\/\/facts-and-figures.belgiantrain.be\/2025\/wp-json\/wp\/v2\/pages\/27\/revisions"}],"predecessor-version":[{"id":2937,"href":"https:\/\/facts-and-figures.belgiantrain.be\/2025\/wp-json\/wp\/v2\/pages\/27\/revisions\/2937"}],"wp:attachment":[{"href":"https:\/\/facts-and-figures.belgiantrain.be\/2025\/wp-json\/wp\/v2\/media?parent=27"}],"curies":[{"name":"wp","href":"https:\/\/api.w.org\/{rel}","templated":true}]}}