{"id":2668,"date":"2026-04-28T13:39:13","date_gmt":"2026-04-28T11:39:13","guid":{"rendered":"https:\/\/facts-and-figures.belgiantrain.be\/2025\/?page_id=2668"},"modified":"2026-05-06T15:57:06","modified_gmt":"2026-05-06T13:57:06","slug":"gestion-des-dechets","status":"publish","type":"page","link":"https:\/\/facts-and-figures.belgiantrain.be\/2025\/environnement\/gestion-des-dechets\/","title":{"rendered":"Gestion des d\u00e9chets"},"content":{"rendered":"","protected":false},"excerpt":{"rendered":"","protected":false},"author":1,"featured_media":0,"parent":36,"menu_order":58,"comment_status":"closed","ping_status":"closed","template":"","meta":{"_acf_changed":false,"footnotes":""},"class_list":["post-2668","page","type-page","status-publish","hentry"],"acf":{"contenu":[{"acf_fc_layout":"texte","texte":"<p>La <strong>SNCB<\/strong> souhaite en faire toujours plus pour l\u2019<strong>environnement<\/strong>, notamment gr\u00e2ce \u00e0 la gestion des d\u00e9chets.<\/p>\n<p>D\u2019ici <strong>2032<\/strong>, la SNCB a pour objectif de <strong>valoriser 95% de ses d\u00e9chets<\/strong> et d\u2019ainsi drastiquement limiter leur \u00e9limination (<strong>maximum 5%<\/strong>).<\/p>\n<p>Dans ce contexte, la SNCB poursuit les efforts entrepris de longue date afin de limiter la production de d\u00e9chets dans ses gares, b\u00e2timents et ateliers. L\u2019accent a \u00e9t\u00e9 mis sur la pr\u00e9vention, la collecte s\u00e9lective et le recyclage, avec l\u2019extension du tri-s\u00e9lectif aux<strong> 100 plus grandes gares<\/strong> (contre 84 en 2023) du pays. Le volume de d\u00e9chets valoris\u00e9s (r\u00e9utilis\u00e9s, recycl\u00e9s ou incin\u00e9r\u00e9s avec r\u00e9cup\u00e9ration d\u2019\u00e9nergie) \u00e9tait de <strong>82% en 2025<\/strong>.<\/p>\n<p>La SNCB a collect\u00e9, sur l\u2019ensemble de l\u2019ann\u00e9e 2025, environ <strong>22 000 tonnes de d\u00e9chets<\/strong> sur l\u2019ensemble de ses activit\u00e9s, \u00e0 savoir dans les gares, dans les trains, dans les ateliers et les d\u00e9p\u00f4ts, mais aussi dans les b\u00e2timents administratifs.<\/p>\n<p>La SNCB a collect\u00e9 dans les trains pr\u00e8s de<strong> 900 tonnes<\/strong> de d\u00e9chets, un chiffre relativement stable par rapport aux ann\u00e9es pr\u00e9c\u00e9dentes, et environ <strong>3 100 tonnes<\/strong> dans les gares (ce qui constitue le deuxi\u00e8me poste, derri\u00e8re les ateliers et les postes d\u2019entretien).<\/p>\n<p>Le co\u00fbt global de la gestion des d\u00e9chets est g\u00e9n\u00e9ralement de l\u2019ordre de <strong>3 \u00e0 3,5 millions d\u2019euros par an (3.2 millions d\u2019euros en 2025)<\/strong>.<\/p>\n","centre":false},{"acf_fc_layout":"media","media":"image","image":2922,"rive":"","size":"small","zoomable":false}]},"yoast_head":"<!-- This site is optimized with the Yoast SEO plugin v27.5 - https:\/\/yoast.com\/product\/yoast-seo-wordpress\/ -->\n<title>Gestion des d\u00e9chets - SNCB R\u00e9alisations et chiffres-cl\u00e9s<\/title>\n<meta name=\"description\" content=\"La SNCB souhaite en faire toujours plus pour l\u2019environnement, notamment gr\u00e2ce \u00e0 la gestion des d\u00e9chets.\" \/>\n<meta name=\"robots\" content=\"index, follow, max-snippet:-1, max-image-preview:large, max-video-preview:-1\" \/>\n<link rel=\"canonical\" href=\"https:\/\/facts-and-figures.belgiantrain.be\/2025\/environnement\/gestion-des-dechets\/\" \/>\n<meta property=\"og:locale\" content=\"fr_FR\" \/>\n<meta property=\"og:type\" content=\"article\" \/>\n<meta property=\"og:title\" content=\"Gestion des d\u00e9chets - SNCB R\u00e9alisations et chiffres-cl\u00e9s\" \/>\n<meta property=\"og:description\" content=\"La SNCB souhaite en faire toujours plus pour l\u2019environnement, notamment gr\u00e2ce \u00e0 la gestion des d\u00e9chets.\" \/>\n<meta property=\"og:url\" content=\"https:\/\/facts-and-figures.belgiantrain.be\/2025\/environnement\/gestion-des-dechets\/\" \/>\n<meta property=\"og:site_name\" content=\"SNCB R\u00e9alisations et chiffres-cl\u00e9s\" \/>\n<meta property=\"article:modified_time\" content=\"2026-05-06T13:57:06+00:00\" \/>\n<meta name=\"twitter:card\" content=\"summary_large_image\" \/>\n<script type=\"application\/ld+json\" class=\"yoast-schema-graph\">{\"@context\":\"https:\\\/\\\/schema.org\",\"@graph\":[{\"@type\":\"WebPage\",\"@id\":\"https:\\\/\\\/facts-and-figures.belgiantrain.be\\\/2025\\\/environnement\\\/gestion-des-dechets\\\/\",\"url\":\"https:\\\/\\\/facts-and-figures.belgiantrain.be\\\/2025\\\/environnement\\\/gestion-des-dechets\\\/\",\"name\":\"Gestion des d\u00e9chets - SNCB R\u00e9alisations et chiffres-cl\u00e9s\",\"isPartOf\":{\"@id\":\"https:\\\/\\\/facts-and-figures.belgiantrain.be\\\/2025\\\/#website\"},\"datePublished\":\"2026-04-28T11:39:13+00:00\",\"dateModified\":\"2026-05-06T13:57:06+00:00\",\"description\":\"La SNCB souhaite en faire toujours plus pour l\u2019environnement, notamment gr\u00e2ce \u00e0 la gestion des d\u00e9chets.\",\"breadcrumb\":{\"@id\":\"https:\\\/\\\/facts-and-figures.belgiantrain.be\\\/2025\\\/environnement\\\/gestion-des-dechets\\\/#breadcrumb\"},\"inLanguage\":\"fr-FR\",\"potentialAction\":[{\"@type\":\"ReadAction\",\"target\":[\"https:\\\/\\\/facts-and-figures.belgiantrain.be\\\/2025\\\/environnement\\\/gestion-des-dechets\\\/\"]}]},{\"@type\":\"BreadcrumbList\",\"@id\":\"https:\\\/\\\/facts-and-figures.belgiantrain.be\\\/2025\\\/environnement\\\/gestion-des-dechets\\\/#breadcrumb\",\"itemListElement\":[{\"@type\":\"ListItem\",\"position\":1,\"name\":\"Accueil\",\"item\":\"https:\\\/\\\/facts-and-figures.belgiantrain.be\\\/2025\\\/\"},{\"@type\":\"ListItem\",\"position\":2,\"name\":\"Environnement\",\"item\":\"https:\\\/\\\/facts-and-figures.belgiantrain.be\\\/2025\\\/environnement\\\/\"},{\"@type\":\"ListItem\",\"position\":3,\"name\":\"Gestion des d\u00e9chets\"}]},{\"@type\":\"WebSite\",\"@id\":\"https:\\\/\\\/facts-and-figures.belgiantrain.be\\\/2025\\\/#website\",\"url\":\"https:\\\/\\\/facts-and-figures.belgiantrain.be\\\/2025\\\/\",\"name\":\"SNCB R\u00e9alisations et chiffres-cl\u00e9s 2024\",\"description\":\"\",\"publisher\":{\"@id\":\"https:\\\/\\\/facts-and-figures.belgiantrain.be\\\/2025\\\/#organization\"},\"potentialAction\":[{\"@type\":\"SearchAction\",\"target\":{\"@type\":\"EntryPoint\",\"urlTemplate\":\"https:\\\/\\\/facts-and-figures.belgiantrain.be\\\/2025\\\/?s={search_term_string}\"},\"query-input\":{\"@type\":\"PropertyValueSpecification\",\"valueRequired\":true,\"valueName\":\"search_term_string\"}}],\"inLanguage\":\"fr-FR\"},{\"@type\":\"Organization\",\"@id\":\"https:\\\/\\\/facts-and-figures.belgiantrain.be\\\/2025\\\/#organization\",\"name\":\"SNCB R\u00e9alisations et chiffres-cl\u00e9s 2024\",\"url\":\"https:\\\/\\\/facts-and-figures.belgiantrain.be\\\/2025\\\/\",\"logo\":{\"@type\":\"ImageObject\",\"inLanguage\":\"fr-FR\",\"@id\":\"https:\\\/\\\/facts-and-figures.belgiantrain.be\\\/2025\\\/#\\\/schema\\\/logo\\\/image\\\/\",\"url\":\"https:\\\/\\\/facts-and-figures.belgiantrain.be\\\/2025\\\/wp-content\\\/uploads\\\/2025\\\/04\\\/apple-touch-icon.png\",\"contentUrl\":\"https:\\\/\\\/facts-and-figures.belgiantrain.be\\\/2025\\\/wp-content\\\/uploads\\\/2025\\\/04\\\/apple-touch-icon.png\",\"width\":57,\"height\":57,\"caption\":\"SNCB R\u00e9alisations et chiffres-cl\u00e9s 2024\"},\"image\":{\"@id\":\"https:\\\/\\\/facts-and-figures.belgiantrain.be\\\/2025\\\/#\\\/schema\\\/logo\\\/image\\\/\"}}]}<\/script>\n<!-- \/ Yoast SEO plugin. -->","yoast_head_json":{"title":"Gestion des d\u00e9chets - SNCB R\u00e9alisations et chiffres-cl\u00e9s","description":"La SNCB souhaite en faire toujours plus pour l\u2019environnement, notamment gr\u00e2ce \u00e0 la gestion des d\u00e9chets.","robots":{"index":"index","follow":"follow","max-snippet":"max-snippet:-1","max-image-preview":"max-image-preview:large","max-video-preview":"max-video-preview:-1"},"canonical":"https:\/\/facts-and-figures.belgiantrain.be\/2025\/environnement\/gestion-des-dechets\/","og_locale":"fr_FR","og_type":"article","og_title":"Gestion des d\u00e9chets - SNCB R\u00e9alisations et chiffres-cl\u00e9s","og_description":"La SNCB souhaite en faire toujours plus pour l\u2019environnement, notamment gr\u00e2ce \u00e0 la gestion des d\u00e9chets.","og_url":"https:\/\/facts-and-figures.belgiantrain.be\/2025\/environnement\/gestion-des-dechets\/","og_site_name":"SNCB R\u00e9alisations et chiffres-cl\u00e9s","article_modified_time":"2026-05-06T13:57:06+00:00","twitter_card":"summary_large_image","schema":{"@context":"https:\/\/schema.org","@graph":[{"@type":"WebPage","@id":"https:\/\/facts-and-figures.belgiantrain.be\/2025\/environnement\/gestion-des-dechets\/","url":"https:\/\/facts-and-figures.belgiantrain.be\/2025\/environnement\/gestion-des-dechets\/","name":"Gestion des d\u00e9chets - SNCB R\u00e9alisations et chiffres-cl\u00e9s","isPartOf":{"@id":"https:\/\/facts-and-figures.belgiantrain.be\/2025\/#website"},"datePublished":"2026-04-28T11:39:13+00:00","dateModified":"2026-05-06T13:57:06+00:00","description":"La SNCB souhaite en faire toujours plus pour l\u2019environnement, notamment gr\u00e2ce \u00e0 la gestion des d\u00e9chets.","breadcrumb":{"@id":"https:\/\/facts-and-figures.belgiantrain.be\/2025\/environnement\/gestion-des-dechets\/#breadcrumb"},"inLanguage":"fr-FR","potentialAction":[{"@type":"ReadAction","target":["https:\/\/facts-and-figures.belgiantrain.be\/2025\/environnement\/gestion-des-dechets\/"]}]},{"@type":"BreadcrumbList","@id":"https:\/\/facts-and-figures.belgiantrain.be\/2025\/environnement\/gestion-des-dechets\/#breadcrumb","itemListElement":[{"@type":"ListItem","position":1,"name":"Accueil","item":"https:\/\/facts-and-figures.belgiantrain.be\/2025\/"},{"@type":"ListItem","position":2,"name":"Environnement","item":"https:\/\/facts-and-figures.belgiantrain.be\/2025\/environnement\/"},{"@type":"ListItem","position":3,"name":"Gestion des d\u00e9chets"}]},{"@type":"WebSite","@id":"https:\/\/facts-and-figures.belgiantrain.be\/2025\/#website","url":"https:\/\/facts-and-figures.belgiantrain.be\/2025\/","name":"SNCB R\u00e9alisations et chiffres-cl\u00e9s 2024","description":"","publisher":{"@id":"https:\/\/facts-and-figures.belgiantrain.be\/2025\/#organization"},"potentialAction":[{"@type":"SearchAction","target":{"@type":"EntryPoint","urlTemplate":"https:\/\/facts-and-figures.belgiantrain.be\/2025\/?s={search_term_string}"},"query-input":{"@type":"PropertyValueSpecification","valueRequired":true,"valueName":"search_term_string"}}],"inLanguage":"fr-FR"},{"@type":"Organization","@id":"https:\/\/facts-and-figures.belgiantrain.be\/2025\/#organization","name":"SNCB R\u00e9alisations et chiffres-cl\u00e9s 2024","url":"https:\/\/facts-and-figures.belgiantrain.be\/2025\/","logo":{"@type":"ImageObject","inLanguage":"fr-FR","@id":"https:\/\/facts-and-figures.belgiantrain.be\/2025\/#\/schema\/logo\/image\/","url":"https:\/\/facts-and-figures.belgiantrain.be\/2025\/wp-content\/uploads\/2025\/04\/apple-touch-icon.png","contentUrl":"https:\/\/facts-and-figures.belgiantrain.be\/2025\/wp-content\/uploads\/2025\/04\/apple-touch-icon.png","width":57,"height":57,"caption":"SNCB R\u00e9alisations et chiffres-cl\u00e9s 2024"},"image":{"@id":"https:\/\/facts-and-figures.belgiantrain.be\/2025\/#\/schema\/logo\/image\/"}}]}},"_links":{"self":[{"href":"https:\/\/facts-and-figures.belgiantrain.be\/2025\/wp-json\/wp\/v2\/pages\/2668","targetHints":{"allow":["GET"]}}],"collection":[{"href":"https:\/\/facts-and-figures.belgiantrain.be\/2025\/wp-json\/wp\/v2\/pages"}],"about":[{"href":"https:\/\/facts-and-figures.belgiantrain.be\/2025\/wp-json\/wp\/v2\/types\/page"}],"author":[{"embeddable":true,"href":"https:\/\/facts-and-figures.belgiantrain.be\/2025\/wp-json\/wp\/v2\/users\/1"}],"replies":[{"embeddable":true,"href":"https:\/\/facts-and-figures.belgiantrain.be\/2025\/wp-json\/wp\/v2\/comments?post=2668"}],"version-history":[{"count":3,"href":"https:\/\/facts-and-figures.belgiantrain.be\/2025\/wp-json\/wp\/v2\/pages\/2668\/revisions"}],"predecessor-version":[{"id":2991,"href":"https:\/\/facts-and-figures.belgiantrain.be\/2025\/wp-json\/wp\/v2\/pages\/2668\/revisions\/2991"}],"up":[{"embeddable":true,"href":"https:\/\/facts-and-figures.belgiantrain.be\/2025\/wp-json\/wp\/v2\/pages\/36"}],"wp:attachment":[{"href":"https:\/\/facts-and-figures.belgiantrain.be\/2025\/wp-json\/wp\/v2\/media?parent=2668"}],"curies":[{"name":"wp","href":"https:\/\/api.w.org\/{rel}","templated":true}]}}