{"id":2648,"date":"2026-04-28T13:08:30","date_gmt":"2026-04-28T11:08:30","guid":{"rendered":"https:\/\/facts-and-figures.belgiantrain.be\/2025\/?page_id=2648"},"modified":"2026-05-06T15:37:37","modified_gmt":"2026-05-06T13:37:37","slug":"investir-dans-notre-personnel","status":"publish","type":"page","link":"https:\/\/facts-and-figures.belgiantrain.be\/2025\/collaborateurs\/investir-dans-notre-personnel\/","title":{"rendered":"Investir dans notre personnel"},"content":{"rendered":"","protected":false},"excerpt":{"rendered":"","protected":false},"author":2,"featured_media":0,"parent":42,"menu_order":39,"comment_status":"closed","ping_status":"closed","template":"","meta":{"_acf_changed":false,"footnotes":""},"class_list":["post-2648","page","type-page","status-publish","hentry"],"acf":{"contenu":[{"acf_fc_layout":"texte","texte":"<p>\u00c0 la <strong>SNCB<\/strong>, les collaborateurs re\u00e7oivent des<strong> formations cibl\u00e9es<\/strong> en fonction des pratiques professionnelles quotidiennes afin d\u2019accomplir leur travail de mani\u00e8re optimale. Nous offrons \u00e9galement des possibilit\u00e9s d\u2019apprentissage pour d\u00e9velopper de <strong>nouvelles comp\u00e9tences<\/strong>, dans une optique de mobilit\u00e9 interne, de r\u00e9orientation et d\u2019<strong>employabilit\u00e9 durable<\/strong>.<\/p>\n<p>L\u2019offre de formation comprend, d\u2019une part, des cours sp\u00e9cifiques notamment pour les conducteurs de train ou les techniciens, et d\u2019autre part, des formations pour les <strong>comp\u00e9tences non techniques<\/strong>, telles que le partage de feedback constructif ou les pr\u00e9sentations impactantes. Depuis <strong>2025<\/strong>, nous travaillons \u00e9galement sur un programme destin\u00e9 aux responsables, \u00e0 savoir le programme \u00ab\u202fTransformational and Inclusive Leadership\u202f\u00bb (TIL). Nos formations font partie du <strong>fonctionnement HR structurel<\/strong> et sont accessibles \u00e0 nos collaborateurs tout au long de leur carri\u00e8re.<\/p>\n","centre":false}]},"yoast_head":"<!-- This site is optimized with the Yoast SEO plugin v27.5 - https:\/\/yoast.com\/product\/yoast-seo-wordpress\/ -->\n<title>Investir dans notre personnel - SNCB R\u00e9alisations et chiffres-cl\u00e9s<\/title>\n<meta name=\"description\" content=\"\u00c0 la SNCB, les collaborateurs re\u00e7oivent des formations cibl\u00e9es en fonction des pratiques professionnelles quotidiennes afin d\u2019accomplir leur travail de mani\u00e8re optimale.\" \/>\n<meta name=\"robots\" content=\"index, follow, max-snippet:-1, max-image-preview:large, max-video-preview:-1\" \/>\n<link rel=\"canonical\" href=\"https:\/\/facts-and-figures.belgiantrain.be\/2025\/collaborateurs\/investir-dans-notre-personnel\/\" \/>\n<meta property=\"og:locale\" content=\"fr_FR\" \/>\n<meta property=\"og:type\" content=\"article\" \/>\n<meta property=\"og:title\" content=\"Investir dans notre personnel - SNCB R\u00e9alisations et chiffres-cl\u00e9s\" \/>\n<meta property=\"og:description\" content=\"\u00c0 la SNCB, les collaborateurs re\u00e7oivent des formations cibl\u00e9es en fonction des pratiques professionnelles quotidiennes afin d\u2019accomplir leur travail de mani\u00e8re optimale.\" \/>\n<meta property=\"og:url\" content=\"https:\/\/facts-and-figures.belgiantrain.be\/2025\/collaborateurs\/investir-dans-notre-personnel\/\" \/>\n<meta property=\"og:site_name\" content=\"SNCB R\u00e9alisations et chiffres-cl\u00e9s\" \/>\n<meta property=\"article:modified_time\" content=\"2026-05-06T13:37:37+00:00\" \/>\n<meta name=\"twitter:card\" content=\"summary_large_image\" \/>\n<script type=\"application\/ld+json\" class=\"yoast-schema-graph\">{\"@context\":\"https:\\\/\\\/schema.org\",\"@graph\":[{\"@type\":\"WebPage\",\"@id\":\"https:\\\/\\\/facts-and-figures.belgiantrain.be\\\/2025\\\/collaborateurs\\\/investir-dans-notre-personnel\\\/\",\"url\":\"https:\\\/\\\/facts-and-figures.belgiantrain.be\\\/2025\\\/collaborateurs\\\/investir-dans-notre-personnel\\\/\",\"name\":\"Investir dans notre personnel - SNCB R\u00e9alisations et chiffres-cl\u00e9s\",\"isPartOf\":{\"@id\":\"https:\\\/\\\/facts-and-figures.belgiantrain.be\\\/2025\\\/#website\"},\"datePublished\":\"2026-04-28T11:08:30+00:00\",\"dateModified\":\"2026-05-06T13:37:37+00:00\",\"description\":\"\u00c0 la SNCB, les collaborateurs re\u00e7oivent des formations cibl\u00e9es en fonction des pratiques professionnelles quotidiennes afin d\u2019accomplir leur travail de mani\u00e8re optimale.\",\"breadcrumb\":{\"@id\":\"https:\\\/\\\/facts-and-figures.belgiantrain.be\\\/2025\\\/collaborateurs\\\/investir-dans-notre-personnel\\\/#breadcrumb\"},\"inLanguage\":\"fr-FR\",\"potentialAction\":[{\"@type\":\"ReadAction\",\"target\":[\"https:\\\/\\\/facts-and-figures.belgiantrain.be\\\/2025\\\/collaborateurs\\\/investir-dans-notre-personnel\\\/\"]}]},{\"@type\":\"BreadcrumbList\",\"@id\":\"https:\\\/\\\/facts-and-figures.belgiantrain.be\\\/2025\\\/collaborateurs\\\/investir-dans-notre-personnel\\\/#breadcrumb\",\"itemListElement\":[{\"@type\":\"ListItem\",\"position\":1,\"name\":\"Accueil\",\"item\":\"https:\\\/\\\/facts-and-figures.belgiantrain.be\\\/2025\\\/\"},{\"@type\":\"ListItem\",\"position\":2,\"name\":\"Collaborateurs\",\"item\":\"https:\\\/\\\/facts-and-figures.belgiantrain.be\\\/2025\\\/collaborateurs\\\/\"},{\"@type\":\"ListItem\",\"position\":3,\"name\":\"Investir dans notre personnel\"}]},{\"@type\":\"WebSite\",\"@id\":\"https:\\\/\\\/facts-and-figures.belgiantrain.be\\\/2025\\\/#website\",\"url\":\"https:\\\/\\\/facts-and-figures.belgiantrain.be\\\/2025\\\/\",\"name\":\"SNCB R\u00e9alisations et chiffres-cl\u00e9s 2024\",\"description\":\"\",\"publisher\":{\"@id\":\"https:\\\/\\\/facts-and-figures.belgiantrain.be\\\/2025\\\/#organization\"},\"potentialAction\":[{\"@type\":\"SearchAction\",\"target\":{\"@type\":\"EntryPoint\",\"urlTemplate\":\"https:\\\/\\\/facts-and-figures.belgiantrain.be\\\/2025\\\/?s={search_term_string}\"},\"query-input\":{\"@type\":\"PropertyValueSpecification\",\"valueRequired\":true,\"valueName\":\"search_term_string\"}}],\"inLanguage\":\"fr-FR\"},{\"@type\":\"Organization\",\"@id\":\"https:\\\/\\\/facts-and-figures.belgiantrain.be\\\/2025\\\/#organization\",\"name\":\"SNCB R\u00e9alisations et chiffres-cl\u00e9s 2024\",\"url\":\"https:\\\/\\\/facts-and-figures.belgiantrain.be\\\/2025\\\/\",\"logo\":{\"@type\":\"ImageObject\",\"inLanguage\":\"fr-FR\",\"@id\":\"https:\\\/\\\/facts-and-figures.belgiantrain.be\\\/2025\\\/#\\\/schema\\\/logo\\\/image\\\/\",\"url\":\"https:\\\/\\\/facts-and-figures.belgiantrain.be\\\/2025\\\/wp-content\\\/uploads\\\/2025\\\/04\\\/apple-touch-icon.png\",\"contentUrl\":\"https:\\\/\\\/facts-and-figures.belgiantrain.be\\\/2025\\\/wp-content\\\/uploads\\\/2025\\\/04\\\/apple-touch-icon.png\",\"width\":57,\"height\":57,\"caption\":\"SNCB R\u00e9alisations et chiffres-cl\u00e9s 2024\"},\"image\":{\"@id\":\"https:\\\/\\\/facts-and-figures.belgiantrain.be\\\/2025\\\/#\\\/schema\\\/logo\\\/image\\\/\"}}]}<\/script>\n<!-- \/ Yoast SEO plugin. -->","yoast_head_json":{"title":"Investir dans notre personnel - SNCB R\u00e9alisations et chiffres-cl\u00e9s","description":"\u00c0 la SNCB, les collaborateurs re\u00e7oivent des formations cibl\u00e9es en fonction des pratiques professionnelles quotidiennes afin d\u2019accomplir leur travail de mani\u00e8re optimale.","robots":{"index":"index","follow":"follow","max-snippet":"max-snippet:-1","max-image-preview":"max-image-preview:large","max-video-preview":"max-video-preview:-1"},"canonical":"https:\/\/facts-and-figures.belgiantrain.be\/2025\/collaborateurs\/investir-dans-notre-personnel\/","og_locale":"fr_FR","og_type":"article","og_title":"Investir dans notre personnel - SNCB R\u00e9alisations et chiffres-cl\u00e9s","og_description":"\u00c0 la SNCB, les collaborateurs re\u00e7oivent des formations cibl\u00e9es en fonction des pratiques professionnelles quotidiennes afin d\u2019accomplir leur travail de mani\u00e8re optimale.","og_url":"https:\/\/facts-and-figures.belgiantrain.be\/2025\/collaborateurs\/investir-dans-notre-personnel\/","og_site_name":"SNCB R\u00e9alisations et chiffres-cl\u00e9s","article_modified_time":"2026-05-06T13:37:37+00:00","twitter_card":"summary_large_image","schema":{"@context":"https:\/\/schema.org","@graph":[{"@type":"WebPage","@id":"https:\/\/facts-and-figures.belgiantrain.be\/2025\/collaborateurs\/investir-dans-notre-personnel\/","url":"https:\/\/facts-and-figures.belgiantrain.be\/2025\/collaborateurs\/investir-dans-notre-personnel\/","name":"Investir dans notre personnel - SNCB R\u00e9alisations et chiffres-cl\u00e9s","isPartOf":{"@id":"https:\/\/facts-and-figures.belgiantrain.be\/2025\/#website"},"datePublished":"2026-04-28T11:08:30+00:00","dateModified":"2026-05-06T13:37:37+00:00","description":"\u00c0 la SNCB, les collaborateurs re\u00e7oivent des formations cibl\u00e9es en fonction des pratiques professionnelles quotidiennes afin d\u2019accomplir leur travail de mani\u00e8re optimale.","breadcrumb":{"@id":"https:\/\/facts-and-figures.belgiantrain.be\/2025\/collaborateurs\/investir-dans-notre-personnel\/#breadcrumb"},"inLanguage":"fr-FR","potentialAction":[{"@type":"ReadAction","target":["https:\/\/facts-and-figures.belgiantrain.be\/2025\/collaborateurs\/investir-dans-notre-personnel\/"]}]},{"@type":"BreadcrumbList","@id":"https:\/\/facts-and-figures.belgiantrain.be\/2025\/collaborateurs\/investir-dans-notre-personnel\/#breadcrumb","itemListElement":[{"@type":"ListItem","position":1,"name":"Accueil","item":"https:\/\/facts-and-figures.belgiantrain.be\/2025\/"},{"@type":"ListItem","position":2,"name":"Collaborateurs","item":"https:\/\/facts-and-figures.belgiantrain.be\/2025\/collaborateurs\/"},{"@type":"ListItem","position":3,"name":"Investir dans notre personnel"}]},{"@type":"WebSite","@id":"https:\/\/facts-and-figures.belgiantrain.be\/2025\/#website","url":"https:\/\/facts-and-figures.belgiantrain.be\/2025\/","name":"SNCB R\u00e9alisations et chiffres-cl\u00e9s 2024","description":"","publisher":{"@id":"https:\/\/facts-and-figures.belgiantrain.be\/2025\/#organization"},"potentialAction":[{"@type":"SearchAction","target":{"@type":"EntryPoint","urlTemplate":"https:\/\/facts-and-figures.belgiantrain.be\/2025\/?s={search_term_string}"},"query-input":{"@type":"PropertyValueSpecification","valueRequired":true,"valueName":"search_term_string"}}],"inLanguage":"fr-FR"},{"@type":"Organization","@id":"https:\/\/facts-and-figures.belgiantrain.be\/2025\/#organization","name":"SNCB R\u00e9alisations et chiffres-cl\u00e9s 2024","url":"https:\/\/facts-and-figures.belgiantrain.be\/2025\/","logo":{"@type":"ImageObject","inLanguage":"fr-FR","@id":"https:\/\/facts-and-figures.belgiantrain.be\/2025\/#\/schema\/logo\/image\/","url":"https:\/\/facts-and-figures.belgiantrain.be\/2025\/wp-content\/uploads\/2025\/04\/apple-touch-icon.png","contentUrl":"https:\/\/facts-and-figures.belgiantrain.be\/2025\/wp-content\/uploads\/2025\/04\/apple-touch-icon.png","width":57,"height":57,"caption":"SNCB R\u00e9alisations et chiffres-cl\u00e9s 2024"},"image":{"@id":"https:\/\/facts-and-figures.belgiantrain.be\/2025\/#\/schema\/logo\/image\/"}}]}},"_links":{"self":[{"href":"https:\/\/facts-and-figures.belgiantrain.be\/2025\/wp-json\/wp\/v2\/pages\/2648","targetHints":{"allow":["GET"]}}],"collection":[{"href":"https:\/\/facts-and-figures.belgiantrain.be\/2025\/wp-json\/wp\/v2\/pages"}],"about":[{"href":"https:\/\/facts-and-figures.belgiantrain.be\/2025\/wp-json\/wp\/v2\/types\/page"}],"author":[{"embeddable":true,"href":"https:\/\/facts-and-figures.belgiantrain.be\/2025\/wp-json\/wp\/v2\/users\/2"}],"replies":[{"embeddable":true,"href":"https:\/\/facts-and-figures.belgiantrain.be\/2025\/wp-json\/wp\/v2\/comments?post=2648"}],"version-history":[{"count":2,"href":"https:\/\/facts-and-figures.belgiantrain.be\/2025\/wp-json\/wp\/v2\/pages\/2648\/revisions"}],"predecessor-version":[{"id":2983,"href":"https:\/\/facts-and-figures.belgiantrain.be\/2025\/wp-json\/wp\/v2\/pages\/2648\/revisions\/2983"}],"up":[{"embeddable":true,"href":"https:\/\/facts-and-figures.belgiantrain.be\/2025\/wp-json\/wp\/v2\/pages\/42"}],"wp:attachment":[{"href":"https:\/\/facts-and-figures.belgiantrain.be\/2025\/wp-json\/wp\/v2\/media?parent=2648"}],"curies":[{"name":"wp","href":"https:\/\/api.w.org\/{rel}","templated":true}]}}