{"id":2535,"date":"2026-03-30T16:24:53","date_gmt":"2026-03-30T14:24:53","guid":{"rendered":"https:\/\/facts-and-figures.belgiantrain.be\/2025\/?page_id=2535"},"modified":"2026-04-30T14:37:07","modified_gmt":"2026-04-30T12:37:07","slug":"nmbs-biodiversiteit","status":"publish","type":"page","link":"https:\/\/facts-and-figures.belgiantrain.be\/2025\/nl\/duurzaamheid\/nmbs-biodiversiteit\/","title":{"rendered":"NMBS zet zich in voor biodiversiteit"},"content":{"rendered":"","protected":false},"excerpt":{"rendered":"","protected":false},"author":2,"featured_media":0,"parent":273,"menu_order":119,"comment_status":"closed","ping_status":"closed","template":"","meta":{"_acf_changed":false,"footnotes":""},"class_list":["post-2535","page","type-page","status-publish","hentry"],"acf":{"contenu":[{"acf_fc_layout":"texte","texte":"<p>Het dichtbevolkte en sterk verstedelijkte Belgi\u00eb staat voor grote uitdagingen op het vlak van biodiversiteit. Infrastructuur zoals wegen en spoorwegen versnippert natuurlijke habitats, waardoor veel soorten in gevaar komen. Daarom neemt NMBS actief deel aan het <strong>BiodiversiScape-programma<\/strong>, in samenwerking met Defensie, de Regie der Gebouwen en Infrabel. Het programma heeft tot doel om meer aandacht aan biodiversiteit te besteden op federale domeinen, met name bij aankopen, de inrichting, renovaties en nieuwbouwprojecten.<\/p>\n<p><strong>Er werden voor NMBS specifieke projecten ge\u00efdentificeerd<\/strong>, waarvan de geplande herinrichting van de parking van het station van Zottegem het eerste project is in het kader van deze samenwerking, met extra inspanningen voor de biodiversiteit:<\/p>\n<ul>\n<li>meer groen: aanplanting van hagen, bomen, klimplanten, struiken en (oever)planten om de lokale biodiversiteit te verbeteren;<\/li>\n<li>plaatsing van voorzieningen voor dieren: een bijenhotel, een biodiversiteitstoren, nestkastjes en takkenrillen;<\/li>\n<li>duurzaam waterbeheer: waterdoorlatende grasbetontegels voor de parkeerplaatsen en infiltratiesleuven voor een langzame afvoer van regenwater;<\/li>\n<li>aanpassing van de verlichting: gebruik van aangepaste verlichting om vleermuizen niet te storen en tegelijkertijd voldoende licht te bieden voor de gebruikers.<\/li>\n<\/ul>\n","centre":false},{"acf_fc_layout":"media","media":"image","image":2921,"rive":"","size":"small","zoomable":false}]},"yoast_head":"<!-- This site is optimized with the Yoast SEO plugin v27.5 - https:\/\/yoast.com\/product\/yoast-seo-wordpress\/ -->\n<title>NMBS zet zich in voor biodiversiteit - SNCB R\u00e9alisations et chiffres-cl\u00e9s<\/title>\n<meta name=\"description\" content=\"Het dichtbevolkte en sterk verstedelijkte Belgi\u00eb staat voor grote uitdagingen op het vlak van biodiversiteit. Infrastructuur zoals wegen en spoorwegen versnippert natuurlijke habitats, waardoor veel soorten in gevaar komen.\" \/>\n<meta name=\"robots\" content=\"index, follow, max-snippet:-1, max-image-preview:large, max-video-preview:-1\" \/>\n<link rel=\"canonical\" href=\"https:\/\/facts-and-figures.belgiantrain.be\/2025\/nl\/duurzaamheid\/nmbs-biodiversiteit\/\" \/>\n<meta property=\"og:locale\" content=\"fr_FR\" \/>\n<meta property=\"og:type\" content=\"article\" \/>\n<meta property=\"og:title\" content=\"NMBS zet zich in voor biodiversiteit - SNCB R\u00e9alisations et chiffres-cl\u00e9s\" \/>\n<meta property=\"og:description\" content=\"Het dichtbevolkte en sterk verstedelijkte Belgi\u00eb staat voor grote uitdagingen op het vlak van biodiversiteit. Infrastructuur zoals wegen en spoorwegen versnippert natuurlijke habitats, waardoor veel soorten in gevaar komen.\" \/>\n<meta property=\"og:url\" content=\"https:\/\/facts-and-figures.belgiantrain.be\/2025\/nl\/duurzaamheid\/nmbs-biodiversiteit\/\" \/>\n<meta property=\"og:site_name\" content=\"SNCB R\u00e9alisations et chiffres-cl\u00e9s\" \/>\n<meta property=\"article:modified_time\" content=\"2026-04-30T12:37:07+00:00\" \/>\n<meta name=\"twitter:card\" content=\"summary_large_image\" \/>\n<script type=\"application\/ld+json\" class=\"yoast-schema-graph\">{\"@context\":\"https:\\\/\\\/schema.org\",\"@graph\":[{\"@type\":\"WebPage\",\"@id\":\"https:\\\/\\\/facts-and-figures.belgiantrain.be\\\/2025\\\/nl\\\/duurzaamheid\\\/nmbs-biodiversiteit\\\/\",\"url\":\"https:\\\/\\\/facts-and-figures.belgiantrain.be\\\/2025\\\/nl\\\/duurzaamheid\\\/nmbs-biodiversiteit\\\/\",\"name\":\"NMBS zet zich in voor biodiversiteit - SNCB R\u00e9alisations et chiffres-cl\u00e9s\",\"isPartOf\":{\"@id\":\"https:\\\/\\\/facts-and-figures.belgiantrain.be\\\/2025\\\/#website\"},\"datePublished\":\"2026-03-30T14:24:53+00:00\",\"dateModified\":\"2026-04-30T12:37:07+00:00\",\"description\":\"Het dichtbevolkte en sterk verstedelijkte Belgi\u00eb staat voor grote uitdagingen op het vlak van biodiversiteit. Infrastructuur zoals wegen en spoorwegen versnippert natuurlijke habitats, waardoor veel soorten in gevaar komen.\",\"breadcrumb\":{\"@id\":\"https:\\\/\\\/facts-and-figures.belgiantrain.be\\\/2025\\\/nl\\\/duurzaamheid\\\/nmbs-biodiversiteit\\\/#breadcrumb\"},\"inLanguage\":\"fr-FR\",\"potentialAction\":[{\"@type\":\"ReadAction\",\"target\":[\"https:\\\/\\\/facts-and-figures.belgiantrain.be\\\/2025\\\/nl\\\/duurzaamheid\\\/nmbs-biodiversiteit\\\/\"]}]},{\"@type\":\"BreadcrumbList\",\"@id\":\"https:\\\/\\\/facts-and-figures.belgiantrain.be\\\/2025\\\/nl\\\/duurzaamheid\\\/nmbs-biodiversiteit\\\/#breadcrumb\",\"itemListElement\":[{\"@type\":\"ListItem\",\"position\":1,\"name\":\"Accueil\",\"item\":\"https:\\\/\\\/facts-and-figures.belgiantrain.be\\\/2025\\\/\"},{\"@type\":\"ListItem\",\"position\":2,\"name\":\"Milieu\",\"item\":\"https:\\\/\\\/facts-and-figures.belgiantrain.be\\\/2025\\\/nl\\\/duurzaamheid\\\/\"},{\"@type\":\"ListItem\",\"position\":3,\"name\":\"NMBS zet zich in voor biodiversiteit\"}]},{\"@type\":\"WebSite\",\"@id\":\"https:\\\/\\\/facts-and-figures.belgiantrain.be\\\/2025\\\/#website\",\"url\":\"https:\\\/\\\/facts-and-figures.belgiantrain.be\\\/2025\\\/\",\"name\":\"SNCB R\u00e9alisations et chiffres-cl\u00e9s 2024\",\"description\":\"\",\"publisher\":{\"@id\":\"https:\\\/\\\/facts-and-figures.belgiantrain.be\\\/2025\\\/#organization\"},\"potentialAction\":[{\"@type\":\"SearchAction\",\"target\":{\"@type\":\"EntryPoint\",\"urlTemplate\":\"https:\\\/\\\/facts-and-figures.belgiantrain.be\\\/2025\\\/?s={search_term_string}\"},\"query-input\":{\"@type\":\"PropertyValueSpecification\",\"valueRequired\":true,\"valueName\":\"search_term_string\"}}],\"inLanguage\":\"fr-FR\"},{\"@type\":\"Organization\",\"@id\":\"https:\\\/\\\/facts-and-figures.belgiantrain.be\\\/2025\\\/#organization\",\"name\":\"SNCB R\u00e9alisations et chiffres-cl\u00e9s 2024\",\"url\":\"https:\\\/\\\/facts-and-figures.belgiantrain.be\\\/2025\\\/\",\"logo\":{\"@type\":\"ImageObject\",\"inLanguage\":\"fr-FR\",\"@id\":\"https:\\\/\\\/facts-and-figures.belgiantrain.be\\\/2025\\\/#\\\/schema\\\/logo\\\/image\\\/\",\"url\":\"https:\\\/\\\/facts-and-figures.belgiantrain.be\\\/2025\\\/wp-content\\\/uploads\\\/2025\\\/04\\\/apple-touch-icon.png\",\"contentUrl\":\"https:\\\/\\\/facts-and-figures.belgiantrain.be\\\/2025\\\/wp-content\\\/uploads\\\/2025\\\/04\\\/apple-touch-icon.png\",\"width\":57,\"height\":57,\"caption\":\"SNCB R\u00e9alisations et chiffres-cl\u00e9s 2024\"},\"image\":{\"@id\":\"https:\\\/\\\/facts-and-figures.belgiantrain.be\\\/2025\\\/#\\\/schema\\\/logo\\\/image\\\/\"}}]}<\/script>\n<!-- \/ Yoast SEO plugin. -->","yoast_head_json":{"title":"NMBS zet zich in voor biodiversiteit - SNCB R\u00e9alisations et chiffres-cl\u00e9s","description":"Het dichtbevolkte en sterk verstedelijkte Belgi\u00eb staat voor grote uitdagingen op het vlak van biodiversiteit. Infrastructuur zoals wegen en spoorwegen versnippert natuurlijke habitats, waardoor veel soorten in gevaar komen.","robots":{"index":"index","follow":"follow","max-snippet":"max-snippet:-1","max-image-preview":"max-image-preview:large","max-video-preview":"max-video-preview:-1"},"canonical":"https:\/\/facts-and-figures.belgiantrain.be\/2025\/nl\/duurzaamheid\/nmbs-biodiversiteit\/","og_locale":"fr_FR","og_type":"article","og_title":"NMBS zet zich in voor biodiversiteit - SNCB R\u00e9alisations et chiffres-cl\u00e9s","og_description":"Het dichtbevolkte en sterk verstedelijkte Belgi\u00eb staat voor grote uitdagingen op het vlak van biodiversiteit. Infrastructuur zoals wegen en spoorwegen versnippert natuurlijke habitats, waardoor veel soorten in gevaar komen.","og_url":"https:\/\/facts-and-figures.belgiantrain.be\/2025\/nl\/duurzaamheid\/nmbs-biodiversiteit\/","og_site_name":"SNCB R\u00e9alisations et chiffres-cl\u00e9s","article_modified_time":"2026-04-30T12:37:07+00:00","twitter_card":"summary_large_image","schema":{"@context":"https:\/\/schema.org","@graph":[{"@type":"WebPage","@id":"https:\/\/facts-and-figures.belgiantrain.be\/2025\/nl\/duurzaamheid\/nmbs-biodiversiteit\/","url":"https:\/\/facts-and-figures.belgiantrain.be\/2025\/nl\/duurzaamheid\/nmbs-biodiversiteit\/","name":"NMBS zet zich in voor biodiversiteit - SNCB R\u00e9alisations et chiffres-cl\u00e9s","isPartOf":{"@id":"https:\/\/facts-and-figures.belgiantrain.be\/2025\/#website"},"datePublished":"2026-03-30T14:24:53+00:00","dateModified":"2026-04-30T12:37:07+00:00","description":"Het dichtbevolkte en sterk verstedelijkte Belgi\u00eb staat voor grote uitdagingen op het vlak van biodiversiteit. Infrastructuur zoals wegen en spoorwegen versnippert natuurlijke habitats, waardoor veel soorten in gevaar komen.","breadcrumb":{"@id":"https:\/\/facts-and-figures.belgiantrain.be\/2025\/nl\/duurzaamheid\/nmbs-biodiversiteit\/#breadcrumb"},"inLanguage":"fr-FR","potentialAction":[{"@type":"ReadAction","target":["https:\/\/facts-and-figures.belgiantrain.be\/2025\/nl\/duurzaamheid\/nmbs-biodiversiteit\/"]}]},{"@type":"BreadcrumbList","@id":"https:\/\/facts-and-figures.belgiantrain.be\/2025\/nl\/duurzaamheid\/nmbs-biodiversiteit\/#breadcrumb","itemListElement":[{"@type":"ListItem","position":1,"name":"Accueil","item":"https:\/\/facts-and-figures.belgiantrain.be\/2025\/"},{"@type":"ListItem","position":2,"name":"Milieu","item":"https:\/\/facts-and-figures.belgiantrain.be\/2025\/nl\/duurzaamheid\/"},{"@type":"ListItem","position":3,"name":"NMBS zet zich in voor biodiversiteit"}]},{"@type":"WebSite","@id":"https:\/\/facts-and-figures.belgiantrain.be\/2025\/#website","url":"https:\/\/facts-and-figures.belgiantrain.be\/2025\/","name":"SNCB R\u00e9alisations et chiffres-cl\u00e9s 2024","description":"","publisher":{"@id":"https:\/\/facts-and-figures.belgiantrain.be\/2025\/#organization"},"potentialAction":[{"@type":"SearchAction","target":{"@type":"EntryPoint","urlTemplate":"https:\/\/facts-and-figures.belgiantrain.be\/2025\/?s={search_term_string}"},"query-input":{"@type":"PropertyValueSpecification","valueRequired":true,"valueName":"search_term_string"}}],"inLanguage":"fr-FR"},{"@type":"Organization","@id":"https:\/\/facts-and-figures.belgiantrain.be\/2025\/#organization","name":"SNCB R\u00e9alisations et chiffres-cl\u00e9s 2024","url":"https:\/\/facts-and-figures.belgiantrain.be\/2025\/","logo":{"@type":"ImageObject","inLanguage":"fr-FR","@id":"https:\/\/facts-and-figures.belgiantrain.be\/2025\/#\/schema\/logo\/image\/","url":"https:\/\/facts-and-figures.belgiantrain.be\/2025\/wp-content\/uploads\/2025\/04\/apple-touch-icon.png","contentUrl":"https:\/\/facts-and-figures.belgiantrain.be\/2025\/wp-content\/uploads\/2025\/04\/apple-touch-icon.png","width":57,"height":57,"caption":"SNCB R\u00e9alisations et chiffres-cl\u00e9s 2024"},"image":{"@id":"https:\/\/facts-and-figures.belgiantrain.be\/2025\/#\/schema\/logo\/image\/"}}]}},"_links":{"self":[{"href":"https:\/\/facts-and-figures.belgiantrain.be\/2025\/wp-json\/wp\/v2\/pages\/2535","targetHints":{"allow":["GET"]}}],"collection":[{"href":"https:\/\/facts-and-figures.belgiantrain.be\/2025\/wp-json\/wp\/v2\/pages"}],"about":[{"href":"https:\/\/facts-and-figures.belgiantrain.be\/2025\/wp-json\/wp\/v2\/types\/page"}],"author":[{"embeddable":true,"href":"https:\/\/facts-and-figures.belgiantrain.be\/2025\/wp-json\/wp\/v2\/users\/2"}],"replies":[{"embeddable":true,"href":"https:\/\/facts-and-figures.belgiantrain.be\/2025\/wp-json\/wp\/v2\/comments?post=2535"}],"version-history":[{"count":3,"href":"https:\/\/facts-and-figures.belgiantrain.be\/2025\/wp-json\/wp\/v2\/pages\/2535\/revisions"}],"predecessor-version":[{"id":2935,"href":"https:\/\/facts-and-figures.belgiantrain.be\/2025\/wp-json\/wp\/v2\/pages\/2535\/revisions\/2935"}],"up":[{"embeddable":true,"href":"https:\/\/facts-and-figures.belgiantrain.be\/2025\/wp-json\/wp\/v2\/pages\/273"}],"wp:attachment":[{"href":"https:\/\/facts-and-figures.belgiantrain.be\/2025\/wp-json\/wp\/v2\/media?parent=2535"}],"curies":[{"name":"wp","href":"https:\/\/api.w.org\/{rel}","templated":true}]}}