{"id":2449,"date":"2026-03-30T16:13:31","date_gmt":"2026-03-30T14:13:31","guid":{"rendered":"https:\/\/facts-and-figures.belgiantrain.be\/2025\/?page_id=2449"},"modified":"2026-05-07T19:50:48","modified_gmt":"2026-05-07T17:50:48","slug":"toegankelijkere-stations-belgie","status":"publish","type":"page","link":"https:\/\/facts-and-figures.belgiantrain.be\/2025\/nl\/stations\/toegankelijkere-stations-belgie\/","title":{"rendered":"Toegankelijkere stations over heel Belgi\u00eb"},"content":{"rendered":"","protected":false},"excerpt":{"rendered":"","protected":false},"author":2,"featured_media":0,"parent":269,"menu_order":93,"comment_status":"closed","ping_status":"closed","template":"","meta":{"_acf_changed":false,"footnotes":""},"class_list":["post-2449","page","type-page","status-publish","hentry"],"acf":{"contenu":[{"acf_fc_layout":"texte","texte":"<p>In <strong>2025<\/strong> werden <strong>zestien extra stations<\/strong> autonoom toegankelijk gemaakt, waardoor alle reizigers \u2013 en in het bijzonder <strong>personen met beperkte mobiliteit<\/strong> \u2013 zich gemakkelijker en volledig autonoom kunnen verplaatsen. Het gaat om de stations Antwerpen-Centraal, Brugelette, Brussel-Luxemburg, Dinant, Hasselt, Kiewit, Luik-Sint-Lambertus, Poix-Saint-Hubert, Sint-Job, Verviers-Centraal, Wezet, Merode, Esneux, Sleidinge, Waarschoot en Evergem.<\/p>\n<p>Een station wordt als <strong>autonoom toegankelijk<\/strong> beschouwd wanneer alle perrons verhoogd zijn en bereikbaar zijn via een lift of een helling, er geleidelijnen voor blinden en slechtzienden zijn aangebracht en wanneer ten minste \u00e9\u00e9n ticketautomaat is aangepast aan alle gebruikers.<\/p>\n<p>Eind <strong>2025<\/strong> waren <strong>132 stations<\/strong> autonoom toegankelijk, dankzij verhoogde perrons, liften, hellingen en aangepaste looproutes. Dit is een stijging van <strong>14 %<\/strong> ten opzichte van 2024. Ook in 2026 en daarna zal <strong>NMBS<\/strong> haar inspanningen voortzetten om de toegankelijkheid van haar installaties verder te verbeteren.<\/p>\n<p>Aanvullend werd ook de <strong>assistentie aan personen met beperkte mobiliteit<\/strong> verder uitgebreid. Eind 2025 was deze dienst beschikbaar in <strong>174 stations<\/strong>, dat zijn er <strong>24 meer dan in 2024<\/strong>. Over het hele jaar werden <strong>126 000 assistentieaanvragen<\/strong> geregistreerd, wat het belang van deze dienst voor vele reizigers aantoont.<\/p>\n","centre":false},{"acf_fc_layout":"media","media":"image","image":2808,"rive":"","size":"small","zoomable":false}]},"yoast_head":"<!-- This site is optimized with the Yoast SEO plugin v27.5 - https:\/\/yoast.com\/product\/yoast-seo-wordpress\/ -->\n<title>Toegankelijkere stations over heel Belgi\u00eb - SNCB R\u00e9alisations et chiffres-cl\u00e9s<\/title>\n<meta name=\"description\" content=\"In 2025 werden zestien extra stations autonoom toegankelijk gemaakt, waardoor alle reizigers \u2013 en in het bijzonder personen met beperkte mobiliteit \u2013 zich gemakkelijker en volledig autonoom kunnen verplaatsen.\" \/>\n<meta name=\"robots\" content=\"index, follow, max-snippet:-1, max-image-preview:large, max-video-preview:-1\" \/>\n<link rel=\"canonical\" href=\"https:\/\/facts-and-figures.belgiantrain.be\/2025\/nl\/stations\/toegankelijkere-stations-belgie\/\" \/>\n<meta property=\"og:locale\" content=\"fr_FR\" \/>\n<meta property=\"og:type\" content=\"article\" \/>\n<meta property=\"og:title\" content=\"Toegankelijkere stations over heel Belgi\u00eb - SNCB R\u00e9alisations et chiffres-cl\u00e9s\" \/>\n<meta property=\"og:description\" content=\"In 2025 werden zestien extra stations autonoom toegankelijk gemaakt, waardoor alle reizigers \u2013 en in het bijzonder personen met beperkte mobiliteit \u2013 zich gemakkelijker en volledig autonoom kunnen verplaatsen.\" \/>\n<meta property=\"og:url\" content=\"https:\/\/facts-and-figures.belgiantrain.be\/2025\/nl\/stations\/toegankelijkere-stations-belgie\/\" \/>\n<meta property=\"og:site_name\" content=\"SNCB R\u00e9alisations et chiffres-cl\u00e9s\" \/>\n<meta property=\"article:modified_time\" content=\"2026-05-07T17:50:48+00:00\" \/>\n<meta name=\"twitter:card\" content=\"summary_large_image\" \/>\n<script type=\"application\/ld+json\" class=\"yoast-schema-graph\">{\"@context\":\"https:\\\/\\\/schema.org\",\"@graph\":[{\"@type\":\"WebPage\",\"@id\":\"https:\\\/\\\/facts-and-figures.belgiantrain.be\\\/2025\\\/nl\\\/stations\\\/toegankelijkere-stations-belgie\\\/\",\"url\":\"https:\\\/\\\/facts-and-figures.belgiantrain.be\\\/2025\\\/nl\\\/stations\\\/toegankelijkere-stations-belgie\\\/\",\"name\":\"Toegankelijkere stations over heel Belgi\u00eb - SNCB R\u00e9alisations et chiffres-cl\u00e9s\",\"isPartOf\":{\"@id\":\"https:\\\/\\\/facts-and-figures.belgiantrain.be\\\/2025\\\/#website\"},\"datePublished\":\"2026-03-30T14:13:31+00:00\",\"dateModified\":\"2026-05-07T17:50:48+00:00\",\"description\":\"In 2025 werden zestien extra stations autonoom toegankelijk gemaakt, waardoor alle reizigers \u2013 en in het bijzonder personen met beperkte mobiliteit \u2013 zich gemakkelijker en volledig autonoom kunnen verplaatsen.\",\"breadcrumb\":{\"@id\":\"https:\\\/\\\/facts-and-figures.belgiantrain.be\\\/2025\\\/nl\\\/stations\\\/toegankelijkere-stations-belgie\\\/#breadcrumb\"},\"inLanguage\":\"fr-FR\",\"potentialAction\":[{\"@type\":\"ReadAction\",\"target\":[\"https:\\\/\\\/facts-and-figures.belgiantrain.be\\\/2025\\\/nl\\\/stations\\\/toegankelijkere-stations-belgie\\\/\"]}]},{\"@type\":\"BreadcrumbList\",\"@id\":\"https:\\\/\\\/facts-and-figures.belgiantrain.be\\\/2025\\\/nl\\\/stations\\\/toegankelijkere-stations-belgie\\\/#breadcrumb\",\"itemListElement\":[{\"@type\":\"ListItem\",\"position\":1,\"name\":\"Accueil\",\"item\":\"https:\\\/\\\/facts-and-figures.belgiantrain.be\\\/2025\\\/\"},{\"@type\":\"ListItem\",\"position\":2,\"name\":\"Stations\",\"item\":\"https:\\\/\\\/facts-and-figures.belgiantrain.be\\\/2025\\\/nl\\\/stations\\\/\"},{\"@type\":\"ListItem\",\"position\":3,\"name\":\"Toegankelijkere stations over heel Belgi\u00eb\"}]},{\"@type\":\"WebSite\",\"@id\":\"https:\\\/\\\/facts-and-figures.belgiantrain.be\\\/2025\\\/#website\",\"url\":\"https:\\\/\\\/facts-and-figures.belgiantrain.be\\\/2025\\\/\",\"name\":\"SNCB R\u00e9alisations et chiffres-cl\u00e9s 2024\",\"description\":\"\",\"publisher\":{\"@id\":\"https:\\\/\\\/facts-and-figures.belgiantrain.be\\\/2025\\\/#organization\"},\"potentialAction\":[{\"@type\":\"SearchAction\",\"target\":{\"@type\":\"EntryPoint\",\"urlTemplate\":\"https:\\\/\\\/facts-and-figures.belgiantrain.be\\\/2025\\\/?s={search_term_string}\"},\"query-input\":{\"@type\":\"PropertyValueSpecification\",\"valueRequired\":true,\"valueName\":\"search_term_string\"}}],\"inLanguage\":\"fr-FR\"},{\"@type\":\"Organization\",\"@id\":\"https:\\\/\\\/facts-and-figures.belgiantrain.be\\\/2025\\\/#organization\",\"name\":\"SNCB R\u00e9alisations et chiffres-cl\u00e9s 2024\",\"url\":\"https:\\\/\\\/facts-and-figures.belgiantrain.be\\\/2025\\\/\",\"logo\":{\"@type\":\"ImageObject\",\"inLanguage\":\"fr-FR\",\"@id\":\"https:\\\/\\\/facts-and-figures.belgiantrain.be\\\/2025\\\/#\\\/schema\\\/logo\\\/image\\\/\",\"url\":\"https:\\\/\\\/facts-and-figures.belgiantrain.be\\\/2025\\\/wp-content\\\/uploads\\\/2025\\\/04\\\/apple-touch-icon.png\",\"contentUrl\":\"https:\\\/\\\/facts-and-figures.belgiantrain.be\\\/2025\\\/wp-content\\\/uploads\\\/2025\\\/04\\\/apple-touch-icon.png\",\"width\":57,\"height\":57,\"caption\":\"SNCB R\u00e9alisations et chiffres-cl\u00e9s 2024\"},\"image\":{\"@id\":\"https:\\\/\\\/facts-and-figures.belgiantrain.be\\\/2025\\\/#\\\/schema\\\/logo\\\/image\\\/\"}}]}<\/script>\n<!-- \/ Yoast SEO plugin. -->","yoast_head_json":{"title":"Toegankelijkere stations over heel Belgi\u00eb - SNCB R\u00e9alisations et chiffres-cl\u00e9s","description":"In 2025 werden zestien extra stations autonoom toegankelijk gemaakt, waardoor alle reizigers \u2013 en in het bijzonder personen met beperkte mobiliteit \u2013 zich gemakkelijker en volledig autonoom kunnen verplaatsen.","robots":{"index":"index","follow":"follow","max-snippet":"max-snippet:-1","max-image-preview":"max-image-preview:large","max-video-preview":"max-video-preview:-1"},"canonical":"https:\/\/facts-and-figures.belgiantrain.be\/2025\/nl\/stations\/toegankelijkere-stations-belgie\/","og_locale":"fr_FR","og_type":"article","og_title":"Toegankelijkere stations over heel Belgi\u00eb - SNCB R\u00e9alisations et chiffres-cl\u00e9s","og_description":"In 2025 werden zestien extra stations autonoom toegankelijk gemaakt, waardoor alle reizigers \u2013 en in het bijzonder personen met beperkte mobiliteit \u2013 zich gemakkelijker en volledig autonoom kunnen verplaatsen.","og_url":"https:\/\/facts-and-figures.belgiantrain.be\/2025\/nl\/stations\/toegankelijkere-stations-belgie\/","og_site_name":"SNCB R\u00e9alisations et chiffres-cl\u00e9s","article_modified_time":"2026-05-07T17:50:48+00:00","twitter_card":"summary_large_image","schema":{"@context":"https:\/\/schema.org","@graph":[{"@type":"WebPage","@id":"https:\/\/facts-and-figures.belgiantrain.be\/2025\/nl\/stations\/toegankelijkere-stations-belgie\/","url":"https:\/\/facts-and-figures.belgiantrain.be\/2025\/nl\/stations\/toegankelijkere-stations-belgie\/","name":"Toegankelijkere stations over heel Belgi\u00eb - SNCB R\u00e9alisations et chiffres-cl\u00e9s","isPartOf":{"@id":"https:\/\/facts-and-figures.belgiantrain.be\/2025\/#website"},"datePublished":"2026-03-30T14:13:31+00:00","dateModified":"2026-05-07T17:50:48+00:00","description":"In 2025 werden zestien extra stations autonoom toegankelijk gemaakt, waardoor alle reizigers \u2013 en in het bijzonder personen met beperkte mobiliteit \u2013 zich gemakkelijker en volledig autonoom kunnen verplaatsen.","breadcrumb":{"@id":"https:\/\/facts-and-figures.belgiantrain.be\/2025\/nl\/stations\/toegankelijkere-stations-belgie\/#breadcrumb"},"inLanguage":"fr-FR","potentialAction":[{"@type":"ReadAction","target":["https:\/\/facts-and-figures.belgiantrain.be\/2025\/nl\/stations\/toegankelijkere-stations-belgie\/"]}]},{"@type":"BreadcrumbList","@id":"https:\/\/facts-and-figures.belgiantrain.be\/2025\/nl\/stations\/toegankelijkere-stations-belgie\/#breadcrumb","itemListElement":[{"@type":"ListItem","position":1,"name":"Accueil","item":"https:\/\/facts-and-figures.belgiantrain.be\/2025\/"},{"@type":"ListItem","position":2,"name":"Stations","item":"https:\/\/facts-and-figures.belgiantrain.be\/2025\/nl\/stations\/"},{"@type":"ListItem","position":3,"name":"Toegankelijkere stations over heel Belgi\u00eb"}]},{"@type":"WebSite","@id":"https:\/\/facts-and-figures.belgiantrain.be\/2025\/#website","url":"https:\/\/facts-and-figures.belgiantrain.be\/2025\/","name":"SNCB R\u00e9alisations et chiffres-cl\u00e9s 2024","description":"","publisher":{"@id":"https:\/\/facts-and-figures.belgiantrain.be\/2025\/#organization"},"potentialAction":[{"@type":"SearchAction","target":{"@type":"EntryPoint","urlTemplate":"https:\/\/facts-and-figures.belgiantrain.be\/2025\/?s={search_term_string}"},"query-input":{"@type":"PropertyValueSpecification","valueRequired":true,"valueName":"search_term_string"}}],"inLanguage":"fr-FR"},{"@type":"Organization","@id":"https:\/\/facts-and-figures.belgiantrain.be\/2025\/#organization","name":"SNCB R\u00e9alisations et chiffres-cl\u00e9s 2024","url":"https:\/\/facts-and-figures.belgiantrain.be\/2025\/","logo":{"@type":"ImageObject","inLanguage":"fr-FR","@id":"https:\/\/facts-and-figures.belgiantrain.be\/2025\/#\/schema\/logo\/image\/","url":"https:\/\/facts-and-figures.belgiantrain.be\/2025\/wp-content\/uploads\/2025\/04\/apple-touch-icon.png","contentUrl":"https:\/\/facts-and-figures.belgiantrain.be\/2025\/wp-content\/uploads\/2025\/04\/apple-touch-icon.png","width":57,"height":57,"caption":"SNCB R\u00e9alisations et chiffres-cl\u00e9s 2024"},"image":{"@id":"https:\/\/facts-and-figures.belgiantrain.be\/2025\/#\/schema\/logo\/image\/"}}]}},"_links":{"self":[{"href":"https:\/\/facts-and-figures.belgiantrain.be\/2025\/wp-json\/wp\/v2\/pages\/2449","targetHints":{"allow":["GET"]}}],"collection":[{"href":"https:\/\/facts-and-figures.belgiantrain.be\/2025\/wp-json\/wp\/v2\/pages"}],"about":[{"href":"https:\/\/facts-and-figures.belgiantrain.be\/2025\/wp-json\/wp\/v2\/types\/page"}],"author":[{"embeddable":true,"href":"https:\/\/facts-and-figures.belgiantrain.be\/2025\/wp-json\/wp\/v2\/users\/2"}],"replies":[{"embeddable":true,"href":"https:\/\/facts-and-figures.belgiantrain.be\/2025\/wp-json\/wp\/v2\/comments?post=2449"}],"version-history":[{"count":4,"href":"https:\/\/facts-and-figures.belgiantrain.be\/2025\/wp-json\/wp\/v2\/pages\/2449\/revisions"}],"predecessor-version":[{"id":3020,"href":"https:\/\/facts-and-figures.belgiantrain.be\/2025\/wp-json\/wp\/v2\/pages\/2449\/revisions\/3020"}],"up":[{"embeddable":true,"href":"https:\/\/facts-and-figures.belgiantrain.be\/2025\/wp-json\/wp\/v2\/pages\/269"}],"wp:attachment":[{"href":"https:\/\/facts-and-figures.belgiantrain.be\/2025\/wp-json\/wp\/v2\/media?parent=2449"}],"curies":[{"name":"wp","href":"https:\/\/api.w.org\/{rel}","templated":true}]}}