{"id":2396,"date":"2026-03-30T15:06:39","date_gmt":"2026-03-30T13:06:39","guid":{"rendered":"https:\/\/facts-and-figures.belgiantrain.be\/2025\/?page_id=2396"},"modified":"2026-04-29T14:29:42","modified_gmt":"2026-04-29T12:29:42","slug":"indicateurs-performance-bonus-annee-2025","status":"publish","type":"page","link":"https:\/\/facts-and-figures.belgiantrain.be\/2025\/performance\/indicateurs-performance-bonus-annee-2025\/","title":{"rendered":"Indicateurs de performance : un bonus pour l\u2019ann\u00e9e 2025"},"content":{"rendered":"","protected":false},"excerpt":{"rendered":"","protected":false},"author":2,"featured_media":0,"parent":46,"menu_order":45,"comment_status":"closed","ping_status":"closed","template":"","meta":{"_acf_changed":false,"footnotes":""},"class_list":["post-2396","page","type-page","status-publish","hentry"],"acf":{"contenu":[{"acf_fc_layout":"texte","texte":"<p>Le Contrat de service public 2023-2032 (CSP), conclu entre la SNCB et l\u2019\u00c9tat belge, pr\u00e9voit un important plan d\u2019investissement ainsi qu\u2019un cadre de financement pluriannuel. Il introduit \u00e9galement un syst\u00e8me de suivi de la performance bas\u00e9 sur 12 indicateurs cl\u00e9s (KPI), associ\u00e9s \u00e0 un m\u00e9canisme de bonus-malus : la SNCB b\u00e9n\u00e9ficie d\u2019un bonus lorsqu\u2019elle d\u00e9passe la valeur seuil sup\u00e9rieure et se voit imposer un malus lorsqu\u2019elle reste en dessous de la valeur seuil inf\u00e9rieure.<\/p>\n<p>En 2025, la SNCB a enregistr\u00e9 des r\u00e9sultats positifs pour plusieurs indicateurs, notamment en mati\u00e8re de <strong>ponctualit\u00e9<\/strong>.<\/p>\n<p>Au total, <strong>neuf des douze indicateurs<\/strong> ont atteint les objectifs fix\u00e9s. C\u2019est notamment le cas de l\u2019augmentation du nombre de <strong>gares accessibles de mani\u00e8re autonome<\/strong> et du <strong>nombre de places de stationnement pour v\u00e9los et voitures<\/strong>, dont la progression d\u00e9passe les taux de croissance pr\u00e9vus par le Contrat.<\/p>\n<p>Trois indicateurs ont m\u00eame permis d\u2019obtenir un <strong>bonus<\/strong> :<\/p>\n<ul>\n<li>la ponctualit\u00e9 du trafic int\u00e9rieur\u00a0;<\/li>\n<li>la qualit\u00e9 de l\u2019information fournie aux voyageurs en cas de perturbation\u00a0;<\/li>\n<li>la r\u00e9duction des <strong>\u00e9missions de CO\u2082.<\/strong><\/li>\n<\/ul>\n<p>Les indicateurs n\u2019ayant pas atteint le niveau requis concernent :<\/p>\n<ul>\n<li>le nombre de voyageurs-kilom\u00e8tres\u00a0;<\/li>\n<li>le pourcentage de mat\u00e9riel roulant disponible\u00a0;<\/li>\n<li>le nombre de correspondances planifi\u00e9es et r\u00e9alis\u00e9es.<\/li>\n<\/ul>\n","centre":false},{"acf_fc_layout":"media","media":"image","image":2817,"rive":"","size":"small","zoomable":false}]},"yoast_head":"<!-- This site is optimized with the Yoast SEO plugin v27.5 - https:\/\/yoast.com\/product\/yoast-seo-wordpress\/ -->\n<title>Indicateurs de performance : un bonus pour l\u2019ann\u00e9e 2025 - SNCB R\u00e9alisations et chiffres-cl\u00e9s<\/title>\n<meta name=\"description\" content=\"Le Contrat de service public 2023-2032 (CSP), conclu entre la SNCB et l\u2019\u00c9tat belge, pr\u00e9voit un important plan d\u2019investissement ainsi qu\u2019un cadre de financement pluriannuel.\" \/>\n<meta name=\"robots\" content=\"index, follow, max-snippet:-1, max-image-preview:large, max-video-preview:-1\" \/>\n<link rel=\"canonical\" href=\"https:\/\/facts-and-figures.belgiantrain.be\/2025\/performance\/indicateurs-performance-bonus-annee-2025\/\" \/>\n<meta property=\"og:locale\" content=\"fr_FR\" \/>\n<meta property=\"og:type\" content=\"article\" \/>\n<meta property=\"og:title\" content=\"Indicateurs de performance : un bonus pour l\u2019ann\u00e9e 2025 - SNCB R\u00e9alisations et chiffres-cl\u00e9s\" \/>\n<meta property=\"og:description\" content=\"Le Contrat de service public 2023-2032 (CSP), conclu entre la SNCB et l\u2019\u00c9tat belge, pr\u00e9voit un important plan d\u2019investissement ainsi qu\u2019un cadre de financement pluriannuel.\" \/>\n<meta property=\"og:url\" content=\"https:\/\/facts-and-figures.belgiantrain.be\/2025\/performance\/indicateurs-performance-bonus-annee-2025\/\" \/>\n<meta property=\"og:site_name\" content=\"SNCB R\u00e9alisations et chiffres-cl\u00e9s\" \/>\n<meta property=\"article:modified_time\" content=\"2026-04-29T12:29:42+00:00\" \/>\n<meta name=\"twitter:card\" content=\"summary_large_image\" \/>\n<script type=\"application\/ld+json\" class=\"yoast-schema-graph\">{\"@context\":\"https:\\\/\\\/schema.org\",\"@graph\":[{\"@type\":\"WebPage\",\"@id\":\"https:\\\/\\\/facts-and-figures.belgiantrain.be\\\/2025\\\/performance\\\/indicateurs-performance-bonus-annee-2025\\\/\",\"url\":\"https:\\\/\\\/facts-and-figures.belgiantrain.be\\\/2025\\\/performance\\\/indicateurs-performance-bonus-annee-2025\\\/\",\"name\":\"Indicateurs de performance : un bonus pour l\u2019ann\u00e9e 2025 - SNCB R\u00e9alisations et chiffres-cl\u00e9s\",\"isPartOf\":{\"@id\":\"https:\\\/\\\/facts-and-figures.belgiantrain.be\\\/2025\\\/#website\"},\"datePublished\":\"2026-03-30T13:06:39+00:00\",\"dateModified\":\"2026-04-29T12:29:42+00:00\",\"description\":\"Le Contrat de service public 2023-2032 (CSP), conclu entre la SNCB et l\u2019\u00c9tat belge, pr\u00e9voit un important plan d\u2019investissement ainsi qu\u2019un cadre de financement pluriannuel.\",\"breadcrumb\":{\"@id\":\"https:\\\/\\\/facts-and-figures.belgiantrain.be\\\/2025\\\/performance\\\/indicateurs-performance-bonus-annee-2025\\\/#breadcrumb\"},\"inLanguage\":\"fr-FR\",\"potentialAction\":[{\"@type\":\"ReadAction\",\"target\":[\"https:\\\/\\\/facts-and-figures.belgiantrain.be\\\/2025\\\/performance\\\/indicateurs-performance-bonus-annee-2025\\\/\"]}]},{\"@type\":\"BreadcrumbList\",\"@id\":\"https:\\\/\\\/facts-and-figures.belgiantrain.be\\\/2025\\\/performance\\\/indicateurs-performance-bonus-annee-2025\\\/#breadcrumb\",\"itemListElement\":[{\"@type\":\"ListItem\",\"position\":1,\"name\":\"Accueil\",\"item\":\"https:\\\/\\\/facts-and-figures.belgiantrain.be\\\/2025\\\/\"},{\"@type\":\"ListItem\",\"position\":2,\"name\":\"Performance\",\"item\":\"https:\\\/\\\/facts-and-figures.belgiantrain.be\\\/2025\\\/performance\\\/\"},{\"@type\":\"ListItem\",\"position\":3,\"name\":\"Indicateurs de performance : un bonus pour l\u2019ann\u00e9e 2025\"}]},{\"@type\":\"WebSite\",\"@id\":\"https:\\\/\\\/facts-and-figures.belgiantrain.be\\\/2025\\\/#website\",\"url\":\"https:\\\/\\\/facts-and-figures.belgiantrain.be\\\/2025\\\/\",\"name\":\"SNCB R\u00e9alisations et chiffres-cl\u00e9s 2024\",\"description\":\"\",\"publisher\":{\"@id\":\"https:\\\/\\\/facts-and-figures.belgiantrain.be\\\/2025\\\/#organization\"},\"potentialAction\":[{\"@type\":\"SearchAction\",\"target\":{\"@type\":\"EntryPoint\",\"urlTemplate\":\"https:\\\/\\\/facts-and-figures.belgiantrain.be\\\/2025\\\/?s={search_term_string}\"},\"query-input\":{\"@type\":\"PropertyValueSpecification\",\"valueRequired\":true,\"valueName\":\"search_term_string\"}}],\"inLanguage\":\"fr-FR\"},{\"@type\":\"Organization\",\"@id\":\"https:\\\/\\\/facts-and-figures.belgiantrain.be\\\/2025\\\/#organization\",\"name\":\"SNCB R\u00e9alisations et chiffres-cl\u00e9s 2024\",\"url\":\"https:\\\/\\\/facts-and-figures.belgiantrain.be\\\/2025\\\/\",\"logo\":{\"@type\":\"ImageObject\",\"inLanguage\":\"fr-FR\",\"@id\":\"https:\\\/\\\/facts-and-figures.belgiantrain.be\\\/2025\\\/#\\\/schema\\\/logo\\\/image\\\/\",\"url\":\"https:\\\/\\\/facts-and-figures.belgiantrain.be\\\/2025\\\/wp-content\\\/uploads\\\/2025\\\/04\\\/apple-touch-icon.png\",\"contentUrl\":\"https:\\\/\\\/facts-and-figures.belgiantrain.be\\\/2025\\\/wp-content\\\/uploads\\\/2025\\\/04\\\/apple-touch-icon.png\",\"width\":57,\"height\":57,\"caption\":\"SNCB R\u00e9alisations et chiffres-cl\u00e9s 2024\"},\"image\":{\"@id\":\"https:\\\/\\\/facts-and-figures.belgiantrain.be\\\/2025\\\/#\\\/schema\\\/logo\\\/image\\\/\"}}]}<\/script>\n<!-- \/ Yoast SEO plugin. -->","yoast_head_json":{"title":"Indicateurs de performance : un bonus pour l\u2019ann\u00e9e 2025 - SNCB R\u00e9alisations et chiffres-cl\u00e9s","description":"Le Contrat de service public 2023-2032 (CSP), conclu entre la SNCB et l\u2019\u00c9tat belge, pr\u00e9voit un important plan d\u2019investissement ainsi qu\u2019un cadre de financement pluriannuel.","robots":{"index":"index","follow":"follow","max-snippet":"max-snippet:-1","max-image-preview":"max-image-preview:large","max-video-preview":"max-video-preview:-1"},"canonical":"https:\/\/facts-and-figures.belgiantrain.be\/2025\/performance\/indicateurs-performance-bonus-annee-2025\/","og_locale":"fr_FR","og_type":"article","og_title":"Indicateurs de performance : un bonus pour l\u2019ann\u00e9e 2025 - SNCB R\u00e9alisations et chiffres-cl\u00e9s","og_description":"Le Contrat de service public 2023-2032 (CSP), conclu entre la SNCB et l\u2019\u00c9tat belge, pr\u00e9voit un important plan d\u2019investissement ainsi qu\u2019un cadre de financement pluriannuel.","og_url":"https:\/\/facts-and-figures.belgiantrain.be\/2025\/performance\/indicateurs-performance-bonus-annee-2025\/","og_site_name":"SNCB R\u00e9alisations et chiffres-cl\u00e9s","article_modified_time":"2026-04-29T12:29:42+00:00","twitter_card":"summary_large_image","schema":{"@context":"https:\/\/schema.org","@graph":[{"@type":"WebPage","@id":"https:\/\/facts-and-figures.belgiantrain.be\/2025\/performance\/indicateurs-performance-bonus-annee-2025\/","url":"https:\/\/facts-and-figures.belgiantrain.be\/2025\/performance\/indicateurs-performance-bonus-annee-2025\/","name":"Indicateurs de performance : un bonus pour l\u2019ann\u00e9e 2025 - SNCB R\u00e9alisations et chiffres-cl\u00e9s","isPartOf":{"@id":"https:\/\/facts-and-figures.belgiantrain.be\/2025\/#website"},"datePublished":"2026-03-30T13:06:39+00:00","dateModified":"2026-04-29T12:29:42+00:00","description":"Le Contrat de service public 2023-2032 (CSP), conclu entre la SNCB et l\u2019\u00c9tat belge, pr\u00e9voit un important plan d\u2019investissement ainsi qu\u2019un cadre de financement pluriannuel.","breadcrumb":{"@id":"https:\/\/facts-and-figures.belgiantrain.be\/2025\/performance\/indicateurs-performance-bonus-annee-2025\/#breadcrumb"},"inLanguage":"fr-FR","potentialAction":[{"@type":"ReadAction","target":["https:\/\/facts-and-figures.belgiantrain.be\/2025\/performance\/indicateurs-performance-bonus-annee-2025\/"]}]},{"@type":"BreadcrumbList","@id":"https:\/\/facts-and-figures.belgiantrain.be\/2025\/performance\/indicateurs-performance-bonus-annee-2025\/#breadcrumb","itemListElement":[{"@type":"ListItem","position":1,"name":"Accueil","item":"https:\/\/facts-and-figures.belgiantrain.be\/2025\/"},{"@type":"ListItem","position":2,"name":"Performance","item":"https:\/\/facts-and-figures.belgiantrain.be\/2025\/performance\/"},{"@type":"ListItem","position":3,"name":"Indicateurs de performance : un bonus pour l\u2019ann\u00e9e 2025"}]},{"@type":"WebSite","@id":"https:\/\/facts-and-figures.belgiantrain.be\/2025\/#website","url":"https:\/\/facts-and-figures.belgiantrain.be\/2025\/","name":"SNCB R\u00e9alisations et chiffres-cl\u00e9s 2024","description":"","publisher":{"@id":"https:\/\/facts-and-figures.belgiantrain.be\/2025\/#organization"},"potentialAction":[{"@type":"SearchAction","target":{"@type":"EntryPoint","urlTemplate":"https:\/\/facts-and-figures.belgiantrain.be\/2025\/?s={search_term_string}"},"query-input":{"@type":"PropertyValueSpecification","valueRequired":true,"valueName":"search_term_string"}}],"inLanguage":"fr-FR"},{"@type":"Organization","@id":"https:\/\/facts-and-figures.belgiantrain.be\/2025\/#organization","name":"SNCB R\u00e9alisations et chiffres-cl\u00e9s 2024","url":"https:\/\/facts-and-figures.belgiantrain.be\/2025\/","logo":{"@type":"ImageObject","inLanguage":"fr-FR","@id":"https:\/\/facts-and-figures.belgiantrain.be\/2025\/#\/schema\/logo\/image\/","url":"https:\/\/facts-and-figures.belgiantrain.be\/2025\/wp-content\/uploads\/2025\/04\/apple-touch-icon.png","contentUrl":"https:\/\/facts-and-figures.belgiantrain.be\/2025\/wp-content\/uploads\/2025\/04\/apple-touch-icon.png","width":57,"height":57,"caption":"SNCB R\u00e9alisations et chiffres-cl\u00e9s 2024"},"image":{"@id":"https:\/\/facts-and-figures.belgiantrain.be\/2025\/#\/schema\/logo\/image\/"}}]}},"_links":{"self":[{"href":"https:\/\/facts-and-figures.belgiantrain.be\/2025\/wp-json\/wp\/v2\/pages\/2396","targetHints":{"allow":["GET"]}}],"collection":[{"href":"https:\/\/facts-and-figures.belgiantrain.be\/2025\/wp-json\/wp\/v2\/pages"}],"about":[{"href":"https:\/\/facts-and-figures.belgiantrain.be\/2025\/wp-json\/wp\/v2\/types\/page"}],"author":[{"embeddable":true,"href":"https:\/\/facts-and-figures.belgiantrain.be\/2025\/wp-json\/wp\/v2\/users\/2"}],"replies":[{"embeddable":true,"href":"https:\/\/facts-and-figures.belgiantrain.be\/2025\/wp-json\/wp\/v2\/comments?post=2396"}],"version-history":[{"count":3,"href":"https:\/\/facts-and-figures.belgiantrain.be\/2025\/wp-json\/wp\/v2\/pages\/2396\/revisions"}],"predecessor-version":[{"id":2875,"href":"https:\/\/facts-and-figures.belgiantrain.be\/2025\/wp-json\/wp\/v2\/pages\/2396\/revisions\/2875"}],"up":[{"embeddable":true,"href":"https:\/\/facts-and-figures.belgiantrain.be\/2025\/wp-json\/wp\/v2\/pages\/46"}],"wp:attachment":[{"href":"https:\/\/facts-and-figures.belgiantrain.be\/2025\/wp-json\/wp\/v2\/media?parent=2396"}],"curies":[{"name":"wp","href":"https:\/\/api.w.org\/{rel}","templated":true}]}}