{"id":2356,"date":"2026-03-30T13:07:49","date_gmt":"2026-03-30T11:07:49","guid":{"rendered":"https:\/\/facts-and-figures.belgiantrain.be\/2025\/?page_id=2356"},"modified":"2026-04-29T12:49:40","modified_gmt":"2026-04-29T10:49:40","slug":"la-vie-en-gare","status":"publish","type":"page","link":"https:\/\/facts-and-figures.belgiantrain.be\/2025\/gares\/la-vie-en-gare\/","title":{"rendered":"La vie en gare"},"content":{"rendered":"","protected":false},"excerpt":{"rendered":"","protected":false},"author":2,"featured_media":0,"parent":40,"menu_order":34,"comment_status":"closed","ping_status":"closed","template":"","meta":{"_acf_changed":false,"footnotes":""},"class_list":["post-2356","page","type-page","status-publish","hentry"],"acf":{"contenu":[{"acf_fc_layout":"texte","texte":"<p>Les gares ne sont pas de simples lieux de passage : elles sont de v\u00e9ritables espaces de vie qui accueillent des commerces, des espaces de restauration et diff\u00e9rents services qui r\u00e9pondent aux besoins des voyageurs et des riverains.<\/p>\n<p>La SNCB poursuit la revitalisation et la r\u00e9affectation de ses espaces de gares. Dans le cadre du projet \u00ab La Vie en gare \u00bb, 44 espaces ont \u00e9t\u00e9 mis sur le march\u00e9 afin de leur attribuer une nouvelle fonction. Fin 2025, 31 sites avaient d\u00e9j\u00e0 trouv\u00e9 une nouvelle affectation et 13 projets \u00e9taient en cours de r\u00e9alisation.<\/p>\n<p>En 2025, 270 gares \u00e9taient \u00e9galement \u00e9quip\u00e9es d\u2019une bbox de bpost, soit pr\u00e8s de la moiti\u00e9 du r\u00e9seau. Ces distributeurs permettent aux voyageurs de retirer ou d\u2019envoyer des colis 24 heures sur 24 et 7 jours sur 7.<\/p>\n<p>La SNCB pr\u00e9voit par ailleurs l\u2019installation de 5 000 points de recharge suppl\u00e9mentaires pour voitures \u00e9lectriques (2 500 bornes) dans les parkings des gares, gr\u00e2ce \u00e0 un partenariat avec EnergyVision. Actuellement, 38 gares sont d\u00e9j\u00e0 \u00e9quip\u00e9es et l\u2019objectif est d\u2019\u00e9tendre progressivement cette offre \u00e0 420 gares, c&rsquo;est-\u00e0-dire toutes les gares disposant de parkings.<\/p>\n","centre":false},{"acf_fc_layout":"media","media":"image","image":2811,"rive":"","size":"small","zoomable":false}]},"yoast_head":"<!-- This site is optimized with the Yoast SEO plugin v27.5 - https:\/\/yoast.com\/product\/yoast-seo-wordpress\/ -->\n<title>La vie en gare - SNCB R\u00e9alisations et chiffres-cl\u00e9s<\/title>\n<meta name=\"description\" content=\"Les gares ne sont pas de simples lieux de passage : elles sont de v\u00e9ritables espaces de vie qui accueillent des commerces, des espaces de restauration et diff\u00e9rents services qui r\u00e9pondent aux besoins des voyageurs et des riverains.\" \/>\n<meta name=\"robots\" content=\"index, follow, max-snippet:-1, max-image-preview:large, max-video-preview:-1\" \/>\n<link rel=\"canonical\" href=\"https:\/\/facts-and-figures.belgiantrain.be\/2025\/gares\/la-vie-en-gare\/\" \/>\n<meta property=\"og:locale\" content=\"fr_FR\" \/>\n<meta property=\"og:type\" content=\"article\" \/>\n<meta property=\"og:title\" content=\"La vie en gare - SNCB R\u00e9alisations et chiffres-cl\u00e9s\" \/>\n<meta property=\"og:description\" content=\"Les gares ne sont pas de simples lieux de passage : elles sont de v\u00e9ritables espaces de vie qui accueillent des commerces, des espaces de restauration et diff\u00e9rents services qui r\u00e9pondent aux besoins des voyageurs et des riverains.\" \/>\n<meta property=\"og:url\" content=\"https:\/\/facts-and-figures.belgiantrain.be\/2025\/gares\/la-vie-en-gare\/\" \/>\n<meta property=\"og:site_name\" content=\"SNCB R\u00e9alisations et chiffres-cl\u00e9s\" \/>\n<meta property=\"article:modified_time\" content=\"2026-04-29T10:49:40+00:00\" \/>\n<meta name=\"twitter:card\" content=\"summary_large_image\" \/>\n<script type=\"application\/ld+json\" class=\"yoast-schema-graph\">{\"@context\":\"https:\\\/\\\/schema.org\",\"@graph\":[{\"@type\":\"WebPage\",\"@id\":\"https:\\\/\\\/facts-and-figures.belgiantrain.be\\\/2025\\\/gares\\\/la-vie-en-gare\\\/\",\"url\":\"https:\\\/\\\/facts-and-figures.belgiantrain.be\\\/2025\\\/gares\\\/la-vie-en-gare\\\/\",\"name\":\"La vie en gare - SNCB R\u00e9alisations et chiffres-cl\u00e9s\",\"isPartOf\":{\"@id\":\"https:\\\/\\\/facts-and-figures.belgiantrain.be\\\/2025\\\/#website\"},\"datePublished\":\"2026-03-30T11:07:49+00:00\",\"dateModified\":\"2026-04-29T10:49:40+00:00\",\"description\":\"Les gares ne sont pas de simples lieux de passage : elles sont de v\u00e9ritables espaces de vie qui accueillent des commerces, des espaces de restauration et diff\u00e9rents services qui r\u00e9pondent aux besoins des voyageurs et des riverains.\",\"breadcrumb\":{\"@id\":\"https:\\\/\\\/facts-and-figures.belgiantrain.be\\\/2025\\\/gares\\\/la-vie-en-gare\\\/#breadcrumb\"},\"inLanguage\":\"fr-FR\",\"potentialAction\":[{\"@type\":\"ReadAction\",\"target\":[\"https:\\\/\\\/facts-and-figures.belgiantrain.be\\\/2025\\\/gares\\\/la-vie-en-gare\\\/\"]}]},{\"@type\":\"BreadcrumbList\",\"@id\":\"https:\\\/\\\/facts-and-figures.belgiantrain.be\\\/2025\\\/gares\\\/la-vie-en-gare\\\/#breadcrumb\",\"itemListElement\":[{\"@type\":\"ListItem\",\"position\":1,\"name\":\"Accueil\",\"item\":\"https:\\\/\\\/facts-and-figures.belgiantrain.be\\\/2025\\\/\"},{\"@type\":\"ListItem\",\"position\":2,\"name\":\"Gares\",\"item\":\"https:\\\/\\\/facts-and-figures.belgiantrain.be\\\/2025\\\/gares\\\/\"},{\"@type\":\"ListItem\",\"position\":3,\"name\":\"La vie en gare\"}]},{\"@type\":\"WebSite\",\"@id\":\"https:\\\/\\\/facts-and-figures.belgiantrain.be\\\/2025\\\/#website\",\"url\":\"https:\\\/\\\/facts-and-figures.belgiantrain.be\\\/2025\\\/\",\"name\":\"SNCB R\u00e9alisations et chiffres-cl\u00e9s 2024\",\"description\":\"\",\"publisher\":{\"@id\":\"https:\\\/\\\/facts-and-figures.belgiantrain.be\\\/2025\\\/#organization\"},\"potentialAction\":[{\"@type\":\"SearchAction\",\"target\":{\"@type\":\"EntryPoint\",\"urlTemplate\":\"https:\\\/\\\/facts-and-figures.belgiantrain.be\\\/2025\\\/?s={search_term_string}\"},\"query-input\":{\"@type\":\"PropertyValueSpecification\",\"valueRequired\":true,\"valueName\":\"search_term_string\"}}],\"inLanguage\":\"fr-FR\"},{\"@type\":\"Organization\",\"@id\":\"https:\\\/\\\/facts-and-figures.belgiantrain.be\\\/2025\\\/#organization\",\"name\":\"SNCB R\u00e9alisations et chiffres-cl\u00e9s 2024\",\"url\":\"https:\\\/\\\/facts-and-figures.belgiantrain.be\\\/2025\\\/\",\"logo\":{\"@type\":\"ImageObject\",\"inLanguage\":\"fr-FR\",\"@id\":\"https:\\\/\\\/facts-and-figures.belgiantrain.be\\\/2025\\\/#\\\/schema\\\/logo\\\/image\\\/\",\"url\":\"https:\\\/\\\/facts-and-figures.belgiantrain.be\\\/2025\\\/wp-content\\\/uploads\\\/2025\\\/04\\\/apple-touch-icon.png\",\"contentUrl\":\"https:\\\/\\\/facts-and-figures.belgiantrain.be\\\/2025\\\/wp-content\\\/uploads\\\/2025\\\/04\\\/apple-touch-icon.png\",\"width\":57,\"height\":57,\"caption\":\"SNCB R\u00e9alisations et chiffres-cl\u00e9s 2024\"},\"image\":{\"@id\":\"https:\\\/\\\/facts-and-figures.belgiantrain.be\\\/2025\\\/#\\\/schema\\\/logo\\\/image\\\/\"}}]}<\/script>\n<!-- \/ Yoast SEO plugin. -->","yoast_head_json":{"title":"La vie en gare - SNCB R\u00e9alisations et chiffres-cl\u00e9s","description":"Les gares ne sont pas de simples lieux de passage : elles sont de v\u00e9ritables espaces de vie qui accueillent des commerces, des espaces de restauration et diff\u00e9rents services qui r\u00e9pondent aux besoins des voyageurs et des riverains.","robots":{"index":"index","follow":"follow","max-snippet":"max-snippet:-1","max-image-preview":"max-image-preview:large","max-video-preview":"max-video-preview:-1"},"canonical":"https:\/\/facts-and-figures.belgiantrain.be\/2025\/gares\/la-vie-en-gare\/","og_locale":"fr_FR","og_type":"article","og_title":"La vie en gare - SNCB R\u00e9alisations et chiffres-cl\u00e9s","og_description":"Les gares ne sont pas de simples lieux de passage : elles sont de v\u00e9ritables espaces de vie qui accueillent des commerces, des espaces de restauration et diff\u00e9rents services qui r\u00e9pondent aux besoins des voyageurs et des riverains.","og_url":"https:\/\/facts-and-figures.belgiantrain.be\/2025\/gares\/la-vie-en-gare\/","og_site_name":"SNCB R\u00e9alisations et chiffres-cl\u00e9s","article_modified_time":"2026-04-29T10:49:40+00:00","twitter_card":"summary_large_image","schema":{"@context":"https:\/\/schema.org","@graph":[{"@type":"WebPage","@id":"https:\/\/facts-and-figures.belgiantrain.be\/2025\/gares\/la-vie-en-gare\/","url":"https:\/\/facts-and-figures.belgiantrain.be\/2025\/gares\/la-vie-en-gare\/","name":"La vie en gare - SNCB R\u00e9alisations et chiffres-cl\u00e9s","isPartOf":{"@id":"https:\/\/facts-and-figures.belgiantrain.be\/2025\/#website"},"datePublished":"2026-03-30T11:07:49+00:00","dateModified":"2026-04-29T10:49:40+00:00","description":"Les gares ne sont pas de simples lieux de passage : elles sont de v\u00e9ritables espaces de vie qui accueillent des commerces, des espaces de restauration et diff\u00e9rents services qui r\u00e9pondent aux besoins des voyageurs et des riverains.","breadcrumb":{"@id":"https:\/\/facts-and-figures.belgiantrain.be\/2025\/gares\/la-vie-en-gare\/#breadcrumb"},"inLanguage":"fr-FR","potentialAction":[{"@type":"ReadAction","target":["https:\/\/facts-and-figures.belgiantrain.be\/2025\/gares\/la-vie-en-gare\/"]}]},{"@type":"BreadcrumbList","@id":"https:\/\/facts-and-figures.belgiantrain.be\/2025\/gares\/la-vie-en-gare\/#breadcrumb","itemListElement":[{"@type":"ListItem","position":1,"name":"Accueil","item":"https:\/\/facts-and-figures.belgiantrain.be\/2025\/"},{"@type":"ListItem","position":2,"name":"Gares","item":"https:\/\/facts-and-figures.belgiantrain.be\/2025\/gares\/"},{"@type":"ListItem","position":3,"name":"La vie en gare"}]},{"@type":"WebSite","@id":"https:\/\/facts-and-figures.belgiantrain.be\/2025\/#website","url":"https:\/\/facts-and-figures.belgiantrain.be\/2025\/","name":"SNCB R\u00e9alisations et chiffres-cl\u00e9s 2024","description":"","publisher":{"@id":"https:\/\/facts-and-figures.belgiantrain.be\/2025\/#organization"},"potentialAction":[{"@type":"SearchAction","target":{"@type":"EntryPoint","urlTemplate":"https:\/\/facts-and-figures.belgiantrain.be\/2025\/?s={search_term_string}"},"query-input":{"@type":"PropertyValueSpecification","valueRequired":true,"valueName":"search_term_string"}}],"inLanguage":"fr-FR"},{"@type":"Organization","@id":"https:\/\/facts-and-figures.belgiantrain.be\/2025\/#organization","name":"SNCB R\u00e9alisations et chiffres-cl\u00e9s 2024","url":"https:\/\/facts-and-figures.belgiantrain.be\/2025\/","logo":{"@type":"ImageObject","inLanguage":"fr-FR","@id":"https:\/\/facts-and-figures.belgiantrain.be\/2025\/#\/schema\/logo\/image\/","url":"https:\/\/facts-and-figures.belgiantrain.be\/2025\/wp-content\/uploads\/2025\/04\/apple-touch-icon.png","contentUrl":"https:\/\/facts-and-figures.belgiantrain.be\/2025\/wp-content\/uploads\/2025\/04\/apple-touch-icon.png","width":57,"height":57,"caption":"SNCB R\u00e9alisations et chiffres-cl\u00e9s 2024"},"image":{"@id":"https:\/\/facts-and-figures.belgiantrain.be\/2025\/#\/schema\/logo\/image\/"}}]}},"_links":{"self":[{"href":"https:\/\/facts-and-figures.belgiantrain.be\/2025\/wp-json\/wp\/v2\/pages\/2356","targetHints":{"allow":["GET"]}}],"collection":[{"href":"https:\/\/facts-and-figures.belgiantrain.be\/2025\/wp-json\/wp\/v2\/pages"}],"about":[{"href":"https:\/\/facts-and-figures.belgiantrain.be\/2025\/wp-json\/wp\/v2\/types\/page"}],"author":[{"embeddable":true,"href":"https:\/\/facts-and-figures.belgiantrain.be\/2025\/wp-json\/wp\/v2\/users\/2"}],"replies":[{"embeddable":true,"href":"https:\/\/facts-and-figures.belgiantrain.be\/2025\/wp-json\/wp\/v2\/comments?post=2356"}],"version-history":[{"count":4,"href":"https:\/\/facts-and-figures.belgiantrain.be\/2025\/wp-json\/wp\/v2\/pages\/2356\/revisions"}],"predecessor-version":[{"id":2869,"href":"https:\/\/facts-and-figures.belgiantrain.be\/2025\/wp-json\/wp\/v2\/pages\/2356\/revisions\/2869"}],"up":[{"embeddable":true,"href":"https:\/\/facts-and-figures.belgiantrain.be\/2025\/wp-json\/wp\/v2\/pages\/40"}],"wp:attachment":[{"href":"https:\/\/facts-and-figures.belgiantrain.be\/2025\/wp-json\/wp\/v2\/media?parent=2356"}],"curies":[{"name":"wp","href":"https:\/\/api.w.org\/{rel}","templated":true}]}}