{"id":2351,"date":"2026-03-30T13:03:32","date_gmt":"2026-03-30T11:03:32","guid":{"rendered":"https:\/\/facts-and-figures.belgiantrain.be\/2025\/?page_id=2351"},"modified":"2026-05-06T16:15:11","modified_gmt":"2026-05-06T14:15:11","slug":"avancee-majeure-securite-ferroviaire","status":"publish","type":"page","link":"https:\/\/facts-and-figures.belgiantrain.be\/2025\/offre\/avancee-majeure-securite-ferroviaire\/","title":{"rendered":"Une avanc\u00e9e majeure pour la s\u00e9curit\u00e9 ferroviaire"},"content":{"rendered":"","protected":false},"excerpt":{"rendered":"","protected":false},"author":2,"featured_media":0,"parent":44,"menu_order":26,"comment_status":"closed","ping_status":"closed","template":"","meta":{"_acf_changed":false,"footnotes":""},"class_list":["post-2351","page","type-page","status-publish","hentry"],"acf":{"contenu":[{"acf_fc_layout":"texte","texte":"<p>En <strong>2025<\/strong>, une <strong>\u00e9tape historique<\/strong> en mati\u00e8re de s\u00e9curit\u00e9 ferroviaire a \u00e9t\u00e9 franchie : l\u2019ensemble de la flotte de la <strong>SNCB<\/strong> est \u00e9quip\u00e9 du syst\u00e8me <strong>ETCS<\/strong>. Le r\u00e9seau ferroviaire belge \u2014 soit pr\u00e8s de <strong>6 400 kilom\u00e8tres de lignes<\/strong> \u2014 a quant \u00e0 lui \u00e9galement \u00e9t\u00e9 totalement \u00e9quip\u00e9 de ce syst\u00e8me de s\u00e9curit\u00e9 par <strong>Infrabel<\/strong>, le gestionnaire de l\u2019infrastructure.<br \/>\nCe syst\u00e8me de s\u00e9curit\u00e9 contribue \u00e0<strong> pr\u00e9venir les d\u00e9passements de signaux<\/strong> et \u00e0 renforcer la <em>s\u00e9curit\u00e9 de l\u2019exploitation ferroviaire<\/em>, tant pour les voyageurs que pour le personnel.<\/p>\n<p>L\u2019<strong>ETCS<\/strong> intervient lorsque la vitesse maximale autoris\u00e9e est d\u00e9pass\u00e9e. Fruit d\u2019une dizaine d\u2019ann\u00e9es de travail, ce d\u00e9ploiement a \u00e9t\u00e9 r\u00e9alis\u00e9 \u00e0 la suite de l\u2019<strong>accident tragique de Buizinge<\/strong>n.<\/p>\n<p>Le programme <strong>CEF (Connecting Europe Facility) Transport<\/strong> est un soutien majeur dans le d\u00e9ploiement de l\u2019ETCS.<\/p>\n<p>La mise en \u0153uvre du programme <strong>CEF Transport<\/strong> est g\u00e9r\u00e9e par la <strong>CINEA<\/strong> (the European Climate, Infrastructure and Environment Executive Agency).<\/p>\n<p><strong>CINEA<\/strong> a d\u00e9cid\u00e9 en <strong>2024<\/strong> de soutenir l\u2019industrialisation de la migration des locomotives<strong> T18-T19<\/strong>, des automotrices <strong>Desiro<\/strong> ainsi que des postes de conduite type M6 vers <strong>ETCS-niveau 2, baseline 3<\/strong>. Il s\u2019agit de <strong>506 v\u00e9hicules<\/strong>.<\/p>\n<p><img loading=\"lazy\" decoding=\"async\" class=\"alignnone wp-image-722 size-medium\" src=\"https:\/\/spcdn.shortpixel.ai\/spio\/ret_img,q_cdnize,to_webp,s_webp\/facts-and-figures.belgiantrain.be\/2025\/wp-content\/uploads\/2025\/07\/CEF-FR-LR-300x63.jpg\" alt=\"\" width=\"300\" height=\"63\" srcset=\"https:\/\/spcdn.shortpixel.ai\/spio\/ret_img,q_cdnize,to_webp,s_webp\/facts-and-figures.belgiantrain.be\/2025\/wp-content\/uploads\/2025\/07\/CEF-FR-LR-300x63.jpg 300w, https:\/\/spcdn.shortpixel.ai\/spio\/ret_img,q_cdnize,to_webp,s_webp\/facts-and-figures.belgiantrain.be\/2025\/wp-content\/uploads\/2025\/07\/CEF-FR-LR.jpg 425w\" sizes=\"auto, (max-width: 300px) 100vw, 300px\" \/><\/p>\n","centre":false}]},"yoast_head":"<!-- This site is optimized with the Yoast SEO plugin v27.5 - https:\/\/yoast.com\/product\/yoast-seo-wordpress\/ -->\n<title>Une avanc\u00e9e majeure pour la s\u00e9curit\u00e9 ferroviaire - SNCB R\u00e9alisations et chiffres-cl\u00e9s<\/title>\n<meta name=\"description\" content=\"En 2025, une \u00e9tape historique en mati\u00e8re de s\u00e9curit\u00e9 ferroviaire a \u00e9t\u00e9 franchie : l\u2019ensemble de la flotte de la SNCB est \u00e9quip\u00e9 du syst\u00e8me ETCS.\" \/>\n<meta name=\"robots\" content=\"index, follow, max-snippet:-1, max-image-preview:large, max-video-preview:-1\" \/>\n<link rel=\"canonical\" href=\"https:\/\/facts-and-figures.belgiantrain.be\/2025\/offre\/avancee-majeure-securite-ferroviaire\/\" \/>\n<meta property=\"og:locale\" content=\"fr_FR\" \/>\n<meta property=\"og:type\" content=\"article\" \/>\n<meta property=\"og:title\" content=\"Une avanc\u00e9e majeure pour la s\u00e9curit\u00e9 ferroviaire - SNCB R\u00e9alisations et chiffres-cl\u00e9s\" \/>\n<meta property=\"og:description\" content=\"En 2025, une \u00e9tape historique en mati\u00e8re de s\u00e9curit\u00e9 ferroviaire a \u00e9t\u00e9 franchie : l\u2019ensemble de la flotte de la SNCB est \u00e9quip\u00e9 du syst\u00e8me ETCS.\" \/>\n<meta property=\"og:url\" content=\"https:\/\/facts-and-figures.belgiantrain.be\/2025\/offre\/avancee-majeure-securite-ferroviaire\/\" \/>\n<meta property=\"og:site_name\" content=\"SNCB R\u00e9alisations et chiffres-cl\u00e9s\" \/>\n<meta property=\"article:modified_time\" content=\"2026-05-06T14:15:11+00:00\" \/>\n<meta name=\"twitter:card\" content=\"summary_large_image\" \/>\n<script type=\"application\/ld+json\" class=\"yoast-schema-graph\">{\"@context\":\"https:\\\/\\\/schema.org\",\"@graph\":[{\"@type\":\"WebPage\",\"@id\":\"https:\\\/\\\/facts-and-figures.belgiantrain.be\\\/2025\\\/offre\\\/avancee-majeure-securite-ferroviaire\\\/\",\"url\":\"https:\\\/\\\/facts-and-figures.belgiantrain.be\\\/2025\\\/offre\\\/avancee-majeure-securite-ferroviaire\\\/\",\"name\":\"Une avanc\u00e9e majeure pour la s\u00e9curit\u00e9 ferroviaire - SNCB R\u00e9alisations et chiffres-cl\u00e9s\",\"isPartOf\":{\"@id\":\"https:\\\/\\\/facts-and-figures.belgiantrain.be\\\/2025\\\/#website\"},\"datePublished\":\"2026-03-30T11:03:32+00:00\",\"dateModified\":\"2026-05-06T14:15:11+00:00\",\"description\":\"En 2025, une \u00e9tape historique en mati\u00e8re de s\u00e9curit\u00e9 ferroviaire a \u00e9t\u00e9 franchie : l\u2019ensemble de la flotte de la SNCB est \u00e9quip\u00e9 du syst\u00e8me ETCS.\",\"breadcrumb\":{\"@id\":\"https:\\\/\\\/facts-and-figures.belgiantrain.be\\\/2025\\\/offre\\\/avancee-majeure-securite-ferroviaire\\\/#breadcrumb\"},\"inLanguage\":\"fr-FR\",\"potentialAction\":[{\"@type\":\"ReadAction\",\"target\":[\"https:\\\/\\\/facts-and-figures.belgiantrain.be\\\/2025\\\/offre\\\/avancee-majeure-securite-ferroviaire\\\/\"]}]},{\"@type\":\"BreadcrumbList\",\"@id\":\"https:\\\/\\\/facts-and-figures.belgiantrain.be\\\/2025\\\/offre\\\/avancee-majeure-securite-ferroviaire\\\/#breadcrumb\",\"itemListElement\":[{\"@type\":\"ListItem\",\"position\":1,\"name\":\"Accueil\",\"item\":\"https:\\\/\\\/facts-and-figures.belgiantrain.be\\\/2025\\\/\"},{\"@type\":\"ListItem\",\"position\":2,\"name\":\"Offre\",\"item\":\"https:\\\/\\\/facts-and-figures.belgiantrain.be\\\/2025\\\/offre\\\/\"},{\"@type\":\"ListItem\",\"position\":3,\"name\":\"Une avanc\u00e9e majeure pour la s\u00e9curit\u00e9 ferroviaire\"}]},{\"@type\":\"WebSite\",\"@id\":\"https:\\\/\\\/facts-and-figures.belgiantrain.be\\\/2025\\\/#website\",\"url\":\"https:\\\/\\\/facts-and-figures.belgiantrain.be\\\/2025\\\/\",\"name\":\"SNCB R\u00e9alisations et chiffres-cl\u00e9s 2024\",\"description\":\"\",\"publisher\":{\"@id\":\"https:\\\/\\\/facts-and-figures.belgiantrain.be\\\/2025\\\/#organization\"},\"potentialAction\":[{\"@type\":\"SearchAction\",\"target\":{\"@type\":\"EntryPoint\",\"urlTemplate\":\"https:\\\/\\\/facts-and-figures.belgiantrain.be\\\/2025\\\/?s={search_term_string}\"},\"query-input\":{\"@type\":\"PropertyValueSpecification\",\"valueRequired\":true,\"valueName\":\"search_term_string\"}}],\"inLanguage\":\"fr-FR\"},{\"@type\":\"Organization\",\"@id\":\"https:\\\/\\\/facts-and-figures.belgiantrain.be\\\/2025\\\/#organization\",\"name\":\"SNCB R\u00e9alisations et chiffres-cl\u00e9s 2024\",\"url\":\"https:\\\/\\\/facts-and-figures.belgiantrain.be\\\/2025\\\/\",\"logo\":{\"@type\":\"ImageObject\",\"inLanguage\":\"fr-FR\",\"@id\":\"https:\\\/\\\/facts-and-figures.belgiantrain.be\\\/2025\\\/#\\\/schema\\\/logo\\\/image\\\/\",\"url\":\"https:\\\/\\\/facts-and-figures.belgiantrain.be\\\/2025\\\/wp-content\\\/uploads\\\/2025\\\/04\\\/apple-touch-icon.png\",\"contentUrl\":\"https:\\\/\\\/facts-and-figures.belgiantrain.be\\\/2025\\\/wp-content\\\/uploads\\\/2025\\\/04\\\/apple-touch-icon.png\",\"width\":57,\"height\":57,\"caption\":\"SNCB R\u00e9alisations et chiffres-cl\u00e9s 2024\"},\"image\":{\"@id\":\"https:\\\/\\\/facts-and-figures.belgiantrain.be\\\/2025\\\/#\\\/schema\\\/logo\\\/image\\\/\"}}]}<\/script>\n<!-- \/ Yoast SEO plugin. -->","yoast_head_json":{"title":"Une avanc\u00e9e majeure pour la s\u00e9curit\u00e9 ferroviaire - SNCB R\u00e9alisations et chiffres-cl\u00e9s","description":"En 2025, une \u00e9tape historique en mati\u00e8re de s\u00e9curit\u00e9 ferroviaire a \u00e9t\u00e9 franchie : l\u2019ensemble de la flotte de la SNCB est \u00e9quip\u00e9 du syst\u00e8me ETCS.","robots":{"index":"index","follow":"follow","max-snippet":"max-snippet:-1","max-image-preview":"max-image-preview:large","max-video-preview":"max-video-preview:-1"},"canonical":"https:\/\/facts-and-figures.belgiantrain.be\/2025\/offre\/avancee-majeure-securite-ferroviaire\/","og_locale":"fr_FR","og_type":"article","og_title":"Une avanc\u00e9e majeure pour la s\u00e9curit\u00e9 ferroviaire - SNCB R\u00e9alisations et chiffres-cl\u00e9s","og_description":"En 2025, une \u00e9tape historique en mati\u00e8re de s\u00e9curit\u00e9 ferroviaire a \u00e9t\u00e9 franchie : l\u2019ensemble de la flotte de la SNCB est \u00e9quip\u00e9 du syst\u00e8me ETCS.","og_url":"https:\/\/facts-and-figures.belgiantrain.be\/2025\/offre\/avancee-majeure-securite-ferroviaire\/","og_site_name":"SNCB R\u00e9alisations et chiffres-cl\u00e9s","article_modified_time":"2026-05-06T14:15:11+00:00","twitter_card":"summary_large_image","schema":{"@context":"https:\/\/schema.org","@graph":[{"@type":"WebPage","@id":"https:\/\/facts-and-figures.belgiantrain.be\/2025\/offre\/avancee-majeure-securite-ferroviaire\/","url":"https:\/\/facts-and-figures.belgiantrain.be\/2025\/offre\/avancee-majeure-securite-ferroviaire\/","name":"Une avanc\u00e9e majeure pour la s\u00e9curit\u00e9 ferroviaire - SNCB R\u00e9alisations et chiffres-cl\u00e9s","isPartOf":{"@id":"https:\/\/facts-and-figures.belgiantrain.be\/2025\/#website"},"datePublished":"2026-03-30T11:03:32+00:00","dateModified":"2026-05-06T14:15:11+00:00","description":"En 2025, une \u00e9tape historique en mati\u00e8re de s\u00e9curit\u00e9 ferroviaire a \u00e9t\u00e9 franchie : l\u2019ensemble de la flotte de la SNCB est \u00e9quip\u00e9 du syst\u00e8me ETCS.","breadcrumb":{"@id":"https:\/\/facts-and-figures.belgiantrain.be\/2025\/offre\/avancee-majeure-securite-ferroviaire\/#breadcrumb"},"inLanguage":"fr-FR","potentialAction":[{"@type":"ReadAction","target":["https:\/\/facts-and-figures.belgiantrain.be\/2025\/offre\/avancee-majeure-securite-ferroviaire\/"]}]},{"@type":"BreadcrumbList","@id":"https:\/\/facts-and-figures.belgiantrain.be\/2025\/offre\/avancee-majeure-securite-ferroviaire\/#breadcrumb","itemListElement":[{"@type":"ListItem","position":1,"name":"Accueil","item":"https:\/\/facts-and-figures.belgiantrain.be\/2025\/"},{"@type":"ListItem","position":2,"name":"Offre","item":"https:\/\/facts-and-figures.belgiantrain.be\/2025\/offre\/"},{"@type":"ListItem","position":3,"name":"Une avanc\u00e9e majeure pour la s\u00e9curit\u00e9 ferroviaire"}]},{"@type":"WebSite","@id":"https:\/\/facts-and-figures.belgiantrain.be\/2025\/#website","url":"https:\/\/facts-and-figures.belgiantrain.be\/2025\/","name":"SNCB R\u00e9alisations et chiffres-cl\u00e9s 2024","description":"","publisher":{"@id":"https:\/\/facts-and-figures.belgiantrain.be\/2025\/#organization"},"potentialAction":[{"@type":"SearchAction","target":{"@type":"EntryPoint","urlTemplate":"https:\/\/facts-and-figures.belgiantrain.be\/2025\/?s={search_term_string}"},"query-input":{"@type":"PropertyValueSpecification","valueRequired":true,"valueName":"search_term_string"}}],"inLanguage":"fr-FR"},{"@type":"Organization","@id":"https:\/\/facts-and-figures.belgiantrain.be\/2025\/#organization","name":"SNCB R\u00e9alisations et chiffres-cl\u00e9s 2024","url":"https:\/\/facts-and-figures.belgiantrain.be\/2025\/","logo":{"@type":"ImageObject","inLanguage":"fr-FR","@id":"https:\/\/facts-and-figures.belgiantrain.be\/2025\/#\/schema\/logo\/image\/","url":"https:\/\/facts-and-figures.belgiantrain.be\/2025\/wp-content\/uploads\/2025\/04\/apple-touch-icon.png","contentUrl":"https:\/\/facts-and-figures.belgiantrain.be\/2025\/wp-content\/uploads\/2025\/04\/apple-touch-icon.png","width":57,"height":57,"caption":"SNCB R\u00e9alisations et chiffres-cl\u00e9s 2024"},"image":{"@id":"https:\/\/facts-and-figures.belgiantrain.be\/2025\/#\/schema\/logo\/image\/"}}]}},"_links":{"self":[{"href":"https:\/\/facts-and-figures.belgiantrain.be\/2025\/wp-json\/wp\/v2\/pages\/2351","targetHints":{"allow":["GET"]}}],"collection":[{"href":"https:\/\/facts-and-figures.belgiantrain.be\/2025\/wp-json\/wp\/v2\/pages"}],"about":[{"href":"https:\/\/facts-and-figures.belgiantrain.be\/2025\/wp-json\/wp\/v2\/types\/page"}],"author":[{"embeddable":true,"href":"https:\/\/facts-and-figures.belgiantrain.be\/2025\/wp-json\/wp\/v2\/users\/2"}],"replies":[{"embeddable":true,"href":"https:\/\/facts-and-figures.belgiantrain.be\/2025\/wp-json\/wp\/v2\/comments?post=2351"}],"version-history":[{"count":10,"href":"https:\/\/facts-and-figures.belgiantrain.be\/2025\/wp-json\/wp\/v2\/pages\/2351\/revisions"}],"predecessor-version":[{"id":2992,"href":"https:\/\/facts-and-figures.belgiantrain.be\/2025\/wp-json\/wp\/v2\/pages\/2351\/revisions\/2992"}],"up":[{"embeddable":true,"href":"https:\/\/facts-and-figures.belgiantrain.be\/2025\/wp-json\/wp\/v2\/pages\/44"}],"wp:attachment":[{"href":"https:\/\/facts-and-figures.belgiantrain.be\/2025\/wp-json\/wp\/v2\/media?parent=2351"}],"curies":[{"name":"wp","href":"https:\/\/api.w.org\/{rel}","templated":true}]}}