{"id":2349,"date":"2026-03-30T13:02:58","date_gmt":"2026-03-30T11:02:58","guid":{"rendered":"https:\/\/facts-and-figures.belgiantrain.be\/2025\/?page_id=2349"},"modified":"2026-05-06T14:56:54","modified_gmt":"2026-05-06T12:56:54","slug":"cap-prochaine-generation-trains","status":"publish","type":"page","link":"https:\/\/facts-and-figures.belgiantrain.be\/2025\/offre\/cap-prochaine-generation-trains\/","title":{"rendered":"Cap sur la prochaine g\u00e9n\u00e9ration de trains"},"content":{"rendered":"","protected":false},"excerpt":{"rendered":"","protected":false},"author":2,"featured_media":0,"parent":44,"menu_order":25,"comment_status":"closed","ping_status":"closed","template":"","meta":{"_acf_changed":false,"footnotes":""},"class_list":["post-2349","page","type-page","status-publish","hentry"],"acf":{"contenu":[{"acf_fc_layout":"texte","texte":"<p>La<strong> modernisation du mat\u00e9riel roulant<\/strong> s\u2019inscrit dans le cadre d\u2019<strong>une vision \u00e0 long terme<\/strong>.<\/p>\n<p>Le <strong>19 d\u00e9cembre 2025<\/strong>, \u00e0 l\u2019issue d\u2019un appel d\u2019offres europ\u00e9en lanc\u00e9 en 2022, le Conseil d\u2019administration de la <strong>SNCB<\/strong> a attribu\u00e9 au constructeur <strong>CAF<\/strong> un contrat-cadre pour de nouvelles automotrices <strong>AM30<\/strong>. Une premi\u00e8re commande a \u00e9t\u00e9 pass\u00e9e pour <strong>180 trains<\/strong>, repr\u00e9sentant <strong>54 000 places assises<\/strong>, pour un montant de <strong>1,7 milliard d\u2019euros<\/strong>.<\/p>\n<p>La mise en service des premi\u00e8res rames est pr\u00e9vue \u00e0 partir de 2030. Le contrat-cadre porte au total sur un maximum de <strong>170 000 places assises<\/strong> et couvre une p\u00e9riode de <strong>12 ans<\/strong>.<\/p>\n<p>Les futures <strong>AM30<\/strong> remplaceront progressivement le mat\u00e9riel le plus ancien, davantage sensible aux pannes. Elles offriront aux voyageurs <strong>un niveau de confort et d\u2019\u00e9quipement encore plus \u00e9lev\u00e9<\/strong>, incluant l\u2019<strong>accessibilit\u00e9<\/strong> <strong>autonome<\/strong> pour les personnes \u00e0 mobilit\u00e9 r\u00e9duite, des zones de silence, des \u00e9crans d\u2019information modernes, une meilleure connectivit\u00e9 et des espaces d\u00e9di\u00e9s aux v\u00e9los.<\/p>\n<p>La commande comprend \u00e9galement des<strong> trains \u00e0 batterie<\/strong>, destin\u00e9s \u00e0 remplacer les automotrices diesel encore en service.<\/p>\n","centre":false}]},"yoast_head":"<!-- This site is optimized with the Yoast SEO plugin v27.5 - https:\/\/yoast.com\/product\/yoast-seo-wordpress\/ -->\n<title>Cap sur la prochaine g\u00e9n\u00e9ration de trains - SNCB R\u00e9alisations et chiffres-cl\u00e9s<\/title>\n<meta name=\"description\" content=\"La modernisation du mat\u00e9riel roulant s\u2019inscrit dans le cadre d\u2019une vision \u00e0 long terme.\" \/>\n<meta name=\"robots\" content=\"index, follow, max-snippet:-1, max-image-preview:large, max-video-preview:-1\" \/>\n<link rel=\"canonical\" href=\"https:\/\/facts-and-figures.belgiantrain.be\/2025\/offre\/cap-prochaine-generation-trains\/\" \/>\n<meta property=\"og:locale\" content=\"fr_FR\" \/>\n<meta property=\"og:type\" content=\"article\" \/>\n<meta property=\"og:title\" content=\"Cap sur la prochaine g\u00e9n\u00e9ration de trains - SNCB R\u00e9alisations et chiffres-cl\u00e9s\" \/>\n<meta property=\"og:description\" content=\"La modernisation du mat\u00e9riel roulant s\u2019inscrit dans le cadre d\u2019une vision \u00e0 long terme.\" \/>\n<meta property=\"og:url\" content=\"https:\/\/facts-and-figures.belgiantrain.be\/2025\/offre\/cap-prochaine-generation-trains\/\" \/>\n<meta property=\"og:site_name\" content=\"SNCB R\u00e9alisations et chiffres-cl\u00e9s\" \/>\n<meta property=\"article:modified_time\" content=\"2026-05-06T12:56:54+00:00\" \/>\n<meta name=\"twitter:card\" content=\"summary_large_image\" \/>\n<script type=\"application\/ld+json\" class=\"yoast-schema-graph\">{\"@context\":\"https:\\\/\\\/schema.org\",\"@graph\":[{\"@type\":\"WebPage\",\"@id\":\"https:\\\/\\\/facts-and-figures.belgiantrain.be\\\/2025\\\/offre\\\/cap-prochaine-generation-trains\\\/\",\"url\":\"https:\\\/\\\/facts-and-figures.belgiantrain.be\\\/2025\\\/offre\\\/cap-prochaine-generation-trains\\\/\",\"name\":\"Cap sur la prochaine g\u00e9n\u00e9ration de trains - SNCB R\u00e9alisations et chiffres-cl\u00e9s\",\"isPartOf\":{\"@id\":\"https:\\\/\\\/facts-and-figures.belgiantrain.be\\\/2025\\\/#website\"},\"datePublished\":\"2026-03-30T11:02:58+00:00\",\"dateModified\":\"2026-05-06T12:56:54+00:00\",\"description\":\"La modernisation du mat\u00e9riel roulant s\u2019inscrit dans le cadre d\u2019une vision \u00e0 long terme.\",\"breadcrumb\":{\"@id\":\"https:\\\/\\\/facts-and-figures.belgiantrain.be\\\/2025\\\/offre\\\/cap-prochaine-generation-trains\\\/#breadcrumb\"},\"inLanguage\":\"fr-FR\",\"potentialAction\":[{\"@type\":\"ReadAction\",\"target\":[\"https:\\\/\\\/facts-and-figures.belgiantrain.be\\\/2025\\\/offre\\\/cap-prochaine-generation-trains\\\/\"]}]},{\"@type\":\"BreadcrumbList\",\"@id\":\"https:\\\/\\\/facts-and-figures.belgiantrain.be\\\/2025\\\/offre\\\/cap-prochaine-generation-trains\\\/#breadcrumb\",\"itemListElement\":[{\"@type\":\"ListItem\",\"position\":1,\"name\":\"Accueil\",\"item\":\"https:\\\/\\\/facts-and-figures.belgiantrain.be\\\/2025\\\/\"},{\"@type\":\"ListItem\",\"position\":2,\"name\":\"Offre\",\"item\":\"https:\\\/\\\/facts-and-figures.belgiantrain.be\\\/2025\\\/offre\\\/\"},{\"@type\":\"ListItem\",\"position\":3,\"name\":\"Cap sur la prochaine g\u00e9n\u00e9ration de trains\"}]},{\"@type\":\"WebSite\",\"@id\":\"https:\\\/\\\/facts-and-figures.belgiantrain.be\\\/2025\\\/#website\",\"url\":\"https:\\\/\\\/facts-and-figures.belgiantrain.be\\\/2025\\\/\",\"name\":\"SNCB R\u00e9alisations et chiffres-cl\u00e9s 2024\",\"description\":\"\",\"publisher\":{\"@id\":\"https:\\\/\\\/facts-and-figures.belgiantrain.be\\\/2025\\\/#organization\"},\"potentialAction\":[{\"@type\":\"SearchAction\",\"target\":{\"@type\":\"EntryPoint\",\"urlTemplate\":\"https:\\\/\\\/facts-and-figures.belgiantrain.be\\\/2025\\\/?s={search_term_string}\"},\"query-input\":{\"@type\":\"PropertyValueSpecification\",\"valueRequired\":true,\"valueName\":\"search_term_string\"}}],\"inLanguage\":\"fr-FR\"},{\"@type\":\"Organization\",\"@id\":\"https:\\\/\\\/facts-and-figures.belgiantrain.be\\\/2025\\\/#organization\",\"name\":\"SNCB R\u00e9alisations et chiffres-cl\u00e9s 2024\",\"url\":\"https:\\\/\\\/facts-and-figures.belgiantrain.be\\\/2025\\\/\",\"logo\":{\"@type\":\"ImageObject\",\"inLanguage\":\"fr-FR\",\"@id\":\"https:\\\/\\\/facts-and-figures.belgiantrain.be\\\/2025\\\/#\\\/schema\\\/logo\\\/image\\\/\",\"url\":\"https:\\\/\\\/facts-and-figures.belgiantrain.be\\\/2025\\\/wp-content\\\/uploads\\\/2025\\\/04\\\/apple-touch-icon.png\",\"contentUrl\":\"https:\\\/\\\/facts-and-figures.belgiantrain.be\\\/2025\\\/wp-content\\\/uploads\\\/2025\\\/04\\\/apple-touch-icon.png\",\"width\":57,\"height\":57,\"caption\":\"SNCB R\u00e9alisations et chiffres-cl\u00e9s 2024\"},\"image\":{\"@id\":\"https:\\\/\\\/facts-and-figures.belgiantrain.be\\\/2025\\\/#\\\/schema\\\/logo\\\/image\\\/\"}}]}<\/script>\n<!-- \/ Yoast SEO plugin. -->","yoast_head_json":{"title":"Cap sur la prochaine g\u00e9n\u00e9ration de trains - SNCB R\u00e9alisations et chiffres-cl\u00e9s","description":"La modernisation du mat\u00e9riel roulant s\u2019inscrit dans le cadre d\u2019une vision \u00e0 long terme.","robots":{"index":"index","follow":"follow","max-snippet":"max-snippet:-1","max-image-preview":"max-image-preview:large","max-video-preview":"max-video-preview:-1"},"canonical":"https:\/\/facts-and-figures.belgiantrain.be\/2025\/offre\/cap-prochaine-generation-trains\/","og_locale":"fr_FR","og_type":"article","og_title":"Cap sur la prochaine g\u00e9n\u00e9ration de trains - SNCB R\u00e9alisations et chiffres-cl\u00e9s","og_description":"La modernisation du mat\u00e9riel roulant s\u2019inscrit dans le cadre d\u2019une vision \u00e0 long terme.","og_url":"https:\/\/facts-and-figures.belgiantrain.be\/2025\/offre\/cap-prochaine-generation-trains\/","og_site_name":"SNCB R\u00e9alisations et chiffres-cl\u00e9s","article_modified_time":"2026-05-06T12:56:54+00:00","twitter_card":"summary_large_image","schema":{"@context":"https:\/\/schema.org","@graph":[{"@type":"WebPage","@id":"https:\/\/facts-and-figures.belgiantrain.be\/2025\/offre\/cap-prochaine-generation-trains\/","url":"https:\/\/facts-and-figures.belgiantrain.be\/2025\/offre\/cap-prochaine-generation-trains\/","name":"Cap sur la prochaine g\u00e9n\u00e9ration de trains - SNCB R\u00e9alisations et chiffres-cl\u00e9s","isPartOf":{"@id":"https:\/\/facts-and-figures.belgiantrain.be\/2025\/#website"},"datePublished":"2026-03-30T11:02:58+00:00","dateModified":"2026-05-06T12:56:54+00:00","description":"La modernisation du mat\u00e9riel roulant s\u2019inscrit dans le cadre d\u2019une vision \u00e0 long terme.","breadcrumb":{"@id":"https:\/\/facts-and-figures.belgiantrain.be\/2025\/offre\/cap-prochaine-generation-trains\/#breadcrumb"},"inLanguage":"fr-FR","potentialAction":[{"@type":"ReadAction","target":["https:\/\/facts-and-figures.belgiantrain.be\/2025\/offre\/cap-prochaine-generation-trains\/"]}]},{"@type":"BreadcrumbList","@id":"https:\/\/facts-and-figures.belgiantrain.be\/2025\/offre\/cap-prochaine-generation-trains\/#breadcrumb","itemListElement":[{"@type":"ListItem","position":1,"name":"Accueil","item":"https:\/\/facts-and-figures.belgiantrain.be\/2025\/"},{"@type":"ListItem","position":2,"name":"Offre","item":"https:\/\/facts-and-figures.belgiantrain.be\/2025\/offre\/"},{"@type":"ListItem","position":3,"name":"Cap sur la prochaine g\u00e9n\u00e9ration de trains"}]},{"@type":"WebSite","@id":"https:\/\/facts-and-figures.belgiantrain.be\/2025\/#website","url":"https:\/\/facts-and-figures.belgiantrain.be\/2025\/","name":"SNCB R\u00e9alisations et chiffres-cl\u00e9s 2024","description":"","publisher":{"@id":"https:\/\/facts-and-figures.belgiantrain.be\/2025\/#organization"},"potentialAction":[{"@type":"SearchAction","target":{"@type":"EntryPoint","urlTemplate":"https:\/\/facts-and-figures.belgiantrain.be\/2025\/?s={search_term_string}"},"query-input":{"@type":"PropertyValueSpecification","valueRequired":true,"valueName":"search_term_string"}}],"inLanguage":"fr-FR"},{"@type":"Organization","@id":"https:\/\/facts-and-figures.belgiantrain.be\/2025\/#organization","name":"SNCB R\u00e9alisations et chiffres-cl\u00e9s 2024","url":"https:\/\/facts-and-figures.belgiantrain.be\/2025\/","logo":{"@type":"ImageObject","inLanguage":"fr-FR","@id":"https:\/\/facts-and-figures.belgiantrain.be\/2025\/#\/schema\/logo\/image\/","url":"https:\/\/facts-and-figures.belgiantrain.be\/2025\/wp-content\/uploads\/2025\/04\/apple-touch-icon.png","contentUrl":"https:\/\/facts-and-figures.belgiantrain.be\/2025\/wp-content\/uploads\/2025\/04\/apple-touch-icon.png","width":57,"height":57,"caption":"SNCB R\u00e9alisations et chiffres-cl\u00e9s 2024"},"image":{"@id":"https:\/\/facts-and-figures.belgiantrain.be\/2025\/#\/schema\/logo\/image\/"}}]}},"_links":{"self":[{"href":"https:\/\/facts-and-figures.belgiantrain.be\/2025\/wp-json\/wp\/v2\/pages\/2349","targetHints":{"allow":["GET"]}}],"collection":[{"href":"https:\/\/facts-and-figures.belgiantrain.be\/2025\/wp-json\/wp\/v2\/pages"}],"about":[{"href":"https:\/\/facts-and-figures.belgiantrain.be\/2025\/wp-json\/wp\/v2\/types\/page"}],"author":[{"embeddable":true,"href":"https:\/\/facts-and-figures.belgiantrain.be\/2025\/wp-json\/wp\/v2\/users\/2"}],"replies":[{"embeddable":true,"href":"https:\/\/facts-and-figures.belgiantrain.be\/2025\/wp-json\/wp\/v2\/comments?post=2349"}],"version-history":[{"count":4,"href":"https:\/\/facts-and-figures.belgiantrain.be\/2025\/wp-json\/wp\/v2\/pages\/2349\/revisions"}],"predecessor-version":[{"id":2967,"href":"https:\/\/facts-and-figures.belgiantrain.be\/2025\/wp-json\/wp\/v2\/pages\/2349\/revisions\/2967"}],"up":[{"embeddable":true,"href":"https:\/\/facts-and-figures.belgiantrain.be\/2025\/wp-json\/wp\/v2\/pages\/44"}],"wp:attachment":[{"href":"https:\/\/facts-and-figures.belgiantrain.be\/2025\/wp-json\/wp\/v2\/media?parent=2349"}],"curies":[{"name":"wp","href":"https:\/\/api.w.org\/{rel}","templated":true}]}}