{"id":2347,"date":"2026-03-30T13:02:16","date_gmt":"2026-03-30T11:02:16","guid":{"rendered":"https:\/\/facts-and-figures.belgiantrain.be\/2025\/?page_id=2347"},"modified":"2026-05-06T14:38:43","modified_gmt":"2026-05-06T12:38:43","slug":"moderniser-materiel-existant","status":"publish","type":"page","link":"https:\/\/facts-and-figures.belgiantrain.be\/2025\/offre\/moderniser-materiel-existant\/","title":{"rendered":"Moderniser le mat\u00e9riel existant"},"content":{"rendered":"","protected":false},"excerpt":{"rendered":"","protected":false},"author":2,"featured_media":0,"parent":44,"menu_order":24,"comment_status":"closed","ping_status":"closed","template":"","meta":{"_acf_changed":false,"footnotes":""},"class_list":["post-2347","page","type-page","status-publish","hentry"],"acf":{"contenu":[{"acf_fc_layout":"texte","texte":"<p>Parall\u00e8lement \u00e0 l\u2019arriv\u00e9e de<strong> nouveaux trains<\/strong>, la<strong> SNCB<\/strong> continue d\u2019investir dans la <strong>modernisation de son mat\u00e9riel existant<\/strong>.<\/p>\n<p>En<strong> 2025<\/strong>, un <strong>cap important<\/strong> a \u00e9t\u00e9 franchi dans la <strong>r\u00e9novation des voitures M6 : 250 voitures<\/strong> ont \u00e9t\u00e9 enti\u00e8rement modernis\u00e9es, soit <strong>plus de la moiti\u00e9<\/strong> d\u2019entre elles. Cette r\u00e9novation permet de <strong>prolonger la dur\u00e9e de vie du mat\u00e9riel<\/strong> tout en <strong>am\u00e9liorant le confort des voyageurs<\/strong>. D\u2019ici <strong>2029, l\u2019ensemble de ces voitures aura \u00e9t\u00e9 r\u00e9nov\u00e9<\/strong>.<\/p>\n<p>Dans le m\u00eame temps, la <strong>SNCB<\/strong> poursuit le <strong>retrait progressif de son mat\u00e9riel le plus ancien<\/strong>. Les <strong>derni\u00e8res voitures M4 et Benelux,<\/strong> ainsi que les<strong> locomotives types 21 et 27<\/strong>, ont \u00e9t\u00e9 mises <strong>hors service<\/strong>, contribuant \u00e0 rendre la flotte <strong>plus moderne, plus homog\u00e8ne et plus fiable<\/strong>.<\/p>\n","centre":false},{"acf_fc_layout":"media","media":"image","image":2812,"rive":"","size":"small","zoomable":false}]},"yoast_head":"<!-- This site is optimized with the Yoast SEO plugin v27.5 - https:\/\/yoast.com\/product\/yoast-seo-wordpress\/ -->\n<title>Moderniser le mat\u00e9riel existant - SNCB R\u00e9alisations et chiffres-cl\u00e9s<\/title>\n<meta name=\"description\" content=\"Parall\u00e8lement \u00e0 l\u2019arriv\u00e9e de nouveaux trains, la SNCB continue d\u2019investir dans la modernisation de son mat\u00e9riel existant.\" \/>\n<meta name=\"robots\" content=\"index, follow, max-snippet:-1, max-image-preview:large, max-video-preview:-1\" \/>\n<link rel=\"canonical\" href=\"https:\/\/facts-and-figures.belgiantrain.be\/2025\/offre\/moderniser-materiel-existant\/\" \/>\n<meta property=\"og:locale\" content=\"fr_FR\" \/>\n<meta property=\"og:type\" content=\"article\" \/>\n<meta property=\"og:title\" content=\"Moderniser le mat\u00e9riel existant - SNCB R\u00e9alisations et chiffres-cl\u00e9s\" \/>\n<meta property=\"og:description\" content=\"Parall\u00e8lement \u00e0 l\u2019arriv\u00e9e de nouveaux trains, la SNCB continue d\u2019investir dans la modernisation de son mat\u00e9riel existant.\" \/>\n<meta property=\"og:url\" content=\"https:\/\/facts-and-figures.belgiantrain.be\/2025\/offre\/moderniser-materiel-existant\/\" \/>\n<meta property=\"og:site_name\" content=\"SNCB R\u00e9alisations et chiffres-cl\u00e9s\" \/>\n<meta property=\"article:modified_time\" content=\"2026-05-06T12:38:43+00:00\" \/>\n<meta name=\"twitter:card\" content=\"summary_large_image\" \/>\n<script type=\"application\/ld+json\" class=\"yoast-schema-graph\">{\"@context\":\"https:\\\/\\\/schema.org\",\"@graph\":[{\"@type\":\"WebPage\",\"@id\":\"https:\\\/\\\/facts-and-figures.belgiantrain.be\\\/2025\\\/offre\\\/moderniser-materiel-existant\\\/\",\"url\":\"https:\\\/\\\/facts-and-figures.belgiantrain.be\\\/2025\\\/offre\\\/moderniser-materiel-existant\\\/\",\"name\":\"Moderniser le mat\u00e9riel existant - SNCB R\u00e9alisations et chiffres-cl\u00e9s\",\"isPartOf\":{\"@id\":\"https:\\\/\\\/facts-and-figures.belgiantrain.be\\\/2025\\\/#website\"},\"datePublished\":\"2026-03-30T11:02:16+00:00\",\"dateModified\":\"2026-05-06T12:38:43+00:00\",\"description\":\"Parall\u00e8lement \u00e0 l\u2019arriv\u00e9e de nouveaux trains, la SNCB continue d\u2019investir dans la modernisation de son mat\u00e9riel existant.\",\"breadcrumb\":{\"@id\":\"https:\\\/\\\/facts-and-figures.belgiantrain.be\\\/2025\\\/offre\\\/moderniser-materiel-existant\\\/#breadcrumb\"},\"inLanguage\":\"fr-FR\",\"potentialAction\":[{\"@type\":\"ReadAction\",\"target\":[\"https:\\\/\\\/facts-and-figures.belgiantrain.be\\\/2025\\\/offre\\\/moderniser-materiel-existant\\\/\"]}]},{\"@type\":\"BreadcrumbList\",\"@id\":\"https:\\\/\\\/facts-and-figures.belgiantrain.be\\\/2025\\\/offre\\\/moderniser-materiel-existant\\\/#breadcrumb\",\"itemListElement\":[{\"@type\":\"ListItem\",\"position\":1,\"name\":\"Accueil\",\"item\":\"https:\\\/\\\/facts-and-figures.belgiantrain.be\\\/2025\\\/\"},{\"@type\":\"ListItem\",\"position\":2,\"name\":\"Offre\",\"item\":\"https:\\\/\\\/facts-and-figures.belgiantrain.be\\\/2025\\\/offre\\\/\"},{\"@type\":\"ListItem\",\"position\":3,\"name\":\"Moderniser le mat\u00e9riel existant\"}]},{\"@type\":\"WebSite\",\"@id\":\"https:\\\/\\\/facts-and-figures.belgiantrain.be\\\/2025\\\/#website\",\"url\":\"https:\\\/\\\/facts-and-figures.belgiantrain.be\\\/2025\\\/\",\"name\":\"SNCB R\u00e9alisations et chiffres-cl\u00e9s 2024\",\"description\":\"\",\"publisher\":{\"@id\":\"https:\\\/\\\/facts-and-figures.belgiantrain.be\\\/2025\\\/#organization\"},\"potentialAction\":[{\"@type\":\"SearchAction\",\"target\":{\"@type\":\"EntryPoint\",\"urlTemplate\":\"https:\\\/\\\/facts-and-figures.belgiantrain.be\\\/2025\\\/?s={search_term_string}\"},\"query-input\":{\"@type\":\"PropertyValueSpecification\",\"valueRequired\":true,\"valueName\":\"search_term_string\"}}],\"inLanguage\":\"fr-FR\"},{\"@type\":\"Organization\",\"@id\":\"https:\\\/\\\/facts-and-figures.belgiantrain.be\\\/2025\\\/#organization\",\"name\":\"SNCB R\u00e9alisations et chiffres-cl\u00e9s 2024\",\"url\":\"https:\\\/\\\/facts-and-figures.belgiantrain.be\\\/2025\\\/\",\"logo\":{\"@type\":\"ImageObject\",\"inLanguage\":\"fr-FR\",\"@id\":\"https:\\\/\\\/facts-and-figures.belgiantrain.be\\\/2025\\\/#\\\/schema\\\/logo\\\/image\\\/\",\"url\":\"https:\\\/\\\/facts-and-figures.belgiantrain.be\\\/2025\\\/wp-content\\\/uploads\\\/2025\\\/04\\\/apple-touch-icon.png\",\"contentUrl\":\"https:\\\/\\\/facts-and-figures.belgiantrain.be\\\/2025\\\/wp-content\\\/uploads\\\/2025\\\/04\\\/apple-touch-icon.png\",\"width\":57,\"height\":57,\"caption\":\"SNCB R\u00e9alisations et chiffres-cl\u00e9s 2024\"},\"image\":{\"@id\":\"https:\\\/\\\/facts-and-figures.belgiantrain.be\\\/2025\\\/#\\\/schema\\\/logo\\\/image\\\/\"}}]}<\/script>\n<!-- \/ Yoast SEO plugin. -->","yoast_head_json":{"title":"Moderniser le mat\u00e9riel existant - SNCB R\u00e9alisations et chiffres-cl\u00e9s","description":"Parall\u00e8lement \u00e0 l\u2019arriv\u00e9e de nouveaux trains, la SNCB continue d\u2019investir dans la modernisation de son mat\u00e9riel existant.","robots":{"index":"index","follow":"follow","max-snippet":"max-snippet:-1","max-image-preview":"max-image-preview:large","max-video-preview":"max-video-preview:-1"},"canonical":"https:\/\/facts-and-figures.belgiantrain.be\/2025\/offre\/moderniser-materiel-existant\/","og_locale":"fr_FR","og_type":"article","og_title":"Moderniser le mat\u00e9riel existant - SNCB R\u00e9alisations et chiffres-cl\u00e9s","og_description":"Parall\u00e8lement \u00e0 l\u2019arriv\u00e9e de nouveaux trains, la SNCB continue d\u2019investir dans la modernisation de son mat\u00e9riel existant.","og_url":"https:\/\/facts-and-figures.belgiantrain.be\/2025\/offre\/moderniser-materiel-existant\/","og_site_name":"SNCB R\u00e9alisations et chiffres-cl\u00e9s","article_modified_time":"2026-05-06T12:38:43+00:00","twitter_card":"summary_large_image","schema":{"@context":"https:\/\/schema.org","@graph":[{"@type":"WebPage","@id":"https:\/\/facts-and-figures.belgiantrain.be\/2025\/offre\/moderniser-materiel-existant\/","url":"https:\/\/facts-and-figures.belgiantrain.be\/2025\/offre\/moderniser-materiel-existant\/","name":"Moderniser le mat\u00e9riel existant - SNCB R\u00e9alisations et chiffres-cl\u00e9s","isPartOf":{"@id":"https:\/\/facts-and-figures.belgiantrain.be\/2025\/#website"},"datePublished":"2026-03-30T11:02:16+00:00","dateModified":"2026-05-06T12:38:43+00:00","description":"Parall\u00e8lement \u00e0 l\u2019arriv\u00e9e de nouveaux trains, la SNCB continue d\u2019investir dans la modernisation de son mat\u00e9riel existant.","breadcrumb":{"@id":"https:\/\/facts-and-figures.belgiantrain.be\/2025\/offre\/moderniser-materiel-existant\/#breadcrumb"},"inLanguage":"fr-FR","potentialAction":[{"@type":"ReadAction","target":["https:\/\/facts-and-figures.belgiantrain.be\/2025\/offre\/moderniser-materiel-existant\/"]}]},{"@type":"BreadcrumbList","@id":"https:\/\/facts-and-figures.belgiantrain.be\/2025\/offre\/moderniser-materiel-existant\/#breadcrumb","itemListElement":[{"@type":"ListItem","position":1,"name":"Accueil","item":"https:\/\/facts-and-figures.belgiantrain.be\/2025\/"},{"@type":"ListItem","position":2,"name":"Offre","item":"https:\/\/facts-and-figures.belgiantrain.be\/2025\/offre\/"},{"@type":"ListItem","position":3,"name":"Moderniser le mat\u00e9riel existant"}]},{"@type":"WebSite","@id":"https:\/\/facts-and-figures.belgiantrain.be\/2025\/#website","url":"https:\/\/facts-and-figures.belgiantrain.be\/2025\/","name":"SNCB R\u00e9alisations et chiffres-cl\u00e9s 2024","description":"","publisher":{"@id":"https:\/\/facts-and-figures.belgiantrain.be\/2025\/#organization"},"potentialAction":[{"@type":"SearchAction","target":{"@type":"EntryPoint","urlTemplate":"https:\/\/facts-and-figures.belgiantrain.be\/2025\/?s={search_term_string}"},"query-input":{"@type":"PropertyValueSpecification","valueRequired":true,"valueName":"search_term_string"}}],"inLanguage":"fr-FR"},{"@type":"Organization","@id":"https:\/\/facts-and-figures.belgiantrain.be\/2025\/#organization","name":"SNCB R\u00e9alisations et chiffres-cl\u00e9s 2024","url":"https:\/\/facts-and-figures.belgiantrain.be\/2025\/","logo":{"@type":"ImageObject","inLanguage":"fr-FR","@id":"https:\/\/facts-and-figures.belgiantrain.be\/2025\/#\/schema\/logo\/image\/","url":"https:\/\/facts-and-figures.belgiantrain.be\/2025\/wp-content\/uploads\/2025\/04\/apple-touch-icon.png","contentUrl":"https:\/\/facts-and-figures.belgiantrain.be\/2025\/wp-content\/uploads\/2025\/04\/apple-touch-icon.png","width":57,"height":57,"caption":"SNCB R\u00e9alisations et chiffres-cl\u00e9s 2024"},"image":{"@id":"https:\/\/facts-and-figures.belgiantrain.be\/2025\/#\/schema\/logo\/image\/"}}]}},"_links":{"self":[{"href":"https:\/\/facts-and-figures.belgiantrain.be\/2025\/wp-json\/wp\/v2\/pages\/2347","targetHints":{"allow":["GET"]}}],"collection":[{"href":"https:\/\/facts-and-figures.belgiantrain.be\/2025\/wp-json\/wp\/v2\/pages"}],"about":[{"href":"https:\/\/facts-and-figures.belgiantrain.be\/2025\/wp-json\/wp\/v2\/types\/page"}],"author":[{"embeddable":true,"href":"https:\/\/facts-and-figures.belgiantrain.be\/2025\/wp-json\/wp\/v2\/users\/2"}],"replies":[{"embeddable":true,"href":"https:\/\/facts-and-figures.belgiantrain.be\/2025\/wp-json\/wp\/v2\/comments?post=2347"}],"version-history":[{"count":5,"href":"https:\/\/facts-and-figures.belgiantrain.be\/2025\/wp-json\/wp\/v2\/pages\/2347\/revisions"}],"predecessor-version":[{"id":2960,"href":"https:\/\/facts-and-figures.belgiantrain.be\/2025\/wp-json\/wp\/v2\/pages\/2347\/revisions\/2960"}],"up":[{"embeddable":true,"href":"https:\/\/facts-and-figures.belgiantrain.be\/2025\/wp-json\/wp\/v2\/pages\/44"}],"wp:attachment":[{"href":"https:\/\/facts-and-figures.belgiantrain.be\/2025\/wp-json\/wp\/v2\/media?parent=2347"}],"curies":[{"name":"wp","href":"https:\/\/api.w.org\/{rel}","templated":true}]}}