{"id":2345,"date":"2026-03-30T13:01:21","date_gmt":"2026-03-30T11:01:21","guid":{"rendered":"https:\/\/facts-and-figures.belgiantrain.be\/2025\/?page_id=2345"},"modified":"2026-05-06T11:09:50","modified_gmt":"2026-05-06T09:09:50","slug":"materiel-roulant-pleine-metamorphose","status":"publish","type":"page","link":"https:\/\/facts-and-figures.belgiantrain.be\/2025\/offre\/materiel-roulant-pleine-metamorphose\/","title":{"rendered":"Du mat\u00e9riel roulant en pleine m\u00e9tamorphose"},"content":{"rendered":"","protected":false},"excerpt":{"rendered":"","protected":false},"author":2,"featured_media":0,"parent":44,"menu_order":23,"comment_status":"closed","ping_status":"closed","template":"","meta":{"_acf_changed":false,"footnotes":""},"class_list":["post-2345","page","type-page","status-publish","hentry"],"acf":{"contenu":[{"acf_fc_layout":"texte","texte":"<p>En 2025, la SNCB a poursuivi la<strong> modernisation progressive de sa flotte<\/strong> afin de transporter ses voyageurs dans des trains <strong>plus fiables et plus confortables<\/strong>. Cette \u00e9volution s\u2019inscrit dans une <strong>strat\u00e9gie de long terme<\/strong>, visant \u00e0 disposer d\u2019une flotte plus homog\u00e8ne et mieux adapt\u00e9e aux besoins actuels et futurs des voyageurs.<\/p>\n<p>La <strong>livraison des voitures M7 \u00e0 double \u00e9tage s\u2019est poursuivie \u00e0 un rythme soutenu<\/strong>. \u00c0 la fin de l\u2019ann\u00e9e 2025,<strong> 655 voitures avaient \u00e9t\u00e9 livr\u00e9es<\/strong>, dont <strong>52 voitures accessibles de mani\u00e8re autonome<\/strong> pour les personnes \u00e0 mobilit\u00e9 r\u00e9duite. Ces voitures offrent davantage de places assises, des espaces plus confortables et des \u00e9quipements modernes r\u00e9pondant aux standards actuels d\u2019information des voyageurs.<\/p>\n<p>Au total, <strong>751 voitures M7 seront mises en service d\u2019ici fin 2026<\/strong>.<\/p>\n","centre":false},{"acf_fc_layout":"media","media":"image","image":2809,"rive":"","size":"small","zoomable":false}]},"yoast_head":"<!-- This site is optimized with the Yoast SEO plugin v27.5 - https:\/\/yoast.com\/product\/yoast-seo-wordpress\/ -->\n<title>Du mat\u00e9riel roulant en pleine m\u00e9tamorphose - SNCB R\u00e9alisations et chiffres-cl\u00e9s<\/title>\n<meta name=\"description\" content=\"En 2025, la SNCB a poursuivi la modernisation progressive de sa flotte afin de transporter ses voyageurs dans des trains plus fiables et plus confortables.\" \/>\n<meta name=\"robots\" content=\"index, follow, max-snippet:-1, max-image-preview:large, max-video-preview:-1\" \/>\n<link rel=\"canonical\" href=\"https:\/\/facts-and-figures.belgiantrain.be\/2025\/offre\/materiel-roulant-pleine-metamorphose\/\" \/>\n<meta property=\"og:locale\" content=\"fr_FR\" \/>\n<meta property=\"og:type\" content=\"article\" \/>\n<meta property=\"og:title\" content=\"Du mat\u00e9riel roulant en pleine m\u00e9tamorphose - SNCB R\u00e9alisations et chiffres-cl\u00e9s\" \/>\n<meta property=\"og:description\" content=\"En 2025, la SNCB a poursuivi la modernisation progressive de sa flotte afin de transporter ses voyageurs dans des trains plus fiables et plus confortables.\" \/>\n<meta property=\"og:url\" content=\"https:\/\/facts-and-figures.belgiantrain.be\/2025\/offre\/materiel-roulant-pleine-metamorphose\/\" \/>\n<meta property=\"og:site_name\" content=\"SNCB R\u00e9alisations et chiffres-cl\u00e9s\" \/>\n<meta property=\"article:modified_time\" content=\"2026-05-06T09:09:50+00:00\" \/>\n<meta name=\"twitter:card\" content=\"summary_large_image\" \/>\n<script type=\"application\/ld+json\" class=\"yoast-schema-graph\">{\"@context\":\"https:\\\/\\\/schema.org\",\"@graph\":[{\"@type\":\"WebPage\",\"@id\":\"https:\\\/\\\/facts-and-figures.belgiantrain.be\\\/2025\\\/offre\\\/materiel-roulant-pleine-metamorphose\\\/\",\"url\":\"https:\\\/\\\/facts-and-figures.belgiantrain.be\\\/2025\\\/offre\\\/materiel-roulant-pleine-metamorphose\\\/\",\"name\":\"Du mat\u00e9riel roulant en pleine m\u00e9tamorphose - SNCB R\u00e9alisations et chiffres-cl\u00e9s\",\"isPartOf\":{\"@id\":\"https:\\\/\\\/facts-and-figures.belgiantrain.be\\\/2025\\\/#website\"},\"datePublished\":\"2026-03-30T11:01:21+00:00\",\"dateModified\":\"2026-05-06T09:09:50+00:00\",\"description\":\"En 2025, la SNCB a poursuivi la modernisation progressive de sa flotte afin de transporter ses voyageurs dans des trains plus fiables et plus confortables.\",\"breadcrumb\":{\"@id\":\"https:\\\/\\\/facts-and-figures.belgiantrain.be\\\/2025\\\/offre\\\/materiel-roulant-pleine-metamorphose\\\/#breadcrumb\"},\"inLanguage\":\"fr-FR\",\"potentialAction\":[{\"@type\":\"ReadAction\",\"target\":[\"https:\\\/\\\/facts-and-figures.belgiantrain.be\\\/2025\\\/offre\\\/materiel-roulant-pleine-metamorphose\\\/\"]}]},{\"@type\":\"BreadcrumbList\",\"@id\":\"https:\\\/\\\/facts-and-figures.belgiantrain.be\\\/2025\\\/offre\\\/materiel-roulant-pleine-metamorphose\\\/#breadcrumb\",\"itemListElement\":[{\"@type\":\"ListItem\",\"position\":1,\"name\":\"Accueil\",\"item\":\"https:\\\/\\\/facts-and-figures.belgiantrain.be\\\/2025\\\/\"},{\"@type\":\"ListItem\",\"position\":2,\"name\":\"Offre\",\"item\":\"https:\\\/\\\/facts-and-figures.belgiantrain.be\\\/2025\\\/offre\\\/\"},{\"@type\":\"ListItem\",\"position\":3,\"name\":\"Du mat\u00e9riel roulant en pleine m\u00e9tamorphose\"}]},{\"@type\":\"WebSite\",\"@id\":\"https:\\\/\\\/facts-and-figures.belgiantrain.be\\\/2025\\\/#website\",\"url\":\"https:\\\/\\\/facts-and-figures.belgiantrain.be\\\/2025\\\/\",\"name\":\"SNCB R\u00e9alisations et chiffres-cl\u00e9s 2024\",\"description\":\"\",\"publisher\":{\"@id\":\"https:\\\/\\\/facts-and-figures.belgiantrain.be\\\/2025\\\/#organization\"},\"potentialAction\":[{\"@type\":\"SearchAction\",\"target\":{\"@type\":\"EntryPoint\",\"urlTemplate\":\"https:\\\/\\\/facts-and-figures.belgiantrain.be\\\/2025\\\/?s={search_term_string}\"},\"query-input\":{\"@type\":\"PropertyValueSpecification\",\"valueRequired\":true,\"valueName\":\"search_term_string\"}}],\"inLanguage\":\"fr-FR\"},{\"@type\":\"Organization\",\"@id\":\"https:\\\/\\\/facts-and-figures.belgiantrain.be\\\/2025\\\/#organization\",\"name\":\"SNCB R\u00e9alisations et chiffres-cl\u00e9s 2024\",\"url\":\"https:\\\/\\\/facts-and-figures.belgiantrain.be\\\/2025\\\/\",\"logo\":{\"@type\":\"ImageObject\",\"inLanguage\":\"fr-FR\",\"@id\":\"https:\\\/\\\/facts-and-figures.belgiantrain.be\\\/2025\\\/#\\\/schema\\\/logo\\\/image\\\/\",\"url\":\"https:\\\/\\\/facts-and-figures.belgiantrain.be\\\/2025\\\/wp-content\\\/uploads\\\/2025\\\/04\\\/apple-touch-icon.png\",\"contentUrl\":\"https:\\\/\\\/facts-and-figures.belgiantrain.be\\\/2025\\\/wp-content\\\/uploads\\\/2025\\\/04\\\/apple-touch-icon.png\",\"width\":57,\"height\":57,\"caption\":\"SNCB R\u00e9alisations et chiffres-cl\u00e9s 2024\"},\"image\":{\"@id\":\"https:\\\/\\\/facts-and-figures.belgiantrain.be\\\/2025\\\/#\\\/schema\\\/logo\\\/image\\\/\"}}]}<\/script>\n<!-- \/ Yoast SEO plugin. -->","yoast_head_json":{"title":"Du mat\u00e9riel roulant en pleine m\u00e9tamorphose - SNCB R\u00e9alisations et chiffres-cl\u00e9s","description":"En 2025, la SNCB a poursuivi la modernisation progressive de sa flotte afin de transporter ses voyageurs dans des trains plus fiables et plus confortables.","robots":{"index":"index","follow":"follow","max-snippet":"max-snippet:-1","max-image-preview":"max-image-preview:large","max-video-preview":"max-video-preview:-1"},"canonical":"https:\/\/facts-and-figures.belgiantrain.be\/2025\/offre\/materiel-roulant-pleine-metamorphose\/","og_locale":"fr_FR","og_type":"article","og_title":"Du mat\u00e9riel roulant en pleine m\u00e9tamorphose - SNCB R\u00e9alisations et chiffres-cl\u00e9s","og_description":"En 2025, la SNCB a poursuivi la modernisation progressive de sa flotte afin de transporter ses voyageurs dans des trains plus fiables et plus confortables.","og_url":"https:\/\/facts-and-figures.belgiantrain.be\/2025\/offre\/materiel-roulant-pleine-metamorphose\/","og_site_name":"SNCB R\u00e9alisations et chiffres-cl\u00e9s","article_modified_time":"2026-05-06T09:09:50+00:00","twitter_card":"summary_large_image","schema":{"@context":"https:\/\/schema.org","@graph":[{"@type":"WebPage","@id":"https:\/\/facts-and-figures.belgiantrain.be\/2025\/offre\/materiel-roulant-pleine-metamorphose\/","url":"https:\/\/facts-and-figures.belgiantrain.be\/2025\/offre\/materiel-roulant-pleine-metamorphose\/","name":"Du mat\u00e9riel roulant en pleine m\u00e9tamorphose - SNCB R\u00e9alisations et chiffres-cl\u00e9s","isPartOf":{"@id":"https:\/\/facts-and-figures.belgiantrain.be\/2025\/#website"},"datePublished":"2026-03-30T11:01:21+00:00","dateModified":"2026-05-06T09:09:50+00:00","description":"En 2025, la SNCB a poursuivi la modernisation progressive de sa flotte afin de transporter ses voyageurs dans des trains plus fiables et plus confortables.","breadcrumb":{"@id":"https:\/\/facts-and-figures.belgiantrain.be\/2025\/offre\/materiel-roulant-pleine-metamorphose\/#breadcrumb"},"inLanguage":"fr-FR","potentialAction":[{"@type":"ReadAction","target":["https:\/\/facts-and-figures.belgiantrain.be\/2025\/offre\/materiel-roulant-pleine-metamorphose\/"]}]},{"@type":"BreadcrumbList","@id":"https:\/\/facts-and-figures.belgiantrain.be\/2025\/offre\/materiel-roulant-pleine-metamorphose\/#breadcrumb","itemListElement":[{"@type":"ListItem","position":1,"name":"Accueil","item":"https:\/\/facts-and-figures.belgiantrain.be\/2025\/"},{"@type":"ListItem","position":2,"name":"Offre","item":"https:\/\/facts-and-figures.belgiantrain.be\/2025\/offre\/"},{"@type":"ListItem","position":3,"name":"Du mat\u00e9riel roulant en pleine m\u00e9tamorphose"}]},{"@type":"WebSite","@id":"https:\/\/facts-and-figures.belgiantrain.be\/2025\/#website","url":"https:\/\/facts-and-figures.belgiantrain.be\/2025\/","name":"SNCB R\u00e9alisations et chiffres-cl\u00e9s 2024","description":"","publisher":{"@id":"https:\/\/facts-and-figures.belgiantrain.be\/2025\/#organization"},"potentialAction":[{"@type":"SearchAction","target":{"@type":"EntryPoint","urlTemplate":"https:\/\/facts-and-figures.belgiantrain.be\/2025\/?s={search_term_string}"},"query-input":{"@type":"PropertyValueSpecification","valueRequired":true,"valueName":"search_term_string"}}],"inLanguage":"fr-FR"},{"@type":"Organization","@id":"https:\/\/facts-and-figures.belgiantrain.be\/2025\/#organization","name":"SNCB R\u00e9alisations et chiffres-cl\u00e9s 2024","url":"https:\/\/facts-and-figures.belgiantrain.be\/2025\/","logo":{"@type":"ImageObject","inLanguage":"fr-FR","@id":"https:\/\/facts-and-figures.belgiantrain.be\/2025\/#\/schema\/logo\/image\/","url":"https:\/\/facts-and-figures.belgiantrain.be\/2025\/wp-content\/uploads\/2025\/04\/apple-touch-icon.png","contentUrl":"https:\/\/facts-and-figures.belgiantrain.be\/2025\/wp-content\/uploads\/2025\/04\/apple-touch-icon.png","width":57,"height":57,"caption":"SNCB R\u00e9alisations et chiffres-cl\u00e9s 2024"},"image":{"@id":"https:\/\/facts-and-figures.belgiantrain.be\/2025\/#\/schema\/logo\/image\/"}}]}},"_links":{"self":[{"href":"https:\/\/facts-and-figures.belgiantrain.be\/2025\/wp-json\/wp\/v2\/pages\/2345","targetHints":{"allow":["GET"]}}],"collection":[{"href":"https:\/\/facts-and-figures.belgiantrain.be\/2025\/wp-json\/wp\/v2\/pages"}],"about":[{"href":"https:\/\/facts-and-figures.belgiantrain.be\/2025\/wp-json\/wp\/v2\/types\/page"}],"author":[{"embeddable":true,"href":"https:\/\/facts-and-figures.belgiantrain.be\/2025\/wp-json\/wp\/v2\/users\/2"}],"replies":[{"embeddable":true,"href":"https:\/\/facts-and-figures.belgiantrain.be\/2025\/wp-json\/wp\/v2\/comments?post=2345"}],"version-history":[{"count":5,"href":"https:\/\/facts-and-figures.belgiantrain.be\/2025\/wp-json\/wp\/v2\/pages\/2345\/revisions"}],"predecessor-version":[{"id":2959,"href":"https:\/\/facts-and-figures.belgiantrain.be\/2025\/wp-json\/wp\/v2\/pages\/2345\/revisions\/2959"}],"up":[{"embeddable":true,"href":"https:\/\/facts-and-figures.belgiantrain.be\/2025\/wp-json\/wp\/v2\/pages\/44"}],"wp:attachment":[{"href":"https:\/\/facts-and-figures.belgiantrain.be\/2025\/wp-json\/wp\/v2\/media?parent=2345"}],"curies":[{"name":"wp","href":"https:\/\/api.w.org\/{rel}","templated":true}]}}