{"id":2253,"date":"2026-03-09T10:07:02","date_gmt":"2026-03-09T09:07:02","guid":{"rendered":"https:\/\/facts-and-figures.belgiantrain.be\/2025\/welkom\/financiele-kerncijfers-2024\/"},"modified":"2026-05-07T08:19:02","modified_gmt":"2026-05-07T06:19:02","slug":"financiele-kerncijfers-2025","status":"publish","type":"page","link":"https:\/\/facts-and-figures.belgiantrain.be\/2025\/nl\/welkom\/financiele-kerncijfers-2025\/","title":{"rendered":"Financi\u00eble kerncijfers 2025"},"content":{"rendered":"","protected":false},"excerpt":{"rendered":"","protected":false},"author":2,"featured_media":0,"parent":256,"menu_order":65,"comment_status":"closed","ping_status":"closed","template":"","meta":{"_acf_changed":false,"footnotes":""},"class_list":["post-2253","page","type-page","status-publish","hentry"],"acf":{"contenu":[{"acf_fc_layout":"texte","texte":"<p data-start=\"147\" data-end=\"340\">In 2025 bedraagt het <strong data-start=\"168\" data-end=\"241\">operationeel resultaat (recurrente EBITDA) van NMBS 54,2 miljoen euro<\/strong> (tegenover <strong data-start=\"253\" data-end=\"283\">131,6 miljoen euro in 2024<\/strong>). Deze daling heeft te maken met verschillende factoren.<\/p>\n<p data-start=\"342\" data-end=\"636\">De stijging van de inkomsten \u2013 voornamelijk dankzij het toegenomen aantal reizigers \u2013 en de daling van de kosten, blijven op dit moment onder de hypothesen waarop de in 2022 vastgelegde contractuele exploitatievergoeding van de Staat werd vastgesteld voor 2025, namelijk, <strong data-start=\"614\" data-end=\"635\">-100 miljoen euro<\/strong>.<\/p>\n<p data-start=\"638\" data-end=\"899\">Hieraan moet een <strong data-start=\"655\" data-end=\"728\">negatief financieel effect als gevolg van de 27 stakingsdagen in 2025<\/strong> worden toegevoegd. Deze hebben geleid tot een <strong data-start=\"775\" data-end=\"855\">inkomstenverlies door een lagere ticketverkoop (ongeveer -2 miljoen tickets)<\/strong>, dat hoger ligt dan de uitgespaarde kosten.<\/p>\n<p data-start=\"901\" data-end=\"1274\">De economische schuld daalde in 2025 verder tot <strong data-start=\"949\" data-end=\"971\">1,532 miljard euro<\/strong> (tegenover <strong data-start=\"983\" data-end=\"1013\">2,146 miljard euro in 2024<\/strong>). Dit bijzonder lage schuldniveau is grotendeels toe te schrijven aan <strong data-start=\"1084\" data-end=\"1145\">tijdelijke vertragingen en uitstel in grote investeringen<\/strong>, maar blijft ook verbeteren dankzij <strong data-start=\"1182\" data-end=\"1232\">sterke operationele resultaten in 2023 en 2024<\/strong> en een <strong data-start=\"1240\" data-end=\"1273\">beheersing van de rentelasten<\/strong>.<\/p>\n<h2 data-section-id=\"159t1cy\" data-start=\"1281\" data-end=\"1332\"><span role=\"text\"><strong data-start=\"1285\" data-end=\"1332\">Meer dan 820 miljoen euro aan investeringen<\/strong><\/span><\/h2>\n<p data-start=\"1334\" data-end=\"1448\">Ondanks de besparingen (<strong data-start=\"1358\" data-end=\"1404\">675 miljoen euro over de periode 2025-2029<\/strong>), heeft NMBS haar investeringen voortgezet.<\/p>\n<p data-start=\"1450\" data-end=\"1653\">Wat het rollend materieel betreft, werd <strong data-start=\"1490\" data-end=\"1532\">meer dan 350 miljoen euro ge\u00efnvesteerd<\/strong>, met onder meer de <strong data-start=\"1552\" data-end=\"1592\">levering van 130 nieuwe M7-rijtuigen<\/strong>, de revisie van M6-rijtuigen en de installatie van <strong data-start=\"1644\" data-end=\"1652\">ETCS<\/strong>.<\/p>\n<p data-start=\"1655\" data-end=\"1731\">Er werd <strong data-start=\"1663\" data-end=\"1714\">213 miljoen euro ge\u00efnvesteerd in infrastructuur<\/strong>, met onder meer:<\/p>\n<ul data-start=\"1732\" data-end=\"1813\">\n<li data-section-id=\"1rm1bgk\" data-start=\"1732\" data-end=\"1772\"><strong data-start=\"1734\" data-end=\"1772\">212 stations met verhoogde perrons<\/strong><\/li>\n<li data-section-id=\"t5w8n5\" data-start=\"1773\" data-end=\"1813\"><strong data-start=\"1775\" data-end=\"1813\">132 stations autonoom toegankelijk<\/strong><\/li>\n<\/ul>\n<p data-start=\"1815\" data-end=\"1888\">Daarnaast investeerde NMBS <strong data-start=\"1842\" data-end=\"1887\">89 miljoen euro in onderhoudswerkplaatsen<\/strong>.<\/p>\n<p data-start=\"1890\" data-end=\"2034\">Tot slot werd <strong data-start=\"1904\" data-end=\"1955\">152 miljoen euro ge\u00efnvesteerd in digitalisering<\/strong>, met o.a. de integratie van <strong data-start=\"1984\" data-end=\"2033\">artifici\u00eble intelligentie in chatbot Mobi 2.0<\/strong>.<\/p>\n<p data-start=\"2041\" data-end=\"2151\">De Europese <strong data-start=\"2053\" data-end=\"2109\">RRF-financiering werd verhoogd tot 66,2 miljoen euro<\/strong>, voor toegankelijkheid en digitalisering.<\/p>\n<p data-start=\"2153\" data-end=\"2188\">Dit budget wordt o.a. ingezet voor:<\/p>\n<ul data-start=\"2189\" data-end=\"2345\">\n<li data-section-id=\"1d2ndig\" data-start=\"2189\" data-end=\"2220\"><strong data-start=\"2191\" data-end=\"2220\">9.000 extra fietsplaatsen<\/strong><\/li>\n<li data-section-id=\"2pv2ng\" data-start=\"2221\" data-end=\"2265\"><strong data-start=\"2223\" data-end=\"2265\">toegankelijkheidswerken in 27 stations<\/strong><\/li>\n<li data-section-id=\"ai8xki\" data-start=\"2266\" data-end=\"2345\">ontwikkeling van een <strong data-start=\"2289\" data-end=\"2315\">nieuwe multimodale app<\/strong> en betere reizigersinformatie<\/li>\n<\/ul>\n<p><img loading=\"lazy\" decoding=\"async\" class=\"alignnone size-medium wp-image-716\" src=\"https:\/\/facts-and-figures.belgiantrain.be\/2025\/wp-content\/uploads\/2025\/07\/RRF-NL-300x75.jpg\" alt=\"\" width=\"300\" height=\"75\" srcset=\"https:\/\/facts-and-figures.belgiantrain.be\/2025\/wp-content\/uploads\/2025\/07\/RRF-NL-300x75.jpg 300w, https:\/\/facts-and-figures.belgiantrain.be\/2025\/wp-content\/uploads\/2025\/07\/RRF-NL-1024x257.jpg 1024w, https:\/\/facts-and-figures.belgiantrain.be\/2025\/wp-content\/uploads\/2025\/07\/RRF-NL-768x193.jpg 768w, https:\/\/facts-and-figures.belgiantrain.be\/2025\/wp-content\/uploads\/2025\/07\/RRF-NL-1536x386.jpg 1536w, https:\/\/facts-and-figures.belgiantrain.be\/2025\/wp-content\/uploads\/2025\/07\/RRF-NL-2048x515.jpg 2048w\" sizes=\"auto, (max-width: 300px) 100vw, 300px\" \/><\/p>\n<p>&nbsp;<\/p>\n","centre":false},{"acf_fc_layout":"texte","texte":"<h2 style=\"text-align: center;\"><strong>Financi\u00eble kerncijfers<\/strong><\/h2>\n<h2 style=\"text-align: center;\"><strong>(Volgens IFRS-boekhoudnormen)<\/strong><\/h2>\n","centre":false},{"acf_fc_layout":"media","media":"rive","image":false,"rive":"1","size":"small","zoomable":false},{"acf_fc_layout":"media","media":"rive","image":false,"rive":"2","size":"small","zoomable":false}]},"yoast_head":"<!-- This site is optimized with the Yoast SEO plugin v27.5 - https:\/\/yoast.com\/product\/yoast-seo-wordpress\/ -->\n<title>Financi\u00eble kerncijfers 2025 - SNCB R\u00e9alisations et chiffres-cl\u00e9s<\/title>\n<meta name=\"robots\" content=\"index, follow, max-snippet:-1, max-image-preview:large, max-video-preview:-1\" \/>\n<link rel=\"canonical\" href=\"https:\/\/facts-and-figures.belgiantrain.be\/2025\/nl\/welkom\/financiele-kerncijfers-2025\/\" \/>\n<meta property=\"og:locale\" content=\"fr_FR\" \/>\n<meta property=\"og:type\" content=\"article\" \/>\n<meta property=\"og:title\" content=\"Financi\u00eble kerncijfers 2025 - SNCB R\u00e9alisations et chiffres-cl\u00e9s\" \/>\n<meta property=\"og:url\" content=\"https:\/\/facts-and-figures.belgiantrain.be\/2025\/nl\/welkom\/financiele-kerncijfers-2025\/\" \/>\n<meta property=\"og:site_name\" content=\"SNCB R\u00e9alisations et chiffres-cl\u00e9s\" \/>\n<meta property=\"article:modified_time\" content=\"2026-05-07T06:19:02+00:00\" \/>\n<meta name=\"twitter:card\" content=\"summary_large_image\" \/>\n<script type=\"application\/ld+json\" class=\"yoast-schema-graph\">{\"@context\":\"https:\\\/\\\/schema.org\",\"@graph\":[{\"@type\":\"WebPage\",\"@id\":\"https:\\\/\\\/facts-and-figures.belgiantrain.be\\\/2025\\\/nl\\\/welkom\\\/financiele-kerncijfers-2025\\\/\",\"url\":\"https:\\\/\\\/facts-and-figures.belgiantrain.be\\\/2025\\\/nl\\\/welkom\\\/financiele-kerncijfers-2025\\\/\",\"name\":\"Financi\u00eble kerncijfers 2025 - SNCB R\u00e9alisations et chiffres-cl\u00e9s\",\"isPartOf\":{\"@id\":\"https:\\\/\\\/facts-and-figures.belgiantrain.be\\\/2025\\\/#website\"},\"datePublished\":\"2026-03-09T09:07:02+00:00\",\"dateModified\":\"2026-05-07T06:19:02+00:00\",\"breadcrumb\":{\"@id\":\"https:\\\/\\\/facts-and-figures.belgiantrain.be\\\/2025\\\/nl\\\/welkom\\\/financiele-kerncijfers-2025\\\/#breadcrumb\"},\"inLanguage\":\"fr-FR\",\"potentialAction\":[{\"@type\":\"ReadAction\",\"target\":[\"https:\\\/\\\/facts-and-figures.belgiantrain.be\\\/2025\\\/nl\\\/welkom\\\/financiele-kerncijfers-2025\\\/\"]}]},{\"@type\":\"BreadcrumbList\",\"@id\":\"https:\\\/\\\/facts-and-figures.belgiantrain.be\\\/2025\\\/nl\\\/welkom\\\/financiele-kerncijfers-2025\\\/#breadcrumb\",\"itemListElement\":[{\"@type\":\"ListItem\",\"position\":1,\"name\":\"Accueil\",\"item\":\"https:\\\/\\\/facts-and-figures.belgiantrain.be\\\/2025\\\/\"},{\"@type\":\"ListItem\",\"position\":2,\"name\":\"Overzicht 2025\",\"item\":\"https:\\\/\\\/facts-and-figures.belgiantrain.be\\\/2025\\\/nl\\\/\"},{\"@type\":\"ListItem\",\"position\":3,\"name\":\"Financi\u00eble kerncijfers 2025\"}]},{\"@type\":\"WebSite\",\"@id\":\"https:\\\/\\\/facts-and-figures.belgiantrain.be\\\/2025\\\/#website\",\"url\":\"https:\\\/\\\/facts-and-figures.belgiantrain.be\\\/2025\\\/\",\"name\":\"SNCB R\u00e9alisations et chiffres-cl\u00e9s 2024\",\"description\":\"\",\"publisher\":{\"@id\":\"https:\\\/\\\/facts-and-figures.belgiantrain.be\\\/2025\\\/#organization\"},\"potentialAction\":[{\"@type\":\"SearchAction\",\"target\":{\"@type\":\"EntryPoint\",\"urlTemplate\":\"https:\\\/\\\/facts-and-figures.belgiantrain.be\\\/2025\\\/?s={search_term_string}\"},\"query-input\":{\"@type\":\"PropertyValueSpecification\",\"valueRequired\":true,\"valueName\":\"search_term_string\"}}],\"inLanguage\":\"fr-FR\"},{\"@type\":\"Organization\",\"@id\":\"https:\\\/\\\/facts-and-figures.belgiantrain.be\\\/2025\\\/#organization\",\"name\":\"SNCB R\u00e9alisations et chiffres-cl\u00e9s 2024\",\"url\":\"https:\\\/\\\/facts-and-figures.belgiantrain.be\\\/2025\\\/\",\"logo\":{\"@type\":\"ImageObject\",\"inLanguage\":\"fr-FR\",\"@id\":\"https:\\\/\\\/facts-and-figures.belgiantrain.be\\\/2025\\\/#\\\/schema\\\/logo\\\/image\\\/\",\"url\":\"https:\\\/\\\/facts-and-figures.belgiantrain.be\\\/2025\\\/wp-content\\\/uploads\\\/2025\\\/04\\\/apple-touch-icon.png\",\"contentUrl\":\"https:\\\/\\\/facts-and-figures.belgiantrain.be\\\/2025\\\/wp-content\\\/uploads\\\/2025\\\/04\\\/apple-touch-icon.png\",\"width\":57,\"height\":57,\"caption\":\"SNCB R\u00e9alisations et chiffres-cl\u00e9s 2024\"},\"image\":{\"@id\":\"https:\\\/\\\/facts-and-figures.belgiantrain.be\\\/2025\\\/#\\\/schema\\\/logo\\\/image\\\/\"}}]}<\/script>\n<!-- \/ Yoast SEO plugin. -->","yoast_head_json":{"title":"Financi\u00eble kerncijfers 2025 - SNCB R\u00e9alisations et chiffres-cl\u00e9s","robots":{"index":"index","follow":"follow","max-snippet":"max-snippet:-1","max-image-preview":"max-image-preview:large","max-video-preview":"max-video-preview:-1"},"canonical":"https:\/\/facts-and-figures.belgiantrain.be\/2025\/nl\/welkom\/financiele-kerncijfers-2025\/","og_locale":"fr_FR","og_type":"article","og_title":"Financi\u00eble kerncijfers 2025 - SNCB R\u00e9alisations et chiffres-cl\u00e9s","og_url":"https:\/\/facts-and-figures.belgiantrain.be\/2025\/nl\/welkom\/financiele-kerncijfers-2025\/","og_site_name":"SNCB R\u00e9alisations et chiffres-cl\u00e9s","article_modified_time":"2026-05-07T06:19:02+00:00","twitter_card":"summary_large_image","schema":{"@context":"https:\/\/schema.org","@graph":[{"@type":"WebPage","@id":"https:\/\/facts-and-figures.belgiantrain.be\/2025\/nl\/welkom\/financiele-kerncijfers-2025\/","url":"https:\/\/facts-and-figures.belgiantrain.be\/2025\/nl\/welkom\/financiele-kerncijfers-2025\/","name":"Financi\u00eble kerncijfers 2025 - SNCB R\u00e9alisations et chiffres-cl\u00e9s","isPartOf":{"@id":"https:\/\/facts-and-figures.belgiantrain.be\/2025\/#website"},"datePublished":"2026-03-09T09:07:02+00:00","dateModified":"2026-05-07T06:19:02+00:00","breadcrumb":{"@id":"https:\/\/facts-and-figures.belgiantrain.be\/2025\/nl\/welkom\/financiele-kerncijfers-2025\/#breadcrumb"},"inLanguage":"fr-FR","potentialAction":[{"@type":"ReadAction","target":["https:\/\/facts-and-figures.belgiantrain.be\/2025\/nl\/welkom\/financiele-kerncijfers-2025\/"]}]},{"@type":"BreadcrumbList","@id":"https:\/\/facts-and-figures.belgiantrain.be\/2025\/nl\/welkom\/financiele-kerncijfers-2025\/#breadcrumb","itemListElement":[{"@type":"ListItem","position":1,"name":"Accueil","item":"https:\/\/facts-and-figures.belgiantrain.be\/2025\/"},{"@type":"ListItem","position":2,"name":"Overzicht 2025","item":"https:\/\/facts-and-figures.belgiantrain.be\/2025\/nl\/"},{"@type":"ListItem","position":3,"name":"Financi\u00eble kerncijfers 2025"}]},{"@type":"WebSite","@id":"https:\/\/facts-and-figures.belgiantrain.be\/2025\/#website","url":"https:\/\/facts-and-figures.belgiantrain.be\/2025\/","name":"SNCB R\u00e9alisations et chiffres-cl\u00e9s 2024","description":"","publisher":{"@id":"https:\/\/facts-and-figures.belgiantrain.be\/2025\/#organization"},"potentialAction":[{"@type":"SearchAction","target":{"@type":"EntryPoint","urlTemplate":"https:\/\/facts-and-figures.belgiantrain.be\/2025\/?s={search_term_string}"},"query-input":{"@type":"PropertyValueSpecification","valueRequired":true,"valueName":"search_term_string"}}],"inLanguage":"fr-FR"},{"@type":"Organization","@id":"https:\/\/facts-and-figures.belgiantrain.be\/2025\/#organization","name":"SNCB R\u00e9alisations et chiffres-cl\u00e9s 2024","url":"https:\/\/facts-and-figures.belgiantrain.be\/2025\/","logo":{"@type":"ImageObject","inLanguage":"fr-FR","@id":"https:\/\/facts-and-figures.belgiantrain.be\/2025\/#\/schema\/logo\/image\/","url":"https:\/\/facts-and-figures.belgiantrain.be\/2025\/wp-content\/uploads\/2025\/04\/apple-touch-icon.png","contentUrl":"https:\/\/facts-and-figures.belgiantrain.be\/2025\/wp-content\/uploads\/2025\/04\/apple-touch-icon.png","width":57,"height":57,"caption":"SNCB R\u00e9alisations et chiffres-cl\u00e9s 2024"},"image":{"@id":"https:\/\/facts-and-figures.belgiantrain.be\/2025\/#\/schema\/logo\/image\/"}}]}},"_links":{"self":[{"href":"https:\/\/facts-and-figures.belgiantrain.be\/2025\/wp-json\/wp\/v2\/pages\/2253","targetHints":{"allow":["GET"]}}],"collection":[{"href":"https:\/\/facts-and-figures.belgiantrain.be\/2025\/wp-json\/wp\/v2\/pages"}],"about":[{"href":"https:\/\/facts-and-figures.belgiantrain.be\/2025\/wp-json\/wp\/v2\/types\/page"}],"author":[{"embeddable":true,"href":"https:\/\/facts-and-figures.belgiantrain.be\/2025\/wp-json\/wp\/v2\/users\/2"}],"replies":[{"embeddable":true,"href":"https:\/\/facts-and-figures.belgiantrain.be\/2025\/wp-json\/wp\/v2\/comments?post=2253"}],"version-history":[{"count":9,"href":"https:\/\/facts-and-figures.belgiantrain.be\/2025\/wp-json\/wp\/v2\/pages\/2253\/revisions"}],"predecessor-version":[{"id":2997,"href":"https:\/\/facts-and-figures.belgiantrain.be\/2025\/wp-json\/wp\/v2\/pages\/2253\/revisions\/2997"}],"up":[{"embeddable":true,"href":"https:\/\/facts-and-figures.belgiantrain.be\/2025\/wp-json\/wp\/v2\/pages\/256"}],"wp:attachment":[{"href":"https:\/\/facts-and-figures.belgiantrain.be\/2025\/wp-json\/wp\/v2\/media?parent=2253"}],"curies":[{"name":"wp","href":"https:\/\/api.w.org\/{rel}","templated":true}]}}