{"id":2249,"date":"2026-03-09T10:07:02","date_gmt":"2026-03-09T09:07:02","guid":{"rendered":"https:\/\/facts-and-figures.belgiantrain.be\/2025\/voyageurs\/la-satisfaction-clients-reste-stable\/"},"modified":"2026-04-29T09:25:53","modified_gmt":"2026-04-29T07:25:53","slug":"lancement-abonnement-flex-parking","status":"publish","type":"page","link":"https:\/\/facts-and-figures.belgiantrain.be\/2025\/voyageurs\/lancement-abonnement-flex-parking\/","title":{"rendered":"Le lancement de l\u2019abonnement Flex Parking"},"content":{"rendered":"","protected":false},"excerpt":{"rendered":"","protected":false},"author":2,"featured_media":0,"parent":38,"menu_order":12,"comment_status":"closed","ping_status":"closed","template":"","meta":{"_acf_changed":false,"footnotes":""},"class_list":["post-2249","page","type-page","status-publish","hentry"],"acf":{"contenu":[{"acf_fc_layout":"texte","texte":"<p>Aujourd\u2019hui, <strong>plus de 70 % des abonn\u00e9s peuvent t\u00e9l\u00e9travailler et la majorit\u00e9 d\u2019entre eux y a droit \u00e0 raison de trois jours par semaine<\/strong>. Pour r\u00e9pondre \u00e0 cette \u00e9volution, la SNCB a lanc\u00e9 en 2023 le Flex Abonnement, destin\u00e9 aux personnes qui se rendent sur leur lieu de travail deux ou trois fois par semaine. Les navetteurs sont de plus en plus nombreux \u00e0 opter pour cette formule adapt\u00e9e \u00e0 leurs besoins, \u00e0 tel point qu\u2019en <strong>2025, les abonnements flexibles repr\u00e9sentent d\u00e9j\u00e0 plus d\u2019un tiers des abonnements domicile-travail<\/strong>.<\/p>\n<p>La SNCB a compl\u00e9t\u00e9 son offre flexible en lan\u00e7ant <strong>le Flex Parking<\/strong>, une formule d\u2019abonnement de parking flexible particuli\u00e8rement adapt\u00e9e aux navetteurs qui se rendent au travail deux \u00e0 trois fois par semaine.<\/p>\n<p>Cette nouvelle offre se d\u00e9cline en plusieurs formules : une carte de 6 ou 10 acc\u00e8s valable pendant un mois ou une carte de 40 acc\u00e8s valable un an. Environ 4 600 abonnements ont \u00e9t\u00e9 vendus en 2025.\u00a0 Le Flex Parking constitue une solution simple et \u00e9conomique, en phase avec les nouveaux rythmes de mobilit\u00e9.<\/p>\n","centre":false},{"acf_fc_layout":"media","media":"image","image":2788,"rive":"","size":"small","zoomable":false}]},"yoast_head":"<!-- This site is optimized with the Yoast SEO plugin v27.5 - https:\/\/yoast.com\/product\/yoast-seo-wordpress\/ -->\n<title>Le lancement de l\u2019abonnement Flex Parking - SNCB R\u00e9alisations et chiffres-cl\u00e9s<\/title>\n<meta name=\"description\" content=\"Aujourd\u2019hui, plus de 70 % des abonn\u00e9s peuvent t\u00e9l\u00e9travailler et la majorit\u00e9 d\u2019entre eux y a droit \u00e0 raison de trois jours par semaine. Pour r\u00e9pondre \u00e0 cette \u00e9volution, la SNCB a lanc\u00e9 en 2023 le Flex Abonnement, destin\u00e9 aux personnes qui se rendent sur leur lieu de travail deux ou trois fois par semaine. Les navetteurs sont de plus en plus nombreux \u00e0 opter pour cette formule adapt\u00e9e \u00e0 leurs besoins, \u00e0 tel point qu\u2019en 2025, les abonnements flexibles repr\u00e9sentent d\u00e9j\u00e0 plus d\u2019un tiers des abonnements domicile-travail.\" \/>\n<meta name=\"robots\" content=\"index, follow, max-snippet:-1, max-image-preview:large, max-video-preview:-1\" \/>\n<link rel=\"canonical\" href=\"https:\/\/facts-and-figures.belgiantrain.be\/2025\/voyageurs\/lancement-abonnement-flex-parking\/\" \/>\n<meta property=\"og:locale\" content=\"fr_FR\" \/>\n<meta property=\"og:type\" content=\"article\" \/>\n<meta property=\"og:title\" content=\"Le lancement de l\u2019abonnement Flex Parking - SNCB R\u00e9alisations et chiffres-cl\u00e9s\" \/>\n<meta property=\"og:description\" content=\"Aujourd\u2019hui, plus de 70 % des abonn\u00e9s peuvent t\u00e9l\u00e9travailler et la majorit\u00e9 d\u2019entre eux y a droit \u00e0 raison de trois jours par semaine. Pour r\u00e9pondre \u00e0 cette \u00e9volution, la SNCB a lanc\u00e9 en 2023 le Flex Abonnement, destin\u00e9 aux personnes qui se rendent sur leur lieu de travail deux ou trois fois par semaine. Les navetteurs sont de plus en plus nombreux \u00e0 opter pour cette formule adapt\u00e9e \u00e0 leurs besoins, \u00e0 tel point qu\u2019en 2025, les abonnements flexibles repr\u00e9sentent d\u00e9j\u00e0 plus d\u2019un tiers des abonnements domicile-travail.\" \/>\n<meta property=\"og:url\" content=\"https:\/\/facts-and-figures.belgiantrain.be\/2025\/voyageurs\/lancement-abonnement-flex-parking\/\" \/>\n<meta property=\"og:site_name\" content=\"SNCB R\u00e9alisations et chiffres-cl\u00e9s\" \/>\n<meta property=\"article:modified_time\" content=\"2026-04-29T07:25:53+00:00\" \/>\n<meta name=\"twitter:card\" content=\"summary_large_image\" \/>\n<script type=\"application\/ld+json\" class=\"yoast-schema-graph\">{\"@context\":\"https:\\\/\\\/schema.org\",\"@graph\":[{\"@type\":\"WebPage\",\"@id\":\"https:\\\/\\\/facts-and-figures.belgiantrain.be\\\/2025\\\/voyageurs\\\/lancement-abonnement-flex-parking\\\/\",\"url\":\"https:\\\/\\\/facts-and-figures.belgiantrain.be\\\/2025\\\/voyageurs\\\/lancement-abonnement-flex-parking\\\/\",\"name\":\"Le lancement de l\u2019abonnement Flex Parking - SNCB R\u00e9alisations et chiffres-cl\u00e9s\",\"isPartOf\":{\"@id\":\"https:\\\/\\\/facts-and-figures.belgiantrain.be\\\/2025\\\/#website\"},\"datePublished\":\"2026-03-09T09:07:02+00:00\",\"dateModified\":\"2026-04-29T07:25:53+00:00\",\"description\":\"Aujourd\u2019hui, plus de 70 % des abonn\u00e9s peuvent t\u00e9l\u00e9travailler et la majorit\u00e9 d\u2019entre eux y a droit \u00e0 raison de trois jours par semaine. Pour r\u00e9pondre \u00e0 cette \u00e9volution, la SNCB a lanc\u00e9 en 2023 le Flex Abonnement, destin\u00e9 aux personnes qui se rendent sur leur lieu de travail deux ou trois fois par semaine. Les navetteurs sont de plus en plus nombreux \u00e0 opter pour cette formule adapt\u00e9e \u00e0 leurs besoins, \u00e0 tel point qu\u2019en 2025, les abonnements flexibles repr\u00e9sentent d\u00e9j\u00e0 plus d\u2019un tiers des abonnements domicile-travail.\",\"breadcrumb\":{\"@id\":\"https:\\\/\\\/facts-and-figures.belgiantrain.be\\\/2025\\\/voyageurs\\\/lancement-abonnement-flex-parking\\\/#breadcrumb\"},\"inLanguage\":\"fr-FR\",\"potentialAction\":[{\"@type\":\"ReadAction\",\"target\":[\"https:\\\/\\\/facts-and-figures.belgiantrain.be\\\/2025\\\/voyageurs\\\/lancement-abonnement-flex-parking\\\/\"]}]},{\"@type\":\"BreadcrumbList\",\"@id\":\"https:\\\/\\\/facts-and-figures.belgiantrain.be\\\/2025\\\/voyageurs\\\/lancement-abonnement-flex-parking\\\/#breadcrumb\",\"itemListElement\":[{\"@type\":\"ListItem\",\"position\":1,\"name\":\"Accueil\",\"item\":\"https:\\\/\\\/facts-and-figures.belgiantrain.be\\\/2025\\\/\"},{\"@type\":\"ListItem\",\"position\":2,\"name\":\"Voyageurs\",\"item\":\"https:\\\/\\\/facts-and-figures.belgiantrain.be\\\/2025\\\/voyageurs\\\/\"},{\"@type\":\"ListItem\",\"position\":3,\"name\":\"Le lancement de l\u2019abonnement Flex Parking\"}]},{\"@type\":\"WebSite\",\"@id\":\"https:\\\/\\\/facts-and-figures.belgiantrain.be\\\/2025\\\/#website\",\"url\":\"https:\\\/\\\/facts-and-figures.belgiantrain.be\\\/2025\\\/\",\"name\":\"SNCB R\u00e9alisations et chiffres-cl\u00e9s 2024\",\"description\":\"\",\"publisher\":{\"@id\":\"https:\\\/\\\/facts-and-figures.belgiantrain.be\\\/2025\\\/#organization\"},\"potentialAction\":[{\"@type\":\"SearchAction\",\"target\":{\"@type\":\"EntryPoint\",\"urlTemplate\":\"https:\\\/\\\/facts-and-figures.belgiantrain.be\\\/2025\\\/?s={search_term_string}\"},\"query-input\":{\"@type\":\"PropertyValueSpecification\",\"valueRequired\":true,\"valueName\":\"search_term_string\"}}],\"inLanguage\":\"fr-FR\"},{\"@type\":\"Organization\",\"@id\":\"https:\\\/\\\/facts-and-figures.belgiantrain.be\\\/2025\\\/#organization\",\"name\":\"SNCB R\u00e9alisations et chiffres-cl\u00e9s 2024\",\"url\":\"https:\\\/\\\/facts-and-figures.belgiantrain.be\\\/2025\\\/\",\"logo\":{\"@type\":\"ImageObject\",\"inLanguage\":\"fr-FR\",\"@id\":\"https:\\\/\\\/facts-and-figures.belgiantrain.be\\\/2025\\\/#\\\/schema\\\/logo\\\/image\\\/\",\"url\":\"https:\\\/\\\/facts-and-figures.belgiantrain.be\\\/2025\\\/wp-content\\\/uploads\\\/2025\\\/04\\\/apple-touch-icon.png\",\"contentUrl\":\"https:\\\/\\\/facts-and-figures.belgiantrain.be\\\/2025\\\/wp-content\\\/uploads\\\/2025\\\/04\\\/apple-touch-icon.png\",\"width\":57,\"height\":57,\"caption\":\"SNCB R\u00e9alisations et chiffres-cl\u00e9s 2024\"},\"image\":{\"@id\":\"https:\\\/\\\/facts-and-figures.belgiantrain.be\\\/2025\\\/#\\\/schema\\\/logo\\\/image\\\/\"}}]}<\/script>\n<!-- \/ Yoast SEO plugin. -->","yoast_head_json":{"title":"Le lancement de l\u2019abonnement Flex Parking - SNCB R\u00e9alisations et chiffres-cl\u00e9s","description":"Aujourd\u2019hui, plus de 70 % des abonn\u00e9s peuvent t\u00e9l\u00e9travailler et la majorit\u00e9 d\u2019entre eux y a droit \u00e0 raison de trois jours par semaine. Pour r\u00e9pondre \u00e0 cette \u00e9volution, la SNCB a lanc\u00e9 en 2023 le Flex Abonnement, destin\u00e9 aux personnes qui se rendent sur leur lieu de travail deux ou trois fois par semaine. Les navetteurs sont de plus en plus nombreux \u00e0 opter pour cette formule adapt\u00e9e \u00e0 leurs besoins, \u00e0 tel point qu\u2019en 2025, les abonnements flexibles repr\u00e9sentent d\u00e9j\u00e0 plus d\u2019un tiers des abonnements domicile-travail.","robots":{"index":"index","follow":"follow","max-snippet":"max-snippet:-1","max-image-preview":"max-image-preview:large","max-video-preview":"max-video-preview:-1"},"canonical":"https:\/\/facts-and-figures.belgiantrain.be\/2025\/voyageurs\/lancement-abonnement-flex-parking\/","og_locale":"fr_FR","og_type":"article","og_title":"Le lancement de l\u2019abonnement Flex Parking - SNCB R\u00e9alisations et chiffres-cl\u00e9s","og_description":"Aujourd\u2019hui, plus de 70 % des abonn\u00e9s peuvent t\u00e9l\u00e9travailler et la majorit\u00e9 d\u2019entre eux y a droit \u00e0 raison de trois jours par semaine. Pour r\u00e9pondre \u00e0 cette \u00e9volution, la SNCB a lanc\u00e9 en 2023 le Flex Abonnement, destin\u00e9 aux personnes qui se rendent sur leur lieu de travail deux ou trois fois par semaine. Les navetteurs sont de plus en plus nombreux \u00e0 opter pour cette formule adapt\u00e9e \u00e0 leurs besoins, \u00e0 tel point qu\u2019en 2025, les abonnements flexibles repr\u00e9sentent d\u00e9j\u00e0 plus d\u2019un tiers des abonnements domicile-travail.","og_url":"https:\/\/facts-and-figures.belgiantrain.be\/2025\/voyageurs\/lancement-abonnement-flex-parking\/","og_site_name":"SNCB R\u00e9alisations et chiffres-cl\u00e9s","article_modified_time":"2026-04-29T07:25:53+00:00","twitter_card":"summary_large_image","schema":{"@context":"https:\/\/schema.org","@graph":[{"@type":"WebPage","@id":"https:\/\/facts-and-figures.belgiantrain.be\/2025\/voyageurs\/lancement-abonnement-flex-parking\/","url":"https:\/\/facts-and-figures.belgiantrain.be\/2025\/voyageurs\/lancement-abonnement-flex-parking\/","name":"Le lancement de l\u2019abonnement Flex Parking - SNCB R\u00e9alisations et chiffres-cl\u00e9s","isPartOf":{"@id":"https:\/\/facts-and-figures.belgiantrain.be\/2025\/#website"},"datePublished":"2026-03-09T09:07:02+00:00","dateModified":"2026-04-29T07:25:53+00:00","description":"Aujourd\u2019hui, plus de 70 % des abonn\u00e9s peuvent t\u00e9l\u00e9travailler et la majorit\u00e9 d\u2019entre eux y a droit \u00e0 raison de trois jours par semaine. Pour r\u00e9pondre \u00e0 cette \u00e9volution, la SNCB a lanc\u00e9 en 2023 le Flex Abonnement, destin\u00e9 aux personnes qui se rendent sur leur lieu de travail deux ou trois fois par semaine. Les navetteurs sont de plus en plus nombreux \u00e0 opter pour cette formule adapt\u00e9e \u00e0 leurs besoins, \u00e0 tel point qu\u2019en 2025, les abonnements flexibles repr\u00e9sentent d\u00e9j\u00e0 plus d\u2019un tiers des abonnements domicile-travail.","breadcrumb":{"@id":"https:\/\/facts-and-figures.belgiantrain.be\/2025\/voyageurs\/lancement-abonnement-flex-parking\/#breadcrumb"},"inLanguage":"fr-FR","potentialAction":[{"@type":"ReadAction","target":["https:\/\/facts-and-figures.belgiantrain.be\/2025\/voyageurs\/lancement-abonnement-flex-parking\/"]}]},{"@type":"BreadcrumbList","@id":"https:\/\/facts-and-figures.belgiantrain.be\/2025\/voyageurs\/lancement-abonnement-flex-parking\/#breadcrumb","itemListElement":[{"@type":"ListItem","position":1,"name":"Accueil","item":"https:\/\/facts-and-figures.belgiantrain.be\/2025\/"},{"@type":"ListItem","position":2,"name":"Voyageurs","item":"https:\/\/facts-and-figures.belgiantrain.be\/2025\/voyageurs\/"},{"@type":"ListItem","position":3,"name":"Le lancement de l\u2019abonnement Flex Parking"}]},{"@type":"WebSite","@id":"https:\/\/facts-and-figures.belgiantrain.be\/2025\/#website","url":"https:\/\/facts-and-figures.belgiantrain.be\/2025\/","name":"SNCB R\u00e9alisations et chiffres-cl\u00e9s 2024","description":"","publisher":{"@id":"https:\/\/facts-and-figures.belgiantrain.be\/2025\/#organization"},"potentialAction":[{"@type":"SearchAction","target":{"@type":"EntryPoint","urlTemplate":"https:\/\/facts-and-figures.belgiantrain.be\/2025\/?s={search_term_string}"},"query-input":{"@type":"PropertyValueSpecification","valueRequired":true,"valueName":"search_term_string"}}],"inLanguage":"fr-FR"},{"@type":"Organization","@id":"https:\/\/facts-and-figures.belgiantrain.be\/2025\/#organization","name":"SNCB R\u00e9alisations et chiffres-cl\u00e9s 2024","url":"https:\/\/facts-and-figures.belgiantrain.be\/2025\/","logo":{"@type":"ImageObject","inLanguage":"fr-FR","@id":"https:\/\/facts-and-figures.belgiantrain.be\/2025\/#\/schema\/logo\/image\/","url":"https:\/\/facts-and-figures.belgiantrain.be\/2025\/wp-content\/uploads\/2025\/04\/apple-touch-icon.png","contentUrl":"https:\/\/facts-and-figures.belgiantrain.be\/2025\/wp-content\/uploads\/2025\/04\/apple-touch-icon.png","width":57,"height":57,"caption":"SNCB R\u00e9alisations et chiffres-cl\u00e9s 2024"},"image":{"@id":"https:\/\/facts-and-figures.belgiantrain.be\/2025\/#\/schema\/logo\/image\/"}}]}},"_links":{"self":[{"href":"https:\/\/facts-and-figures.belgiantrain.be\/2025\/wp-json\/wp\/v2\/pages\/2249","targetHints":{"allow":["GET"]}}],"collection":[{"href":"https:\/\/facts-and-figures.belgiantrain.be\/2025\/wp-json\/wp\/v2\/pages"}],"about":[{"href":"https:\/\/facts-and-figures.belgiantrain.be\/2025\/wp-json\/wp\/v2\/types\/page"}],"author":[{"embeddable":true,"href":"https:\/\/facts-and-figures.belgiantrain.be\/2025\/wp-json\/wp\/v2\/users\/2"}],"replies":[{"embeddable":true,"href":"https:\/\/facts-and-figures.belgiantrain.be\/2025\/wp-json\/wp\/v2\/comments?post=2249"}],"version-history":[{"count":5,"href":"https:\/\/facts-and-figures.belgiantrain.be\/2025\/wp-json\/wp\/v2\/pages\/2249\/revisions"}],"predecessor-version":[{"id":2827,"href":"https:\/\/facts-and-figures.belgiantrain.be\/2025\/wp-json\/wp\/v2\/pages\/2249\/revisions\/2827"}],"up":[{"embeddable":true,"href":"https:\/\/facts-and-figures.belgiantrain.be\/2025\/wp-json\/wp\/v2\/pages\/38"}],"wp:attachment":[{"href":"https:\/\/facts-and-figures.belgiantrain.be\/2025\/wp-json\/wp\/v2\/media?parent=2249"}],"curies":[{"name":"wp","href":"https:\/\/api.w.org\/{rel}","templated":true}]}}