{"id":2245,"date":"2026-03-09T10:07:02","date_gmt":"2026-03-09T09:07:02","guid":{"rendered":"https:\/\/facts-and-figures.belgiantrain.be\/2025\/voyageurs\/des-informations-enrichies-pour-ameliorer-lexperience-de-voyage\/"},"modified":"2026-05-06T10:53:23","modified_gmt":"2026-05-06T08:53:23","slug":"nouvelle-offre-tarifaire-plus-simple-plus-avantageuse","status":"publish","type":"page","link":"https:\/\/facts-and-figures.belgiantrain.be\/2025\/voyageurs\/nouvelle-offre-tarifaire-plus-simple-plus-avantageuse\/","title":{"rendered":"La nouvelle offre tarifaire : plus simple et plus avantageuse"},"content":{"rendered":"","protected":false},"excerpt":{"rendered":"","protected":false},"author":2,"featured_media":0,"parent":38,"menu_order":13,"comment_status":"closed","ping_status":"closed","template":"","meta":{"_acf_changed":false,"footnotes":""},"class_list":["post-2245","page","type-page","status-publish","hentry"],"acf":{"contenu":[{"acf_fc_layout":"texte","texte":"<p>Lanc\u00e9e le 15 octobre 2025 et approuv\u00e9e par le Conseil d\u2019administration de la SNCB, <strong>la nouvelle offre tarifaire doit contribuer \u00e0 augmenter de 30 % le nombre de voyageurs d\u2019ici 2032<\/strong>, conform\u00e9ment aux objectifs fix\u00e9s dans le Contrat de service public conclu entre la SNCB et l\u2019\u00c9tat belge.<\/p>\n<p>Cette nouvelle structure tarifaire repose sur cinq objectifs principaux :<\/p>\n<ul>\n<li>Rendre le train plus abordable, notamment en heures creuses et le week-end.<\/li>\n<li>Simplifier et clarifier les tarifs, gr\u00e2ce \u00e0 des pourcentages de r\u00e9duction rempla\u00e7ant les anciens tarifs forfaitaires, ce qui est \u00e9galement plus avantageux pour les courtes distances.<\/li>\n<li>Attirer davantage de voyageurs, y compris en dehors des heures de pointe et le week-end, gr\u00e2ce \u00e0 une tarification diff\u00e9renci\u00e9e.<\/li>\n<li>Offrir des r\u00e9ductions suppl\u00e9mentaires et un tarif maximum avantageux pour les voyageurs fr\u00e9quents gr\u00e2ce \u00e0 la carte Train+.<\/li>\n<li>Proposer des tarifs particuli\u00e8rement attractifs pour les jeunes, les seniors et les b\u00e9n\u00e9ficiaires de l\u2019intervention major\u00e9e.<\/li>\n<\/ul>\n<p>Depuis son lancement, la carte Train+ a d\u00e9j\u00e0 s\u00e9duit <strong>894 700 voyageurs \u00e0 fin 2025<\/strong> Les enqu\u00eates de satisfaction montrent que ses utilisateurs se d\u00e9clarent plus satisfaits du prix de leur trajet, confirmant la pertinence de cette offre face aux nouvelles habitudes de mobilit\u00e9.<\/p>\n","centre":false},{"acf_fc_layout":"media","media":"image","image":2787,"rive":"","size":"small","zoomable":false}]},"yoast_head":"<!-- This site is optimized with the Yoast SEO plugin v27.5 - https:\/\/yoast.com\/product\/yoast-seo-wordpress\/ -->\n<title>La nouvelle offre tarifaire : plus simple et plus avantageuse - SNCB R\u00e9alisations et chiffres-cl\u00e9s<\/title>\n<meta name=\"description\" content=\"Lanc\u00e9e le 15 octobre 2025 et approuv\u00e9e par le Conseil d\u2019administration de la SNCB, la nouvelle offre tarifaire doit contribuer \u00e0 augmenter de 30 % le nombre de voyageurs d\u2019ici 2032, conform\u00e9ment aux objectifs fix\u00e9s dans le Contrat de service public conclu entre la SNCB et l\u2019Etat belge.\" \/>\n<meta name=\"robots\" content=\"index, follow, max-snippet:-1, max-image-preview:large, max-video-preview:-1\" \/>\n<link rel=\"canonical\" href=\"https:\/\/facts-and-figures.belgiantrain.be\/2025\/voyageurs\/nouvelle-offre-tarifaire-plus-simple-plus-avantageuse\/\" \/>\n<meta property=\"og:locale\" content=\"fr_FR\" \/>\n<meta property=\"og:type\" content=\"article\" \/>\n<meta property=\"og:title\" content=\"La nouvelle offre tarifaire : plus simple et plus avantageuse - SNCB R\u00e9alisations et chiffres-cl\u00e9s\" \/>\n<meta property=\"og:description\" content=\"Lanc\u00e9e le 15 octobre 2025 et approuv\u00e9e par le Conseil d\u2019administration de la SNCB, la nouvelle offre tarifaire doit contribuer \u00e0 augmenter de 30 % le nombre de voyageurs d\u2019ici 2032, conform\u00e9ment aux objectifs fix\u00e9s dans le Contrat de service public conclu entre la SNCB et l\u2019Etat belge.\" \/>\n<meta property=\"og:url\" content=\"https:\/\/facts-and-figures.belgiantrain.be\/2025\/voyageurs\/nouvelle-offre-tarifaire-plus-simple-plus-avantageuse\/\" \/>\n<meta property=\"og:site_name\" content=\"SNCB R\u00e9alisations et chiffres-cl\u00e9s\" \/>\n<meta property=\"article:modified_time\" content=\"2026-05-06T08:53:23+00:00\" \/>\n<meta name=\"twitter:card\" content=\"summary_large_image\" \/>\n<script type=\"application\/ld+json\" class=\"yoast-schema-graph\">{\"@context\":\"https:\\\/\\\/schema.org\",\"@graph\":[{\"@type\":\"WebPage\",\"@id\":\"https:\\\/\\\/facts-and-figures.belgiantrain.be\\\/2025\\\/voyageurs\\\/nouvelle-offre-tarifaire-plus-simple-plus-avantageuse\\\/\",\"url\":\"https:\\\/\\\/facts-and-figures.belgiantrain.be\\\/2025\\\/voyageurs\\\/nouvelle-offre-tarifaire-plus-simple-plus-avantageuse\\\/\",\"name\":\"La nouvelle offre tarifaire : plus simple et plus avantageuse - SNCB R\u00e9alisations et chiffres-cl\u00e9s\",\"isPartOf\":{\"@id\":\"https:\\\/\\\/facts-and-figures.belgiantrain.be\\\/2025\\\/#website\"},\"datePublished\":\"2026-03-09T09:07:02+00:00\",\"dateModified\":\"2026-05-06T08:53:23+00:00\",\"description\":\"Lanc\u00e9e le 15 octobre 2025 et approuv\u00e9e par le Conseil d\u2019administration de la SNCB, la nouvelle offre tarifaire doit contribuer \u00e0 augmenter de 30 % le nombre de voyageurs d\u2019ici 2032, conform\u00e9ment aux objectifs fix\u00e9s dans le Contrat de service public conclu entre la SNCB et l\u2019Etat belge.\",\"breadcrumb\":{\"@id\":\"https:\\\/\\\/facts-and-figures.belgiantrain.be\\\/2025\\\/voyageurs\\\/nouvelle-offre-tarifaire-plus-simple-plus-avantageuse\\\/#breadcrumb\"},\"inLanguage\":\"fr-FR\",\"potentialAction\":[{\"@type\":\"ReadAction\",\"target\":[\"https:\\\/\\\/facts-and-figures.belgiantrain.be\\\/2025\\\/voyageurs\\\/nouvelle-offre-tarifaire-plus-simple-plus-avantageuse\\\/\"]}]},{\"@type\":\"BreadcrumbList\",\"@id\":\"https:\\\/\\\/facts-and-figures.belgiantrain.be\\\/2025\\\/voyageurs\\\/nouvelle-offre-tarifaire-plus-simple-plus-avantageuse\\\/#breadcrumb\",\"itemListElement\":[{\"@type\":\"ListItem\",\"position\":1,\"name\":\"Accueil\",\"item\":\"https:\\\/\\\/facts-and-figures.belgiantrain.be\\\/2025\\\/\"},{\"@type\":\"ListItem\",\"position\":2,\"name\":\"Voyageurs\",\"item\":\"https:\\\/\\\/facts-and-figures.belgiantrain.be\\\/2025\\\/voyageurs\\\/\"},{\"@type\":\"ListItem\",\"position\":3,\"name\":\"La nouvelle offre tarifaire : plus simple et plus avantageuse\"}]},{\"@type\":\"WebSite\",\"@id\":\"https:\\\/\\\/facts-and-figures.belgiantrain.be\\\/2025\\\/#website\",\"url\":\"https:\\\/\\\/facts-and-figures.belgiantrain.be\\\/2025\\\/\",\"name\":\"SNCB R\u00e9alisations et chiffres-cl\u00e9s 2024\",\"description\":\"\",\"publisher\":{\"@id\":\"https:\\\/\\\/facts-and-figures.belgiantrain.be\\\/2025\\\/#organization\"},\"potentialAction\":[{\"@type\":\"SearchAction\",\"target\":{\"@type\":\"EntryPoint\",\"urlTemplate\":\"https:\\\/\\\/facts-and-figures.belgiantrain.be\\\/2025\\\/?s={search_term_string}\"},\"query-input\":{\"@type\":\"PropertyValueSpecification\",\"valueRequired\":true,\"valueName\":\"search_term_string\"}}],\"inLanguage\":\"fr-FR\"},{\"@type\":\"Organization\",\"@id\":\"https:\\\/\\\/facts-and-figures.belgiantrain.be\\\/2025\\\/#organization\",\"name\":\"SNCB R\u00e9alisations et chiffres-cl\u00e9s 2024\",\"url\":\"https:\\\/\\\/facts-and-figures.belgiantrain.be\\\/2025\\\/\",\"logo\":{\"@type\":\"ImageObject\",\"inLanguage\":\"fr-FR\",\"@id\":\"https:\\\/\\\/facts-and-figures.belgiantrain.be\\\/2025\\\/#\\\/schema\\\/logo\\\/image\\\/\",\"url\":\"https:\\\/\\\/facts-and-figures.belgiantrain.be\\\/2025\\\/wp-content\\\/uploads\\\/2025\\\/04\\\/apple-touch-icon.png\",\"contentUrl\":\"https:\\\/\\\/facts-and-figures.belgiantrain.be\\\/2025\\\/wp-content\\\/uploads\\\/2025\\\/04\\\/apple-touch-icon.png\",\"width\":57,\"height\":57,\"caption\":\"SNCB R\u00e9alisations et chiffres-cl\u00e9s 2024\"},\"image\":{\"@id\":\"https:\\\/\\\/facts-and-figures.belgiantrain.be\\\/2025\\\/#\\\/schema\\\/logo\\\/image\\\/\"}}]}<\/script>\n<!-- \/ Yoast SEO plugin. -->","yoast_head_json":{"title":"La nouvelle offre tarifaire : plus simple et plus avantageuse - SNCB R\u00e9alisations et chiffres-cl\u00e9s","description":"Lanc\u00e9e le 15 octobre 2025 et approuv\u00e9e par le Conseil d\u2019administration de la SNCB, la nouvelle offre tarifaire doit contribuer \u00e0 augmenter de 30 % le nombre de voyageurs d\u2019ici 2032, conform\u00e9ment aux objectifs fix\u00e9s dans le Contrat de service public conclu entre la SNCB et l\u2019Etat belge.","robots":{"index":"index","follow":"follow","max-snippet":"max-snippet:-1","max-image-preview":"max-image-preview:large","max-video-preview":"max-video-preview:-1"},"canonical":"https:\/\/facts-and-figures.belgiantrain.be\/2025\/voyageurs\/nouvelle-offre-tarifaire-plus-simple-plus-avantageuse\/","og_locale":"fr_FR","og_type":"article","og_title":"La nouvelle offre tarifaire : plus simple et plus avantageuse - SNCB R\u00e9alisations et chiffres-cl\u00e9s","og_description":"Lanc\u00e9e le 15 octobre 2025 et approuv\u00e9e par le Conseil d\u2019administration de la SNCB, la nouvelle offre tarifaire doit contribuer \u00e0 augmenter de 30 % le nombre de voyageurs d\u2019ici 2032, conform\u00e9ment aux objectifs fix\u00e9s dans le Contrat de service public conclu entre la SNCB et l\u2019Etat belge.","og_url":"https:\/\/facts-and-figures.belgiantrain.be\/2025\/voyageurs\/nouvelle-offre-tarifaire-plus-simple-plus-avantageuse\/","og_site_name":"SNCB R\u00e9alisations et chiffres-cl\u00e9s","article_modified_time":"2026-05-06T08:53:23+00:00","twitter_card":"summary_large_image","schema":{"@context":"https:\/\/schema.org","@graph":[{"@type":"WebPage","@id":"https:\/\/facts-and-figures.belgiantrain.be\/2025\/voyageurs\/nouvelle-offre-tarifaire-plus-simple-plus-avantageuse\/","url":"https:\/\/facts-and-figures.belgiantrain.be\/2025\/voyageurs\/nouvelle-offre-tarifaire-plus-simple-plus-avantageuse\/","name":"La nouvelle offre tarifaire : plus simple et plus avantageuse - SNCB R\u00e9alisations et chiffres-cl\u00e9s","isPartOf":{"@id":"https:\/\/facts-and-figures.belgiantrain.be\/2025\/#website"},"datePublished":"2026-03-09T09:07:02+00:00","dateModified":"2026-05-06T08:53:23+00:00","description":"Lanc\u00e9e le 15 octobre 2025 et approuv\u00e9e par le Conseil d\u2019administration de la SNCB, la nouvelle offre tarifaire doit contribuer \u00e0 augmenter de 30 % le nombre de voyageurs d\u2019ici 2032, conform\u00e9ment aux objectifs fix\u00e9s dans le Contrat de service public conclu entre la SNCB et l\u2019Etat belge.","breadcrumb":{"@id":"https:\/\/facts-and-figures.belgiantrain.be\/2025\/voyageurs\/nouvelle-offre-tarifaire-plus-simple-plus-avantageuse\/#breadcrumb"},"inLanguage":"fr-FR","potentialAction":[{"@type":"ReadAction","target":["https:\/\/facts-and-figures.belgiantrain.be\/2025\/voyageurs\/nouvelle-offre-tarifaire-plus-simple-plus-avantageuse\/"]}]},{"@type":"BreadcrumbList","@id":"https:\/\/facts-and-figures.belgiantrain.be\/2025\/voyageurs\/nouvelle-offre-tarifaire-plus-simple-plus-avantageuse\/#breadcrumb","itemListElement":[{"@type":"ListItem","position":1,"name":"Accueil","item":"https:\/\/facts-and-figures.belgiantrain.be\/2025\/"},{"@type":"ListItem","position":2,"name":"Voyageurs","item":"https:\/\/facts-and-figures.belgiantrain.be\/2025\/voyageurs\/"},{"@type":"ListItem","position":3,"name":"La nouvelle offre tarifaire : plus simple et plus avantageuse"}]},{"@type":"WebSite","@id":"https:\/\/facts-and-figures.belgiantrain.be\/2025\/#website","url":"https:\/\/facts-and-figures.belgiantrain.be\/2025\/","name":"SNCB R\u00e9alisations et chiffres-cl\u00e9s 2024","description":"","publisher":{"@id":"https:\/\/facts-and-figures.belgiantrain.be\/2025\/#organization"},"potentialAction":[{"@type":"SearchAction","target":{"@type":"EntryPoint","urlTemplate":"https:\/\/facts-and-figures.belgiantrain.be\/2025\/?s={search_term_string}"},"query-input":{"@type":"PropertyValueSpecification","valueRequired":true,"valueName":"search_term_string"}}],"inLanguage":"fr-FR"},{"@type":"Organization","@id":"https:\/\/facts-and-figures.belgiantrain.be\/2025\/#organization","name":"SNCB R\u00e9alisations et chiffres-cl\u00e9s 2024","url":"https:\/\/facts-and-figures.belgiantrain.be\/2025\/","logo":{"@type":"ImageObject","inLanguage":"fr-FR","@id":"https:\/\/facts-and-figures.belgiantrain.be\/2025\/#\/schema\/logo\/image\/","url":"https:\/\/facts-and-figures.belgiantrain.be\/2025\/wp-content\/uploads\/2025\/04\/apple-touch-icon.png","contentUrl":"https:\/\/facts-and-figures.belgiantrain.be\/2025\/wp-content\/uploads\/2025\/04\/apple-touch-icon.png","width":57,"height":57,"caption":"SNCB R\u00e9alisations et chiffres-cl\u00e9s 2024"},"image":{"@id":"https:\/\/facts-and-figures.belgiantrain.be\/2025\/#\/schema\/logo\/image\/"}}]}},"_links":{"self":[{"href":"https:\/\/facts-and-figures.belgiantrain.be\/2025\/wp-json\/wp\/v2\/pages\/2245","targetHints":{"allow":["GET"]}}],"collection":[{"href":"https:\/\/facts-and-figures.belgiantrain.be\/2025\/wp-json\/wp\/v2\/pages"}],"about":[{"href":"https:\/\/facts-and-figures.belgiantrain.be\/2025\/wp-json\/wp\/v2\/types\/page"}],"author":[{"embeddable":true,"href":"https:\/\/facts-and-figures.belgiantrain.be\/2025\/wp-json\/wp\/v2\/users\/2"}],"replies":[{"embeddable":true,"href":"https:\/\/facts-and-figures.belgiantrain.be\/2025\/wp-json\/wp\/v2\/comments?post=2245"}],"version-history":[{"count":11,"href":"https:\/\/facts-and-figures.belgiantrain.be\/2025\/wp-json\/wp\/v2\/pages\/2245\/revisions"}],"predecessor-version":[{"id":2952,"href":"https:\/\/facts-and-figures.belgiantrain.be\/2025\/wp-json\/wp\/v2\/pages\/2245\/revisions\/2952"}],"up":[{"embeddable":true,"href":"https:\/\/facts-and-figures.belgiantrain.be\/2025\/wp-json\/wp\/v2\/pages\/38"}],"wp:attachment":[{"href":"https:\/\/facts-and-figures.belgiantrain.be\/2025\/wp-json\/wp\/v2\/media?parent=2245"}],"curies":[{"name":"wp","href":"https:\/\/api.w.org\/{rel}","templated":true}]}}