{"id":2243,"date":"2026-03-09T10:07:02","date_gmt":"2026-03-09T09:07:02","guid":{"rendered":"https:\/\/facts-and-figures.belgiantrain.be\/2025\/voyageurs\/davantage-de-voyageurs-occasionnels\/"},"modified":"2026-04-29T09:16:58","modified_gmt":"2026-04-29T07:16:58","slug":"nouvelle-methode-mesure-frequentation","status":"publish","type":"page","link":"https:\/\/facts-and-figures.belgiantrain.be\/2025\/voyageurs\/nouvelle-methode-mesure-frequentation\/","title":{"rendered":"Nouvelle m\u00e9thode de mesure de la fr\u00e9quentation"},"content":{"rendered":"","protected":false},"excerpt":{"rendered":"","protected":false},"author":2,"featured_media":0,"parent":38,"menu_order":10,"comment_status":"closed","ping_status":"closed","template":"","meta":{"_acf_changed":false,"footnotes":""},"class_list":["post-2243","page","type-page","status-publish","hentry"],"acf":{"contenu":[{"acf_fc_layout":"texte","texte":"<p>Les chiffres de ce rapport s\u2019inscrivent dans le cadre d\u2019une \u00e9volution de la m\u00e9thode utilis\u00e9e par la SNCB pour mesurer la fr\u00e9quentation de ses trains.<\/p>\n<p><strong>Pour r\u00e9aliser la mesure<\/strong>, la SNCB se basait jusqu\u2019ici en grande partie sur des estimations th\u00e9oriques et forfaitaires d\u2019utilisation, notamment pour les abonnements. Cette approche permettait de suivre les \u00e9volutions au fil des ans et d\u2019adapter l\u2019offre et les services le cas \u00e9ch\u00e9ant, mais elle ne refl\u00e9tait plus suffisamment les habitudes de d\u00e9placement r\u00e9elles et actuelles.<\/p>\n<p>Ces derni\u00e8res ann\u00e9es, <strong>les comportements de mobilit\u00e9 ont en effet fortement \u00e9volu\u00e9 avec l\u2019instauration plus g\u00e9n\u00e9ralis\u00e9e du t\u00e9l\u00e9travail<\/strong>. Avant la crise sanitaire li\u00e9e au Covid-19, seuls 40 % des abonn\u00e9s domicile-travail avaient droit au t\u00e9l\u00e9travail et ce en moyenne un jour par semaine. Aujourd\u2019hui, <strong>plus de 70 % des abonn\u00e9s peuvent t\u00e9l\u00e9travailler et la majorit\u00e9 d\u2019entre eux y a droit \u00e0 raison de trois jours par semaine<\/strong>.<\/p>\n<p>En parall\u00e8le, les canaux de vente digitaux se sont fortement d\u00e9velopp\u00e9s et de nouvelles formules d\u2019abonnement plus flexibles et activables ont \u00e9t\u00e9 introduites.<\/p>\n<p>Dans ce contexte, la SNCB a affin\u00e9 de plus en plus sa m\u00e9thode de mesure de la fr\u00e9quentation. Le syst\u00e8me de calcul historique, con\u00e7u pour des abonnements \u00e0 temps plein et fond\u00e9 sur un nombre forfaitaire de trajets par abonn\u00e9 n\u2019est plus repr\u00e9sentatif. La m\u00e9thode affin\u00e9e s\u2019appuie davantage sur <strong>les possibilit\u00e9s offertes par les \u00e9volutions technologiques r\u00e9centes<\/strong>, notamment la digitalisation accrue de la vente des titres de transport et l\u2019activation des titres de transport digitaux. Un abonnement flexible, par exemple, doit \u00eatre activ\u00e9 par le voyageur avant le voyage, ce qui permet d\u2019obtenir des donn\u00e9es beaucoup plus pr\u00e9cises.<\/p>\n<p>Le mod\u00e8le de calcul permet notamment de mieux mesurer combien de voyageurs empruntent quel train, avec quel type de titre de transport et entre quelles gares. Il offre donc une vision plus fine des flux, avec une identification des destinations, des segments de client\u00e8le (domicile-travail, \u00e9cole, loisirs) ainsi que la distinction entre trajets directs et avec correspondance.<\/p>\n<p>La SNCB continuera \u00e0 compl\u00e9ter cette m\u00e9thode par des comptages physiques, des enqu\u00eates aupr\u00e8s des voyageurs et le recours \u00e0 des solutions technologiques suppl\u00e9mentaires afin d\u2019affiner toujours plus son mod\u00e8le et ses estimations.<\/p>\n","centre":false},{"acf_fc_layout":"media","media":"image","image":2790,"rive":"","size":"small","zoomable":false}]},"yoast_head":"<!-- This site is optimized with the Yoast SEO plugin v27.5 - https:\/\/yoast.com\/product\/yoast-seo-wordpress\/ -->\n<title>Nouvelle m\u00e9thode de mesure de la fr\u00e9quentation - SNCB R\u00e9alisations et chiffres-cl\u00e9s<\/title>\n<meta name=\"description\" content=\"Les chiffres de ce rapport s\u2019inscrivent dans le cadre d\u2019une \u00e9volution de la m\u00e9thode utilis\u00e9e par la SNCB pour mesurer la fr\u00e9quentation de ses trains.Pour r\u00e9aliser la mesure, la SNCB se basait jusqu\u2019ici en grande partie sur des estimations th\u00e9oriques et forfaitaires d\u2019utilisation, notamment pour les abonnements. Cette approche permettait de suivre les \u00e9volutions au fil des ans et d\u2019adapter l\u2019offre et les services le cas \u00e9ch\u00e9ant, mais elle ne refl\u00e9tait plus suffisamment les habitudes de d\u00e9placement r\u00e9elles et actuelles.\" \/>\n<meta name=\"robots\" content=\"index, follow, max-snippet:-1, max-image-preview:large, max-video-preview:-1\" \/>\n<link rel=\"canonical\" href=\"https:\/\/facts-and-figures.belgiantrain.be\/2025\/voyageurs\/nouvelle-methode-mesure-frequentation\/\" \/>\n<meta property=\"og:locale\" content=\"fr_FR\" \/>\n<meta property=\"og:type\" content=\"article\" \/>\n<meta property=\"og:title\" content=\"Nouvelle m\u00e9thode de mesure de la fr\u00e9quentation - SNCB R\u00e9alisations et chiffres-cl\u00e9s\" \/>\n<meta property=\"og:description\" content=\"Les chiffres de ce rapport s\u2019inscrivent dans le cadre d\u2019une \u00e9volution de la m\u00e9thode utilis\u00e9e par la SNCB pour mesurer la fr\u00e9quentation de ses trains.Pour r\u00e9aliser la mesure, la SNCB se basait jusqu\u2019ici en grande partie sur des estimations th\u00e9oriques et forfaitaires d\u2019utilisation, notamment pour les abonnements. Cette approche permettait de suivre les \u00e9volutions au fil des ans et d\u2019adapter l\u2019offre et les services le cas \u00e9ch\u00e9ant, mais elle ne refl\u00e9tait plus suffisamment les habitudes de d\u00e9placement r\u00e9elles et actuelles.\" \/>\n<meta property=\"og:url\" content=\"https:\/\/facts-and-figures.belgiantrain.be\/2025\/voyageurs\/nouvelle-methode-mesure-frequentation\/\" \/>\n<meta property=\"og:site_name\" content=\"SNCB R\u00e9alisations et chiffres-cl\u00e9s\" \/>\n<meta property=\"article:modified_time\" content=\"2026-04-29T07:16:58+00:00\" \/>\n<meta name=\"twitter:card\" content=\"summary_large_image\" \/>\n<script type=\"application\/ld+json\" class=\"yoast-schema-graph\">{\"@context\":\"https:\\\/\\\/schema.org\",\"@graph\":[{\"@type\":\"WebPage\",\"@id\":\"https:\\\/\\\/facts-and-figures.belgiantrain.be\\\/2025\\\/voyageurs\\\/nouvelle-methode-mesure-frequentation\\\/\",\"url\":\"https:\\\/\\\/facts-and-figures.belgiantrain.be\\\/2025\\\/voyageurs\\\/nouvelle-methode-mesure-frequentation\\\/\",\"name\":\"Nouvelle m\u00e9thode de mesure de la fr\u00e9quentation - SNCB R\u00e9alisations et chiffres-cl\u00e9s\",\"isPartOf\":{\"@id\":\"https:\\\/\\\/facts-and-figures.belgiantrain.be\\\/2025\\\/#website\"},\"datePublished\":\"2026-03-09T09:07:02+00:00\",\"dateModified\":\"2026-04-29T07:16:58+00:00\",\"description\":\"Les chiffres de ce rapport s\u2019inscrivent dans le cadre d\u2019une \u00e9volution de la m\u00e9thode utilis\u00e9e par la SNCB pour mesurer la fr\u00e9quentation de ses trains.Pour r\u00e9aliser la mesure, la SNCB se basait jusqu\u2019ici en grande partie sur des estimations th\u00e9oriques et forfaitaires d\u2019utilisation, notamment pour les abonnements. Cette approche permettait de suivre les \u00e9volutions au fil des ans et d\u2019adapter l\u2019offre et les services le cas \u00e9ch\u00e9ant, mais elle ne refl\u00e9tait plus suffisamment les habitudes de d\u00e9placement r\u00e9elles et actuelles.\",\"breadcrumb\":{\"@id\":\"https:\\\/\\\/facts-and-figures.belgiantrain.be\\\/2025\\\/voyageurs\\\/nouvelle-methode-mesure-frequentation\\\/#breadcrumb\"},\"inLanguage\":\"fr-FR\",\"potentialAction\":[{\"@type\":\"ReadAction\",\"target\":[\"https:\\\/\\\/facts-and-figures.belgiantrain.be\\\/2025\\\/voyageurs\\\/nouvelle-methode-mesure-frequentation\\\/\"]}]},{\"@type\":\"BreadcrumbList\",\"@id\":\"https:\\\/\\\/facts-and-figures.belgiantrain.be\\\/2025\\\/voyageurs\\\/nouvelle-methode-mesure-frequentation\\\/#breadcrumb\",\"itemListElement\":[{\"@type\":\"ListItem\",\"position\":1,\"name\":\"Accueil\",\"item\":\"https:\\\/\\\/facts-and-figures.belgiantrain.be\\\/2025\\\/\"},{\"@type\":\"ListItem\",\"position\":2,\"name\":\"Voyageurs\",\"item\":\"https:\\\/\\\/facts-and-figures.belgiantrain.be\\\/2025\\\/voyageurs\\\/\"},{\"@type\":\"ListItem\",\"position\":3,\"name\":\"Nouvelle m\u00e9thode de mesure de la fr\u00e9quentation\"}]},{\"@type\":\"WebSite\",\"@id\":\"https:\\\/\\\/facts-and-figures.belgiantrain.be\\\/2025\\\/#website\",\"url\":\"https:\\\/\\\/facts-and-figures.belgiantrain.be\\\/2025\\\/\",\"name\":\"SNCB R\u00e9alisations et chiffres-cl\u00e9s 2024\",\"description\":\"\",\"publisher\":{\"@id\":\"https:\\\/\\\/facts-and-figures.belgiantrain.be\\\/2025\\\/#organization\"},\"potentialAction\":[{\"@type\":\"SearchAction\",\"target\":{\"@type\":\"EntryPoint\",\"urlTemplate\":\"https:\\\/\\\/facts-and-figures.belgiantrain.be\\\/2025\\\/?s={search_term_string}\"},\"query-input\":{\"@type\":\"PropertyValueSpecification\",\"valueRequired\":true,\"valueName\":\"search_term_string\"}}],\"inLanguage\":\"fr-FR\"},{\"@type\":\"Organization\",\"@id\":\"https:\\\/\\\/facts-and-figures.belgiantrain.be\\\/2025\\\/#organization\",\"name\":\"SNCB R\u00e9alisations et chiffres-cl\u00e9s 2024\",\"url\":\"https:\\\/\\\/facts-and-figures.belgiantrain.be\\\/2025\\\/\",\"logo\":{\"@type\":\"ImageObject\",\"inLanguage\":\"fr-FR\",\"@id\":\"https:\\\/\\\/facts-and-figures.belgiantrain.be\\\/2025\\\/#\\\/schema\\\/logo\\\/image\\\/\",\"url\":\"https:\\\/\\\/facts-and-figures.belgiantrain.be\\\/2025\\\/wp-content\\\/uploads\\\/2025\\\/04\\\/apple-touch-icon.png\",\"contentUrl\":\"https:\\\/\\\/facts-and-figures.belgiantrain.be\\\/2025\\\/wp-content\\\/uploads\\\/2025\\\/04\\\/apple-touch-icon.png\",\"width\":57,\"height\":57,\"caption\":\"SNCB R\u00e9alisations et chiffres-cl\u00e9s 2024\"},\"image\":{\"@id\":\"https:\\\/\\\/facts-and-figures.belgiantrain.be\\\/2025\\\/#\\\/schema\\\/logo\\\/image\\\/\"}}]}<\/script>\n<!-- \/ Yoast SEO plugin. -->","yoast_head_json":{"title":"Nouvelle m\u00e9thode de mesure de la fr\u00e9quentation - SNCB R\u00e9alisations et chiffres-cl\u00e9s","description":"Les chiffres de ce rapport s\u2019inscrivent dans le cadre d\u2019une \u00e9volution de la m\u00e9thode utilis\u00e9e par la SNCB pour mesurer la fr\u00e9quentation de ses trains.Pour r\u00e9aliser la mesure, la SNCB se basait jusqu\u2019ici en grande partie sur des estimations th\u00e9oriques et forfaitaires d\u2019utilisation, notamment pour les abonnements. Cette approche permettait de suivre les \u00e9volutions au fil des ans et d\u2019adapter l\u2019offre et les services le cas \u00e9ch\u00e9ant, mais elle ne refl\u00e9tait plus suffisamment les habitudes de d\u00e9placement r\u00e9elles et actuelles.","robots":{"index":"index","follow":"follow","max-snippet":"max-snippet:-1","max-image-preview":"max-image-preview:large","max-video-preview":"max-video-preview:-1"},"canonical":"https:\/\/facts-and-figures.belgiantrain.be\/2025\/voyageurs\/nouvelle-methode-mesure-frequentation\/","og_locale":"fr_FR","og_type":"article","og_title":"Nouvelle m\u00e9thode de mesure de la fr\u00e9quentation - SNCB R\u00e9alisations et chiffres-cl\u00e9s","og_description":"Les chiffres de ce rapport s\u2019inscrivent dans le cadre d\u2019une \u00e9volution de la m\u00e9thode utilis\u00e9e par la SNCB pour mesurer la fr\u00e9quentation de ses trains.Pour r\u00e9aliser la mesure, la SNCB se basait jusqu\u2019ici en grande partie sur des estimations th\u00e9oriques et forfaitaires d\u2019utilisation, notamment pour les abonnements. Cette approche permettait de suivre les \u00e9volutions au fil des ans et d\u2019adapter l\u2019offre et les services le cas \u00e9ch\u00e9ant, mais elle ne refl\u00e9tait plus suffisamment les habitudes de d\u00e9placement r\u00e9elles et actuelles.","og_url":"https:\/\/facts-and-figures.belgiantrain.be\/2025\/voyageurs\/nouvelle-methode-mesure-frequentation\/","og_site_name":"SNCB R\u00e9alisations et chiffres-cl\u00e9s","article_modified_time":"2026-04-29T07:16:58+00:00","twitter_card":"summary_large_image","schema":{"@context":"https:\/\/schema.org","@graph":[{"@type":"WebPage","@id":"https:\/\/facts-and-figures.belgiantrain.be\/2025\/voyageurs\/nouvelle-methode-mesure-frequentation\/","url":"https:\/\/facts-and-figures.belgiantrain.be\/2025\/voyageurs\/nouvelle-methode-mesure-frequentation\/","name":"Nouvelle m\u00e9thode de mesure de la fr\u00e9quentation - SNCB R\u00e9alisations et chiffres-cl\u00e9s","isPartOf":{"@id":"https:\/\/facts-and-figures.belgiantrain.be\/2025\/#website"},"datePublished":"2026-03-09T09:07:02+00:00","dateModified":"2026-04-29T07:16:58+00:00","description":"Les chiffres de ce rapport s\u2019inscrivent dans le cadre d\u2019une \u00e9volution de la m\u00e9thode utilis\u00e9e par la SNCB pour mesurer la fr\u00e9quentation de ses trains.Pour r\u00e9aliser la mesure, la SNCB se basait jusqu\u2019ici en grande partie sur des estimations th\u00e9oriques et forfaitaires d\u2019utilisation, notamment pour les abonnements. Cette approche permettait de suivre les \u00e9volutions au fil des ans et d\u2019adapter l\u2019offre et les services le cas \u00e9ch\u00e9ant, mais elle ne refl\u00e9tait plus suffisamment les habitudes de d\u00e9placement r\u00e9elles et actuelles.","breadcrumb":{"@id":"https:\/\/facts-and-figures.belgiantrain.be\/2025\/voyageurs\/nouvelle-methode-mesure-frequentation\/#breadcrumb"},"inLanguage":"fr-FR","potentialAction":[{"@type":"ReadAction","target":["https:\/\/facts-and-figures.belgiantrain.be\/2025\/voyageurs\/nouvelle-methode-mesure-frequentation\/"]}]},{"@type":"BreadcrumbList","@id":"https:\/\/facts-and-figures.belgiantrain.be\/2025\/voyageurs\/nouvelle-methode-mesure-frequentation\/#breadcrumb","itemListElement":[{"@type":"ListItem","position":1,"name":"Accueil","item":"https:\/\/facts-and-figures.belgiantrain.be\/2025\/"},{"@type":"ListItem","position":2,"name":"Voyageurs","item":"https:\/\/facts-and-figures.belgiantrain.be\/2025\/voyageurs\/"},{"@type":"ListItem","position":3,"name":"Nouvelle m\u00e9thode de mesure de la fr\u00e9quentation"}]},{"@type":"WebSite","@id":"https:\/\/facts-and-figures.belgiantrain.be\/2025\/#website","url":"https:\/\/facts-and-figures.belgiantrain.be\/2025\/","name":"SNCB R\u00e9alisations et chiffres-cl\u00e9s 2024","description":"","publisher":{"@id":"https:\/\/facts-and-figures.belgiantrain.be\/2025\/#organization"},"potentialAction":[{"@type":"SearchAction","target":{"@type":"EntryPoint","urlTemplate":"https:\/\/facts-and-figures.belgiantrain.be\/2025\/?s={search_term_string}"},"query-input":{"@type":"PropertyValueSpecification","valueRequired":true,"valueName":"search_term_string"}}],"inLanguage":"fr-FR"},{"@type":"Organization","@id":"https:\/\/facts-and-figures.belgiantrain.be\/2025\/#organization","name":"SNCB R\u00e9alisations et chiffres-cl\u00e9s 2024","url":"https:\/\/facts-and-figures.belgiantrain.be\/2025\/","logo":{"@type":"ImageObject","inLanguage":"fr-FR","@id":"https:\/\/facts-and-figures.belgiantrain.be\/2025\/#\/schema\/logo\/image\/","url":"https:\/\/facts-and-figures.belgiantrain.be\/2025\/wp-content\/uploads\/2025\/04\/apple-touch-icon.png","contentUrl":"https:\/\/facts-and-figures.belgiantrain.be\/2025\/wp-content\/uploads\/2025\/04\/apple-touch-icon.png","width":57,"height":57,"caption":"SNCB R\u00e9alisations et chiffres-cl\u00e9s 2024"},"image":{"@id":"https:\/\/facts-and-figures.belgiantrain.be\/2025\/#\/schema\/logo\/image\/"}}]}},"_links":{"self":[{"href":"https:\/\/facts-and-figures.belgiantrain.be\/2025\/wp-json\/wp\/v2\/pages\/2243","targetHints":{"allow":["GET"]}}],"collection":[{"href":"https:\/\/facts-and-figures.belgiantrain.be\/2025\/wp-json\/wp\/v2\/pages"}],"about":[{"href":"https:\/\/facts-and-figures.belgiantrain.be\/2025\/wp-json\/wp\/v2\/types\/page"}],"author":[{"embeddable":true,"href":"https:\/\/facts-and-figures.belgiantrain.be\/2025\/wp-json\/wp\/v2\/users\/2"}],"replies":[{"embeddable":true,"href":"https:\/\/facts-and-figures.belgiantrain.be\/2025\/wp-json\/wp\/v2\/comments?post=2243"}],"version-history":[{"count":4,"href":"https:\/\/facts-and-figures.belgiantrain.be\/2025\/wp-json\/wp\/v2\/pages\/2243\/revisions"}],"predecessor-version":[{"id":2821,"href":"https:\/\/facts-and-figures.belgiantrain.be\/2025\/wp-json\/wp\/v2\/pages\/2243\/revisions\/2821"}],"up":[{"embeddable":true,"href":"https:\/\/facts-and-figures.belgiantrain.be\/2025\/wp-json\/wp\/v2\/pages\/38"}],"wp:attachment":[{"href":"https:\/\/facts-and-figures.belgiantrain.be\/2025\/wp-json\/wp\/v2\/media?parent=2243"}],"curies":[{"name":"wp","href":"https:\/\/api.w.org\/{rel}","templated":true}]}}