{"id":2241,"date":"2026-03-09T10:07:02","date_gmt":"2026-03-09T09:07:02","guid":{"rendered":"https:\/\/facts-and-figures.belgiantrain.be\/2025\/voyageurs\/faits-marquants\/"},"modified":"2026-04-28T15:23:08","modified_gmt":"2026-04-28T13:23:08","slug":"faits-marquants","status":"publish","type":"page","link":"https:\/\/facts-and-figures.belgiantrain.be\/2025\/voyageurs\/faits-marquants\/","title":{"rendered":"Faits marquants"},"content":{"rendered":"","protected":false},"excerpt":{"rendered":"","protected":false},"author":2,"featured_media":0,"parent":38,"menu_order":9,"comment_status":"closed","ping_status":"closed","template":"","meta":{"_acf_changed":false,"footnotes":""},"class_list":["post-2241","page","type-page","status-publish","hentry"],"acf":{"contenu":[{"acf_fc_layout":"texte","texte":"<h3><strong>10 avril 2025<\/strong><\/h3>\n<p>Lancement de l\u2019abonnement Flex Parking<\/p>\n<h3><strong>29 ao\u00fbt 2025<\/strong><\/h3>\n<p>Plus de 240 000 festivaliers transport\u00e9s gr\u00e2ce \u00e0 des trains suppl\u00e9mentaires<\/p>\n<h3><strong>8 septembre 2025<\/strong><\/h3>\n<p>Vaste op\u00e9ration de contr\u00f4les dans les trains<\/p>\n<h3><strong>21 septembre 2025<\/strong><\/h3>\n<p>Mobility ticket \u00e0 8 euros pour un aller-retour en train le Dimanche sans voiture<\/p>\n<h3><strong>15 octobre 2025<\/strong><\/h3>\n<p>Lancement de la nouvelle offre tarifaire et succ\u00e8s pour la carte Train+<\/p>\n","centre":false}]},"yoast_head":"<!-- This site is optimized with the Yoast SEO plugin v27.5 - https:\/\/yoast.com\/product\/yoast-seo-wordpress\/ -->\n<title>Faits marquants - SNCB R\u00e9alisations et chiffres-cl\u00e9s<\/title>\n<meta name=\"description\" content=\"10 avril 2025 : lancement de l\u2019abonnement Flex Parking - 29 ao\u00fbt 2025 : Plus de 240 000 festivaliers transport\u00e9s gr\u00e2ce \u00e0 des trains suppl\u00e9mentaires - 8 septembre 2025 : Vaste op\u00e9ration de contr\u00f4les dans les trains - 21 septembre 2025 : Mobility ticket \u00e0 8 euros pour un aller-retour en train le dimanche sans voiture - 15 octobre 2025 : lancement de la nouvelle offre tarifaire et succ\u00e8s pour la carte Train+\" \/>\n<meta name=\"robots\" content=\"index, follow, max-snippet:-1, max-image-preview:large, max-video-preview:-1\" \/>\n<link rel=\"canonical\" href=\"https:\/\/facts-and-figures.belgiantrain.be\/2025\/voyageurs\/faits-marquants\/\" \/>\n<meta property=\"og:locale\" content=\"fr_FR\" \/>\n<meta property=\"og:type\" content=\"article\" \/>\n<meta property=\"og:title\" content=\"Faits marquants - SNCB R\u00e9alisations et chiffres-cl\u00e9s\" \/>\n<meta property=\"og:description\" content=\"10 avril 2025 : lancement de l\u2019abonnement Flex Parking - 29 ao\u00fbt 2025 : Plus de 240 000 festivaliers transport\u00e9s gr\u00e2ce \u00e0 des trains suppl\u00e9mentaires - 8 septembre 2025 : Vaste op\u00e9ration de contr\u00f4les dans les trains - 21 septembre 2025 : Mobility ticket \u00e0 8 euros pour un aller-retour en train le dimanche sans voiture - 15 octobre 2025 : lancement de la nouvelle offre tarifaire et succ\u00e8s pour la carte Train+\" \/>\n<meta property=\"og:url\" content=\"https:\/\/facts-and-figures.belgiantrain.be\/2025\/voyageurs\/faits-marquants\/\" \/>\n<meta property=\"og:site_name\" content=\"SNCB R\u00e9alisations et chiffres-cl\u00e9s\" \/>\n<meta property=\"article:modified_time\" content=\"2026-04-28T13:23:08+00:00\" \/>\n<meta name=\"twitter:card\" content=\"summary_large_image\" \/>\n<script type=\"application\/ld+json\" class=\"yoast-schema-graph\">{\"@context\":\"https:\\\/\\\/schema.org\",\"@graph\":[{\"@type\":\"WebPage\",\"@id\":\"https:\\\/\\\/facts-and-figures.belgiantrain.be\\\/2025\\\/voyageurs\\\/faits-marquants\\\/\",\"url\":\"https:\\\/\\\/facts-and-figures.belgiantrain.be\\\/2025\\\/voyageurs\\\/faits-marquants\\\/\",\"name\":\"Faits marquants - SNCB R\u00e9alisations et chiffres-cl\u00e9s\",\"isPartOf\":{\"@id\":\"https:\\\/\\\/facts-and-figures.belgiantrain.be\\\/2025\\\/#website\"},\"datePublished\":\"2026-03-09T09:07:02+00:00\",\"dateModified\":\"2026-04-28T13:23:08+00:00\",\"description\":\"10 avril 2025 : lancement de l\u2019abonnement Flex Parking - 29 ao\u00fbt 2025 : Plus de 240 000 festivaliers transport\u00e9s gr\u00e2ce \u00e0 des trains suppl\u00e9mentaires - 8 septembre 2025 : Vaste op\u00e9ration de contr\u00f4les dans les trains - 21 septembre 2025 : Mobility ticket \u00e0 8 euros pour un aller-retour en train le dimanche sans voiture - 15 octobre 2025 : lancement de la nouvelle offre tarifaire et succ\u00e8s pour la carte Train+\",\"breadcrumb\":{\"@id\":\"https:\\\/\\\/facts-and-figures.belgiantrain.be\\\/2025\\\/voyageurs\\\/faits-marquants\\\/#breadcrumb\"},\"inLanguage\":\"fr-FR\",\"potentialAction\":[{\"@type\":\"ReadAction\",\"target\":[\"https:\\\/\\\/facts-and-figures.belgiantrain.be\\\/2025\\\/voyageurs\\\/faits-marquants\\\/\"]}]},{\"@type\":\"BreadcrumbList\",\"@id\":\"https:\\\/\\\/facts-and-figures.belgiantrain.be\\\/2025\\\/voyageurs\\\/faits-marquants\\\/#breadcrumb\",\"itemListElement\":[{\"@type\":\"ListItem\",\"position\":1,\"name\":\"Accueil\",\"item\":\"https:\\\/\\\/facts-and-figures.belgiantrain.be\\\/2025\\\/\"},{\"@type\":\"ListItem\",\"position\":2,\"name\":\"Voyageurs\",\"item\":\"https:\\\/\\\/facts-and-figures.belgiantrain.be\\\/2025\\\/voyageurs\\\/\"},{\"@type\":\"ListItem\",\"position\":3,\"name\":\"Faits marquants\"}]},{\"@type\":\"WebSite\",\"@id\":\"https:\\\/\\\/facts-and-figures.belgiantrain.be\\\/2025\\\/#website\",\"url\":\"https:\\\/\\\/facts-and-figures.belgiantrain.be\\\/2025\\\/\",\"name\":\"SNCB R\u00e9alisations et chiffres-cl\u00e9s 2024\",\"description\":\"\",\"publisher\":{\"@id\":\"https:\\\/\\\/facts-and-figures.belgiantrain.be\\\/2025\\\/#organization\"},\"potentialAction\":[{\"@type\":\"SearchAction\",\"target\":{\"@type\":\"EntryPoint\",\"urlTemplate\":\"https:\\\/\\\/facts-and-figures.belgiantrain.be\\\/2025\\\/?s={search_term_string}\"},\"query-input\":{\"@type\":\"PropertyValueSpecification\",\"valueRequired\":true,\"valueName\":\"search_term_string\"}}],\"inLanguage\":\"fr-FR\"},{\"@type\":\"Organization\",\"@id\":\"https:\\\/\\\/facts-and-figures.belgiantrain.be\\\/2025\\\/#organization\",\"name\":\"SNCB R\u00e9alisations et chiffres-cl\u00e9s 2024\",\"url\":\"https:\\\/\\\/facts-and-figures.belgiantrain.be\\\/2025\\\/\",\"logo\":{\"@type\":\"ImageObject\",\"inLanguage\":\"fr-FR\",\"@id\":\"https:\\\/\\\/facts-and-figures.belgiantrain.be\\\/2025\\\/#\\\/schema\\\/logo\\\/image\\\/\",\"url\":\"https:\\\/\\\/facts-and-figures.belgiantrain.be\\\/2025\\\/wp-content\\\/uploads\\\/2025\\\/04\\\/apple-touch-icon.png\",\"contentUrl\":\"https:\\\/\\\/facts-and-figures.belgiantrain.be\\\/2025\\\/wp-content\\\/uploads\\\/2025\\\/04\\\/apple-touch-icon.png\",\"width\":57,\"height\":57,\"caption\":\"SNCB R\u00e9alisations et chiffres-cl\u00e9s 2024\"},\"image\":{\"@id\":\"https:\\\/\\\/facts-and-figures.belgiantrain.be\\\/2025\\\/#\\\/schema\\\/logo\\\/image\\\/\"}}]}<\/script>\n<!-- \/ Yoast SEO plugin. -->","yoast_head_json":{"title":"Faits marquants - SNCB R\u00e9alisations et chiffres-cl\u00e9s","description":"10 avril 2025 : lancement de l\u2019abonnement Flex Parking - 29 ao\u00fbt 2025 : Plus de 240 000 festivaliers transport\u00e9s gr\u00e2ce \u00e0 des trains suppl\u00e9mentaires - 8 septembre 2025 : Vaste op\u00e9ration de contr\u00f4les dans les trains - 21 septembre 2025 : Mobility ticket \u00e0 8 euros pour un aller-retour en train le dimanche sans voiture - 15 octobre 2025 : lancement de la nouvelle offre tarifaire et succ\u00e8s pour la carte Train+","robots":{"index":"index","follow":"follow","max-snippet":"max-snippet:-1","max-image-preview":"max-image-preview:large","max-video-preview":"max-video-preview:-1"},"canonical":"https:\/\/facts-and-figures.belgiantrain.be\/2025\/voyageurs\/faits-marquants\/","og_locale":"fr_FR","og_type":"article","og_title":"Faits marquants - SNCB R\u00e9alisations et chiffres-cl\u00e9s","og_description":"10 avril 2025 : lancement de l\u2019abonnement Flex Parking - 29 ao\u00fbt 2025 : Plus de 240 000 festivaliers transport\u00e9s gr\u00e2ce \u00e0 des trains suppl\u00e9mentaires - 8 septembre 2025 : Vaste op\u00e9ration de contr\u00f4les dans les trains - 21 septembre 2025 : Mobility ticket \u00e0 8 euros pour un aller-retour en train le dimanche sans voiture - 15 octobre 2025 : lancement de la nouvelle offre tarifaire et succ\u00e8s pour la carte Train+","og_url":"https:\/\/facts-and-figures.belgiantrain.be\/2025\/voyageurs\/faits-marquants\/","og_site_name":"SNCB R\u00e9alisations et chiffres-cl\u00e9s","article_modified_time":"2026-04-28T13:23:08+00:00","twitter_card":"summary_large_image","schema":{"@context":"https:\/\/schema.org","@graph":[{"@type":"WebPage","@id":"https:\/\/facts-and-figures.belgiantrain.be\/2025\/voyageurs\/faits-marquants\/","url":"https:\/\/facts-and-figures.belgiantrain.be\/2025\/voyageurs\/faits-marquants\/","name":"Faits marquants - SNCB R\u00e9alisations et chiffres-cl\u00e9s","isPartOf":{"@id":"https:\/\/facts-and-figures.belgiantrain.be\/2025\/#website"},"datePublished":"2026-03-09T09:07:02+00:00","dateModified":"2026-04-28T13:23:08+00:00","description":"10 avril 2025 : lancement de l\u2019abonnement Flex Parking - 29 ao\u00fbt 2025 : Plus de 240 000 festivaliers transport\u00e9s gr\u00e2ce \u00e0 des trains suppl\u00e9mentaires - 8 septembre 2025 : Vaste op\u00e9ration de contr\u00f4les dans les trains - 21 septembre 2025 : Mobility ticket \u00e0 8 euros pour un aller-retour en train le dimanche sans voiture - 15 octobre 2025 : lancement de la nouvelle offre tarifaire et succ\u00e8s pour la carte Train+","breadcrumb":{"@id":"https:\/\/facts-and-figures.belgiantrain.be\/2025\/voyageurs\/faits-marquants\/#breadcrumb"},"inLanguage":"fr-FR","potentialAction":[{"@type":"ReadAction","target":["https:\/\/facts-and-figures.belgiantrain.be\/2025\/voyageurs\/faits-marquants\/"]}]},{"@type":"BreadcrumbList","@id":"https:\/\/facts-and-figures.belgiantrain.be\/2025\/voyageurs\/faits-marquants\/#breadcrumb","itemListElement":[{"@type":"ListItem","position":1,"name":"Accueil","item":"https:\/\/facts-and-figures.belgiantrain.be\/2025\/"},{"@type":"ListItem","position":2,"name":"Voyageurs","item":"https:\/\/facts-and-figures.belgiantrain.be\/2025\/voyageurs\/"},{"@type":"ListItem","position":3,"name":"Faits marquants"}]},{"@type":"WebSite","@id":"https:\/\/facts-and-figures.belgiantrain.be\/2025\/#website","url":"https:\/\/facts-and-figures.belgiantrain.be\/2025\/","name":"SNCB R\u00e9alisations et chiffres-cl\u00e9s 2024","description":"","publisher":{"@id":"https:\/\/facts-and-figures.belgiantrain.be\/2025\/#organization"},"potentialAction":[{"@type":"SearchAction","target":{"@type":"EntryPoint","urlTemplate":"https:\/\/facts-and-figures.belgiantrain.be\/2025\/?s={search_term_string}"},"query-input":{"@type":"PropertyValueSpecification","valueRequired":true,"valueName":"search_term_string"}}],"inLanguage":"fr-FR"},{"@type":"Organization","@id":"https:\/\/facts-and-figures.belgiantrain.be\/2025\/#organization","name":"SNCB R\u00e9alisations et chiffres-cl\u00e9s 2024","url":"https:\/\/facts-and-figures.belgiantrain.be\/2025\/","logo":{"@type":"ImageObject","inLanguage":"fr-FR","@id":"https:\/\/facts-and-figures.belgiantrain.be\/2025\/#\/schema\/logo\/image\/","url":"https:\/\/facts-and-figures.belgiantrain.be\/2025\/wp-content\/uploads\/2025\/04\/apple-touch-icon.png","contentUrl":"https:\/\/facts-and-figures.belgiantrain.be\/2025\/wp-content\/uploads\/2025\/04\/apple-touch-icon.png","width":57,"height":57,"caption":"SNCB R\u00e9alisations et chiffres-cl\u00e9s 2024"},"image":{"@id":"https:\/\/facts-and-figures.belgiantrain.be\/2025\/#\/schema\/logo\/image\/"}}]}},"_links":{"self":[{"href":"https:\/\/facts-and-figures.belgiantrain.be\/2025\/wp-json\/wp\/v2\/pages\/2241","targetHints":{"allow":["GET"]}}],"collection":[{"href":"https:\/\/facts-and-figures.belgiantrain.be\/2025\/wp-json\/wp\/v2\/pages"}],"about":[{"href":"https:\/\/facts-and-figures.belgiantrain.be\/2025\/wp-json\/wp\/v2\/types\/page"}],"author":[{"embeddable":true,"href":"https:\/\/facts-and-figures.belgiantrain.be\/2025\/wp-json\/wp\/v2\/users\/2"}],"replies":[{"embeddable":true,"href":"https:\/\/facts-and-figures.belgiantrain.be\/2025\/wp-json\/wp\/v2\/comments?post=2241"}],"version-history":[{"count":4,"href":"https:\/\/facts-and-figures.belgiantrain.be\/2025\/wp-json\/wp\/v2\/pages\/2241\/revisions"}],"predecessor-version":[{"id":2754,"href":"https:\/\/facts-and-figures.belgiantrain.be\/2025\/wp-json\/wp\/v2\/pages\/2241\/revisions\/2754"}],"up":[{"embeddable":true,"href":"https:\/\/facts-and-figures.belgiantrain.be\/2025\/wp-json\/wp\/v2\/pages\/38"}],"wp:attachment":[{"href":"https:\/\/facts-and-figures.belgiantrain.be\/2025\/wp-json\/wp\/v2\/media?parent=2241"}],"curies":[{"name":"wp","href":"https:\/\/api.w.org\/{rel}","templated":true}]}}