{"id":2177,"date":"2026-03-09T10:07:00","date_gmt":"2026-03-09T09:07:00","guid":{"rendered":"https:\/\/facts-and-figures.belgiantrain.be\/2025\/performance\/les-trains-plus-ponctuels-quen-2023\/"},"modified":"2026-05-06T15:48:07","modified_gmt":"2026-05-06T13:48:07","slug":"cybersecurite-enjeu-majeur","status":"publish","type":"page","link":"https:\/\/facts-and-figures.belgiantrain.be\/2025\/performance\/cybersecurite-enjeu-majeur\/","title":{"rendered":"La cybers\u00e9curit\u00e9, un enjeu majeur"},"content":{"rendered":"","protected":false},"excerpt":{"rendered":"","protected":false},"author":2,"featured_media":0,"parent":46,"menu_order":48,"comment_status":"closed","ping_status":"closed","template":"","meta":{"_acf_changed":false,"footnotes":""},"class_list":["post-2177","page","type-page","status-publish","hentry"],"acf":{"contenu":[{"acf_fc_layout":"texte","texte":"<p>Dans un contexte o\u00f9 les menaces num\u00e9riques sont de plus en plus nombreuses et sophistiqu\u00e9es, la cybers\u00e9curit\u00e9 constitue un enjeu essentiel pour les entreprises. En tant qu\u2019infrastructure critique, la SNCB met en \u0153uvre des mesures actives pour prot\u00e9ger l\u2019entreprise contre les cyberattaques, conform\u00e9ment \u00e0 la directive europ\u00e9enne NIS2 Directive.<\/p>\n<p>La SNCB m\u00e8ne r\u00e9guli\u00e8rement des <strong>campagnes de sensibilisation<\/strong> afin d\u2019encourager chaque collaborateur \u00e0 adopter les bons r\u00e9flexes, tant au travail que dans sa vie quotidienne. Des articles et outils pratiques sont aussi diffus\u00e9s pour aider le personnel \u00e0 renforcer la s\u00e9curit\u00e9 des lieux de travail, en ligne comme hors ligne.<\/p>\n<p>La <strong>formation \u00e0 la cybers\u00e9curit\u00e9<\/strong> fait par ailleurs partie int\u00e9grante du parcours d\u2019apprentissage des collaborateurs de la SNCB.<\/p>\n","centre":false},{"acf_fc_layout":"media","media":"image","image":2819,"rive":"","size":"small","zoomable":false}]},"yoast_head":"<!-- This site is optimized with the Yoast SEO plugin v27.5 - https:\/\/yoast.com\/product\/yoast-seo-wordpress\/ -->\n<title>La cybers\u00e9curit\u00e9, un enjeu majeur - SNCB R\u00e9alisations et chiffres-cl\u00e9s<\/title>\n<meta name=\"description\" content=\"Dans un contexte o\u00f9 les menaces num\u00e9riques sont de plus en plus nombreuses et sophistiqu\u00e9es, la cybers\u00e9curit\u00e9 constitue un enjeu essentiel pour les entreprises.\" \/>\n<meta name=\"robots\" content=\"index, follow, max-snippet:-1, max-image-preview:large, max-video-preview:-1\" \/>\n<link rel=\"canonical\" href=\"https:\/\/facts-and-figures.belgiantrain.be\/2025\/performance\/cybersecurite-enjeu-majeur\/\" \/>\n<meta property=\"og:locale\" content=\"fr_FR\" \/>\n<meta property=\"og:type\" content=\"article\" \/>\n<meta property=\"og:title\" content=\"La cybers\u00e9curit\u00e9, un enjeu majeur - SNCB R\u00e9alisations et chiffres-cl\u00e9s\" \/>\n<meta property=\"og:description\" content=\"Dans un contexte o\u00f9 les menaces num\u00e9riques sont de plus en plus nombreuses et sophistiqu\u00e9es, la cybers\u00e9curit\u00e9 constitue un enjeu essentiel pour les entreprises.\" \/>\n<meta property=\"og:url\" content=\"https:\/\/facts-and-figures.belgiantrain.be\/2025\/performance\/cybersecurite-enjeu-majeur\/\" \/>\n<meta property=\"og:site_name\" content=\"SNCB R\u00e9alisations et chiffres-cl\u00e9s\" \/>\n<meta property=\"article:modified_time\" content=\"2026-05-06T13:48:07+00:00\" \/>\n<meta name=\"twitter:card\" content=\"summary_large_image\" \/>\n<script type=\"application\/ld+json\" class=\"yoast-schema-graph\">{\"@context\":\"https:\\\/\\\/schema.org\",\"@graph\":[{\"@type\":\"WebPage\",\"@id\":\"https:\\\/\\\/facts-and-figures.belgiantrain.be\\\/2025\\\/performance\\\/cybersecurite-enjeu-majeur\\\/\",\"url\":\"https:\\\/\\\/facts-and-figures.belgiantrain.be\\\/2025\\\/performance\\\/cybersecurite-enjeu-majeur\\\/\",\"name\":\"La cybers\u00e9curit\u00e9, un enjeu majeur - SNCB R\u00e9alisations et chiffres-cl\u00e9s\",\"isPartOf\":{\"@id\":\"https:\\\/\\\/facts-and-figures.belgiantrain.be\\\/2025\\\/#website\"},\"datePublished\":\"2026-03-09T09:07:00+00:00\",\"dateModified\":\"2026-05-06T13:48:07+00:00\",\"description\":\"Dans un contexte o\u00f9 les menaces num\u00e9riques sont de plus en plus nombreuses et sophistiqu\u00e9es, la cybers\u00e9curit\u00e9 constitue un enjeu essentiel pour les entreprises.\",\"breadcrumb\":{\"@id\":\"https:\\\/\\\/facts-and-figures.belgiantrain.be\\\/2025\\\/performance\\\/cybersecurite-enjeu-majeur\\\/#breadcrumb\"},\"inLanguage\":\"fr-FR\",\"potentialAction\":[{\"@type\":\"ReadAction\",\"target\":[\"https:\\\/\\\/facts-and-figures.belgiantrain.be\\\/2025\\\/performance\\\/cybersecurite-enjeu-majeur\\\/\"]}]},{\"@type\":\"BreadcrumbList\",\"@id\":\"https:\\\/\\\/facts-and-figures.belgiantrain.be\\\/2025\\\/performance\\\/cybersecurite-enjeu-majeur\\\/#breadcrumb\",\"itemListElement\":[{\"@type\":\"ListItem\",\"position\":1,\"name\":\"Accueil\",\"item\":\"https:\\\/\\\/facts-and-figures.belgiantrain.be\\\/2025\\\/\"},{\"@type\":\"ListItem\",\"position\":2,\"name\":\"Performance\",\"item\":\"https:\\\/\\\/facts-and-figures.belgiantrain.be\\\/2025\\\/performance\\\/\"},{\"@type\":\"ListItem\",\"position\":3,\"name\":\"La cybers\u00e9curit\u00e9, un enjeu majeur\"}]},{\"@type\":\"WebSite\",\"@id\":\"https:\\\/\\\/facts-and-figures.belgiantrain.be\\\/2025\\\/#website\",\"url\":\"https:\\\/\\\/facts-and-figures.belgiantrain.be\\\/2025\\\/\",\"name\":\"SNCB R\u00e9alisations et chiffres-cl\u00e9s 2024\",\"description\":\"\",\"publisher\":{\"@id\":\"https:\\\/\\\/facts-and-figures.belgiantrain.be\\\/2025\\\/#organization\"},\"potentialAction\":[{\"@type\":\"SearchAction\",\"target\":{\"@type\":\"EntryPoint\",\"urlTemplate\":\"https:\\\/\\\/facts-and-figures.belgiantrain.be\\\/2025\\\/?s={search_term_string}\"},\"query-input\":{\"@type\":\"PropertyValueSpecification\",\"valueRequired\":true,\"valueName\":\"search_term_string\"}}],\"inLanguage\":\"fr-FR\"},{\"@type\":\"Organization\",\"@id\":\"https:\\\/\\\/facts-and-figures.belgiantrain.be\\\/2025\\\/#organization\",\"name\":\"SNCB R\u00e9alisations et chiffres-cl\u00e9s 2024\",\"url\":\"https:\\\/\\\/facts-and-figures.belgiantrain.be\\\/2025\\\/\",\"logo\":{\"@type\":\"ImageObject\",\"inLanguage\":\"fr-FR\",\"@id\":\"https:\\\/\\\/facts-and-figures.belgiantrain.be\\\/2025\\\/#\\\/schema\\\/logo\\\/image\\\/\",\"url\":\"https:\\\/\\\/facts-and-figures.belgiantrain.be\\\/2025\\\/wp-content\\\/uploads\\\/2025\\\/04\\\/apple-touch-icon.png\",\"contentUrl\":\"https:\\\/\\\/facts-and-figures.belgiantrain.be\\\/2025\\\/wp-content\\\/uploads\\\/2025\\\/04\\\/apple-touch-icon.png\",\"width\":57,\"height\":57,\"caption\":\"SNCB R\u00e9alisations et chiffres-cl\u00e9s 2024\"},\"image\":{\"@id\":\"https:\\\/\\\/facts-and-figures.belgiantrain.be\\\/2025\\\/#\\\/schema\\\/logo\\\/image\\\/\"}}]}<\/script>\n<!-- \/ Yoast SEO plugin. -->","yoast_head_json":{"title":"La cybers\u00e9curit\u00e9, un enjeu majeur - SNCB R\u00e9alisations et chiffres-cl\u00e9s","description":"Dans un contexte o\u00f9 les menaces num\u00e9riques sont de plus en plus nombreuses et sophistiqu\u00e9es, la cybers\u00e9curit\u00e9 constitue un enjeu essentiel pour les entreprises.","robots":{"index":"index","follow":"follow","max-snippet":"max-snippet:-1","max-image-preview":"max-image-preview:large","max-video-preview":"max-video-preview:-1"},"canonical":"https:\/\/facts-and-figures.belgiantrain.be\/2025\/performance\/cybersecurite-enjeu-majeur\/","og_locale":"fr_FR","og_type":"article","og_title":"La cybers\u00e9curit\u00e9, un enjeu majeur - SNCB R\u00e9alisations et chiffres-cl\u00e9s","og_description":"Dans un contexte o\u00f9 les menaces num\u00e9riques sont de plus en plus nombreuses et sophistiqu\u00e9es, la cybers\u00e9curit\u00e9 constitue un enjeu essentiel pour les entreprises.","og_url":"https:\/\/facts-and-figures.belgiantrain.be\/2025\/performance\/cybersecurite-enjeu-majeur\/","og_site_name":"SNCB R\u00e9alisations et chiffres-cl\u00e9s","article_modified_time":"2026-05-06T13:48:07+00:00","twitter_card":"summary_large_image","schema":{"@context":"https:\/\/schema.org","@graph":[{"@type":"WebPage","@id":"https:\/\/facts-and-figures.belgiantrain.be\/2025\/performance\/cybersecurite-enjeu-majeur\/","url":"https:\/\/facts-and-figures.belgiantrain.be\/2025\/performance\/cybersecurite-enjeu-majeur\/","name":"La cybers\u00e9curit\u00e9, un enjeu majeur - SNCB R\u00e9alisations et chiffres-cl\u00e9s","isPartOf":{"@id":"https:\/\/facts-and-figures.belgiantrain.be\/2025\/#website"},"datePublished":"2026-03-09T09:07:00+00:00","dateModified":"2026-05-06T13:48:07+00:00","description":"Dans un contexte o\u00f9 les menaces num\u00e9riques sont de plus en plus nombreuses et sophistiqu\u00e9es, la cybers\u00e9curit\u00e9 constitue un enjeu essentiel pour les entreprises.","breadcrumb":{"@id":"https:\/\/facts-and-figures.belgiantrain.be\/2025\/performance\/cybersecurite-enjeu-majeur\/#breadcrumb"},"inLanguage":"fr-FR","potentialAction":[{"@type":"ReadAction","target":["https:\/\/facts-and-figures.belgiantrain.be\/2025\/performance\/cybersecurite-enjeu-majeur\/"]}]},{"@type":"BreadcrumbList","@id":"https:\/\/facts-and-figures.belgiantrain.be\/2025\/performance\/cybersecurite-enjeu-majeur\/#breadcrumb","itemListElement":[{"@type":"ListItem","position":1,"name":"Accueil","item":"https:\/\/facts-and-figures.belgiantrain.be\/2025\/"},{"@type":"ListItem","position":2,"name":"Performance","item":"https:\/\/facts-and-figures.belgiantrain.be\/2025\/performance\/"},{"@type":"ListItem","position":3,"name":"La cybers\u00e9curit\u00e9, un enjeu majeur"}]},{"@type":"WebSite","@id":"https:\/\/facts-and-figures.belgiantrain.be\/2025\/#website","url":"https:\/\/facts-and-figures.belgiantrain.be\/2025\/","name":"SNCB R\u00e9alisations et chiffres-cl\u00e9s 2024","description":"","publisher":{"@id":"https:\/\/facts-and-figures.belgiantrain.be\/2025\/#organization"},"potentialAction":[{"@type":"SearchAction","target":{"@type":"EntryPoint","urlTemplate":"https:\/\/facts-and-figures.belgiantrain.be\/2025\/?s={search_term_string}"},"query-input":{"@type":"PropertyValueSpecification","valueRequired":true,"valueName":"search_term_string"}}],"inLanguage":"fr-FR"},{"@type":"Organization","@id":"https:\/\/facts-and-figures.belgiantrain.be\/2025\/#organization","name":"SNCB R\u00e9alisations et chiffres-cl\u00e9s 2024","url":"https:\/\/facts-and-figures.belgiantrain.be\/2025\/","logo":{"@type":"ImageObject","inLanguage":"fr-FR","@id":"https:\/\/facts-and-figures.belgiantrain.be\/2025\/#\/schema\/logo\/image\/","url":"https:\/\/facts-and-figures.belgiantrain.be\/2025\/wp-content\/uploads\/2025\/04\/apple-touch-icon.png","contentUrl":"https:\/\/facts-and-figures.belgiantrain.be\/2025\/wp-content\/uploads\/2025\/04\/apple-touch-icon.png","width":57,"height":57,"caption":"SNCB R\u00e9alisations et chiffres-cl\u00e9s 2024"},"image":{"@id":"https:\/\/facts-and-figures.belgiantrain.be\/2025\/#\/schema\/logo\/image\/"}}]}},"_links":{"self":[{"href":"https:\/\/facts-and-figures.belgiantrain.be\/2025\/wp-json\/wp\/v2\/pages\/2177","targetHints":{"allow":["GET"]}}],"collection":[{"href":"https:\/\/facts-and-figures.belgiantrain.be\/2025\/wp-json\/wp\/v2\/pages"}],"about":[{"href":"https:\/\/facts-and-figures.belgiantrain.be\/2025\/wp-json\/wp\/v2\/types\/page"}],"author":[{"embeddable":true,"href":"https:\/\/facts-and-figures.belgiantrain.be\/2025\/wp-json\/wp\/v2\/users\/2"}],"replies":[{"embeddable":true,"href":"https:\/\/facts-and-figures.belgiantrain.be\/2025\/wp-json\/wp\/v2\/comments?post=2177"}],"version-history":[{"count":5,"href":"https:\/\/facts-and-figures.belgiantrain.be\/2025\/wp-json\/wp\/v2\/pages\/2177\/revisions"}],"predecessor-version":[{"id":2878,"href":"https:\/\/facts-and-figures.belgiantrain.be\/2025\/wp-json\/wp\/v2\/pages\/2177\/revisions\/2878"}],"up":[{"embeddable":true,"href":"https:\/\/facts-and-figures.belgiantrain.be\/2025\/wp-json\/wp\/v2\/pages\/46"}],"wp:attachment":[{"href":"https:\/\/facts-and-figures.belgiantrain.be\/2025\/wp-json\/wp\/v2\/media?parent=2177"}],"curies":[{"name":"wp","href":"https:\/\/api.w.org\/{rel}","templated":true}]}}