{"id":2171,"date":"2026-03-09T10:06:59","date_gmt":"2026-03-09T09:06:59","guid":{"rendered":"https:\/\/facts-and-figures.belgiantrain.be\/2025\/offre\/bruxelles-midi-hub-international\/"},"modified":"2026-05-06T11:07:54","modified_gmt":"2026-05-06T09:07:54","slug":"garantir-accessibilite-region-anvers","status":"publish","type":"page","link":"https:\/\/facts-and-figures.belgiantrain.be\/2025\/offre\/garantir-accessibilite-region-anvers\/","title":{"rendered":"Garantir l\u2019accessibilit\u00e9 de la r\u00e9gion d\u2019Anvers"},"content":{"rendered":"","protected":false},"excerpt":{"rendered":"","protected":false},"author":2,"featured_media":0,"parent":44,"menu_order":22,"comment_status":"closed","ping_status":"closed","template":"","meta":{"_acf_changed":false,"footnotes":""},"class_list":["post-2171","page","type-page","status-publish","hentry"],"acf":{"contenu":[{"acf_fc_layout":"texte","texte":"<p>\u00c0 partir de<strong> mai 2026<\/strong>, des travaux importants seront entrepris suite \u00e0 la<strong> mise hors service du tube du pr\u00e9-m\u00e9tro sous l\u2019Escaut \u00e0 Anvers<\/strong>, interrompant pendant <strong>presque 1 an<\/strong> la circulation des trams entre la rive gauche et la rive droite.<br \/>\nPour att\u00e9nuer cet impact, des solutions de mobilit\u00e9 ont \u00e9t\u00e9 \u00e9labor\u00e9es<strong> d\u00e8s 2025<\/strong> afin de continuer \u00e0 offrir un service aux voyageurs, gr\u00e2ce \u00e0 une offre alternative. La <strong>SNCB et Infrabel<\/strong> prendront, pendant la p\u00e9riode des travaux, des mesures pour proposer des alternatives aux voyageurs concern\u00e9s par l\u2019interruption de la circulation des trams.<\/p>\n<p>Parmi les mesures pr\u00e9vues :<\/p>\n<ul>\n<li><strong>L\u2019am\u00e9nagement d\u2019une gare temporaire \u00e0 Anvers-Linkeroever<\/strong>, avec des possibilit\u00e9s de stationnement.<\/li>\n<li><strong>Une augmentation de la capacit\u00e9 des trains S34<\/strong> entre Dendermonde et Anvers-Central pendant les heures de pointe du matin et du soir.<\/li>\n<li><strong>Un \u00e9largissement de l\u2019amplitude horaire en semaine<\/strong>, avec des trains toutes les demi-heures entre 6h et 23h sur la ligne S34, dont l&rsquo;une s&rsquo;arr\u00eate \u00e9galement \u00e0 l\u2019arr\u00eat temporaire Anvers-Rive Gauche.<\/li>\n<li><strong>Une extension de l\u2019amplitude de la liaison IC en semaine durant les vacances d\u2019\u00e9t\u00e9 2026<\/strong>, avec des trains circulant jusqu\u2019apr\u00e8s<strong> 22 h<\/strong>.<\/li>\n<\/ul>\n<p>Ces mesures permettront de proposer des<strong> alternatives concr\u00e8tes aux voyageurs<\/strong> et de maintenir l<strong>\u2019accessibilit\u00e9 de la r\u00e9gion<\/strong> pendant la dur\u00e9e des travaux.<\/p>\n","centre":false},{"acf_fc_layout":"media","media":"image","image":2810,"rive":"","size":"small","zoomable":false}]},"yoast_head":"<!-- This site is optimized with the Yoast SEO plugin v27.5 - https:\/\/yoast.com\/product\/yoast-seo-wordpress\/ -->\n<title>Garantir l\u2019accessibilit\u00e9 de la r\u00e9gion d\u2019Anvers - SNCB R\u00e9alisations et chiffres-cl\u00e9s<\/title>\n<meta name=\"description\" content=\"\u00c0 partir de mai 2026, des travaux importants seront entrepris suite de la mise hors service du tube du pr\u00e9-m\u00e9tro sous l\u2019Escaut \u00e0 Anvers, interrompant pendant presque 1 an l a circulation des trams entre la rive gauche et la rive droite.\" \/>\n<meta name=\"robots\" content=\"index, follow, max-snippet:-1, max-image-preview:large, max-video-preview:-1\" \/>\n<link rel=\"canonical\" href=\"https:\/\/facts-and-figures.belgiantrain.be\/2025\/offre\/garantir-accessibilite-region-anvers\/\" \/>\n<meta property=\"og:locale\" content=\"fr_FR\" \/>\n<meta property=\"og:type\" content=\"article\" \/>\n<meta property=\"og:title\" content=\"Garantir l\u2019accessibilit\u00e9 de la r\u00e9gion d\u2019Anvers - SNCB R\u00e9alisations et chiffres-cl\u00e9s\" \/>\n<meta property=\"og:description\" content=\"\u00c0 partir de mai 2026, des travaux importants seront entrepris suite de la mise hors service du tube du pr\u00e9-m\u00e9tro sous l\u2019Escaut \u00e0 Anvers, interrompant pendant presque 1 an l a circulation des trams entre la rive gauche et la rive droite.\" \/>\n<meta property=\"og:url\" content=\"https:\/\/facts-and-figures.belgiantrain.be\/2025\/offre\/garantir-accessibilite-region-anvers\/\" \/>\n<meta property=\"og:site_name\" content=\"SNCB R\u00e9alisations et chiffres-cl\u00e9s\" \/>\n<meta property=\"article:modified_time\" content=\"2026-05-06T09:07:54+00:00\" \/>\n<meta name=\"twitter:card\" content=\"summary_large_image\" \/>\n<script type=\"application\/ld+json\" class=\"yoast-schema-graph\">{\"@context\":\"https:\\\/\\\/schema.org\",\"@graph\":[{\"@type\":\"WebPage\",\"@id\":\"https:\\\/\\\/facts-and-figures.belgiantrain.be\\\/2025\\\/offre\\\/garantir-accessibilite-region-anvers\\\/\",\"url\":\"https:\\\/\\\/facts-and-figures.belgiantrain.be\\\/2025\\\/offre\\\/garantir-accessibilite-region-anvers\\\/\",\"name\":\"Garantir l\u2019accessibilit\u00e9 de la r\u00e9gion d\u2019Anvers - SNCB R\u00e9alisations et chiffres-cl\u00e9s\",\"isPartOf\":{\"@id\":\"https:\\\/\\\/facts-and-figures.belgiantrain.be\\\/2025\\\/#website\"},\"datePublished\":\"2026-03-09T09:06:59+00:00\",\"dateModified\":\"2026-05-06T09:07:54+00:00\",\"description\":\"\u00c0 partir de mai 2026, des travaux importants seront entrepris suite de la mise hors service du tube du pr\u00e9-m\u00e9tro sous l\u2019Escaut \u00e0 Anvers, interrompant pendant presque 1 an l a circulation des trams entre la rive gauche et la rive droite.\",\"breadcrumb\":{\"@id\":\"https:\\\/\\\/facts-and-figures.belgiantrain.be\\\/2025\\\/offre\\\/garantir-accessibilite-region-anvers\\\/#breadcrumb\"},\"inLanguage\":\"fr-FR\",\"potentialAction\":[{\"@type\":\"ReadAction\",\"target\":[\"https:\\\/\\\/facts-and-figures.belgiantrain.be\\\/2025\\\/offre\\\/garantir-accessibilite-region-anvers\\\/\"]}]},{\"@type\":\"BreadcrumbList\",\"@id\":\"https:\\\/\\\/facts-and-figures.belgiantrain.be\\\/2025\\\/offre\\\/garantir-accessibilite-region-anvers\\\/#breadcrumb\",\"itemListElement\":[{\"@type\":\"ListItem\",\"position\":1,\"name\":\"Accueil\",\"item\":\"https:\\\/\\\/facts-and-figures.belgiantrain.be\\\/2025\\\/\"},{\"@type\":\"ListItem\",\"position\":2,\"name\":\"Offre\",\"item\":\"https:\\\/\\\/facts-and-figures.belgiantrain.be\\\/2025\\\/offre\\\/\"},{\"@type\":\"ListItem\",\"position\":3,\"name\":\"Garantir l\u2019accessibilit\u00e9 de la r\u00e9gion d\u2019Anvers\"}]},{\"@type\":\"WebSite\",\"@id\":\"https:\\\/\\\/facts-and-figures.belgiantrain.be\\\/2025\\\/#website\",\"url\":\"https:\\\/\\\/facts-and-figures.belgiantrain.be\\\/2025\\\/\",\"name\":\"SNCB R\u00e9alisations et chiffres-cl\u00e9s 2024\",\"description\":\"\",\"publisher\":{\"@id\":\"https:\\\/\\\/facts-and-figures.belgiantrain.be\\\/2025\\\/#organization\"},\"potentialAction\":[{\"@type\":\"SearchAction\",\"target\":{\"@type\":\"EntryPoint\",\"urlTemplate\":\"https:\\\/\\\/facts-and-figures.belgiantrain.be\\\/2025\\\/?s={search_term_string}\"},\"query-input\":{\"@type\":\"PropertyValueSpecification\",\"valueRequired\":true,\"valueName\":\"search_term_string\"}}],\"inLanguage\":\"fr-FR\"},{\"@type\":\"Organization\",\"@id\":\"https:\\\/\\\/facts-and-figures.belgiantrain.be\\\/2025\\\/#organization\",\"name\":\"SNCB R\u00e9alisations et chiffres-cl\u00e9s 2024\",\"url\":\"https:\\\/\\\/facts-and-figures.belgiantrain.be\\\/2025\\\/\",\"logo\":{\"@type\":\"ImageObject\",\"inLanguage\":\"fr-FR\",\"@id\":\"https:\\\/\\\/facts-and-figures.belgiantrain.be\\\/2025\\\/#\\\/schema\\\/logo\\\/image\\\/\",\"url\":\"https:\\\/\\\/facts-and-figures.belgiantrain.be\\\/2025\\\/wp-content\\\/uploads\\\/2025\\\/04\\\/apple-touch-icon.png\",\"contentUrl\":\"https:\\\/\\\/facts-and-figures.belgiantrain.be\\\/2025\\\/wp-content\\\/uploads\\\/2025\\\/04\\\/apple-touch-icon.png\",\"width\":57,\"height\":57,\"caption\":\"SNCB R\u00e9alisations et chiffres-cl\u00e9s 2024\"},\"image\":{\"@id\":\"https:\\\/\\\/facts-and-figures.belgiantrain.be\\\/2025\\\/#\\\/schema\\\/logo\\\/image\\\/\"}}]}<\/script>\n<!-- \/ Yoast SEO plugin. -->","yoast_head_json":{"title":"Garantir l\u2019accessibilit\u00e9 de la r\u00e9gion d\u2019Anvers - SNCB R\u00e9alisations et chiffres-cl\u00e9s","description":"\u00c0 partir de mai 2026, des travaux importants seront entrepris suite de la mise hors service du tube du pr\u00e9-m\u00e9tro sous l\u2019Escaut \u00e0 Anvers, interrompant pendant presque 1 an l a circulation des trams entre la rive gauche et la rive droite.","robots":{"index":"index","follow":"follow","max-snippet":"max-snippet:-1","max-image-preview":"max-image-preview:large","max-video-preview":"max-video-preview:-1"},"canonical":"https:\/\/facts-and-figures.belgiantrain.be\/2025\/offre\/garantir-accessibilite-region-anvers\/","og_locale":"fr_FR","og_type":"article","og_title":"Garantir l\u2019accessibilit\u00e9 de la r\u00e9gion d\u2019Anvers - SNCB R\u00e9alisations et chiffres-cl\u00e9s","og_description":"\u00c0 partir de mai 2026, des travaux importants seront entrepris suite de la mise hors service du tube du pr\u00e9-m\u00e9tro sous l\u2019Escaut \u00e0 Anvers, interrompant pendant presque 1 an l a circulation des trams entre la rive gauche et la rive droite.","og_url":"https:\/\/facts-and-figures.belgiantrain.be\/2025\/offre\/garantir-accessibilite-region-anvers\/","og_site_name":"SNCB R\u00e9alisations et chiffres-cl\u00e9s","article_modified_time":"2026-05-06T09:07:54+00:00","twitter_card":"summary_large_image","schema":{"@context":"https:\/\/schema.org","@graph":[{"@type":"WebPage","@id":"https:\/\/facts-and-figures.belgiantrain.be\/2025\/offre\/garantir-accessibilite-region-anvers\/","url":"https:\/\/facts-and-figures.belgiantrain.be\/2025\/offre\/garantir-accessibilite-region-anvers\/","name":"Garantir l\u2019accessibilit\u00e9 de la r\u00e9gion d\u2019Anvers - SNCB R\u00e9alisations et chiffres-cl\u00e9s","isPartOf":{"@id":"https:\/\/facts-and-figures.belgiantrain.be\/2025\/#website"},"datePublished":"2026-03-09T09:06:59+00:00","dateModified":"2026-05-06T09:07:54+00:00","description":"\u00c0 partir de mai 2026, des travaux importants seront entrepris suite de la mise hors service du tube du pr\u00e9-m\u00e9tro sous l\u2019Escaut \u00e0 Anvers, interrompant pendant presque 1 an l a circulation des trams entre la rive gauche et la rive droite.","breadcrumb":{"@id":"https:\/\/facts-and-figures.belgiantrain.be\/2025\/offre\/garantir-accessibilite-region-anvers\/#breadcrumb"},"inLanguage":"fr-FR","potentialAction":[{"@type":"ReadAction","target":["https:\/\/facts-and-figures.belgiantrain.be\/2025\/offre\/garantir-accessibilite-region-anvers\/"]}]},{"@type":"BreadcrumbList","@id":"https:\/\/facts-and-figures.belgiantrain.be\/2025\/offre\/garantir-accessibilite-region-anvers\/#breadcrumb","itemListElement":[{"@type":"ListItem","position":1,"name":"Accueil","item":"https:\/\/facts-and-figures.belgiantrain.be\/2025\/"},{"@type":"ListItem","position":2,"name":"Offre","item":"https:\/\/facts-and-figures.belgiantrain.be\/2025\/offre\/"},{"@type":"ListItem","position":3,"name":"Garantir l\u2019accessibilit\u00e9 de la r\u00e9gion d\u2019Anvers"}]},{"@type":"WebSite","@id":"https:\/\/facts-and-figures.belgiantrain.be\/2025\/#website","url":"https:\/\/facts-and-figures.belgiantrain.be\/2025\/","name":"SNCB R\u00e9alisations et chiffres-cl\u00e9s 2024","description":"","publisher":{"@id":"https:\/\/facts-and-figures.belgiantrain.be\/2025\/#organization"},"potentialAction":[{"@type":"SearchAction","target":{"@type":"EntryPoint","urlTemplate":"https:\/\/facts-and-figures.belgiantrain.be\/2025\/?s={search_term_string}"},"query-input":{"@type":"PropertyValueSpecification","valueRequired":true,"valueName":"search_term_string"}}],"inLanguage":"fr-FR"},{"@type":"Organization","@id":"https:\/\/facts-and-figures.belgiantrain.be\/2025\/#organization","name":"SNCB R\u00e9alisations et chiffres-cl\u00e9s 2024","url":"https:\/\/facts-and-figures.belgiantrain.be\/2025\/","logo":{"@type":"ImageObject","inLanguage":"fr-FR","@id":"https:\/\/facts-and-figures.belgiantrain.be\/2025\/#\/schema\/logo\/image\/","url":"https:\/\/facts-and-figures.belgiantrain.be\/2025\/wp-content\/uploads\/2025\/04\/apple-touch-icon.png","contentUrl":"https:\/\/facts-and-figures.belgiantrain.be\/2025\/wp-content\/uploads\/2025\/04\/apple-touch-icon.png","width":57,"height":57,"caption":"SNCB R\u00e9alisations et chiffres-cl\u00e9s 2024"},"image":{"@id":"https:\/\/facts-and-figures.belgiantrain.be\/2025\/#\/schema\/logo\/image\/"}}]}},"_links":{"self":[{"href":"https:\/\/facts-and-figures.belgiantrain.be\/2025\/wp-json\/wp\/v2\/pages\/2171","targetHints":{"allow":["GET"]}}],"collection":[{"href":"https:\/\/facts-and-figures.belgiantrain.be\/2025\/wp-json\/wp\/v2\/pages"}],"about":[{"href":"https:\/\/facts-and-figures.belgiantrain.be\/2025\/wp-json\/wp\/v2\/types\/page"}],"author":[{"embeddable":true,"href":"https:\/\/facts-and-figures.belgiantrain.be\/2025\/wp-json\/wp\/v2\/users\/2"}],"replies":[{"embeddable":true,"href":"https:\/\/facts-and-figures.belgiantrain.be\/2025\/wp-json\/wp\/v2\/comments?post=2171"}],"version-history":[{"count":7,"href":"https:\/\/facts-and-figures.belgiantrain.be\/2025\/wp-json\/wp\/v2\/pages\/2171\/revisions"}],"predecessor-version":[{"id":2958,"href":"https:\/\/facts-and-figures.belgiantrain.be\/2025\/wp-json\/wp\/v2\/pages\/2171\/revisions\/2958"}],"up":[{"embeddable":true,"href":"https:\/\/facts-and-figures.belgiantrain.be\/2025\/wp-json\/wp\/v2\/pages\/44"}],"wp:attachment":[{"href":"https:\/\/facts-and-figures.belgiantrain.be\/2025\/wp-json\/wp\/v2\/media?parent=2171"}],"curies":[{"name":"wp","href":"https:\/\/api.w.org\/{rel}","templated":true}]}}