{"id":2141,"date":"2026-03-09T10:06:58","date_gmt":"2026-03-09T09:06:58","guid":{"rendered":"https:\/\/facts-and-figures.belgiantrain.be\/2025\/gares\/des-gares-accessibles-et-intermodales\/"},"modified":"2026-05-06T15:10:51","modified_gmt":"2026-05-06T13:10:51","slug":"chantiers-projets-structurants","status":"publish","type":"page","link":"https:\/\/facts-and-figures.belgiantrain.be\/2025\/gares\/chantiers-projets-structurants\/","title":{"rendered":"Des chantiers et des projets structurants"},"content":{"rendered":"","protected":false},"excerpt":{"rendered":"","protected":false},"author":2,"featured_media":0,"parent":40,"menu_order":32,"comment_status":"closed","ping_status":"closed","template":"","meta":{"_acf_changed":false,"footnotes":""},"class_list":["post-2141","page","type-page","status-publish","hentry"],"acf":{"contenu":[{"acf_fc_layout":"texte","texte":"<p>D\u2019importants travaux de <strong>modernisation<\/strong> ont \u00e9t\u00e9 men\u00e9s dans plusieurs gares du pays. En 2025, les quais ont notamment \u00e9t\u00e9 r\u00e9nov\u00e9s \u00e0 Hasselt et Diest, tandis que la phase finale du chantier a d\u00e9but\u00e9 \u00e0 Gand-Saint-Pierre pour les trois derniers quais.<\/p>\n<p>De nouveaux b\u00e2timents de gare ont \u00e9t\u00e9 mis en service \u00e0 Li\u00e8ge-Saint-Lambert, Vis\u00e9 et Ciney.<\/p>\n<p>La gare de Cambron-Casteau fera quant \u00e0 elle l\u2019objet d\u2019une reconfiguration compl\u00e8te entre 2026 et 2028. Ce projet, port\u00e9 conjointement par Infrabel, la SNCB et Pairi Daiza, vise \u00e0 faciliter l\u2019acc\u00e8s en train au parc animalier et \u00e0 apporter une r\u00e9ponse durable aux enjeux de mobilit\u00e9 dans la r\u00e9gion.<\/p>\n<p>Des travaux ont \u00e9t\u00e9 r\u00e9alis\u00e9s dans les gares d\u2019Evergem, Sleidinge et Waarschoot. Les quais y ont \u00e9t\u00e9 r\u00e9nov\u00e9s et sur\u00e9lev\u00e9s, rendant ces <strong>gares accessibles de mani\u00e8re autonome<\/strong>. Les voyageurs \u00e0 mobilit\u00e9 r\u00e9duite, les personnes avec des bagages lourds ou accompagn\u00e9es d\u2019une poussette peuvent d\u00e9sormais y acc\u00e9der et prendre le train dans de meilleures conditions de s\u00e9curit\u00e9 et de confort.<\/p>\n<p>\u00c0 Uccle, l\u2019inauguration du nouveau pont de l\u2019avenue Jean et Pierre Carsoel, qui surplombe la ligne ferroviaire Schaerbeek-Hal, a marqu\u00e9 l\u2019aboutissement d\u2019un chantier majeur de deux ans dans le quartier Saint-Job. L\u2019ouvrage, modernis\u00e9 et \u00e9largi, am\u00e9liore la circulation des trains, trams, bus, voitures, v\u00e9los et pi\u00e9tons, tout en offrant un environnement plus agr\u00e9able et mieux int\u00e9gr\u00e9 \u00e0 la vie du quartier. Cet investissement de <strong>10,8 millions d\u2019euros<\/strong> r\u00e9sulte d\u2019une collaboration entre Infrabel, la SNCB, la STIB, Bruxelles Mobilit\u00e9 et Beliris, en concertation avec la commune d\u2019Uccle et avec le soutien du fonds europ\u00e9en RRF.<\/p>\n<p>La gare d\u2019Ottignies fera quant \u00e0 elle l\u2019objet d\u2019une r\u00e9novation compl\u00e8te dans les ann\u00e9es \u00e0 venir. L\u2019ambition est de faire de cette gare, la plus fr\u00e9quent\u00e9e de Wallonie, un <strong>p\u00f4le multimodal confortable, fonctionnel, durable et accessible \u00e0 tous.<\/strong> La future gare proposera entre 625 places pour v\u00e9los (extensible \u00e0 1 000 places) et plus de 1 000 places de stationnement pour voitures. Elle comprendra notamment un nouveau b\u00e2timent pour les voyageurs, deux nouvelles passerelles, des ascenseurs, des escalators ainsi que des quais enti\u00e8rement r\u00e9nov\u00e9s et couverts ainsi que toutes les installations n\u00e9cessaires pour offrir un acc\u00e8s totalement autonome aux personnes \u00e0 mobilit\u00e9 r\u00e9duite.<\/p>\n<p>En<strong> 2025<\/strong>, plusieurs \u00e9tapes importantes ont \u00e9t\u00e9 franchies : mise en service de la voie 4 et du nouveau quai 5-6, pose de la structure de la passerelle principale et d\u00e9molition de b\u00e2timents situ\u00e9s face \u00e0 la gare.<\/p>\n<p>En <strong>2026<\/strong>, les travaux se poursuivront avec la mise en service d\u2019une gare provisoire, la d\u00e9molition de la gare actuelle, la mise en service de la passerelle principale et du parking v\u00e9los \u00ab Villas \u00bb, la r\u00e9alisation du couloir sous-voies sous le passage \u00e0 niveau de l\u2019avenue Albert Ier, ainsi que les terrassements de la future esplanade de la gare et de la gare des bus.<\/p>\n<p>\u00c0 Mons, la nouvelle gare, mise en service en d\u00e9cembre 2024, a \u00e9t\u00e9 reprise en 2025 dans la liste des <strong>plus belles gares du monde<\/strong> \u00e9tablie par le jury du Prix Versailles. Cette nomination constitue une reconnaissance internationale pour les qualit\u00e9s architecturales de cet \u00e9difice.<\/p>\n","centre":false},{"acf_fc_layout":"media","media":"image","image":2807,"rive":"","size":"small","zoomable":false}]},"yoast_head":"<!-- This site is optimized with the Yoast SEO plugin v27.5 - https:\/\/yoast.com\/product\/yoast-seo-wordpress\/ -->\n<title>Des chantiers et des projets structurants - SNCB R\u00e9alisations et chiffres-cl\u00e9s<\/title>\n<meta name=\"description\" content=\"D\u2019importants travaux de modernisation ont \u00e9t\u00e9 men\u00e9s dans plusieurs gares du pays.\" \/>\n<meta name=\"robots\" content=\"index, follow, max-snippet:-1, max-image-preview:large, max-video-preview:-1\" \/>\n<link rel=\"canonical\" href=\"https:\/\/facts-and-figures.belgiantrain.be\/2025\/gares\/chantiers-projets-structurants\/\" \/>\n<meta property=\"og:locale\" content=\"fr_FR\" \/>\n<meta property=\"og:type\" content=\"article\" \/>\n<meta property=\"og:title\" content=\"Des chantiers et des projets structurants - SNCB R\u00e9alisations et chiffres-cl\u00e9s\" \/>\n<meta property=\"og:description\" content=\"D\u2019importants travaux de modernisation ont \u00e9t\u00e9 men\u00e9s dans plusieurs gares du pays.\" \/>\n<meta property=\"og:url\" content=\"https:\/\/facts-and-figures.belgiantrain.be\/2025\/gares\/chantiers-projets-structurants\/\" \/>\n<meta property=\"og:site_name\" content=\"SNCB R\u00e9alisations et chiffres-cl\u00e9s\" \/>\n<meta property=\"article:modified_time\" content=\"2026-05-06T13:10:51+00:00\" \/>\n<meta name=\"twitter:card\" content=\"summary_large_image\" \/>\n<script type=\"application\/ld+json\" class=\"yoast-schema-graph\">{\"@context\":\"https:\\\/\\\/schema.org\",\"@graph\":[{\"@type\":\"WebPage\",\"@id\":\"https:\\\/\\\/facts-and-figures.belgiantrain.be\\\/2025\\\/gares\\\/chantiers-projets-structurants\\\/\",\"url\":\"https:\\\/\\\/facts-and-figures.belgiantrain.be\\\/2025\\\/gares\\\/chantiers-projets-structurants\\\/\",\"name\":\"Des chantiers et des projets structurants - SNCB R\u00e9alisations et chiffres-cl\u00e9s\",\"isPartOf\":{\"@id\":\"https:\\\/\\\/facts-and-figures.belgiantrain.be\\\/2025\\\/#website\"},\"datePublished\":\"2026-03-09T09:06:58+00:00\",\"dateModified\":\"2026-05-06T13:10:51+00:00\",\"description\":\"D\u2019importants travaux de modernisation ont \u00e9t\u00e9 men\u00e9s dans plusieurs gares du pays.\",\"breadcrumb\":{\"@id\":\"https:\\\/\\\/facts-and-figures.belgiantrain.be\\\/2025\\\/gares\\\/chantiers-projets-structurants\\\/#breadcrumb\"},\"inLanguage\":\"fr-FR\",\"potentialAction\":[{\"@type\":\"ReadAction\",\"target\":[\"https:\\\/\\\/facts-and-figures.belgiantrain.be\\\/2025\\\/gares\\\/chantiers-projets-structurants\\\/\"]}]},{\"@type\":\"BreadcrumbList\",\"@id\":\"https:\\\/\\\/facts-and-figures.belgiantrain.be\\\/2025\\\/gares\\\/chantiers-projets-structurants\\\/#breadcrumb\",\"itemListElement\":[{\"@type\":\"ListItem\",\"position\":1,\"name\":\"Accueil\",\"item\":\"https:\\\/\\\/facts-and-figures.belgiantrain.be\\\/2025\\\/\"},{\"@type\":\"ListItem\",\"position\":2,\"name\":\"Gares\",\"item\":\"https:\\\/\\\/facts-and-figures.belgiantrain.be\\\/2025\\\/gares\\\/\"},{\"@type\":\"ListItem\",\"position\":3,\"name\":\"Des chantiers et des projets structurants\"}]},{\"@type\":\"WebSite\",\"@id\":\"https:\\\/\\\/facts-and-figures.belgiantrain.be\\\/2025\\\/#website\",\"url\":\"https:\\\/\\\/facts-and-figures.belgiantrain.be\\\/2025\\\/\",\"name\":\"SNCB R\u00e9alisations et chiffres-cl\u00e9s 2024\",\"description\":\"\",\"publisher\":{\"@id\":\"https:\\\/\\\/facts-and-figures.belgiantrain.be\\\/2025\\\/#organization\"},\"potentialAction\":[{\"@type\":\"SearchAction\",\"target\":{\"@type\":\"EntryPoint\",\"urlTemplate\":\"https:\\\/\\\/facts-and-figures.belgiantrain.be\\\/2025\\\/?s={search_term_string}\"},\"query-input\":{\"@type\":\"PropertyValueSpecification\",\"valueRequired\":true,\"valueName\":\"search_term_string\"}}],\"inLanguage\":\"fr-FR\"},{\"@type\":\"Organization\",\"@id\":\"https:\\\/\\\/facts-and-figures.belgiantrain.be\\\/2025\\\/#organization\",\"name\":\"SNCB R\u00e9alisations et chiffres-cl\u00e9s 2024\",\"url\":\"https:\\\/\\\/facts-and-figures.belgiantrain.be\\\/2025\\\/\",\"logo\":{\"@type\":\"ImageObject\",\"inLanguage\":\"fr-FR\",\"@id\":\"https:\\\/\\\/facts-and-figures.belgiantrain.be\\\/2025\\\/#\\\/schema\\\/logo\\\/image\\\/\",\"url\":\"https:\\\/\\\/facts-and-figures.belgiantrain.be\\\/2025\\\/wp-content\\\/uploads\\\/2025\\\/04\\\/apple-touch-icon.png\",\"contentUrl\":\"https:\\\/\\\/facts-and-figures.belgiantrain.be\\\/2025\\\/wp-content\\\/uploads\\\/2025\\\/04\\\/apple-touch-icon.png\",\"width\":57,\"height\":57,\"caption\":\"SNCB R\u00e9alisations et chiffres-cl\u00e9s 2024\"},\"image\":{\"@id\":\"https:\\\/\\\/facts-and-figures.belgiantrain.be\\\/2025\\\/#\\\/schema\\\/logo\\\/image\\\/\"}}]}<\/script>\n<!-- \/ Yoast SEO plugin. -->","yoast_head_json":{"title":"Des chantiers et des projets structurants - SNCB R\u00e9alisations et chiffres-cl\u00e9s","description":"D\u2019importants travaux de modernisation ont \u00e9t\u00e9 men\u00e9s dans plusieurs gares du pays.","robots":{"index":"index","follow":"follow","max-snippet":"max-snippet:-1","max-image-preview":"max-image-preview:large","max-video-preview":"max-video-preview:-1"},"canonical":"https:\/\/facts-and-figures.belgiantrain.be\/2025\/gares\/chantiers-projets-structurants\/","og_locale":"fr_FR","og_type":"article","og_title":"Des chantiers et des projets structurants - SNCB R\u00e9alisations et chiffres-cl\u00e9s","og_description":"D\u2019importants travaux de modernisation ont \u00e9t\u00e9 men\u00e9s dans plusieurs gares du pays.","og_url":"https:\/\/facts-and-figures.belgiantrain.be\/2025\/gares\/chantiers-projets-structurants\/","og_site_name":"SNCB R\u00e9alisations et chiffres-cl\u00e9s","article_modified_time":"2026-05-06T13:10:51+00:00","twitter_card":"summary_large_image","schema":{"@context":"https:\/\/schema.org","@graph":[{"@type":"WebPage","@id":"https:\/\/facts-and-figures.belgiantrain.be\/2025\/gares\/chantiers-projets-structurants\/","url":"https:\/\/facts-and-figures.belgiantrain.be\/2025\/gares\/chantiers-projets-structurants\/","name":"Des chantiers et des projets structurants - SNCB R\u00e9alisations et chiffres-cl\u00e9s","isPartOf":{"@id":"https:\/\/facts-and-figures.belgiantrain.be\/2025\/#website"},"datePublished":"2026-03-09T09:06:58+00:00","dateModified":"2026-05-06T13:10:51+00:00","description":"D\u2019importants travaux de modernisation ont \u00e9t\u00e9 men\u00e9s dans plusieurs gares du pays.","breadcrumb":{"@id":"https:\/\/facts-and-figures.belgiantrain.be\/2025\/gares\/chantiers-projets-structurants\/#breadcrumb"},"inLanguage":"fr-FR","potentialAction":[{"@type":"ReadAction","target":["https:\/\/facts-and-figures.belgiantrain.be\/2025\/gares\/chantiers-projets-structurants\/"]}]},{"@type":"BreadcrumbList","@id":"https:\/\/facts-and-figures.belgiantrain.be\/2025\/gares\/chantiers-projets-structurants\/#breadcrumb","itemListElement":[{"@type":"ListItem","position":1,"name":"Accueil","item":"https:\/\/facts-and-figures.belgiantrain.be\/2025\/"},{"@type":"ListItem","position":2,"name":"Gares","item":"https:\/\/facts-and-figures.belgiantrain.be\/2025\/gares\/"},{"@type":"ListItem","position":3,"name":"Des chantiers et des projets structurants"}]},{"@type":"WebSite","@id":"https:\/\/facts-and-figures.belgiantrain.be\/2025\/#website","url":"https:\/\/facts-and-figures.belgiantrain.be\/2025\/","name":"SNCB R\u00e9alisations et chiffres-cl\u00e9s 2024","description":"","publisher":{"@id":"https:\/\/facts-and-figures.belgiantrain.be\/2025\/#organization"},"potentialAction":[{"@type":"SearchAction","target":{"@type":"EntryPoint","urlTemplate":"https:\/\/facts-and-figures.belgiantrain.be\/2025\/?s={search_term_string}"},"query-input":{"@type":"PropertyValueSpecification","valueRequired":true,"valueName":"search_term_string"}}],"inLanguage":"fr-FR"},{"@type":"Organization","@id":"https:\/\/facts-and-figures.belgiantrain.be\/2025\/#organization","name":"SNCB R\u00e9alisations et chiffres-cl\u00e9s 2024","url":"https:\/\/facts-and-figures.belgiantrain.be\/2025\/","logo":{"@type":"ImageObject","inLanguage":"fr-FR","@id":"https:\/\/facts-and-figures.belgiantrain.be\/2025\/#\/schema\/logo\/image\/","url":"https:\/\/facts-and-figures.belgiantrain.be\/2025\/wp-content\/uploads\/2025\/04\/apple-touch-icon.png","contentUrl":"https:\/\/facts-and-figures.belgiantrain.be\/2025\/wp-content\/uploads\/2025\/04\/apple-touch-icon.png","width":57,"height":57,"caption":"SNCB R\u00e9alisations et chiffres-cl\u00e9s 2024"},"image":{"@id":"https:\/\/facts-and-figures.belgiantrain.be\/2025\/#\/schema\/logo\/image\/"}}]}},"_links":{"self":[{"href":"https:\/\/facts-and-figures.belgiantrain.be\/2025\/wp-json\/wp\/v2\/pages\/2141","targetHints":{"allow":["GET"]}}],"collection":[{"href":"https:\/\/facts-and-figures.belgiantrain.be\/2025\/wp-json\/wp\/v2\/pages"}],"about":[{"href":"https:\/\/facts-and-figures.belgiantrain.be\/2025\/wp-json\/wp\/v2\/types\/page"}],"author":[{"embeddable":true,"href":"https:\/\/facts-and-figures.belgiantrain.be\/2025\/wp-json\/wp\/v2\/users\/2"}],"replies":[{"embeddable":true,"href":"https:\/\/facts-and-figures.belgiantrain.be\/2025\/wp-json\/wp\/v2\/comments?post=2141"}],"version-history":[{"count":5,"href":"https:\/\/facts-and-figures.belgiantrain.be\/2025\/wp-json\/wp\/v2\/pages\/2141\/revisions"}],"predecessor-version":[{"id":2979,"href":"https:\/\/facts-and-figures.belgiantrain.be\/2025\/wp-json\/wp\/v2\/pages\/2141\/revisions\/2979"}],"up":[{"embeddable":true,"href":"https:\/\/facts-and-figures.belgiantrain.be\/2025\/wp-json\/wp\/v2\/pages\/40"}],"wp:attachment":[{"href":"https:\/\/facts-and-figures.belgiantrain.be\/2025\/wp-json\/wp\/v2\/media?parent=2141"}],"curies":[{"name":"wp","href":"https:\/\/api.w.org\/{rel}","templated":true}]}}