{"id":2119,"date":"2026-03-09T10:06:57","date_gmt":"2026-03-09T09:06:57","guid":{"rendered":"https:\/\/facts-and-figures.belgiantrain.be\/2025\/durabilite\/plus-denergies-renouvelables-et-moins-demissions-de-co2\/"},"modified":"2026-04-29T14:34:23","modified_gmt":"2026-04-29T12:34:23","slug":"rail-sustainability-index-mesurer-les-progres","status":"publish","type":"page","link":"https:\/\/facts-and-figures.belgiantrain.be\/2025\/environnement\/rail-sustainability-index-mesurer-les-progres\/","title":{"rendered":"Rail Sustainability Index : mesurer les progr\u00e8s"},"content":{"rendered":"","protected":false},"excerpt":{"rendered":"","protected":false},"author":2,"featured_media":0,"parent":36,"menu_order":53,"comment_status":"closed","ping_status":"closed","template":"","meta":{"_acf_changed":false,"footnotes":""},"class_list":["post-2119","page","type-page","status-publish","hentry"],"acf":{"contenu":[{"acf_fc_layout":"texte","texte":"<p>En compl\u00e9ment de l\u2019\u00e9valuation d\u2019EcoVadis, la SNCB participe au <strong>Rail Sustainability Index (RSI)<\/strong>, un outil d\u00e9velopp\u00e9 par l\u2019Union internationale des chemins de fer (UIC) pour mesurer les performances du secteur ferroviaire en mati\u00e8re de d\u00e9veloppement durable.<\/p>\n<p>Cet indice permet aussi aux entreprises ferroviaires de se comparer \u00e0 d\u2019autres acteurs du secteur. Les crit\u00e8res \u00e9valu\u00e9s couvrent notamment l\u2019\u00e9galit\u00e9 des genres, les conditions de travail, l\u2019accessibilit\u00e9 pour les personnes \u00e0 mobilit\u00e9 r\u00e9duite, l\u2019utilisation d\u2019\u00e9nergie renouvelable, la gestion des d\u00e9chets ou encore les achats responsables.<\/p>\n<p>En 2025, la SNCB a am\u00e9lior\u00e9 son score RSI, passant d\u2019un niveau<\/p>\n<p>Cette\u00a0progression\u00a0refl\u00e8te\u00a0la\u00a0volont\u00e9\u00a0de\u00a0la\u00a0SNCB\u00a0de\u00a0devenir\u00a0un\u00a0acteur\u00a0cl\u00e9\u00a0de\u00a0la\u00a0mobilit\u00e9\u00a0durable\u00a0en\u00a0Belgique, en\u00a0int\u00e9grant\u00a0des\u00a0pratiques\u00a0\u00e9cologiques,\u00a0sociales\u00a0et\u00a0\u00e9conomiques\u00a0responsables\u00a0dans\u00a0ses\u00a0activit\u00e9s quotidiennes et encourage la poursuite des actions engag\u00e9es.<\/p>\n","centre":false},{"acf_fc_layout":"media","media":"image","image":2802,"rive":"","size":"small","zoomable":false}]},"yoast_head":"<!-- This site is optimized with the Yoast SEO plugin v27.5 - https:\/\/yoast.com\/product\/yoast-seo-wordpress\/ -->\n<title>Rail Sustainability Index : mesurer les progr\u00e8s - SNCB R\u00e9alisations et chiffres-cl\u00e9s<\/title>\n<meta name=\"description\" content=\"En compl\u00e9ment de l\u2019\u00e9valuation d\u2019EcoVadis, la SNCB participe au Rail Sustainability Index (RSI)\" \/>\n<meta name=\"robots\" content=\"index, follow, max-snippet:-1, max-image-preview:large, max-video-preview:-1\" \/>\n<link rel=\"canonical\" href=\"https:\/\/facts-and-figures.belgiantrain.be\/2025\/environnement\/rail-sustainability-index-mesurer-les-progres\/\" \/>\n<meta property=\"og:locale\" content=\"fr_FR\" \/>\n<meta property=\"og:type\" content=\"article\" \/>\n<meta property=\"og:title\" content=\"Rail Sustainability Index : mesurer les progr\u00e8s - SNCB R\u00e9alisations et chiffres-cl\u00e9s\" \/>\n<meta property=\"og:description\" content=\"En compl\u00e9ment de l\u2019\u00e9valuation d\u2019EcoVadis, la SNCB participe au Rail Sustainability Index (RSI)\" \/>\n<meta property=\"og:url\" content=\"https:\/\/facts-and-figures.belgiantrain.be\/2025\/environnement\/rail-sustainability-index-mesurer-les-progres\/\" \/>\n<meta property=\"og:site_name\" content=\"SNCB R\u00e9alisations et chiffres-cl\u00e9s\" \/>\n<meta property=\"article:modified_time\" content=\"2026-04-29T12:34:23+00:00\" \/>\n<meta name=\"twitter:card\" content=\"summary_large_image\" \/>\n<script type=\"application\/ld+json\" class=\"yoast-schema-graph\">{\"@context\":\"https:\\\/\\\/schema.org\",\"@graph\":[{\"@type\":\"WebPage\",\"@id\":\"https:\\\/\\\/facts-and-figures.belgiantrain.be\\\/2025\\\/environnement\\\/rail-sustainability-index-mesurer-les-progres\\\/\",\"url\":\"https:\\\/\\\/facts-and-figures.belgiantrain.be\\\/2025\\\/environnement\\\/rail-sustainability-index-mesurer-les-progres\\\/\",\"name\":\"Rail Sustainability Index : mesurer les progr\u00e8s - SNCB R\u00e9alisations et chiffres-cl\u00e9s\",\"isPartOf\":{\"@id\":\"https:\\\/\\\/facts-and-figures.belgiantrain.be\\\/2025\\\/#website\"},\"datePublished\":\"2026-03-09T09:06:57+00:00\",\"dateModified\":\"2026-04-29T12:34:23+00:00\",\"description\":\"En compl\u00e9ment de l\u2019\u00e9valuation d\u2019EcoVadis, la SNCB participe au Rail Sustainability Index (RSI)\",\"breadcrumb\":{\"@id\":\"https:\\\/\\\/facts-and-figures.belgiantrain.be\\\/2025\\\/environnement\\\/rail-sustainability-index-mesurer-les-progres\\\/#breadcrumb\"},\"inLanguage\":\"fr-FR\",\"potentialAction\":[{\"@type\":\"ReadAction\",\"target\":[\"https:\\\/\\\/facts-and-figures.belgiantrain.be\\\/2025\\\/environnement\\\/rail-sustainability-index-mesurer-les-progres\\\/\"]}]},{\"@type\":\"BreadcrumbList\",\"@id\":\"https:\\\/\\\/facts-and-figures.belgiantrain.be\\\/2025\\\/environnement\\\/rail-sustainability-index-mesurer-les-progres\\\/#breadcrumb\",\"itemListElement\":[{\"@type\":\"ListItem\",\"position\":1,\"name\":\"Accueil\",\"item\":\"https:\\\/\\\/facts-and-figures.belgiantrain.be\\\/2025\\\/\"},{\"@type\":\"ListItem\",\"position\":2,\"name\":\"Environnement\",\"item\":\"https:\\\/\\\/facts-and-figures.belgiantrain.be\\\/2025\\\/environnement\\\/\"},{\"@type\":\"ListItem\",\"position\":3,\"name\":\"Rail Sustainability Index : mesurer les progr\u00e8s\"}]},{\"@type\":\"WebSite\",\"@id\":\"https:\\\/\\\/facts-and-figures.belgiantrain.be\\\/2025\\\/#website\",\"url\":\"https:\\\/\\\/facts-and-figures.belgiantrain.be\\\/2025\\\/\",\"name\":\"SNCB R\u00e9alisations et chiffres-cl\u00e9s 2024\",\"description\":\"\",\"publisher\":{\"@id\":\"https:\\\/\\\/facts-and-figures.belgiantrain.be\\\/2025\\\/#organization\"},\"potentialAction\":[{\"@type\":\"SearchAction\",\"target\":{\"@type\":\"EntryPoint\",\"urlTemplate\":\"https:\\\/\\\/facts-and-figures.belgiantrain.be\\\/2025\\\/?s={search_term_string}\"},\"query-input\":{\"@type\":\"PropertyValueSpecification\",\"valueRequired\":true,\"valueName\":\"search_term_string\"}}],\"inLanguage\":\"fr-FR\"},{\"@type\":\"Organization\",\"@id\":\"https:\\\/\\\/facts-and-figures.belgiantrain.be\\\/2025\\\/#organization\",\"name\":\"SNCB R\u00e9alisations et chiffres-cl\u00e9s 2024\",\"url\":\"https:\\\/\\\/facts-and-figures.belgiantrain.be\\\/2025\\\/\",\"logo\":{\"@type\":\"ImageObject\",\"inLanguage\":\"fr-FR\",\"@id\":\"https:\\\/\\\/facts-and-figures.belgiantrain.be\\\/2025\\\/#\\\/schema\\\/logo\\\/image\\\/\",\"url\":\"https:\\\/\\\/facts-and-figures.belgiantrain.be\\\/2025\\\/wp-content\\\/uploads\\\/2025\\\/04\\\/apple-touch-icon.png\",\"contentUrl\":\"https:\\\/\\\/facts-and-figures.belgiantrain.be\\\/2025\\\/wp-content\\\/uploads\\\/2025\\\/04\\\/apple-touch-icon.png\",\"width\":57,\"height\":57,\"caption\":\"SNCB R\u00e9alisations et chiffres-cl\u00e9s 2024\"},\"image\":{\"@id\":\"https:\\\/\\\/facts-and-figures.belgiantrain.be\\\/2025\\\/#\\\/schema\\\/logo\\\/image\\\/\"}}]}<\/script>\n<!-- \/ Yoast SEO plugin. -->","yoast_head_json":{"title":"Rail Sustainability Index : mesurer les progr\u00e8s - SNCB R\u00e9alisations et chiffres-cl\u00e9s","description":"En compl\u00e9ment de l\u2019\u00e9valuation d\u2019EcoVadis, la SNCB participe au Rail Sustainability Index (RSI)","robots":{"index":"index","follow":"follow","max-snippet":"max-snippet:-1","max-image-preview":"max-image-preview:large","max-video-preview":"max-video-preview:-1"},"canonical":"https:\/\/facts-and-figures.belgiantrain.be\/2025\/environnement\/rail-sustainability-index-mesurer-les-progres\/","og_locale":"fr_FR","og_type":"article","og_title":"Rail Sustainability Index : mesurer les progr\u00e8s - SNCB R\u00e9alisations et chiffres-cl\u00e9s","og_description":"En compl\u00e9ment de l\u2019\u00e9valuation d\u2019EcoVadis, la SNCB participe au Rail Sustainability Index (RSI)","og_url":"https:\/\/facts-and-figures.belgiantrain.be\/2025\/environnement\/rail-sustainability-index-mesurer-les-progres\/","og_site_name":"SNCB R\u00e9alisations et chiffres-cl\u00e9s","article_modified_time":"2026-04-29T12:34:23+00:00","twitter_card":"summary_large_image","schema":{"@context":"https:\/\/schema.org","@graph":[{"@type":"WebPage","@id":"https:\/\/facts-and-figures.belgiantrain.be\/2025\/environnement\/rail-sustainability-index-mesurer-les-progres\/","url":"https:\/\/facts-and-figures.belgiantrain.be\/2025\/environnement\/rail-sustainability-index-mesurer-les-progres\/","name":"Rail Sustainability Index : mesurer les progr\u00e8s - SNCB R\u00e9alisations et chiffres-cl\u00e9s","isPartOf":{"@id":"https:\/\/facts-and-figures.belgiantrain.be\/2025\/#website"},"datePublished":"2026-03-09T09:06:57+00:00","dateModified":"2026-04-29T12:34:23+00:00","description":"En compl\u00e9ment de l\u2019\u00e9valuation d\u2019EcoVadis, la SNCB participe au Rail Sustainability Index (RSI)","breadcrumb":{"@id":"https:\/\/facts-and-figures.belgiantrain.be\/2025\/environnement\/rail-sustainability-index-mesurer-les-progres\/#breadcrumb"},"inLanguage":"fr-FR","potentialAction":[{"@type":"ReadAction","target":["https:\/\/facts-and-figures.belgiantrain.be\/2025\/environnement\/rail-sustainability-index-mesurer-les-progres\/"]}]},{"@type":"BreadcrumbList","@id":"https:\/\/facts-and-figures.belgiantrain.be\/2025\/environnement\/rail-sustainability-index-mesurer-les-progres\/#breadcrumb","itemListElement":[{"@type":"ListItem","position":1,"name":"Accueil","item":"https:\/\/facts-and-figures.belgiantrain.be\/2025\/"},{"@type":"ListItem","position":2,"name":"Environnement","item":"https:\/\/facts-and-figures.belgiantrain.be\/2025\/environnement\/"},{"@type":"ListItem","position":3,"name":"Rail Sustainability Index : mesurer les progr\u00e8s"}]},{"@type":"WebSite","@id":"https:\/\/facts-and-figures.belgiantrain.be\/2025\/#website","url":"https:\/\/facts-and-figures.belgiantrain.be\/2025\/","name":"SNCB R\u00e9alisations et chiffres-cl\u00e9s 2024","description":"","publisher":{"@id":"https:\/\/facts-and-figures.belgiantrain.be\/2025\/#organization"},"potentialAction":[{"@type":"SearchAction","target":{"@type":"EntryPoint","urlTemplate":"https:\/\/facts-and-figures.belgiantrain.be\/2025\/?s={search_term_string}"},"query-input":{"@type":"PropertyValueSpecification","valueRequired":true,"valueName":"search_term_string"}}],"inLanguage":"fr-FR"},{"@type":"Organization","@id":"https:\/\/facts-and-figures.belgiantrain.be\/2025\/#organization","name":"SNCB R\u00e9alisations et chiffres-cl\u00e9s 2024","url":"https:\/\/facts-and-figures.belgiantrain.be\/2025\/","logo":{"@type":"ImageObject","inLanguage":"fr-FR","@id":"https:\/\/facts-and-figures.belgiantrain.be\/2025\/#\/schema\/logo\/image\/","url":"https:\/\/facts-and-figures.belgiantrain.be\/2025\/wp-content\/uploads\/2025\/04\/apple-touch-icon.png","contentUrl":"https:\/\/facts-and-figures.belgiantrain.be\/2025\/wp-content\/uploads\/2025\/04\/apple-touch-icon.png","width":57,"height":57,"caption":"SNCB R\u00e9alisations et chiffres-cl\u00e9s 2024"},"image":{"@id":"https:\/\/facts-and-figures.belgiantrain.be\/2025\/#\/schema\/logo\/image\/"}}]}},"_links":{"self":[{"href":"https:\/\/facts-and-figures.belgiantrain.be\/2025\/wp-json\/wp\/v2\/pages\/2119","targetHints":{"allow":["GET"]}}],"collection":[{"href":"https:\/\/facts-and-figures.belgiantrain.be\/2025\/wp-json\/wp\/v2\/pages"}],"about":[{"href":"https:\/\/facts-and-figures.belgiantrain.be\/2025\/wp-json\/wp\/v2\/types\/page"}],"author":[{"embeddable":true,"href":"https:\/\/facts-and-figures.belgiantrain.be\/2025\/wp-json\/wp\/v2\/users\/2"}],"replies":[{"embeddable":true,"href":"https:\/\/facts-and-figures.belgiantrain.be\/2025\/wp-json\/wp\/v2\/comments?post=2119"}],"version-history":[{"count":5,"href":"https:\/\/facts-and-figures.belgiantrain.be\/2025\/wp-json\/wp\/v2\/pages\/2119\/revisions"}],"predecessor-version":[{"id":2881,"href":"https:\/\/facts-and-figures.belgiantrain.be\/2025\/wp-json\/wp\/v2\/pages\/2119\/revisions\/2881"}],"up":[{"embeddable":true,"href":"https:\/\/facts-and-figures.belgiantrain.be\/2025\/wp-json\/wp\/v2\/pages\/36"}],"wp:attachment":[{"href":"https:\/\/facts-and-figures.belgiantrain.be\/2025\/wp-json\/wp\/v2\/media?parent=2119"}],"curies":[{"name":"wp","href":"https:\/\/api.w.org\/{rel}","templated":true}]}}