{"id":2115,"date":"2026-03-09T10:06:57","date_gmt":"2026-03-09T09:06:57","guid":{"rendered":"https:\/\/facts-and-figures.belgiantrain.be\/2025\/durabilite\/reduction-des-dechets\/"},"modified":"2026-05-06T15:53:11","modified_gmt":"2026-05-06T13:53:11","slug":"construire-gares-demain-materiaux-responsables","status":"publish","type":"page","link":"https:\/\/facts-and-figures.belgiantrain.be\/2025\/environnement\/construire-gares-demain-materiaux-responsables\/","title":{"rendered":"Construire les gares de demain avec des mat\u00e9riaux responsables"},"content":{"rendered":"","protected":false},"excerpt":{"rendered":"","protected":false},"author":2,"featured_media":0,"parent":36,"menu_order":56,"comment_status":"closed","ping_status":"closed","template":"","meta":{"_acf_changed":false,"footnotes":""},"class_list":["post-2115","page","type-page","status-publish","hentry"],"acf":{"contenu":[{"acf_fc_layout":"texte","texte":"<p>Lors de la construction ou de la r\u00e9novation des gares, la <strong>SNCB<\/strong> accorde une attention particuli\u00e8re au <strong>choix des mat\u00e9riaux utilis\u00e9s<\/strong>.<\/p>\n<p>L\u2019objectif est de privil\u00e9gier des <strong>mat\u00e9riaux durables<\/strong> et \u00e0 faible impact environnemental tout au long de leur cycle de vie. Cela implique notamment de s\u00e9lectionner des mat\u00e9riaux issus de fili\u00e8res certifi\u00e9es, de limiter les transports lorsque c\u2019est possible et de favoriser l\u2019utilisation de mat\u00e9riaux recycl\u00e9s ou renouvelables.<\/p>\n<p>Ces principes sont int\u00e9gr\u00e9s dans le <strong>Stations Design Manual<\/strong>, qui constitue le cadre de r\u00e9f\u00e9rence pour les architectes, les ing\u00e9nieurs et les \u00e9quipes impliqu\u00e9es dans la conception des b\u00e2timents de gare. Les <strong>exigences en mati\u00e8re de durabilit\u00e9<\/strong> sont \u00e9galement reprises dans les cahiers des charges des projets de construction et de r\u00e9novation.<\/p>\n","centre":false},{"acf_fc_layout":"media","media":"image","image":2799,"rive":"","size":"small","zoomable":false}]},"yoast_head":"<!-- This site is optimized with the Yoast SEO plugin v27.5 - https:\/\/yoast.com\/product\/yoast-seo-wordpress\/ -->\n<title>Construire les gares de demain avec des mat\u00e9riaux responsables - SNCB R\u00e9alisations et chiffres-cl\u00e9s<\/title>\n<meta name=\"description\" content=\"Lors de la construction ou de la r\u00e9novation des gares, la SNCB accorde une attention particuli\u00e8re au choix des mat\u00e9riaux utilis\u00e9s.\" \/>\n<meta name=\"robots\" content=\"index, follow, max-snippet:-1, max-image-preview:large, max-video-preview:-1\" \/>\n<link rel=\"canonical\" href=\"https:\/\/facts-and-figures.belgiantrain.be\/2025\/environnement\/construire-gares-demain-materiaux-responsables\/\" \/>\n<meta property=\"og:locale\" content=\"fr_FR\" \/>\n<meta property=\"og:type\" content=\"article\" \/>\n<meta property=\"og:title\" content=\"Construire les gares de demain avec des mat\u00e9riaux responsables - SNCB R\u00e9alisations et chiffres-cl\u00e9s\" \/>\n<meta property=\"og:description\" content=\"Lors de la construction ou de la r\u00e9novation des gares, la SNCB accorde une attention particuli\u00e8re au choix des mat\u00e9riaux utilis\u00e9s.\" \/>\n<meta property=\"og:url\" content=\"https:\/\/facts-and-figures.belgiantrain.be\/2025\/environnement\/construire-gares-demain-materiaux-responsables\/\" \/>\n<meta property=\"og:site_name\" content=\"SNCB R\u00e9alisations et chiffres-cl\u00e9s\" \/>\n<meta property=\"article:modified_time\" content=\"2026-05-06T13:53:11+00:00\" \/>\n<meta name=\"twitter:card\" content=\"summary_large_image\" \/>\n<script type=\"application\/ld+json\" class=\"yoast-schema-graph\">{\"@context\":\"https:\\\/\\\/schema.org\",\"@graph\":[{\"@type\":\"WebPage\",\"@id\":\"https:\\\/\\\/facts-and-figures.belgiantrain.be\\\/2025\\\/environnement\\\/construire-gares-demain-materiaux-responsables\\\/\",\"url\":\"https:\\\/\\\/facts-and-figures.belgiantrain.be\\\/2025\\\/environnement\\\/construire-gares-demain-materiaux-responsables\\\/\",\"name\":\"Construire les gares de demain avec des mat\u00e9riaux responsables - SNCB R\u00e9alisations et chiffres-cl\u00e9s\",\"isPartOf\":{\"@id\":\"https:\\\/\\\/facts-and-figures.belgiantrain.be\\\/2025\\\/#website\"},\"datePublished\":\"2026-03-09T09:06:57+00:00\",\"dateModified\":\"2026-05-06T13:53:11+00:00\",\"description\":\"Lors de la construction ou de la r\u00e9novation des gares, la SNCB accorde une attention particuli\u00e8re au choix des mat\u00e9riaux utilis\u00e9s.\",\"breadcrumb\":{\"@id\":\"https:\\\/\\\/facts-and-figures.belgiantrain.be\\\/2025\\\/environnement\\\/construire-gares-demain-materiaux-responsables\\\/#breadcrumb\"},\"inLanguage\":\"fr-FR\",\"potentialAction\":[{\"@type\":\"ReadAction\",\"target\":[\"https:\\\/\\\/facts-and-figures.belgiantrain.be\\\/2025\\\/environnement\\\/construire-gares-demain-materiaux-responsables\\\/\"]}]},{\"@type\":\"BreadcrumbList\",\"@id\":\"https:\\\/\\\/facts-and-figures.belgiantrain.be\\\/2025\\\/environnement\\\/construire-gares-demain-materiaux-responsables\\\/#breadcrumb\",\"itemListElement\":[{\"@type\":\"ListItem\",\"position\":1,\"name\":\"Accueil\",\"item\":\"https:\\\/\\\/facts-and-figures.belgiantrain.be\\\/2025\\\/\"},{\"@type\":\"ListItem\",\"position\":2,\"name\":\"Environnement\",\"item\":\"https:\\\/\\\/facts-and-figures.belgiantrain.be\\\/2025\\\/environnement\\\/\"},{\"@type\":\"ListItem\",\"position\":3,\"name\":\"Construire les gares de demain avec des mat\u00e9riaux responsables\"}]},{\"@type\":\"WebSite\",\"@id\":\"https:\\\/\\\/facts-and-figures.belgiantrain.be\\\/2025\\\/#website\",\"url\":\"https:\\\/\\\/facts-and-figures.belgiantrain.be\\\/2025\\\/\",\"name\":\"SNCB R\u00e9alisations et chiffres-cl\u00e9s 2024\",\"description\":\"\",\"publisher\":{\"@id\":\"https:\\\/\\\/facts-and-figures.belgiantrain.be\\\/2025\\\/#organization\"},\"potentialAction\":[{\"@type\":\"SearchAction\",\"target\":{\"@type\":\"EntryPoint\",\"urlTemplate\":\"https:\\\/\\\/facts-and-figures.belgiantrain.be\\\/2025\\\/?s={search_term_string}\"},\"query-input\":{\"@type\":\"PropertyValueSpecification\",\"valueRequired\":true,\"valueName\":\"search_term_string\"}}],\"inLanguage\":\"fr-FR\"},{\"@type\":\"Organization\",\"@id\":\"https:\\\/\\\/facts-and-figures.belgiantrain.be\\\/2025\\\/#organization\",\"name\":\"SNCB R\u00e9alisations et chiffres-cl\u00e9s 2024\",\"url\":\"https:\\\/\\\/facts-and-figures.belgiantrain.be\\\/2025\\\/\",\"logo\":{\"@type\":\"ImageObject\",\"inLanguage\":\"fr-FR\",\"@id\":\"https:\\\/\\\/facts-and-figures.belgiantrain.be\\\/2025\\\/#\\\/schema\\\/logo\\\/image\\\/\",\"url\":\"https:\\\/\\\/facts-and-figures.belgiantrain.be\\\/2025\\\/wp-content\\\/uploads\\\/2025\\\/04\\\/apple-touch-icon.png\",\"contentUrl\":\"https:\\\/\\\/facts-and-figures.belgiantrain.be\\\/2025\\\/wp-content\\\/uploads\\\/2025\\\/04\\\/apple-touch-icon.png\",\"width\":57,\"height\":57,\"caption\":\"SNCB R\u00e9alisations et chiffres-cl\u00e9s 2024\"},\"image\":{\"@id\":\"https:\\\/\\\/facts-and-figures.belgiantrain.be\\\/2025\\\/#\\\/schema\\\/logo\\\/image\\\/\"}}]}<\/script>\n<!-- \/ Yoast SEO plugin. -->","yoast_head_json":{"title":"Construire les gares de demain avec des mat\u00e9riaux responsables - SNCB R\u00e9alisations et chiffres-cl\u00e9s","description":"Lors de la construction ou de la r\u00e9novation des gares, la SNCB accorde une attention particuli\u00e8re au choix des mat\u00e9riaux utilis\u00e9s.","robots":{"index":"index","follow":"follow","max-snippet":"max-snippet:-1","max-image-preview":"max-image-preview:large","max-video-preview":"max-video-preview:-1"},"canonical":"https:\/\/facts-and-figures.belgiantrain.be\/2025\/environnement\/construire-gares-demain-materiaux-responsables\/","og_locale":"fr_FR","og_type":"article","og_title":"Construire les gares de demain avec des mat\u00e9riaux responsables - SNCB R\u00e9alisations et chiffres-cl\u00e9s","og_description":"Lors de la construction ou de la r\u00e9novation des gares, la SNCB accorde une attention particuli\u00e8re au choix des mat\u00e9riaux utilis\u00e9s.","og_url":"https:\/\/facts-and-figures.belgiantrain.be\/2025\/environnement\/construire-gares-demain-materiaux-responsables\/","og_site_name":"SNCB R\u00e9alisations et chiffres-cl\u00e9s","article_modified_time":"2026-05-06T13:53:11+00:00","twitter_card":"summary_large_image","schema":{"@context":"https:\/\/schema.org","@graph":[{"@type":"WebPage","@id":"https:\/\/facts-and-figures.belgiantrain.be\/2025\/environnement\/construire-gares-demain-materiaux-responsables\/","url":"https:\/\/facts-and-figures.belgiantrain.be\/2025\/environnement\/construire-gares-demain-materiaux-responsables\/","name":"Construire les gares de demain avec des mat\u00e9riaux responsables - SNCB R\u00e9alisations et chiffres-cl\u00e9s","isPartOf":{"@id":"https:\/\/facts-and-figures.belgiantrain.be\/2025\/#website"},"datePublished":"2026-03-09T09:06:57+00:00","dateModified":"2026-05-06T13:53:11+00:00","description":"Lors de la construction ou de la r\u00e9novation des gares, la SNCB accorde une attention particuli\u00e8re au choix des mat\u00e9riaux utilis\u00e9s.","breadcrumb":{"@id":"https:\/\/facts-and-figures.belgiantrain.be\/2025\/environnement\/construire-gares-demain-materiaux-responsables\/#breadcrumb"},"inLanguage":"fr-FR","potentialAction":[{"@type":"ReadAction","target":["https:\/\/facts-and-figures.belgiantrain.be\/2025\/environnement\/construire-gares-demain-materiaux-responsables\/"]}]},{"@type":"BreadcrumbList","@id":"https:\/\/facts-and-figures.belgiantrain.be\/2025\/environnement\/construire-gares-demain-materiaux-responsables\/#breadcrumb","itemListElement":[{"@type":"ListItem","position":1,"name":"Accueil","item":"https:\/\/facts-and-figures.belgiantrain.be\/2025\/"},{"@type":"ListItem","position":2,"name":"Environnement","item":"https:\/\/facts-and-figures.belgiantrain.be\/2025\/environnement\/"},{"@type":"ListItem","position":3,"name":"Construire les gares de demain avec des mat\u00e9riaux responsables"}]},{"@type":"WebSite","@id":"https:\/\/facts-and-figures.belgiantrain.be\/2025\/#website","url":"https:\/\/facts-and-figures.belgiantrain.be\/2025\/","name":"SNCB R\u00e9alisations et chiffres-cl\u00e9s 2024","description":"","publisher":{"@id":"https:\/\/facts-and-figures.belgiantrain.be\/2025\/#organization"},"potentialAction":[{"@type":"SearchAction","target":{"@type":"EntryPoint","urlTemplate":"https:\/\/facts-and-figures.belgiantrain.be\/2025\/?s={search_term_string}"},"query-input":{"@type":"PropertyValueSpecification","valueRequired":true,"valueName":"search_term_string"}}],"inLanguage":"fr-FR"},{"@type":"Organization","@id":"https:\/\/facts-and-figures.belgiantrain.be\/2025\/#organization","name":"SNCB R\u00e9alisations et chiffres-cl\u00e9s 2024","url":"https:\/\/facts-and-figures.belgiantrain.be\/2025\/","logo":{"@type":"ImageObject","inLanguage":"fr-FR","@id":"https:\/\/facts-and-figures.belgiantrain.be\/2025\/#\/schema\/logo\/image\/","url":"https:\/\/facts-and-figures.belgiantrain.be\/2025\/wp-content\/uploads\/2025\/04\/apple-touch-icon.png","contentUrl":"https:\/\/facts-and-figures.belgiantrain.be\/2025\/wp-content\/uploads\/2025\/04\/apple-touch-icon.png","width":57,"height":57,"caption":"SNCB R\u00e9alisations et chiffres-cl\u00e9s 2024"},"image":{"@id":"https:\/\/facts-and-figures.belgiantrain.be\/2025\/#\/schema\/logo\/image\/"}}]}},"_links":{"self":[{"href":"https:\/\/facts-and-figures.belgiantrain.be\/2025\/wp-json\/wp\/v2\/pages\/2115","targetHints":{"allow":["GET"]}}],"collection":[{"href":"https:\/\/facts-and-figures.belgiantrain.be\/2025\/wp-json\/wp\/v2\/pages"}],"about":[{"href":"https:\/\/facts-and-figures.belgiantrain.be\/2025\/wp-json\/wp\/v2\/types\/page"}],"author":[{"embeddable":true,"href":"https:\/\/facts-and-figures.belgiantrain.be\/2025\/wp-json\/wp\/v2\/users\/2"}],"replies":[{"embeddable":true,"href":"https:\/\/facts-and-figures.belgiantrain.be\/2025\/wp-json\/wp\/v2\/comments?post=2115"}],"version-history":[{"count":6,"href":"https:\/\/facts-and-figures.belgiantrain.be\/2025\/wp-json\/wp\/v2\/pages\/2115\/revisions"}],"predecessor-version":[{"id":2990,"href":"https:\/\/facts-and-figures.belgiantrain.be\/2025\/wp-json\/wp\/v2\/pages\/2115\/revisions\/2990"}],"up":[{"embeddable":true,"href":"https:\/\/facts-and-figures.belgiantrain.be\/2025\/wp-json\/wp\/v2\/pages\/36"}],"wp:attachment":[{"href":"https:\/\/facts-and-figures.belgiantrain.be\/2025\/wp-json\/wp\/v2\/media?parent=2115"}],"curies":[{"name":"wp","href":"https:\/\/api.w.org\/{rel}","templated":true}]}}