{"id":2113,"date":"2026-03-09T10:06:57","date_gmt":"2026-03-09T09:06:57","guid":{"rendered":"https:\/\/facts-and-figures.belgiantrain.be\/2025\/durabilite\/poursuivre-la-sensibilisation-en-interne\/"},"modified":"2026-04-29T14:35:36","modified_gmt":"2026-04-29T12:35:36","slug":"produire-et-consommer-energie-autrement","status":"publish","type":"page","link":"https:\/\/facts-and-figures.belgiantrain.be\/2025\/environnement\/produire-et-consommer-energie-autrement\/","title":{"rendered":"Produire et consommer l\u2019\u00e9nergie autrement"},"content":{"rendered":"","protected":false},"excerpt":{"rendered":"","protected":false},"author":2,"featured_media":0,"parent":36,"menu_order":55,"comment_status":"closed","ping_status":"closed","template":"","meta":{"_acf_changed":false,"footnotes":""},"class_list":["post-2113","page","type-page","status-publish","hentry"],"acf":{"contenu":[{"acf_fc_layout":"texte","texte":"<p>La SNCB poursuit ses efforts pour optimiser sa consommation d\u2019\u00e9nergie et d\u00e9velopper des sources d\u2019\u00e9nergie renouvelable.<\/p>\n<p>En 2025, de nouvelles installations photovolta\u00efques ont \u00e9t\u00e9 mises en service, notamment sur le toit du nouvel atelier d\u2019Ostende (900 panneaux) ainsi que dans plusieurs gares. L\u2019ensemble du parc photovolta\u00efque exploit\u00e9 par la SNCB a permis de g\u00e9n\u00e9rer <strong>une \u00e9conomie d\u2019environ 750 000 euros<\/strong> sur l\u2019ann\u00e9e.<\/p>\n<p>Par ailleurs, en d\u00e9cembre 2025, la SNCB a obtenu <strong>un subside ETS (<\/strong>Emissions\u00a0Trading\u00a0System)<strong> de 22 millions d\u2019euros<\/strong> destin\u00e9 \u00e0 soutenir des projets li\u00e9s \u00e0 la transition climatique. Les investissements correspondants seront r\u00e9alis\u00e9s entre <strong>2026 et 2029<\/strong> et contribueront \u00e0 poursuivre la r\u00e9duction de l\u2019empreinte environnementale des activit\u00e9s ferroviaires.<\/p>\n","centre":false},{"acf_fc_layout":"media","media":"image","image":2801,"rive":"","size":"small","zoomable":false}]},"yoast_head":"<!-- This site is optimized with the Yoast SEO plugin v27.5 - https:\/\/yoast.com\/product\/yoast-seo-wordpress\/ -->\n<title>Produire et consommer l\u2019\u00e9nergie autrement - SNCB R\u00e9alisations et chiffres-cl\u00e9s<\/title>\n<meta name=\"description\" content=\"La SNCB poursuit ses efforts pour optimiser sa consommation d\u2019\u00e9nergie et d\u00e9velopper des sources d\u2019\u00e9nergie renouvelable.\" \/>\n<meta name=\"robots\" content=\"index, follow, max-snippet:-1, max-image-preview:large, max-video-preview:-1\" \/>\n<link rel=\"canonical\" href=\"https:\/\/facts-and-figures.belgiantrain.be\/2025\/environnement\/produire-et-consommer-energie-autrement\/\" \/>\n<meta property=\"og:locale\" content=\"fr_FR\" \/>\n<meta property=\"og:type\" content=\"article\" \/>\n<meta property=\"og:title\" content=\"Produire et consommer l\u2019\u00e9nergie autrement - SNCB R\u00e9alisations et chiffres-cl\u00e9s\" \/>\n<meta property=\"og:description\" content=\"La SNCB poursuit ses efforts pour optimiser sa consommation d\u2019\u00e9nergie et d\u00e9velopper des sources d\u2019\u00e9nergie renouvelable.\" \/>\n<meta property=\"og:url\" content=\"https:\/\/facts-and-figures.belgiantrain.be\/2025\/environnement\/produire-et-consommer-energie-autrement\/\" \/>\n<meta property=\"og:site_name\" content=\"SNCB R\u00e9alisations et chiffres-cl\u00e9s\" \/>\n<meta property=\"article:modified_time\" content=\"2026-04-29T12:35:36+00:00\" \/>\n<meta name=\"twitter:card\" content=\"summary_large_image\" \/>\n<script type=\"application\/ld+json\" class=\"yoast-schema-graph\">{\"@context\":\"https:\\\/\\\/schema.org\",\"@graph\":[{\"@type\":\"WebPage\",\"@id\":\"https:\\\/\\\/facts-and-figures.belgiantrain.be\\\/2025\\\/environnement\\\/produire-et-consommer-energie-autrement\\\/\",\"url\":\"https:\\\/\\\/facts-and-figures.belgiantrain.be\\\/2025\\\/environnement\\\/produire-et-consommer-energie-autrement\\\/\",\"name\":\"Produire et consommer l\u2019\u00e9nergie autrement - SNCB R\u00e9alisations et chiffres-cl\u00e9s\",\"isPartOf\":{\"@id\":\"https:\\\/\\\/facts-and-figures.belgiantrain.be\\\/2025\\\/#website\"},\"datePublished\":\"2026-03-09T09:06:57+00:00\",\"dateModified\":\"2026-04-29T12:35:36+00:00\",\"description\":\"La SNCB poursuit ses efforts pour optimiser sa consommation d\u2019\u00e9nergie et d\u00e9velopper des sources d\u2019\u00e9nergie renouvelable.\",\"breadcrumb\":{\"@id\":\"https:\\\/\\\/facts-and-figures.belgiantrain.be\\\/2025\\\/environnement\\\/produire-et-consommer-energie-autrement\\\/#breadcrumb\"},\"inLanguage\":\"fr-FR\",\"potentialAction\":[{\"@type\":\"ReadAction\",\"target\":[\"https:\\\/\\\/facts-and-figures.belgiantrain.be\\\/2025\\\/environnement\\\/produire-et-consommer-energie-autrement\\\/\"]}]},{\"@type\":\"BreadcrumbList\",\"@id\":\"https:\\\/\\\/facts-and-figures.belgiantrain.be\\\/2025\\\/environnement\\\/produire-et-consommer-energie-autrement\\\/#breadcrumb\",\"itemListElement\":[{\"@type\":\"ListItem\",\"position\":1,\"name\":\"Accueil\",\"item\":\"https:\\\/\\\/facts-and-figures.belgiantrain.be\\\/2025\\\/\"},{\"@type\":\"ListItem\",\"position\":2,\"name\":\"Environnement\",\"item\":\"https:\\\/\\\/facts-and-figures.belgiantrain.be\\\/2025\\\/environnement\\\/\"},{\"@type\":\"ListItem\",\"position\":3,\"name\":\"Produire et consommer l\u2019\u00e9nergie autrement\"}]},{\"@type\":\"WebSite\",\"@id\":\"https:\\\/\\\/facts-and-figures.belgiantrain.be\\\/2025\\\/#website\",\"url\":\"https:\\\/\\\/facts-and-figures.belgiantrain.be\\\/2025\\\/\",\"name\":\"SNCB R\u00e9alisations et chiffres-cl\u00e9s 2024\",\"description\":\"\",\"publisher\":{\"@id\":\"https:\\\/\\\/facts-and-figures.belgiantrain.be\\\/2025\\\/#organization\"},\"potentialAction\":[{\"@type\":\"SearchAction\",\"target\":{\"@type\":\"EntryPoint\",\"urlTemplate\":\"https:\\\/\\\/facts-and-figures.belgiantrain.be\\\/2025\\\/?s={search_term_string}\"},\"query-input\":{\"@type\":\"PropertyValueSpecification\",\"valueRequired\":true,\"valueName\":\"search_term_string\"}}],\"inLanguage\":\"fr-FR\"},{\"@type\":\"Organization\",\"@id\":\"https:\\\/\\\/facts-and-figures.belgiantrain.be\\\/2025\\\/#organization\",\"name\":\"SNCB R\u00e9alisations et chiffres-cl\u00e9s 2024\",\"url\":\"https:\\\/\\\/facts-and-figures.belgiantrain.be\\\/2025\\\/\",\"logo\":{\"@type\":\"ImageObject\",\"inLanguage\":\"fr-FR\",\"@id\":\"https:\\\/\\\/facts-and-figures.belgiantrain.be\\\/2025\\\/#\\\/schema\\\/logo\\\/image\\\/\",\"url\":\"https:\\\/\\\/facts-and-figures.belgiantrain.be\\\/2025\\\/wp-content\\\/uploads\\\/2025\\\/04\\\/apple-touch-icon.png\",\"contentUrl\":\"https:\\\/\\\/facts-and-figures.belgiantrain.be\\\/2025\\\/wp-content\\\/uploads\\\/2025\\\/04\\\/apple-touch-icon.png\",\"width\":57,\"height\":57,\"caption\":\"SNCB R\u00e9alisations et chiffres-cl\u00e9s 2024\"},\"image\":{\"@id\":\"https:\\\/\\\/facts-and-figures.belgiantrain.be\\\/2025\\\/#\\\/schema\\\/logo\\\/image\\\/\"}}]}<\/script>\n<!-- \/ Yoast SEO plugin. -->","yoast_head_json":{"title":"Produire et consommer l\u2019\u00e9nergie autrement - SNCB R\u00e9alisations et chiffres-cl\u00e9s","description":"La SNCB poursuit ses efforts pour optimiser sa consommation d\u2019\u00e9nergie et d\u00e9velopper des sources d\u2019\u00e9nergie renouvelable.","robots":{"index":"index","follow":"follow","max-snippet":"max-snippet:-1","max-image-preview":"max-image-preview:large","max-video-preview":"max-video-preview:-1"},"canonical":"https:\/\/facts-and-figures.belgiantrain.be\/2025\/environnement\/produire-et-consommer-energie-autrement\/","og_locale":"fr_FR","og_type":"article","og_title":"Produire et consommer l\u2019\u00e9nergie autrement - SNCB R\u00e9alisations et chiffres-cl\u00e9s","og_description":"La SNCB poursuit ses efforts pour optimiser sa consommation d\u2019\u00e9nergie et d\u00e9velopper des sources d\u2019\u00e9nergie renouvelable.","og_url":"https:\/\/facts-and-figures.belgiantrain.be\/2025\/environnement\/produire-et-consommer-energie-autrement\/","og_site_name":"SNCB R\u00e9alisations et chiffres-cl\u00e9s","article_modified_time":"2026-04-29T12:35:36+00:00","twitter_card":"summary_large_image","schema":{"@context":"https:\/\/schema.org","@graph":[{"@type":"WebPage","@id":"https:\/\/facts-and-figures.belgiantrain.be\/2025\/environnement\/produire-et-consommer-energie-autrement\/","url":"https:\/\/facts-and-figures.belgiantrain.be\/2025\/environnement\/produire-et-consommer-energie-autrement\/","name":"Produire et consommer l\u2019\u00e9nergie autrement - SNCB R\u00e9alisations et chiffres-cl\u00e9s","isPartOf":{"@id":"https:\/\/facts-and-figures.belgiantrain.be\/2025\/#website"},"datePublished":"2026-03-09T09:06:57+00:00","dateModified":"2026-04-29T12:35:36+00:00","description":"La SNCB poursuit ses efforts pour optimiser sa consommation d\u2019\u00e9nergie et d\u00e9velopper des sources d\u2019\u00e9nergie renouvelable.","breadcrumb":{"@id":"https:\/\/facts-and-figures.belgiantrain.be\/2025\/environnement\/produire-et-consommer-energie-autrement\/#breadcrumb"},"inLanguage":"fr-FR","potentialAction":[{"@type":"ReadAction","target":["https:\/\/facts-and-figures.belgiantrain.be\/2025\/environnement\/produire-et-consommer-energie-autrement\/"]}]},{"@type":"BreadcrumbList","@id":"https:\/\/facts-and-figures.belgiantrain.be\/2025\/environnement\/produire-et-consommer-energie-autrement\/#breadcrumb","itemListElement":[{"@type":"ListItem","position":1,"name":"Accueil","item":"https:\/\/facts-and-figures.belgiantrain.be\/2025\/"},{"@type":"ListItem","position":2,"name":"Environnement","item":"https:\/\/facts-and-figures.belgiantrain.be\/2025\/environnement\/"},{"@type":"ListItem","position":3,"name":"Produire et consommer l\u2019\u00e9nergie autrement"}]},{"@type":"WebSite","@id":"https:\/\/facts-and-figures.belgiantrain.be\/2025\/#website","url":"https:\/\/facts-and-figures.belgiantrain.be\/2025\/","name":"SNCB R\u00e9alisations et chiffres-cl\u00e9s 2024","description":"","publisher":{"@id":"https:\/\/facts-and-figures.belgiantrain.be\/2025\/#organization"},"potentialAction":[{"@type":"SearchAction","target":{"@type":"EntryPoint","urlTemplate":"https:\/\/facts-and-figures.belgiantrain.be\/2025\/?s={search_term_string}"},"query-input":{"@type":"PropertyValueSpecification","valueRequired":true,"valueName":"search_term_string"}}],"inLanguage":"fr-FR"},{"@type":"Organization","@id":"https:\/\/facts-and-figures.belgiantrain.be\/2025\/#organization","name":"SNCB R\u00e9alisations et chiffres-cl\u00e9s 2024","url":"https:\/\/facts-and-figures.belgiantrain.be\/2025\/","logo":{"@type":"ImageObject","inLanguage":"fr-FR","@id":"https:\/\/facts-and-figures.belgiantrain.be\/2025\/#\/schema\/logo\/image\/","url":"https:\/\/facts-and-figures.belgiantrain.be\/2025\/wp-content\/uploads\/2025\/04\/apple-touch-icon.png","contentUrl":"https:\/\/facts-and-figures.belgiantrain.be\/2025\/wp-content\/uploads\/2025\/04\/apple-touch-icon.png","width":57,"height":57,"caption":"SNCB R\u00e9alisations et chiffres-cl\u00e9s 2024"},"image":{"@id":"https:\/\/facts-and-figures.belgiantrain.be\/2025\/#\/schema\/logo\/image\/"}}]}},"_links":{"self":[{"href":"https:\/\/facts-and-figures.belgiantrain.be\/2025\/wp-json\/wp\/v2\/pages\/2113","targetHints":{"allow":["GET"]}}],"collection":[{"href":"https:\/\/facts-and-figures.belgiantrain.be\/2025\/wp-json\/wp\/v2\/pages"}],"about":[{"href":"https:\/\/facts-and-figures.belgiantrain.be\/2025\/wp-json\/wp\/v2\/types\/page"}],"author":[{"embeddable":true,"href":"https:\/\/facts-and-figures.belgiantrain.be\/2025\/wp-json\/wp\/v2\/users\/2"}],"replies":[{"embeddable":true,"href":"https:\/\/facts-and-figures.belgiantrain.be\/2025\/wp-json\/wp\/v2\/comments?post=2113"}],"version-history":[{"count":6,"href":"https:\/\/facts-and-figures.belgiantrain.be\/2025\/wp-json\/wp\/v2\/pages\/2113\/revisions"}],"predecessor-version":[{"id":2883,"href":"https:\/\/facts-and-figures.belgiantrain.be\/2025\/wp-json\/wp\/v2\/pages\/2113\/revisions\/2883"}],"up":[{"embeddable":true,"href":"https:\/\/facts-and-figures.belgiantrain.be\/2025\/wp-json\/wp\/v2\/pages\/36"}],"wp:attachment":[{"href":"https:\/\/facts-and-figures.belgiantrain.be\/2025\/wp-json\/wp\/v2\/media?parent=2113"}],"curies":[{"name":"wp","href":"https:\/\/api.w.org\/{rel}","templated":true}]}}