{"id":2109,"date":"2026-03-09T10:06:57","date_gmt":"2026-03-09T09:06:57","guid":{"rendered":"https:\/\/facts-and-figures.belgiantrain.be\/2025\/durabilite\/statut-argent-ecovadis\/"},"modified":"2026-04-30T14:36:38","modified_gmt":"2026-04-30T12:36:38","slug":"sncb-sengage-pour-biodiversite","status":"publish","type":"page","link":"https:\/\/facts-and-figures.belgiantrain.be\/2025\/environnement\/sncb-sengage-pour-biodiversite\/","title":{"rendered":"La SNCB s&rsquo;engage pour la biodiversit\u00e9"},"content":{"rendered":"","protected":false},"excerpt":{"rendered":"","protected":false},"author":2,"featured_media":0,"parent":36,"menu_order":57,"comment_status":"closed","ping_status":"closed","template":"","meta":{"_acf_changed":false,"footnotes":""},"class_list":["post-2109","page","type-page","status-publish","hentry"],"acf":{"contenu":[{"acf_fc_layout":"texte","texte":"<p>La Belgique, dens\u00e9ment peupl\u00e9e et tr\u00e8s urbanis\u00e9e, fait face \u00e0 des d\u00e9fis importants en mati\u00e8re de biodiversit\u00e9. Les infrastructures comme les routes et les voies ferr\u00e9es fragmentent les habitats naturels, mettant en p\u00e9ril de nombreuses esp\u00e8ces. C\u2019est pourquoi la SNCB participe activement au <strong>programme BiodiversiScape<\/strong>, en collaboration avec la D\u00e9fense, la R\u00e9gie des B\u00e2timents et Infrabel, avec pour objectif de mieux tenir compte de la biodiversit\u00e9 dans les domaines f\u00e9d\u00e9raux, notamment lors des achats, des am\u00e9nagements, des r\u00e9novations et des projets de nouvelles constructions.<\/p>\n<p><strong>Des projets sp\u00e9cifiques pour la SNCB ont \u00e9t\u00e9 identifi\u00e9s\u00a0<\/strong>dont le r\u00e9am\u00e9nagement pr\u00e9vu du parking de la gare de Zottegem, qui constitue le premier projet dans le cadre de cette collaboration, avec des efforts suppl\u00e9mentaires en faveur de la biodiversit\u00e9 :<\/p>\n<ul>\n<li>davantage d\u2019espaces verts : plantation de haies, d\u2019arbres, de plantes grimpantes, de buissons et de plantes (de rive) pour am\u00e9liorer la biodiversit\u00e9 locale ;<\/li>\n<li>installation de structures pour la faune : cr\u00e9ation d&rsquo;un refuge pour abeilles, d\u2019une tour \u00e0 biodiversit\u00e9, de nichoirs et de tas de branchages ;<\/li>\n<li>gestion durable de l&rsquo;eau : dalles en b\u00e9ton gazon perm\u00e9ables pour les emplacements de parking et des tranch\u00e9es d&rsquo;infiltration pour une \u00e9vacuation lente des eaux de pluie ;<\/li>\n<li>adaptation de l&rsquo;\u00e9clairage : utilisation de lumi\u00e8res adapt\u00e9es pour ne pas perturber les chauves-souris tout en assurant une luminosit\u00e9 suffisante pour les usagers.<\/li>\n<\/ul>\n","centre":false},{"acf_fc_layout":"media","media":"image","image":2921,"rive":"","size":"small","zoomable":false}]},"yoast_head":"<!-- This site is optimized with the Yoast SEO plugin v27.5 - https:\/\/yoast.com\/product\/yoast-seo-wordpress\/ -->\n<title>La SNCB s&#039;engage pour la biodiversit\u00e9 - SNCB R\u00e9alisations et chiffres-cl\u00e9s<\/title>\n<meta name=\"description\" content=\"La Belgique, dens\u00e9ment peupl\u00e9e et tr\u00e8s urbanis\u00e9e, fait face \u00e0 des d\u00e9fis importants en mati\u00e8re de biodiversit\u00e9.\" \/>\n<meta name=\"robots\" content=\"index, follow, max-snippet:-1, max-image-preview:large, max-video-preview:-1\" \/>\n<link rel=\"canonical\" href=\"https:\/\/facts-and-figures.belgiantrain.be\/2025\/environnement\/sncb-sengage-pour-biodiversite\/\" \/>\n<meta property=\"og:locale\" content=\"fr_FR\" \/>\n<meta property=\"og:type\" content=\"article\" \/>\n<meta property=\"og:title\" content=\"La SNCB s&#039;engage pour la biodiversit\u00e9 - SNCB R\u00e9alisations et chiffres-cl\u00e9s\" \/>\n<meta property=\"og:description\" content=\"La Belgique, dens\u00e9ment peupl\u00e9e et tr\u00e8s urbanis\u00e9e, fait face \u00e0 des d\u00e9fis importants en mati\u00e8re de biodiversit\u00e9.\" \/>\n<meta property=\"og:url\" content=\"https:\/\/facts-and-figures.belgiantrain.be\/2025\/environnement\/sncb-sengage-pour-biodiversite\/\" \/>\n<meta property=\"og:site_name\" content=\"SNCB R\u00e9alisations et chiffres-cl\u00e9s\" \/>\n<meta property=\"article:modified_time\" content=\"2026-04-30T12:36:38+00:00\" \/>\n<meta name=\"twitter:card\" content=\"summary_large_image\" \/>\n<script type=\"application\/ld+json\" class=\"yoast-schema-graph\">{\"@context\":\"https:\\\/\\\/schema.org\",\"@graph\":[{\"@type\":\"WebPage\",\"@id\":\"https:\\\/\\\/facts-and-figures.belgiantrain.be\\\/2025\\\/environnement\\\/sncb-sengage-pour-biodiversite\\\/\",\"url\":\"https:\\\/\\\/facts-and-figures.belgiantrain.be\\\/2025\\\/environnement\\\/sncb-sengage-pour-biodiversite\\\/\",\"name\":\"La SNCB s'engage pour la biodiversit\u00e9 - SNCB R\u00e9alisations et chiffres-cl\u00e9s\",\"isPartOf\":{\"@id\":\"https:\\\/\\\/facts-and-figures.belgiantrain.be\\\/2025\\\/#website\"},\"datePublished\":\"2026-03-09T09:06:57+00:00\",\"dateModified\":\"2026-04-30T12:36:38+00:00\",\"description\":\"La Belgique, dens\u00e9ment peupl\u00e9e et tr\u00e8s urbanis\u00e9e, fait face \u00e0 des d\u00e9fis importants en mati\u00e8re de biodiversit\u00e9.\",\"breadcrumb\":{\"@id\":\"https:\\\/\\\/facts-and-figures.belgiantrain.be\\\/2025\\\/environnement\\\/sncb-sengage-pour-biodiversite\\\/#breadcrumb\"},\"inLanguage\":\"fr-FR\",\"potentialAction\":[{\"@type\":\"ReadAction\",\"target\":[\"https:\\\/\\\/facts-and-figures.belgiantrain.be\\\/2025\\\/environnement\\\/sncb-sengage-pour-biodiversite\\\/\"]}]},{\"@type\":\"BreadcrumbList\",\"@id\":\"https:\\\/\\\/facts-and-figures.belgiantrain.be\\\/2025\\\/environnement\\\/sncb-sengage-pour-biodiversite\\\/#breadcrumb\",\"itemListElement\":[{\"@type\":\"ListItem\",\"position\":1,\"name\":\"Accueil\",\"item\":\"https:\\\/\\\/facts-and-figures.belgiantrain.be\\\/2025\\\/\"},{\"@type\":\"ListItem\",\"position\":2,\"name\":\"Environnement\",\"item\":\"https:\\\/\\\/facts-and-figures.belgiantrain.be\\\/2025\\\/environnement\\\/\"},{\"@type\":\"ListItem\",\"position\":3,\"name\":\"La SNCB s&rsquo;engage pour la biodiversit\u00e9\"}]},{\"@type\":\"WebSite\",\"@id\":\"https:\\\/\\\/facts-and-figures.belgiantrain.be\\\/2025\\\/#website\",\"url\":\"https:\\\/\\\/facts-and-figures.belgiantrain.be\\\/2025\\\/\",\"name\":\"SNCB R\u00e9alisations et chiffres-cl\u00e9s 2024\",\"description\":\"\",\"publisher\":{\"@id\":\"https:\\\/\\\/facts-and-figures.belgiantrain.be\\\/2025\\\/#organization\"},\"potentialAction\":[{\"@type\":\"SearchAction\",\"target\":{\"@type\":\"EntryPoint\",\"urlTemplate\":\"https:\\\/\\\/facts-and-figures.belgiantrain.be\\\/2025\\\/?s={search_term_string}\"},\"query-input\":{\"@type\":\"PropertyValueSpecification\",\"valueRequired\":true,\"valueName\":\"search_term_string\"}}],\"inLanguage\":\"fr-FR\"},{\"@type\":\"Organization\",\"@id\":\"https:\\\/\\\/facts-and-figures.belgiantrain.be\\\/2025\\\/#organization\",\"name\":\"SNCB R\u00e9alisations et chiffres-cl\u00e9s 2024\",\"url\":\"https:\\\/\\\/facts-and-figures.belgiantrain.be\\\/2025\\\/\",\"logo\":{\"@type\":\"ImageObject\",\"inLanguage\":\"fr-FR\",\"@id\":\"https:\\\/\\\/facts-and-figures.belgiantrain.be\\\/2025\\\/#\\\/schema\\\/logo\\\/image\\\/\",\"url\":\"https:\\\/\\\/facts-and-figures.belgiantrain.be\\\/2025\\\/wp-content\\\/uploads\\\/2025\\\/04\\\/apple-touch-icon.png\",\"contentUrl\":\"https:\\\/\\\/facts-and-figures.belgiantrain.be\\\/2025\\\/wp-content\\\/uploads\\\/2025\\\/04\\\/apple-touch-icon.png\",\"width\":57,\"height\":57,\"caption\":\"SNCB R\u00e9alisations et chiffres-cl\u00e9s 2024\"},\"image\":{\"@id\":\"https:\\\/\\\/facts-and-figures.belgiantrain.be\\\/2025\\\/#\\\/schema\\\/logo\\\/image\\\/\"}}]}<\/script>\n<!-- \/ Yoast SEO plugin. -->","yoast_head_json":{"title":"La SNCB s'engage pour la biodiversit\u00e9 - SNCB R\u00e9alisations et chiffres-cl\u00e9s","description":"La Belgique, dens\u00e9ment peupl\u00e9e et tr\u00e8s urbanis\u00e9e, fait face \u00e0 des d\u00e9fis importants en mati\u00e8re de biodiversit\u00e9.","robots":{"index":"index","follow":"follow","max-snippet":"max-snippet:-1","max-image-preview":"max-image-preview:large","max-video-preview":"max-video-preview:-1"},"canonical":"https:\/\/facts-and-figures.belgiantrain.be\/2025\/environnement\/sncb-sengage-pour-biodiversite\/","og_locale":"fr_FR","og_type":"article","og_title":"La SNCB s'engage pour la biodiversit\u00e9 - SNCB R\u00e9alisations et chiffres-cl\u00e9s","og_description":"La Belgique, dens\u00e9ment peupl\u00e9e et tr\u00e8s urbanis\u00e9e, fait face \u00e0 des d\u00e9fis importants en mati\u00e8re de biodiversit\u00e9.","og_url":"https:\/\/facts-and-figures.belgiantrain.be\/2025\/environnement\/sncb-sengage-pour-biodiversite\/","og_site_name":"SNCB R\u00e9alisations et chiffres-cl\u00e9s","article_modified_time":"2026-04-30T12:36:38+00:00","twitter_card":"summary_large_image","schema":{"@context":"https:\/\/schema.org","@graph":[{"@type":"WebPage","@id":"https:\/\/facts-and-figures.belgiantrain.be\/2025\/environnement\/sncb-sengage-pour-biodiversite\/","url":"https:\/\/facts-and-figures.belgiantrain.be\/2025\/environnement\/sncb-sengage-pour-biodiversite\/","name":"La SNCB s'engage pour la biodiversit\u00e9 - SNCB R\u00e9alisations et chiffres-cl\u00e9s","isPartOf":{"@id":"https:\/\/facts-and-figures.belgiantrain.be\/2025\/#website"},"datePublished":"2026-03-09T09:06:57+00:00","dateModified":"2026-04-30T12:36:38+00:00","description":"La Belgique, dens\u00e9ment peupl\u00e9e et tr\u00e8s urbanis\u00e9e, fait face \u00e0 des d\u00e9fis importants en mati\u00e8re de biodiversit\u00e9.","breadcrumb":{"@id":"https:\/\/facts-and-figures.belgiantrain.be\/2025\/environnement\/sncb-sengage-pour-biodiversite\/#breadcrumb"},"inLanguage":"fr-FR","potentialAction":[{"@type":"ReadAction","target":["https:\/\/facts-and-figures.belgiantrain.be\/2025\/environnement\/sncb-sengage-pour-biodiversite\/"]}]},{"@type":"BreadcrumbList","@id":"https:\/\/facts-and-figures.belgiantrain.be\/2025\/environnement\/sncb-sengage-pour-biodiversite\/#breadcrumb","itemListElement":[{"@type":"ListItem","position":1,"name":"Accueil","item":"https:\/\/facts-and-figures.belgiantrain.be\/2025\/"},{"@type":"ListItem","position":2,"name":"Environnement","item":"https:\/\/facts-and-figures.belgiantrain.be\/2025\/environnement\/"},{"@type":"ListItem","position":3,"name":"La SNCB s&rsquo;engage pour la biodiversit\u00e9"}]},{"@type":"WebSite","@id":"https:\/\/facts-and-figures.belgiantrain.be\/2025\/#website","url":"https:\/\/facts-and-figures.belgiantrain.be\/2025\/","name":"SNCB R\u00e9alisations et chiffres-cl\u00e9s 2024","description":"","publisher":{"@id":"https:\/\/facts-and-figures.belgiantrain.be\/2025\/#organization"},"potentialAction":[{"@type":"SearchAction","target":{"@type":"EntryPoint","urlTemplate":"https:\/\/facts-and-figures.belgiantrain.be\/2025\/?s={search_term_string}"},"query-input":{"@type":"PropertyValueSpecification","valueRequired":true,"valueName":"search_term_string"}}],"inLanguage":"fr-FR"},{"@type":"Organization","@id":"https:\/\/facts-and-figures.belgiantrain.be\/2025\/#organization","name":"SNCB R\u00e9alisations et chiffres-cl\u00e9s 2024","url":"https:\/\/facts-and-figures.belgiantrain.be\/2025\/","logo":{"@type":"ImageObject","inLanguage":"fr-FR","@id":"https:\/\/facts-and-figures.belgiantrain.be\/2025\/#\/schema\/logo\/image\/","url":"https:\/\/facts-and-figures.belgiantrain.be\/2025\/wp-content\/uploads\/2025\/04\/apple-touch-icon.png","contentUrl":"https:\/\/facts-and-figures.belgiantrain.be\/2025\/wp-content\/uploads\/2025\/04\/apple-touch-icon.png","width":57,"height":57,"caption":"SNCB R\u00e9alisations et chiffres-cl\u00e9s 2024"},"image":{"@id":"https:\/\/facts-and-figures.belgiantrain.be\/2025\/#\/schema\/logo\/image\/"}}]}},"_links":{"self":[{"href":"https:\/\/facts-and-figures.belgiantrain.be\/2025\/wp-json\/wp\/v2\/pages\/2109","targetHints":{"allow":["GET"]}}],"collection":[{"href":"https:\/\/facts-and-figures.belgiantrain.be\/2025\/wp-json\/wp\/v2\/pages"}],"about":[{"href":"https:\/\/facts-and-figures.belgiantrain.be\/2025\/wp-json\/wp\/v2\/types\/page"}],"author":[{"embeddable":true,"href":"https:\/\/facts-and-figures.belgiantrain.be\/2025\/wp-json\/wp\/v2\/users\/2"}],"replies":[{"embeddable":true,"href":"https:\/\/facts-and-figures.belgiantrain.be\/2025\/wp-json\/wp\/v2\/comments?post=2109"}],"version-history":[{"count":5,"href":"https:\/\/facts-and-figures.belgiantrain.be\/2025\/wp-json\/wp\/v2\/pages\/2109\/revisions"}],"predecessor-version":[{"id":2934,"href":"https:\/\/facts-and-figures.belgiantrain.be\/2025\/wp-json\/wp\/v2\/pages\/2109\/revisions\/2934"}],"up":[{"embeddable":true,"href":"https:\/\/facts-and-figures.belgiantrain.be\/2025\/wp-json\/wp\/v2\/pages\/36"}],"wp:attachment":[{"href":"https:\/\/facts-and-figures.belgiantrain.be\/2025\/wp-json\/wp\/v2\/media?parent=2109"}],"curies":[{"name":"wp","href":"https:\/\/api.w.org\/{rel}","templated":true}]}}