{"id":2103,"date":"2026-03-09T10:06:57","date_gmt":"2026-03-09T09:06:57","guid":{"rendered":"https:\/\/facts-and-figures.belgiantrain.be\/2025\/collaborateurs\/stopagression-une-campagne-pour-proteger-le-personnel-des-transports-publics\/"},"modified":"2026-05-06T15:36:15","modified_gmt":"2026-05-06T13:36:15","slug":"recruter-accompagner-nouveaux-collaborateurs","status":"publish","type":"page","link":"https:\/\/facts-and-figures.belgiantrain.be\/2025\/collaborateurs\/recruter-accompagner-nouveaux-collaborateurs\/","title":{"rendered":"Recruter et accompagner les nouveaux collaborateurs"},"content":{"rendered":"","protected":false},"excerpt":{"rendered":"","protected":false},"author":2,"featured_media":0,"parent":42,"menu_order":38,"comment_status":"closed","ping_status":"closed","template":"","meta":{"_acf_changed":false,"footnotes":""},"class_list":["post-2103","page","type-page","status-publish","hentry"],"acf":{"contenu":[{"acf_fc_layout":"texte","texte":"<p>Afin de soutenir ses activit\u00e9s et d\u2019anticiper ses besoins futurs, la <strong>SNCB<\/strong> a poursuivi une <strong>politique de recrutement active<\/strong> en <strong>2025<\/strong>. L\u2019entreprise a engag\u00e9 <strong>1 134 nouveaux collaborateurs<\/strong> (F\/H\/X), dont <strong>852 profils op\u00e9rationnels<\/strong> indispensables \u00e0 son bon fonctionnement : conducteurs de train, accompagnateurs, techniciens et agents en gare.<\/p>\n<p>Une nouvelle campagne de recrutement, sp\u00e9cialement destin\u00e9e aux <strong>jeunes<\/strong>, a \u00e9t\u00e9 lanc\u00e9e. Elle vise \u00e0 renforcer l\u2019attractivit\u00e9 des m\u00e9tiers du rail et \u00e0 susciter l\u2019int\u00e9r\u00eat pour des<strong> fonctions essentielles<\/strong> au service de la mobilit\u00e9.<\/p>\n<p>Le programme \u00ab <strong>Refer a Friend<\/strong> \u00bb, qui facilite le recrutement de nouveaux collaborateurs gr\u00e2ce aux recommandations de coll\u00e8gues, a par ailleurs continu\u00e9 \u00e0 porter ses fruits : pr\u00e8s de <strong>30% des recrutements<\/strong> ont \u00e9t\u00e9 r\u00e9alis\u00e9s gr\u00e2ce \u00e0 ce dispositif.<\/p>\n","centre":false},{"acf_fc_layout":"media","media":"image","image":2813,"rive":"","size":"small","zoomable":false},{"acf_fc_layout":"media","media":"rive","image":false,"rive":"10","size":"medium","zoomable":false},{"acf_fc_layout":"media","media":"rive","image":false,"rive":"5","size":"medium","zoomable":false},{"acf_fc_layout":"media","media":"rive","image":false,"rive":"6","size":"medium","zoomable":false},{"acf_fc_layout":"media","media":"rive","image":false,"rive":"7","size":"medium","zoomable":false}]},"yoast_head":"<!-- This site is optimized with the Yoast SEO plugin v27.5 - https:\/\/yoast.com\/product\/yoast-seo-wordpress\/ -->\n<title>Recruter et accompagner les nouveaux collaborateurs - SNCB R\u00e9alisations et chiffres-cl\u00e9s<\/title>\n<meta name=\"description\" content=\"Afin de soutenir ses activit\u00e9s et d\u2019anticiper ses besoins futurs, la SNCB a poursuivi une politique de recrutement active en 2025\" \/>\n<meta name=\"robots\" content=\"index, follow, max-snippet:-1, max-image-preview:large, max-video-preview:-1\" \/>\n<link rel=\"canonical\" href=\"https:\/\/facts-and-figures.belgiantrain.be\/2025\/collaborateurs\/recruter-accompagner-nouveaux-collaborateurs\/\" \/>\n<meta property=\"og:locale\" content=\"fr_FR\" \/>\n<meta property=\"og:type\" content=\"article\" \/>\n<meta property=\"og:title\" content=\"Recruter et accompagner les nouveaux collaborateurs - SNCB R\u00e9alisations et chiffres-cl\u00e9s\" \/>\n<meta property=\"og:description\" content=\"Afin de soutenir ses activit\u00e9s et d\u2019anticiper ses besoins futurs, la SNCB a poursuivi une politique de recrutement active en 2025\" \/>\n<meta property=\"og:url\" content=\"https:\/\/facts-and-figures.belgiantrain.be\/2025\/collaborateurs\/recruter-accompagner-nouveaux-collaborateurs\/\" \/>\n<meta property=\"og:site_name\" content=\"SNCB R\u00e9alisations et chiffres-cl\u00e9s\" \/>\n<meta property=\"article:modified_time\" content=\"2026-05-06T13:36:15+00:00\" \/>\n<meta name=\"twitter:card\" content=\"summary_large_image\" \/>\n<script type=\"application\/ld+json\" class=\"yoast-schema-graph\">{\"@context\":\"https:\\\/\\\/schema.org\",\"@graph\":[{\"@type\":\"WebPage\",\"@id\":\"https:\\\/\\\/facts-and-figures.belgiantrain.be\\\/2025\\\/collaborateurs\\\/recruter-accompagner-nouveaux-collaborateurs\\\/\",\"url\":\"https:\\\/\\\/facts-and-figures.belgiantrain.be\\\/2025\\\/collaborateurs\\\/recruter-accompagner-nouveaux-collaborateurs\\\/\",\"name\":\"Recruter et accompagner les nouveaux collaborateurs - SNCB R\u00e9alisations et chiffres-cl\u00e9s\",\"isPartOf\":{\"@id\":\"https:\\\/\\\/facts-and-figures.belgiantrain.be\\\/2025\\\/#website\"},\"datePublished\":\"2026-03-09T09:06:57+00:00\",\"dateModified\":\"2026-05-06T13:36:15+00:00\",\"description\":\"Afin de soutenir ses activit\u00e9s et d\u2019anticiper ses besoins futurs, la SNCB a poursuivi une politique de recrutement active en 2025\",\"breadcrumb\":{\"@id\":\"https:\\\/\\\/facts-and-figures.belgiantrain.be\\\/2025\\\/collaborateurs\\\/recruter-accompagner-nouveaux-collaborateurs\\\/#breadcrumb\"},\"inLanguage\":\"fr-FR\",\"potentialAction\":[{\"@type\":\"ReadAction\",\"target\":[\"https:\\\/\\\/facts-and-figures.belgiantrain.be\\\/2025\\\/collaborateurs\\\/recruter-accompagner-nouveaux-collaborateurs\\\/\"]}]},{\"@type\":\"BreadcrumbList\",\"@id\":\"https:\\\/\\\/facts-and-figures.belgiantrain.be\\\/2025\\\/collaborateurs\\\/recruter-accompagner-nouveaux-collaborateurs\\\/#breadcrumb\",\"itemListElement\":[{\"@type\":\"ListItem\",\"position\":1,\"name\":\"Accueil\",\"item\":\"https:\\\/\\\/facts-and-figures.belgiantrain.be\\\/2025\\\/\"},{\"@type\":\"ListItem\",\"position\":2,\"name\":\"Collaborateurs\",\"item\":\"https:\\\/\\\/facts-and-figures.belgiantrain.be\\\/2025\\\/collaborateurs\\\/\"},{\"@type\":\"ListItem\",\"position\":3,\"name\":\"Recruter et accompagner les nouveaux collaborateurs\"}]},{\"@type\":\"WebSite\",\"@id\":\"https:\\\/\\\/facts-and-figures.belgiantrain.be\\\/2025\\\/#website\",\"url\":\"https:\\\/\\\/facts-and-figures.belgiantrain.be\\\/2025\\\/\",\"name\":\"SNCB R\u00e9alisations et chiffres-cl\u00e9s 2024\",\"description\":\"\",\"publisher\":{\"@id\":\"https:\\\/\\\/facts-and-figures.belgiantrain.be\\\/2025\\\/#organization\"},\"potentialAction\":[{\"@type\":\"SearchAction\",\"target\":{\"@type\":\"EntryPoint\",\"urlTemplate\":\"https:\\\/\\\/facts-and-figures.belgiantrain.be\\\/2025\\\/?s={search_term_string}\"},\"query-input\":{\"@type\":\"PropertyValueSpecification\",\"valueRequired\":true,\"valueName\":\"search_term_string\"}}],\"inLanguage\":\"fr-FR\"},{\"@type\":\"Organization\",\"@id\":\"https:\\\/\\\/facts-and-figures.belgiantrain.be\\\/2025\\\/#organization\",\"name\":\"SNCB R\u00e9alisations et chiffres-cl\u00e9s 2024\",\"url\":\"https:\\\/\\\/facts-and-figures.belgiantrain.be\\\/2025\\\/\",\"logo\":{\"@type\":\"ImageObject\",\"inLanguage\":\"fr-FR\",\"@id\":\"https:\\\/\\\/facts-and-figures.belgiantrain.be\\\/2025\\\/#\\\/schema\\\/logo\\\/image\\\/\",\"url\":\"https:\\\/\\\/facts-and-figures.belgiantrain.be\\\/2025\\\/wp-content\\\/uploads\\\/2025\\\/04\\\/apple-touch-icon.png\",\"contentUrl\":\"https:\\\/\\\/facts-and-figures.belgiantrain.be\\\/2025\\\/wp-content\\\/uploads\\\/2025\\\/04\\\/apple-touch-icon.png\",\"width\":57,\"height\":57,\"caption\":\"SNCB R\u00e9alisations et chiffres-cl\u00e9s 2024\"},\"image\":{\"@id\":\"https:\\\/\\\/facts-and-figures.belgiantrain.be\\\/2025\\\/#\\\/schema\\\/logo\\\/image\\\/\"}}]}<\/script>\n<!-- \/ Yoast SEO plugin. -->","yoast_head_json":{"title":"Recruter et accompagner les nouveaux collaborateurs - SNCB R\u00e9alisations et chiffres-cl\u00e9s","description":"Afin de soutenir ses activit\u00e9s et d\u2019anticiper ses besoins futurs, la SNCB a poursuivi une politique de recrutement active en 2025","robots":{"index":"index","follow":"follow","max-snippet":"max-snippet:-1","max-image-preview":"max-image-preview:large","max-video-preview":"max-video-preview:-1"},"canonical":"https:\/\/facts-and-figures.belgiantrain.be\/2025\/collaborateurs\/recruter-accompagner-nouveaux-collaborateurs\/","og_locale":"fr_FR","og_type":"article","og_title":"Recruter et accompagner les nouveaux collaborateurs - SNCB R\u00e9alisations et chiffres-cl\u00e9s","og_description":"Afin de soutenir ses activit\u00e9s et d\u2019anticiper ses besoins futurs, la SNCB a poursuivi une politique de recrutement active en 2025","og_url":"https:\/\/facts-and-figures.belgiantrain.be\/2025\/collaborateurs\/recruter-accompagner-nouveaux-collaborateurs\/","og_site_name":"SNCB R\u00e9alisations et chiffres-cl\u00e9s","article_modified_time":"2026-05-06T13:36:15+00:00","twitter_card":"summary_large_image","schema":{"@context":"https:\/\/schema.org","@graph":[{"@type":"WebPage","@id":"https:\/\/facts-and-figures.belgiantrain.be\/2025\/collaborateurs\/recruter-accompagner-nouveaux-collaborateurs\/","url":"https:\/\/facts-and-figures.belgiantrain.be\/2025\/collaborateurs\/recruter-accompagner-nouveaux-collaborateurs\/","name":"Recruter et accompagner les nouveaux collaborateurs - SNCB R\u00e9alisations et chiffres-cl\u00e9s","isPartOf":{"@id":"https:\/\/facts-and-figures.belgiantrain.be\/2025\/#website"},"datePublished":"2026-03-09T09:06:57+00:00","dateModified":"2026-05-06T13:36:15+00:00","description":"Afin de soutenir ses activit\u00e9s et d\u2019anticiper ses besoins futurs, la SNCB a poursuivi une politique de recrutement active en 2025","breadcrumb":{"@id":"https:\/\/facts-and-figures.belgiantrain.be\/2025\/collaborateurs\/recruter-accompagner-nouveaux-collaborateurs\/#breadcrumb"},"inLanguage":"fr-FR","potentialAction":[{"@type":"ReadAction","target":["https:\/\/facts-and-figures.belgiantrain.be\/2025\/collaborateurs\/recruter-accompagner-nouveaux-collaborateurs\/"]}]},{"@type":"BreadcrumbList","@id":"https:\/\/facts-and-figures.belgiantrain.be\/2025\/collaborateurs\/recruter-accompagner-nouveaux-collaborateurs\/#breadcrumb","itemListElement":[{"@type":"ListItem","position":1,"name":"Accueil","item":"https:\/\/facts-and-figures.belgiantrain.be\/2025\/"},{"@type":"ListItem","position":2,"name":"Collaborateurs","item":"https:\/\/facts-and-figures.belgiantrain.be\/2025\/collaborateurs\/"},{"@type":"ListItem","position":3,"name":"Recruter et accompagner les nouveaux collaborateurs"}]},{"@type":"WebSite","@id":"https:\/\/facts-and-figures.belgiantrain.be\/2025\/#website","url":"https:\/\/facts-and-figures.belgiantrain.be\/2025\/","name":"SNCB R\u00e9alisations et chiffres-cl\u00e9s 2024","description":"","publisher":{"@id":"https:\/\/facts-and-figures.belgiantrain.be\/2025\/#organization"},"potentialAction":[{"@type":"SearchAction","target":{"@type":"EntryPoint","urlTemplate":"https:\/\/facts-and-figures.belgiantrain.be\/2025\/?s={search_term_string}"},"query-input":{"@type":"PropertyValueSpecification","valueRequired":true,"valueName":"search_term_string"}}],"inLanguage":"fr-FR"},{"@type":"Organization","@id":"https:\/\/facts-and-figures.belgiantrain.be\/2025\/#organization","name":"SNCB R\u00e9alisations et chiffres-cl\u00e9s 2024","url":"https:\/\/facts-and-figures.belgiantrain.be\/2025\/","logo":{"@type":"ImageObject","inLanguage":"fr-FR","@id":"https:\/\/facts-and-figures.belgiantrain.be\/2025\/#\/schema\/logo\/image\/","url":"https:\/\/facts-and-figures.belgiantrain.be\/2025\/wp-content\/uploads\/2025\/04\/apple-touch-icon.png","contentUrl":"https:\/\/facts-and-figures.belgiantrain.be\/2025\/wp-content\/uploads\/2025\/04\/apple-touch-icon.png","width":57,"height":57,"caption":"SNCB R\u00e9alisations et chiffres-cl\u00e9s 2024"},"image":{"@id":"https:\/\/facts-and-figures.belgiantrain.be\/2025\/#\/schema\/logo\/image\/"}}]}},"_links":{"self":[{"href":"https:\/\/facts-and-figures.belgiantrain.be\/2025\/wp-json\/wp\/v2\/pages\/2103","targetHints":{"allow":["GET"]}}],"collection":[{"href":"https:\/\/facts-and-figures.belgiantrain.be\/2025\/wp-json\/wp\/v2\/pages"}],"about":[{"href":"https:\/\/facts-and-figures.belgiantrain.be\/2025\/wp-json\/wp\/v2\/types\/page"}],"author":[{"embeddable":true,"href":"https:\/\/facts-and-figures.belgiantrain.be\/2025\/wp-json\/wp\/v2\/users\/2"}],"replies":[{"embeddable":true,"href":"https:\/\/facts-and-figures.belgiantrain.be\/2025\/wp-json\/wp\/v2\/comments?post=2103"}],"version-history":[{"count":8,"href":"https:\/\/facts-and-figures.belgiantrain.be\/2025\/wp-json\/wp\/v2\/pages\/2103\/revisions"}],"predecessor-version":[{"id":2982,"href":"https:\/\/facts-and-figures.belgiantrain.be\/2025\/wp-json\/wp\/v2\/pages\/2103\/revisions\/2982"}],"up":[{"embeddable":true,"href":"https:\/\/facts-and-figures.belgiantrain.be\/2025\/wp-json\/wp\/v2\/pages\/42"}],"wp:attachment":[{"href":"https:\/\/facts-and-figures.belgiantrain.be\/2025\/wp-json\/wp\/v2\/media?parent=2103"}],"curies":[{"name":"wp","href":"https:\/\/api.w.org\/{rel}","templated":true}]}}