{"id":2101,"date":"2026-03-09T10:06:57","date_gmt":"2026-03-09T09:06:57","guid":{"rendered":"https:\/\/facts-and-figures.belgiantrain.be\/2025\/collaborateurs\/enseigne-pour-la-diversite-2\/"},"modified":"2026-05-06T15:42:13","modified_gmt":"2026-05-06T13:42:13","slug":"lutter-contre-fraude-et-prevenir-agressions","status":"publish","type":"page","link":"https:\/\/facts-and-figures.belgiantrain.be\/2025\/collaborateurs\/lutter-contre-fraude-et-prevenir-agressions\/","title":{"rendered":"Lutter contre la fraude et pr\u00e9venir les agressions"},"content":{"rendered":"","protected":false},"excerpt":{"rendered":"","protected":false},"author":2,"featured_media":0,"parent":42,"menu_order":42,"comment_status":"closed","ping_status":"closed","template":"","meta":{"_acf_changed":false,"footnotes":""},"class_list":["post-2101","page","type-page","status-publish","hentry"],"acf":{"contenu":[{"acf_fc_layout":"texte","texte":"<p>La <strong>SNCB<\/strong> poursuit ses efforts pour garantir un <strong>environnement de travail s\u00fbr<\/strong> \u00e0 ses collaborateurs via des actions de pr\u00e9vention et de lutte contre les agressions. En <strong>2025<\/strong>, pr\u00e8s de <strong>2 600 signalements d\u2019agression<\/strong> ont \u00e9t\u00e9 enregistr\u00e9s envers le personnel de la SNCB.<\/p>\n<p>Lanc\u00e9e \u00e0 l\u2019occasion de la journ\u00e9e internationale de la tol\u00e9rance le <strong>16 novembre<\/strong>, la campagne des quatre soci\u00e9t\u00e9s de transport public belges met en lumi\u00e8re douze collaboratrices et collaborateurs des diff\u00e9rents op\u00e9rateurs ayant \u00e9t\u00e9 confront\u00e9(e)s \u00e0 des agressions dans le cadre de leur fonction. Elle met en avant les <strong>visages qui se cachent derri\u00e8re ces chiffres<\/strong>. L\u2019objectif est de rappeler l\u2019importance du <strong>respect mutuel<\/strong> entre leur personnel et les voyageurs.<\/p>\n<p>Par ailleurs, de nombreuses mesures sont prises pour lutter contre les agressions\u00a0:\u00a0 les <strong>forces de l\u2019ordre locales<\/strong> disposent d\u00e9sormais d\u2019un acc\u00e8s aux images des cam\u00e9ras situ\u00e9es dans et autour des gares.<\/p>\n","centre":true},{"acf_fc_layout":"media","media":"image","image":2796,"rive":"","size":"small","zoomable":false}]},"yoast_head":"<!-- This site is optimized with the Yoast SEO plugin v27.5 - https:\/\/yoast.com\/product\/yoast-seo-wordpress\/ -->\n<title>Lutter contre la fraude et pr\u00e9venir les agressions - SNCB R\u00e9alisations et chiffres-cl\u00e9s<\/title>\n<meta name=\"description\" content=\"La SNCB poursuit ses efforts pour garantir un environnement de travail s\u00fbr \u00e0 ses collaborateurs via des actions de pr\u00e9vention et de lutte contre les agressions.\" \/>\n<meta name=\"robots\" content=\"index, follow, max-snippet:-1, max-image-preview:large, max-video-preview:-1\" \/>\n<link rel=\"canonical\" href=\"https:\/\/facts-and-figures.belgiantrain.be\/2025\/collaborateurs\/lutter-contre-fraude-et-prevenir-agressions\/\" \/>\n<meta property=\"og:locale\" content=\"fr_FR\" \/>\n<meta property=\"og:type\" content=\"article\" \/>\n<meta property=\"og:title\" content=\"Lutter contre la fraude et pr\u00e9venir les agressions - SNCB R\u00e9alisations et chiffres-cl\u00e9s\" \/>\n<meta property=\"og:description\" content=\"La SNCB poursuit ses efforts pour garantir un environnement de travail s\u00fbr \u00e0 ses collaborateurs via des actions de pr\u00e9vention et de lutte contre les agressions.\" \/>\n<meta property=\"og:url\" content=\"https:\/\/facts-and-figures.belgiantrain.be\/2025\/collaborateurs\/lutter-contre-fraude-et-prevenir-agressions\/\" \/>\n<meta property=\"og:site_name\" content=\"SNCB R\u00e9alisations et chiffres-cl\u00e9s\" \/>\n<meta property=\"article:modified_time\" content=\"2026-05-06T13:42:13+00:00\" \/>\n<meta name=\"twitter:card\" content=\"summary_large_image\" \/>\n<script type=\"application\/ld+json\" class=\"yoast-schema-graph\">{\"@context\":\"https:\\\/\\\/schema.org\",\"@graph\":[{\"@type\":\"WebPage\",\"@id\":\"https:\\\/\\\/facts-and-figures.belgiantrain.be\\\/2025\\\/collaborateurs\\\/lutter-contre-fraude-et-prevenir-agressions\\\/\",\"url\":\"https:\\\/\\\/facts-and-figures.belgiantrain.be\\\/2025\\\/collaborateurs\\\/lutter-contre-fraude-et-prevenir-agressions\\\/\",\"name\":\"Lutter contre la fraude et pr\u00e9venir les agressions - SNCB R\u00e9alisations et chiffres-cl\u00e9s\",\"isPartOf\":{\"@id\":\"https:\\\/\\\/facts-and-figures.belgiantrain.be\\\/2025\\\/#website\"},\"datePublished\":\"2026-03-09T09:06:57+00:00\",\"dateModified\":\"2026-05-06T13:42:13+00:00\",\"description\":\"La SNCB poursuit ses efforts pour garantir un environnement de travail s\u00fbr \u00e0 ses collaborateurs via des actions de pr\u00e9vention et de lutte contre les agressions.\",\"breadcrumb\":{\"@id\":\"https:\\\/\\\/facts-and-figures.belgiantrain.be\\\/2025\\\/collaborateurs\\\/lutter-contre-fraude-et-prevenir-agressions\\\/#breadcrumb\"},\"inLanguage\":\"fr-FR\",\"potentialAction\":[{\"@type\":\"ReadAction\",\"target\":[\"https:\\\/\\\/facts-and-figures.belgiantrain.be\\\/2025\\\/collaborateurs\\\/lutter-contre-fraude-et-prevenir-agressions\\\/\"]}]},{\"@type\":\"BreadcrumbList\",\"@id\":\"https:\\\/\\\/facts-and-figures.belgiantrain.be\\\/2025\\\/collaborateurs\\\/lutter-contre-fraude-et-prevenir-agressions\\\/#breadcrumb\",\"itemListElement\":[{\"@type\":\"ListItem\",\"position\":1,\"name\":\"Accueil\",\"item\":\"https:\\\/\\\/facts-and-figures.belgiantrain.be\\\/2025\\\/\"},{\"@type\":\"ListItem\",\"position\":2,\"name\":\"Collaborateurs\",\"item\":\"https:\\\/\\\/facts-and-figures.belgiantrain.be\\\/2025\\\/collaborateurs\\\/\"},{\"@type\":\"ListItem\",\"position\":3,\"name\":\"Lutter contre la fraude et pr\u00e9venir les agressions\"}]},{\"@type\":\"WebSite\",\"@id\":\"https:\\\/\\\/facts-and-figures.belgiantrain.be\\\/2025\\\/#website\",\"url\":\"https:\\\/\\\/facts-and-figures.belgiantrain.be\\\/2025\\\/\",\"name\":\"SNCB R\u00e9alisations et chiffres-cl\u00e9s 2024\",\"description\":\"\",\"publisher\":{\"@id\":\"https:\\\/\\\/facts-and-figures.belgiantrain.be\\\/2025\\\/#organization\"},\"potentialAction\":[{\"@type\":\"SearchAction\",\"target\":{\"@type\":\"EntryPoint\",\"urlTemplate\":\"https:\\\/\\\/facts-and-figures.belgiantrain.be\\\/2025\\\/?s={search_term_string}\"},\"query-input\":{\"@type\":\"PropertyValueSpecification\",\"valueRequired\":true,\"valueName\":\"search_term_string\"}}],\"inLanguage\":\"fr-FR\"},{\"@type\":\"Organization\",\"@id\":\"https:\\\/\\\/facts-and-figures.belgiantrain.be\\\/2025\\\/#organization\",\"name\":\"SNCB R\u00e9alisations et chiffres-cl\u00e9s 2024\",\"url\":\"https:\\\/\\\/facts-and-figures.belgiantrain.be\\\/2025\\\/\",\"logo\":{\"@type\":\"ImageObject\",\"inLanguage\":\"fr-FR\",\"@id\":\"https:\\\/\\\/facts-and-figures.belgiantrain.be\\\/2025\\\/#\\\/schema\\\/logo\\\/image\\\/\",\"url\":\"https:\\\/\\\/facts-and-figures.belgiantrain.be\\\/2025\\\/wp-content\\\/uploads\\\/2025\\\/04\\\/apple-touch-icon.png\",\"contentUrl\":\"https:\\\/\\\/facts-and-figures.belgiantrain.be\\\/2025\\\/wp-content\\\/uploads\\\/2025\\\/04\\\/apple-touch-icon.png\",\"width\":57,\"height\":57,\"caption\":\"SNCB R\u00e9alisations et chiffres-cl\u00e9s 2024\"},\"image\":{\"@id\":\"https:\\\/\\\/facts-and-figures.belgiantrain.be\\\/2025\\\/#\\\/schema\\\/logo\\\/image\\\/\"}}]}<\/script>\n<!-- \/ Yoast SEO plugin. -->","yoast_head_json":{"title":"Lutter contre la fraude et pr\u00e9venir les agressions - SNCB R\u00e9alisations et chiffres-cl\u00e9s","description":"La SNCB poursuit ses efforts pour garantir un environnement de travail s\u00fbr \u00e0 ses collaborateurs via des actions de pr\u00e9vention et de lutte contre les agressions.","robots":{"index":"index","follow":"follow","max-snippet":"max-snippet:-1","max-image-preview":"max-image-preview:large","max-video-preview":"max-video-preview:-1"},"canonical":"https:\/\/facts-and-figures.belgiantrain.be\/2025\/collaborateurs\/lutter-contre-fraude-et-prevenir-agressions\/","og_locale":"fr_FR","og_type":"article","og_title":"Lutter contre la fraude et pr\u00e9venir les agressions - SNCB R\u00e9alisations et chiffres-cl\u00e9s","og_description":"La SNCB poursuit ses efforts pour garantir un environnement de travail s\u00fbr \u00e0 ses collaborateurs via des actions de pr\u00e9vention et de lutte contre les agressions.","og_url":"https:\/\/facts-and-figures.belgiantrain.be\/2025\/collaborateurs\/lutter-contre-fraude-et-prevenir-agressions\/","og_site_name":"SNCB R\u00e9alisations et chiffres-cl\u00e9s","article_modified_time":"2026-05-06T13:42:13+00:00","twitter_card":"summary_large_image","schema":{"@context":"https:\/\/schema.org","@graph":[{"@type":"WebPage","@id":"https:\/\/facts-and-figures.belgiantrain.be\/2025\/collaborateurs\/lutter-contre-fraude-et-prevenir-agressions\/","url":"https:\/\/facts-and-figures.belgiantrain.be\/2025\/collaborateurs\/lutter-contre-fraude-et-prevenir-agressions\/","name":"Lutter contre la fraude et pr\u00e9venir les agressions - SNCB R\u00e9alisations et chiffres-cl\u00e9s","isPartOf":{"@id":"https:\/\/facts-and-figures.belgiantrain.be\/2025\/#website"},"datePublished":"2026-03-09T09:06:57+00:00","dateModified":"2026-05-06T13:42:13+00:00","description":"La SNCB poursuit ses efforts pour garantir un environnement de travail s\u00fbr \u00e0 ses collaborateurs via des actions de pr\u00e9vention et de lutte contre les agressions.","breadcrumb":{"@id":"https:\/\/facts-and-figures.belgiantrain.be\/2025\/collaborateurs\/lutter-contre-fraude-et-prevenir-agressions\/#breadcrumb"},"inLanguage":"fr-FR","potentialAction":[{"@type":"ReadAction","target":["https:\/\/facts-and-figures.belgiantrain.be\/2025\/collaborateurs\/lutter-contre-fraude-et-prevenir-agressions\/"]}]},{"@type":"BreadcrumbList","@id":"https:\/\/facts-and-figures.belgiantrain.be\/2025\/collaborateurs\/lutter-contre-fraude-et-prevenir-agressions\/#breadcrumb","itemListElement":[{"@type":"ListItem","position":1,"name":"Accueil","item":"https:\/\/facts-and-figures.belgiantrain.be\/2025\/"},{"@type":"ListItem","position":2,"name":"Collaborateurs","item":"https:\/\/facts-and-figures.belgiantrain.be\/2025\/collaborateurs\/"},{"@type":"ListItem","position":3,"name":"Lutter contre la fraude et pr\u00e9venir les agressions"}]},{"@type":"WebSite","@id":"https:\/\/facts-and-figures.belgiantrain.be\/2025\/#website","url":"https:\/\/facts-and-figures.belgiantrain.be\/2025\/","name":"SNCB R\u00e9alisations et chiffres-cl\u00e9s 2024","description":"","publisher":{"@id":"https:\/\/facts-and-figures.belgiantrain.be\/2025\/#organization"},"potentialAction":[{"@type":"SearchAction","target":{"@type":"EntryPoint","urlTemplate":"https:\/\/facts-and-figures.belgiantrain.be\/2025\/?s={search_term_string}"},"query-input":{"@type":"PropertyValueSpecification","valueRequired":true,"valueName":"search_term_string"}}],"inLanguage":"fr-FR"},{"@type":"Organization","@id":"https:\/\/facts-and-figures.belgiantrain.be\/2025\/#organization","name":"SNCB R\u00e9alisations et chiffres-cl\u00e9s 2024","url":"https:\/\/facts-and-figures.belgiantrain.be\/2025\/","logo":{"@type":"ImageObject","inLanguage":"fr-FR","@id":"https:\/\/facts-and-figures.belgiantrain.be\/2025\/#\/schema\/logo\/image\/","url":"https:\/\/facts-and-figures.belgiantrain.be\/2025\/wp-content\/uploads\/2025\/04\/apple-touch-icon.png","contentUrl":"https:\/\/facts-and-figures.belgiantrain.be\/2025\/wp-content\/uploads\/2025\/04\/apple-touch-icon.png","width":57,"height":57,"caption":"SNCB R\u00e9alisations et chiffres-cl\u00e9s 2024"},"image":{"@id":"https:\/\/facts-and-figures.belgiantrain.be\/2025\/#\/schema\/logo\/image\/"}}]}},"_links":{"self":[{"href":"https:\/\/facts-and-figures.belgiantrain.be\/2025\/wp-json\/wp\/v2\/pages\/2101","targetHints":{"allow":["GET"]}}],"collection":[{"href":"https:\/\/facts-and-figures.belgiantrain.be\/2025\/wp-json\/wp\/v2\/pages"}],"about":[{"href":"https:\/\/facts-and-figures.belgiantrain.be\/2025\/wp-json\/wp\/v2\/types\/page"}],"author":[{"embeddable":true,"href":"https:\/\/facts-and-figures.belgiantrain.be\/2025\/wp-json\/wp\/v2\/users\/2"}],"replies":[{"embeddable":true,"href":"https:\/\/facts-and-figures.belgiantrain.be\/2025\/wp-json\/wp\/v2\/comments?post=2101"}],"version-history":[{"count":7,"href":"https:\/\/facts-and-figures.belgiantrain.be\/2025\/wp-json\/wp\/v2\/pages\/2101\/revisions"}],"predecessor-version":[{"id":2986,"href":"https:\/\/facts-and-figures.belgiantrain.be\/2025\/wp-json\/wp\/v2\/pages\/2101\/revisions\/2986"}],"up":[{"embeddable":true,"href":"https:\/\/facts-and-figures.belgiantrain.be\/2025\/wp-json\/wp\/v2\/pages\/42"}],"wp:attachment":[{"href":"https:\/\/facts-and-figures.belgiantrain.be\/2025\/wp-json\/wp\/v2\/media?parent=2101"}],"curies":[{"name":"wp","href":"https:\/\/api.w.org\/{rel}","templated":true}]}}