{"id":2091,"date":"2026-03-09T10:06:57","date_gmt":"2026-03-09T09:06:57","guid":{"rendered":"https:\/\/facts-and-figures.belgiantrain.be\/2025\/bienvenue\/vision-et-valeurs\/"},"modified":"2026-04-28T10:00:05","modified_gmt":"2026-04-28T08:00:05","slug":"vision-et-valeurs","status":"publish","type":"page","link":"https:\/\/facts-and-figures.belgiantrain.be\/2025\/bienvenue\/vision-et-valeurs\/","title":{"rendered":"Vision et valeurs"},"content":{"rendered":"","protected":false},"excerpt":{"rendered":"","protected":false},"author":2,"featured_media":0,"parent":27,"menu_order":6,"comment_status":"closed","ping_status":"closed","template":"","meta":{"_acf_changed":false,"footnotes":""},"class_list":["post-2091","page","type-page","status-publish","hentry"],"acf":{"contenu":[{"acf_fc_layout":"texte","texte":"<h3><b>Agir ensemble pour une mobilit\u00e9 durable<\/b><\/h3>\n<p>Nous consid\u00e9rons la SNCB comme la colonne vert\u00e9brale d\u2019une mobilit\u00e9 plus performante, durable et r\u00e9solument multimodale.<\/p>\n<p>Dans cette perspective, nous renfor\u00e7ons notre position d\u2019acteur cl\u00e9 du transport d\u00e9carbon\u00e9 dans la mobilit\u00e9. Notre ambition est d\u2019offrir \u00e0 chacun la possibilit\u00e9 de combiner diff\u00e9rents modes de transport, de mani\u00e8re fluide, confortable et \u00e0 un prix juste, afin de faciliter les d\u00e9placements de porte-\u00e0-porte.<\/p>\n<p>\u00c0 travers cette approche, la SNCB entend contribuer activement \u00e0 un changement majeur des comportements de mobilit\u00e9, en favorisant un transfert progressif de la voiture individuelle vers des solutions de transport plus durables.<\/p>\n<h3><b>Des valeurs fortes pour porter notre transformation<\/b><\/h3>\n<p><span style=\"font-weight: 400;\">Le d\u00e9veloppement et le partage de valeurs communes sont essentiels \u00e0 la construction d\u2019une culture d\u2019entreprise solide et d\u00e9terminent la mani\u00e8re dont nous voulons atteindre nos objectifs. Ces valeurs servent \u00e9galement de balises pour guider nos initiatives et nos d\u00e9cisions. Nous d\u00e9fendons un ensemble de valeurs fortes et profond\u00e9ment ancr\u00e9es, au travers de <span style=\"color: #000000;\"><strong>nos valeurs PROS<\/strong>.<\/span><\/span><\/p>\n<h3 style=\"text-align: left;\"><b>PROFESSIONNALISME<\/b><\/h3>\n<p style=\"text-align: left;\"><span style=\"font-weight: 400;\">Orient\u00e9s r\u00e9sultat, nous faisons notre travail avec rigueur, engagement et passion pour notre m\u00e9tier\u202f.<\/span><\/p>\n<h3 style=\"text-align: left;\"><b>RESPECT<\/b><\/h3>\n<p style=\"text-align: left;\">Nous respectons nos coll\u00e8gues, nos clients, nos partenaires, notre environnement et ce, de fa\u00e7on durable. De m\u00eame, nous respectons nos engagements de r\u00e9sultat, y compris au niveau budget et planning.<\/p>\n<h3 style=\"text-align: left;\"><b>OSER ENTREPRENDRE<\/b><\/h3>\n<p style=\"text-align: left;\"><span style=\"font-weight: 400;\">Nous osons questionner nos fa\u00e7ons de travailler et nous int\u00e9grons, avec enthousiasme et flexibilit\u00e9, des id\u00e9es fortes et des m\u00e9thodes de travail plus efficaces.<\/span><\/p>\n<h3 style=\"text-align: left;\"><b>SAVOIR COLLABORER<\/b><\/h3>\n<p style=\"text-align: left;\">Nous cr\u00e9ons un environnement de travail stimulant dans lequel tout le monde collabore volontiers au sein de son \u00e9quipe et avec les coll\u00e8gues des autres entit\u00e9s.<\/p>\n<p style=\"text-align: left;\">\n","centre":false}]},"yoast_head":"<!-- This site is optimized with the Yoast SEO plugin v27.5 - https:\/\/yoast.com\/product\/yoast-seo-wordpress\/ -->\n<title>Vision et valeurs - SNCB R\u00e9alisations et chiffres-cl\u00e9s<\/title>\n<meta name=\"description\" content=\"Nous consid\u00e9rons la SNCB comme la colonne vert\u00e9brale d\u2019une mobilit\u00e9 plus performante, durable et r\u00e9solument multimodale.Dans cette perspective, nous renfor\u00e7ons notre position d\u2019acteur cl\u00e9 du transport d\u00e9carbon\u00e9 dans la mobilit\u00e9. Notre ambition est d\u2019offrir \u00e0 chacun la possibilit\u00e9 de combiner diff\u00e9rents modes de transport, de mani\u00e8re fluide, confortable et \u00e0 un prix juste, afin de faciliter les d\u00e9placements de porte-\u00e0-porte.\" \/>\n<meta name=\"robots\" content=\"index, follow, max-snippet:-1, max-image-preview:large, max-video-preview:-1\" \/>\n<link rel=\"canonical\" href=\"https:\/\/facts-and-figures.belgiantrain.be\/2025\/bienvenue\/vision-et-valeurs\/\" \/>\n<meta property=\"og:locale\" content=\"fr_FR\" \/>\n<meta property=\"og:type\" content=\"article\" \/>\n<meta property=\"og:title\" content=\"Vision et valeurs - SNCB R\u00e9alisations et chiffres-cl\u00e9s\" \/>\n<meta property=\"og:description\" content=\"Nous consid\u00e9rons la SNCB comme la colonne vert\u00e9brale d\u2019une mobilit\u00e9 plus performante, durable et r\u00e9solument multimodale.Dans cette perspective, nous renfor\u00e7ons notre position d\u2019acteur cl\u00e9 du transport d\u00e9carbon\u00e9 dans la mobilit\u00e9. Notre ambition est d\u2019offrir \u00e0 chacun la possibilit\u00e9 de combiner diff\u00e9rents modes de transport, de mani\u00e8re fluide, confortable et \u00e0 un prix juste, afin de faciliter les d\u00e9placements de porte-\u00e0-porte.\" \/>\n<meta property=\"og:url\" content=\"https:\/\/facts-and-figures.belgiantrain.be\/2025\/bienvenue\/vision-et-valeurs\/\" \/>\n<meta property=\"og:site_name\" content=\"SNCB R\u00e9alisations et chiffres-cl\u00e9s\" \/>\n<meta property=\"article:modified_time\" content=\"2026-04-28T08:00:05+00:00\" \/>\n<meta name=\"twitter:card\" content=\"summary_large_image\" \/>\n<script type=\"application\/ld+json\" class=\"yoast-schema-graph\">{\"@context\":\"https:\\\/\\\/schema.org\",\"@graph\":[{\"@type\":\"WebPage\",\"@id\":\"https:\\\/\\\/facts-and-figures.belgiantrain.be\\\/2025\\\/bienvenue\\\/vision-et-valeurs\\\/\",\"url\":\"https:\\\/\\\/facts-and-figures.belgiantrain.be\\\/2025\\\/bienvenue\\\/vision-et-valeurs\\\/\",\"name\":\"Vision et valeurs - SNCB R\u00e9alisations et chiffres-cl\u00e9s\",\"isPartOf\":{\"@id\":\"https:\\\/\\\/facts-and-figures.belgiantrain.be\\\/2025\\\/#website\"},\"datePublished\":\"2026-03-09T09:06:57+00:00\",\"dateModified\":\"2026-04-28T08:00:05+00:00\",\"description\":\"Nous consid\u00e9rons la SNCB comme la colonne vert\u00e9brale d\u2019une mobilit\u00e9 plus performante, durable et r\u00e9solument multimodale.Dans cette perspective, nous renfor\u00e7ons notre position d\u2019acteur cl\u00e9 du transport d\u00e9carbon\u00e9 dans la mobilit\u00e9. Notre ambition est d\u2019offrir \u00e0 chacun la possibilit\u00e9 de combiner diff\u00e9rents modes de transport, de mani\u00e8re fluide, confortable et \u00e0 un prix juste, afin de faciliter les d\u00e9placements de porte-\u00e0-porte.\",\"breadcrumb\":{\"@id\":\"https:\\\/\\\/facts-and-figures.belgiantrain.be\\\/2025\\\/bienvenue\\\/vision-et-valeurs\\\/#breadcrumb\"},\"inLanguage\":\"fr-FR\",\"potentialAction\":[{\"@type\":\"ReadAction\",\"target\":[\"https:\\\/\\\/facts-and-figures.belgiantrain.be\\\/2025\\\/bienvenue\\\/vision-et-valeurs\\\/\"]}]},{\"@type\":\"BreadcrumbList\",\"@id\":\"https:\\\/\\\/facts-and-figures.belgiantrain.be\\\/2025\\\/bienvenue\\\/vision-et-valeurs\\\/#breadcrumb\",\"itemListElement\":[{\"@type\":\"ListItem\",\"position\":1,\"name\":\"Accueil\",\"item\":\"https:\\\/\\\/facts-and-figures.belgiantrain.be\\\/2025\\\/\"},{\"@type\":\"ListItem\",\"position\":2,\"name\":\"Aper\u00e7u 2025\",\"item\":\"https:\\\/\\\/facts-and-figures.belgiantrain.be\\\/2025\\\/\"},{\"@type\":\"ListItem\",\"position\":3,\"name\":\"Vision et valeurs\"}]},{\"@type\":\"WebSite\",\"@id\":\"https:\\\/\\\/facts-and-figures.belgiantrain.be\\\/2025\\\/#website\",\"url\":\"https:\\\/\\\/facts-and-figures.belgiantrain.be\\\/2025\\\/\",\"name\":\"SNCB R\u00e9alisations et chiffres-cl\u00e9s 2024\",\"description\":\"\",\"publisher\":{\"@id\":\"https:\\\/\\\/facts-and-figures.belgiantrain.be\\\/2025\\\/#organization\"},\"potentialAction\":[{\"@type\":\"SearchAction\",\"target\":{\"@type\":\"EntryPoint\",\"urlTemplate\":\"https:\\\/\\\/facts-and-figures.belgiantrain.be\\\/2025\\\/?s={search_term_string}\"},\"query-input\":{\"@type\":\"PropertyValueSpecification\",\"valueRequired\":true,\"valueName\":\"search_term_string\"}}],\"inLanguage\":\"fr-FR\"},{\"@type\":\"Organization\",\"@id\":\"https:\\\/\\\/facts-and-figures.belgiantrain.be\\\/2025\\\/#organization\",\"name\":\"SNCB R\u00e9alisations et chiffres-cl\u00e9s 2024\",\"url\":\"https:\\\/\\\/facts-and-figures.belgiantrain.be\\\/2025\\\/\",\"logo\":{\"@type\":\"ImageObject\",\"inLanguage\":\"fr-FR\",\"@id\":\"https:\\\/\\\/facts-and-figures.belgiantrain.be\\\/2025\\\/#\\\/schema\\\/logo\\\/image\\\/\",\"url\":\"https:\\\/\\\/facts-and-figures.belgiantrain.be\\\/2025\\\/wp-content\\\/uploads\\\/2025\\\/04\\\/apple-touch-icon.png\",\"contentUrl\":\"https:\\\/\\\/facts-and-figures.belgiantrain.be\\\/2025\\\/wp-content\\\/uploads\\\/2025\\\/04\\\/apple-touch-icon.png\",\"width\":57,\"height\":57,\"caption\":\"SNCB R\u00e9alisations et chiffres-cl\u00e9s 2024\"},\"image\":{\"@id\":\"https:\\\/\\\/facts-and-figures.belgiantrain.be\\\/2025\\\/#\\\/schema\\\/logo\\\/image\\\/\"}}]}<\/script>\n<!-- \/ Yoast SEO plugin. -->","yoast_head_json":{"title":"Vision et valeurs - SNCB R\u00e9alisations et chiffres-cl\u00e9s","description":"Nous consid\u00e9rons la SNCB comme la colonne vert\u00e9brale d\u2019une mobilit\u00e9 plus performante, durable et r\u00e9solument multimodale.Dans cette perspective, nous renfor\u00e7ons notre position d\u2019acteur cl\u00e9 du transport d\u00e9carbon\u00e9 dans la mobilit\u00e9. Notre ambition est d\u2019offrir \u00e0 chacun la possibilit\u00e9 de combiner diff\u00e9rents modes de transport, de mani\u00e8re fluide, confortable et \u00e0 un prix juste, afin de faciliter les d\u00e9placements de porte-\u00e0-porte.","robots":{"index":"index","follow":"follow","max-snippet":"max-snippet:-1","max-image-preview":"max-image-preview:large","max-video-preview":"max-video-preview:-1"},"canonical":"https:\/\/facts-and-figures.belgiantrain.be\/2025\/bienvenue\/vision-et-valeurs\/","og_locale":"fr_FR","og_type":"article","og_title":"Vision et valeurs - SNCB R\u00e9alisations et chiffres-cl\u00e9s","og_description":"Nous consid\u00e9rons la SNCB comme la colonne vert\u00e9brale d\u2019une mobilit\u00e9 plus performante, durable et r\u00e9solument multimodale.Dans cette perspective, nous renfor\u00e7ons notre position d\u2019acteur cl\u00e9 du transport d\u00e9carbon\u00e9 dans la mobilit\u00e9. Notre ambition est d\u2019offrir \u00e0 chacun la possibilit\u00e9 de combiner diff\u00e9rents modes de transport, de mani\u00e8re fluide, confortable et \u00e0 un prix juste, afin de faciliter les d\u00e9placements de porte-\u00e0-porte.","og_url":"https:\/\/facts-and-figures.belgiantrain.be\/2025\/bienvenue\/vision-et-valeurs\/","og_site_name":"SNCB R\u00e9alisations et chiffres-cl\u00e9s","article_modified_time":"2026-04-28T08:00:05+00:00","twitter_card":"summary_large_image","schema":{"@context":"https:\/\/schema.org","@graph":[{"@type":"WebPage","@id":"https:\/\/facts-and-figures.belgiantrain.be\/2025\/bienvenue\/vision-et-valeurs\/","url":"https:\/\/facts-and-figures.belgiantrain.be\/2025\/bienvenue\/vision-et-valeurs\/","name":"Vision et valeurs - SNCB R\u00e9alisations et chiffres-cl\u00e9s","isPartOf":{"@id":"https:\/\/facts-and-figures.belgiantrain.be\/2025\/#website"},"datePublished":"2026-03-09T09:06:57+00:00","dateModified":"2026-04-28T08:00:05+00:00","description":"Nous consid\u00e9rons la SNCB comme la colonne vert\u00e9brale d\u2019une mobilit\u00e9 plus performante, durable et r\u00e9solument multimodale.Dans cette perspective, nous renfor\u00e7ons notre position d\u2019acteur cl\u00e9 du transport d\u00e9carbon\u00e9 dans la mobilit\u00e9. Notre ambition est d\u2019offrir \u00e0 chacun la possibilit\u00e9 de combiner diff\u00e9rents modes de transport, de mani\u00e8re fluide, confortable et \u00e0 un prix juste, afin de faciliter les d\u00e9placements de porte-\u00e0-porte.","breadcrumb":{"@id":"https:\/\/facts-and-figures.belgiantrain.be\/2025\/bienvenue\/vision-et-valeurs\/#breadcrumb"},"inLanguage":"fr-FR","potentialAction":[{"@type":"ReadAction","target":["https:\/\/facts-and-figures.belgiantrain.be\/2025\/bienvenue\/vision-et-valeurs\/"]}]},{"@type":"BreadcrumbList","@id":"https:\/\/facts-and-figures.belgiantrain.be\/2025\/bienvenue\/vision-et-valeurs\/#breadcrumb","itemListElement":[{"@type":"ListItem","position":1,"name":"Accueil","item":"https:\/\/facts-and-figures.belgiantrain.be\/2025\/"},{"@type":"ListItem","position":2,"name":"Aper\u00e7u 2025","item":"https:\/\/facts-and-figures.belgiantrain.be\/2025\/"},{"@type":"ListItem","position":3,"name":"Vision et valeurs"}]},{"@type":"WebSite","@id":"https:\/\/facts-and-figures.belgiantrain.be\/2025\/#website","url":"https:\/\/facts-and-figures.belgiantrain.be\/2025\/","name":"SNCB R\u00e9alisations et chiffres-cl\u00e9s 2024","description":"","publisher":{"@id":"https:\/\/facts-and-figures.belgiantrain.be\/2025\/#organization"},"potentialAction":[{"@type":"SearchAction","target":{"@type":"EntryPoint","urlTemplate":"https:\/\/facts-and-figures.belgiantrain.be\/2025\/?s={search_term_string}"},"query-input":{"@type":"PropertyValueSpecification","valueRequired":true,"valueName":"search_term_string"}}],"inLanguage":"fr-FR"},{"@type":"Organization","@id":"https:\/\/facts-and-figures.belgiantrain.be\/2025\/#organization","name":"SNCB R\u00e9alisations et chiffres-cl\u00e9s 2024","url":"https:\/\/facts-and-figures.belgiantrain.be\/2025\/","logo":{"@type":"ImageObject","inLanguage":"fr-FR","@id":"https:\/\/facts-and-figures.belgiantrain.be\/2025\/#\/schema\/logo\/image\/","url":"https:\/\/facts-and-figures.belgiantrain.be\/2025\/wp-content\/uploads\/2025\/04\/apple-touch-icon.png","contentUrl":"https:\/\/facts-and-figures.belgiantrain.be\/2025\/wp-content\/uploads\/2025\/04\/apple-touch-icon.png","width":57,"height":57,"caption":"SNCB R\u00e9alisations et chiffres-cl\u00e9s 2024"},"image":{"@id":"https:\/\/facts-and-figures.belgiantrain.be\/2025\/#\/schema\/logo\/image\/"}}]}},"_links":{"self":[{"href":"https:\/\/facts-and-figures.belgiantrain.be\/2025\/wp-json\/wp\/v2\/pages\/2091","targetHints":{"allow":["GET"]}}],"collection":[{"href":"https:\/\/facts-and-figures.belgiantrain.be\/2025\/wp-json\/wp\/v2\/pages"}],"about":[{"href":"https:\/\/facts-and-figures.belgiantrain.be\/2025\/wp-json\/wp\/v2\/types\/page"}],"author":[{"embeddable":true,"href":"https:\/\/facts-and-figures.belgiantrain.be\/2025\/wp-json\/wp\/v2\/users\/2"}],"replies":[{"embeddable":true,"href":"https:\/\/facts-and-figures.belgiantrain.be\/2025\/wp-json\/wp\/v2\/comments?post=2091"}],"version-history":[{"count":5,"href":"https:\/\/facts-and-figures.belgiantrain.be\/2025\/wp-json\/wp\/v2\/pages\/2091\/revisions"}],"predecessor-version":[{"id":2609,"href":"https:\/\/facts-and-figures.belgiantrain.be\/2025\/wp-json\/wp\/v2\/pages\/2091\/revisions\/2609"}],"up":[{"embeddable":true,"href":"https:\/\/facts-and-figures.belgiantrain.be\/2025\/wp-json\/wp\/v2\/pages\/27"}],"wp:attachment":[{"href":"https:\/\/facts-and-figures.belgiantrain.be\/2025\/wp-json\/wp\/v2\/media?parent=2091"}],"curies":[{"name":"wp","href":"https:\/\/api.w.org\/{rel}","templated":true}]}}