{"id":2089,"date":"2026-03-09T10:06:57","date_gmt":"2026-03-09T09:06:57","guid":{"rendered":"https:\/\/facts-and-figures.belgiantrain.be\/2025\/bienvenue\/conseil-dadministration-et-executive-committee\/"},"modified":"2026-04-29T11:23:31","modified_gmt":"2026-04-29T09:23:31","slug":"conseil-administration-executive-committee","status":"publish","type":"page","link":"https:\/\/facts-and-figures.belgiantrain.be\/2025\/bienvenue\/conseil-administration-executive-committee\/","title":{"rendered":"Conseil d&rsquo;Administration et Executive Committee"},"content":{"rendered":"","protected":false},"excerpt":{"rendered":"","protected":false},"author":2,"featured_media":0,"parent":27,"menu_order":5,"comment_status":"closed","ping_status":"closed","template":"","meta":{"_acf_changed":false,"footnotes":""},"class_list":["post-2089","page","type-page","status-publish","hentry"],"acf":{"contenu":[{"acf_fc_layout":"texte","texte":"<h3>(31.12.2025)<\/h3>\n<h3><strong>Composition du Conseil d&rsquo;administration :<\/strong><\/h3>\n<p>\u2022 Thibaut GEORGIN, pr\u00e9sident (1)<br \/>\n\u2022 Sophie DUTORDOIR, administratrice d\u00e9l\u00e9gu\u00e9e (1b) (3)<br \/>\n\u2022 Emmanuel DOUETTE (3b)<br \/>\n\u2022 Filip BOELAERT (3b)<br \/>\n\u2022 Martine DUREZ (2b) (3b)<br \/>\n\u2022 Chanelle BONAVENTURE<br \/>\n\u2022 Laurence GLAUTIER (2b)<br \/>\n\u2022 Olivier HENRY (1b)<br \/>\n\u2022 Eric MERCENIER (3b)<br \/>\n\u2022 An POOT (2b)<br \/>\n\u2022 Daan SCHALCK (1b)<br \/>\n\u2022 Dirk STERCKX (2)<br \/>\n\u2022 Wouter VAN BESIEN (3b)<br \/>\n\u2022 Bart VAN CAMP<br \/>\n(1) Pr\u00e9sident du Comit\u00e9 de Nominations et de R\u00e9mun\u00e9ration<br \/>\n(1b) Membre du Comit\u00e9 de Nominations et de R\u00e9mun\u00e9ration<br \/>\n(2) Pr\u00e9sident du Comit\u00e9 d\u2019Audit<br \/>\n(2b) Membre du Comit\u00e9 d\u2019Audit<br \/>\n(3) Pr\u00e9sident du Comit\u00e9 d\u2019Orientation RER<br \/>\n(3b) Membre du Comit\u00e9 d\u2019Orientation RER<\/p>\n<h3><strong>Composition du Comit\u00e9 de direction et Executive Committee :<\/strong><\/h3>\n<p>\u2022 Sophie DUTORDOIR (pr\u00e9sidente)*<br \/>\n\u2022 Petra BLANCKAERT (HR et CEO office)<br \/>\n\u2022 Jihane ANNANE (Corporate Communication, Public Affairs &amp; RER)<br \/>\n\u2022 Patrice COUCHARD (Stations &amp; Procurement)*<br \/>\n\u2022 Gerd DE VOS (Technics)<br \/>\n\u2022 Frank WINDMOLDERS (Transport Op\u00e9rations)<br \/>\n\u2022 Koen KERCKAERT (Passenger Transport &amp; Security) *<br \/>\n\u2022 Marc HUYBRECHTS (Customer Services &amp; IT)<br \/>\n\u2022 Renaud LORAND (Finance, Strategy &amp; Legal) *<\/p>\n<p>Le General Counsel et le General Manager Transport Operations assistent aux r\u00e9unions.<br \/>\n*Membre du Comit\u00e9 de direction conform\u00e9ment \u00e0 la loi du 21 mars 1991<\/p>\n","centre":false}]},"yoast_head":"<!-- This site is optimized with the Yoast SEO plugin v27.5 - https:\/\/yoast.com\/product\/yoast-seo-wordpress\/ -->\n<title>Conseil d&#039;Administration et Executive Committee - SNCB R\u00e9alisations et chiffres-cl\u00e9s<\/title>\n<meta name=\"robots\" content=\"index, follow, max-snippet:-1, max-image-preview:large, max-video-preview:-1\" \/>\n<link rel=\"canonical\" href=\"https:\/\/facts-and-figures.belgiantrain.be\/2025\/bienvenue\/conseil-administration-executive-committee\/\" \/>\n<meta property=\"og:locale\" content=\"fr_FR\" \/>\n<meta property=\"og:type\" content=\"article\" \/>\n<meta property=\"og:title\" content=\"Conseil d&#039;Administration et Executive Committee - SNCB R\u00e9alisations et chiffres-cl\u00e9s\" \/>\n<meta property=\"og:url\" content=\"https:\/\/facts-and-figures.belgiantrain.be\/2025\/bienvenue\/conseil-administration-executive-committee\/\" \/>\n<meta property=\"og:site_name\" content=\"SNCB R\u00e9alisations et chiffres-cl\u00e9s\" \/>\n<meta property=\"article:modified_time\" content=\"2026-04-29T09:23:31+00:00\" \/>\n<meta name=\"twitter:card\" content=\"summary_large_image\" \/>\n<script type=\"application\/ld+json\" class=\"yoast-schema-graph\">{\"@context\":\"https:\\\/\\\/schema.org\",\"@graph\":[{\"@type\":\"WebPage\",\"@id\":\"https:\\\/\\\/facts-and-figures.belgiantrain.be\\\/2025\\\/bienvenue\\\/conseil-administration-executive-committee\\\/\",\"url\":\"https:\\\/\\\/facts-and-figures.belgiantrain.be\\\/2025\\\/bienvenue\\\/conseil-administration-executive-committee\\\/\",\"name\":\"Conseil d'Administration et Executive Committee - SNCB R\u00e9alisations et chiffres-cl\u00e9s\",\"isPartOf\":{\"@id\":\"https:\\\/\\\/facts-and-figures.belgiantrain.be\\\/2025\\\/#website\"},\"datePublished\":\"2026-03-09T09:06:57+00:00\",\"dateModified\":\"2026-04-29T09:23:31+00:00\",\"breadcrumb\":{\"@id\":\"https:\\\/\\\/facts-and-figures.belgiantrain.be\\\/2025\\\/bienvenue\\\/conseil-administration-executive-committee\\\/#breadcrumb\"},\"inLanguage\":\"fr-FR\",\"potentialAction\":[{\"@type\":\"ReadAction\",\"target\":[\"https:\\\/\\\/facts-and-figures.belgiantrain.be\\\/2025\\\/bienvenue\\\/conseil-administration-executive-committee\\\/\"]}]},{\"@type\":\"BreadcrumbList\",\"@id\":\"https:\\\/\\\/facts-and-figures.belgiantrain.be\\\/2025\\\/bienvenue\\\/conseil-administration-executive-committee\\\/#breadcrumb\",\"itemListElement\":[{\"@type\":\"ListItem\",\"position\":1,\"name\":\"Accueil\",\"item\":\"https:\\\/\\\/facts-and-figures.belgiantrain.be\\\/2025\\\/\"},{\"@type\":\"ListItem\",\"position\":2,\"name\":\"Aper\u00e7u 2025\",\"item\":\"https:\\\/\\\/facts-and-figures.belgiantrain.be\\\/2025\\\/\"},{\"@type\":\"ListItem\",\"position\":3,\"name\":\"Conseil d&rsquo;Administration et Executive Committee\"}]},{\"@type\":\"WebSite\",\"@id\":\"https:\\\/\\\/facts-and-figures.belgiantrain.be\\\/2025\\\/#website\",\"url\":\"https:\\\/\\\/facts-and-figures.belgiantrain.be\\\/2025\\\/\",\"name\":\"SNCB R\u00e9alisations et chiffres-cl\u00e9s 2024\",\"description\":\"\",\"publisher\":{\"@id\":\"https:\\\/\\\/facts-and-figures.belgiantrain.be\\\/2025\\\/#organization\"},\"potentialAction\":[{\"@type\":\"SearchAction\",\"target\":{\"@type\":\"EntryPoint\",\"urlTemplate\":\"https:\\\/\\\/facts-and-figures.belgiantrain.be\\\/2025\\\/?s={search_term_string}\"},\"query-input\":{\"@type\":\"PropertyValueSpecification\",\"valueRequired\":true,\"valueName\":\"search_term_string\"}}],\"inLanguage\":\"fr-FR\"},{\"@type\":\"Organization\",\"@id\":\"https:\\\/\\\/facts-and-figures.belgiantrain.be\\\/2025\\\/#organization\",\"name\":\"SNCB R\u00e9alisations et chiffres-cl\u00e9s 2024\",\"url\":\"https:\\\/\\\/facts-and-figures.belgiantrain.be\\\/2025\\\/\",\"logo\":{\"@type\":\"ImageObject\",\"inLanguage\":\"fr-FR\",\"@id\":\"https:\\\/\\\/facts-and-figures.belgiantrain.be\\\/2025\\\/#\\\/schema\\\/logo\\\/image\\\/\",\"url\":\"https:\\\/\\\/facts-and-figures.belgiantrain.be\\\/2025\\\/wp-content\\\/uploads\\\/2025\\\/04\\\/apple-touch-icon.png\",\"contentUrl\":\"https:\\\/\\\/facts-and-figures.belgiantrain.be\\\/2025\\\/wp-content\\\/uploads\\\/2025\\\/04\\\/apple-touch-icon.png\",\"width\":57,\"height\":57,\"caption\":\"SNCB R\u00e9alisations et chiffres-cl\u00e9s 2024\"},\"image\":{\"@id\":\"https:\\\/\\\/facts-and-figures.belgiantrain.be\\\/2025\\\/#\\\/schema\\\/logo\\\/image\\\/\"}}]}<\/script>\n<!-- \/ Yoast SEO plugin. -->","yoast_head_json":{"title":"Conseil d'Administration et Executive Committee - SNCB R\u00e9alisations et chiffres-cl\u00e9s","robots":{"index":"index","follow":"follow","max-snippet":"max-snippet:-1","max-image-preview":"max-image-preview:large","max-video-preview":"max-video-preview:-1"},"canonical":"https:\/\/facts-and-figures.belgiantrain.be\/2025\/bienvenue\/conseil-administration-executive-committee\/","og_locale":"fr_FR","og_type":"article","og_title":"Conseil d'Administration et Executive Committee - SNCB R\u00e9alisations et chiffres-cl\u00e9s","og_url":"https:\/\/facts-and-figures.belgiantrain.be\/2025\/bienvenue\/conseil-administration-executive-committee\/","og_site_name":"SNCB R\u00e9alisations et chiffres-cl\u00e9s","article_modified_time":"2026-04-29T09:23:31+00:00","twitter_card":"summary_large_image","schema":{"@context":"https:\/\/schema.org","@graph":[{"@type":"WebPage","@id":"https:\/\/facts-and-figures.belgiantrain.be\/2025\/bienvenue\/conseil-administration-executive-committee\/","url":"https:\/\/facts-and-figures.belgiantrain.be\/2025\/bienvenue\/conseil-administration-executive-committee\/","name":"Conseil d'Administration et Executive Committee - SNCB R\u00e9alisations et chiffres-cl\u00e9s","isPartOf":{"@id":"https:\/\/facts-and-figures.belgiantrain.be\/2025\/#website"},"datePublished":"2026-03-09T09:06:57+00:00","dateModified":"2026-04-29T09:23:31+00:00","breadcrumb":{"@id":"https:\/\/facts-and-figures.belgiantrain.be\/2025\/bienvenue\/conseil-administration-executive-committee\/#breadcrumb"},"inLanguage":"fr-FR","potentialAction":[{"@type":"ReadAction","target":["https:\/\/facts-and-figures.belgiantrain.be\/2025\/bienvenue\/conseil-administration-executive-committee\/"]}]},{"@type":"BreadcrumbList","@id":"https:\/\/facts-and-figures.belgiantrain.be\/2025\/bienvenue\/conseil-administration-executive-committee\/#breadcrumb","itemListElement":[{"@type":"ListItem","position":1,"name":"Accueil","item":"https:\/\/facts-and-figures.belgiantrain.be\/2025\/"},{"@type":"ListItem","position":2,"name":"Aper\u00e7u 2025","item":"https:\/\/facts-and-figures.belgiantrain.be\/2025\/"},{"@type":"ListItem","position":3,"name":"Conseil d&rsquo;Administration et Executive Committee"}]},{"@type":"WebSite","@id":"https:\/\/facts-and-figures.belgiantrain.be\/2025\/#website","url":"https:\/\/facts-and-figures.belgiantrain.be\/2025\/","name":"SNCB R\u00e9alisations et chiffres-cl\u00e9s 2024","description":"","publisher":{"@id":"https:\/\/facts-and-figures.belgiantrain.be\/2025\/#organization"},"potentialAction":[{"@type":"SearchAction","target":{"@type":"EntryPoint","urlTemplate":"https:\/\/facts-and-figures.belgiantrain.be\/2025\/?s={search_term_string}"},"query-input":{"@type":"PropertyValueSpecification","valueRequired":true,"valueName":"search_term_string"}}],"inLanguage":"fr-FR"},{"@type":"Organization","@id":"https:\/\/facts-and-figures.belgiantrain.be\/2025\/#organization","name":"SNCB R\u00e9alisations et chiffres-cl\u00e9s 2024","url":"https:\/\/facts-and-figures.belgiantrain.be\/2025\/","logo":{"@type":"ImageObject","inLanguage":"fr-FR","@id":"https:\/\/facts-and-figures.belgiantrain.be\/2025\/#\/schema\/logo\/image\/","url":"https:\/\/facts-and-figures.belgiantrain.be\/2025\/wp-content\/uploads\/2025\/04\/apple-touch-icon.png","contentUrl":"https:\/\/facts-and-figures.belgiantrain.be\/2025\/wp-content\/uploads\/2025\/04\/apple-touch-icon.png","width":57,"height":57,"caption":"SNCB R\u00e9alisations et chiffres-cl\u00e9s 2024"},"image":{"@id":"https:\/\/facts-and-figures.belgiantrain.be\/2025\/#\/schema\/logo\/image\/"}}]}},"_links":{"self":[{"href":"https:\/\/facts-and-figures.belgiantrain.be\/2025\/wp-json\/wp\/v2\/pages\/2089","targetHints":{"allow":["GET"]}}],"collection":[{"href":"https:\/\/facts-and-figures.belgiantrain.be\/2025\/wp-json\/wp\/v2\/pages"}],"about":[{"href":"https:\/\/facts-and-figures.belgiantrain.be\/2025\/wp-json\/wp\/v2\/types\/page"}],"author":[{"embeddable":true,"href":"https:\/\/facts-and-figures.belgiantrain.be\/2025\/wp-json\/wp\/v2\/users\/2"}],"replies":[{"embeddable":true,"href":"https:\/\/facts-and-figures.belgiantrain.be\/2025\/wp-json\/wp\/v2\/comments?post=2089"}],"version-history":[{"count":11,"href":"https:\/\/facts-and-figures.belgiantrain.be\/2025\/wp-json\/wp\/v2\/pages\/2089\/revisions"}],"predecessor-version":[{"id":2862,"href":"https:\/\/facts-and-figures.belgiantrain.be\/2025\/wp-json\/wp\/v2\/pages\/2089\/revisions\/2862"}],"up":[{"embeddable":true,"href":"https:\/\/facts-and-figures.belgiantrain.be\/2025\/wp-json\/wp\/v2\/pages\/27"}],"wp:attachment":[{"href":"https:\/\/facts-and-figures.belgiantrain.be\/2025\/wp-json\/wp\/v2\/media?parent=2089"}],"curies":[{"name":"wp","href":"https:\/\/api.w.org\/{rel}","templated":true}]}}